{"id":1754,"date":"2024-10-24T23:22:07","date_gmt":"2024-10-24T15:22:07","guid":{"rendered":"https:\/\/shop.yipinqian.com\/product\/sales-high-quality-pair-of-white-yellow-natural-type-a-jadeite-jade-crafted-as-pixiu-for-pendant-certificate-weighs-24-25-19-87-grams-measurements-50-21-3-14-1-47-20-6-13-6-mm-pendant292\/"},"modified":"2025-02-24T00:49:52","modified_gmt":"2025-02-23T16:49:52","slug":"sales-high-quality-pair-of-white-yellow-natural-type-a-jadeite-jade-crafted-as-pixiu-for-pendant-certificate-weighs-24-25-19-87-grams-measurements-50-21-3-14-1-47-20-6-13-6-mm-pendant292","status":"publish","type":"product","link":"https:\/\/shop.yipinqian.com\/vi\/san-pham\/sales-high-quality-pair-of-white-yellow-natural-type-a-jadeite-jade-crafted-as-pixiu-for-pendant-certificate-weighs-24-25-19-87-grams-measurements-50-21-3-14-1-47-20-6-13-6-mm-pendant292\/","title":{"rendered":"Khuy\u1ebfn m\u1ea1i \u2013 M\u1ed9t c\u1eb7p ng\u1ecdc b\u00edch t\u1ef1 nhi\u00ean m\u00e0u tr\u1eafng, v\u00e0ng lo\u1ea1i A ch\u1ea5t l\u01b0\u1ee3ng cao \u0111\u01b0\u1ee3c ch\u1ebf t\u00e1c th\u00e0nh T\u1ef3 H\u01b0u \u0111\u1ec3 l\u00e0m m\u1eb7t d\u00e2y chuy\u1ec1n, gi\u1ea5y ch\u1ee9ng nh\u1eadn n\u1eb7ng 24,25 \/ 19,87 gam, k\u00edch th\u01b0\u1edbc 50 * 21,3 * 14,1 \/ 47 * 20,6 * 13,6 mm (m\u1eb7t d\u00e2y chuy\u1ec1n292)"},"content":{"rendered":"<p>N\u00e2ng cao phong c\u00e1ch c\u1ee7a b\u1ea1n v\u1edbi c\u1eb7p d\u00e2y chuy\u1ec1n m\u1eb7t d\u00e2y chuy\u1ec1n Pixiu b\u1eb1ng ng\u1ecdc b\u00edch t\u1ef1 nhi\u00ean lo\u1ea1i A m\u00e0u tr\u1eafng v\u00e0 v\u00e0ng tuy\u1ec7t \u0111\u1eb9p n\u00e0y.<\/p>\n<p>\u00a0<\/p>\n<p>S\u1ed1 ch\u1ee9ng ch\u1ec9: GD2112H004542 \/ GD2112H004541<\/p>\n<ul>\n<li>\n<strong>Ng\u1ecdc b\u00edch ch\u1ea5t l\u01b0\u1ee3ng cao:<\/strong> \u0110\u01b0\u1ee3c ch\u1ebf t\u00e1c t\u1eeb lo\u1ea1i ng\u1ecdc b\u00edch Jadeite lo\u1ea1i A cao c\u1ea5p, m\u1eb7t d\u00e2y chuy\u1ec1n n\u00e0y to\u00e1t l\u00ean v\u1ebb thanh l\u1ecbch v\u00e0 tinh t\u1ebf.<\/li>\n<li>\n<strong>Thi\u1ebft k\u1ebf Pixiu:<\/strong> M\u1eb7t d\u00e2y chuy\u1ec1n \u0111\u01b0\u1ee3c thi\u1ebft k\u1ebf tinh x\u1ea3o theo h\u00ecnh d\u1ea1ng T\u1ef3 H\u01b0u, bi\u1ec3u t\u01b0\u1ee3ng c\u1ee7a s\u1ef1 gi\u00e0u c\u00f3 v\u00e0 b\u1ea3o v\u1ec7 trong v\u0103n h\u00f3a Trung Hoa.<\/li>\n<li>\n<strong>Gi\u1ea5y ch\u1ee9ng nh\u1eadn bao g\u1ed3m:<\/strong> M\u1ed7i m\u1eb7t d\u00e2y chuy\u1ec1n \u0111\u1ec1u c\u00f3 k\u00e8m theo gi\u1ea5y ch\u1ee9ng nh\u1eadn \u0111\u1ec3 \u0111\u1ea3m b\u1ea3o t\u00ednh x\u00e1c th\u1ef1c c\u1ee7a ng\u1ecdc b\u00edch.<\/li>\n<\/ul>\n<p>M\u1ed7i c\u1eb7p n\u1eb7ng l\u1ea7n l\u01b0\u1ee3t l\u00e0 24,25 gram v\u00e0 19,87 gram, v\u1edbi k\u00edch th\u01b0\u1edbc l\u1ea7n l\u01b0\u1ee3t l\u00e0 50 * 21,3 * 14,1 mm v\u00e0 47 * 20,6 * 13,6 mm cho m\u1ed7i m\u1eb7t d\u00e2y chuy\u1ec1n \u0111\u01b0\u1ee3c b\u00e1n.<\/p>\n<ul>\n<li>\n<strong>Nh\u1eefng d\u1ecbp may m\u1eafn:<\/strong> Ho\u00e0n h\u1ea3o \u0111\u1ec3 \u0111eo v\u00e0o nh\u1eefng d\u1ecbp may m\u1eafn \u0111\u1ec3 thu h\u00fat may m\u1eafn v\u00e0 n\u0103ng l\u01b0\u1ee3ng t\u00edch c\u1ef1c v\u00e0o cu\u1ed9c s\u1ed1ng c\u1ee7a b\u1ea1n.<\/li>\n<li>\n<strong>Ki\u1ec3u v\u00f2ng c\u1ed5 ng\u1ecdc b\u00edch:<\/strong>Ki\u1ec3u v\u00f2ng c\u1ed5 gi\u1ea3n d\u1ecb nh\u01b0ng thanh l\u1ecbch ph\u00f9 h\u1ee3p cho c\u1ea3 nam v\u00e0 n\u1eef | s\u1ef1 h\u1ea5p d\u1eabn d\u00e0nh cho c\u1ea3 nam v\u00e0 n\u1eef, mang \u0111\u1ebfn s\u1ef1 linh ho\u1ea1t cho b\u1ea5t k\u1ef3 trang ph\u1ee5c n\u00e0o.<\/li>\n<\/ul>\n<p>.<strong>Jadeite t\u1ef1 nhi\u00ean kh\u00f4ng ho\u00e0n h\u1ea3o, ch\u1ec9 l\u00e0 m\u1ed9t l\u1eddi nh\u1eafc nh\u1edf nh\u1eb9 nh\u00e0ng, Jadeite t\u1ef1 nhi\u00ean c\u1ee7a ch\u00fang t\u00f4i, gi\u1ed1ng nh\u01b0 t\u1ea5t c\u1ea3 nh\u1eefng th\u1ee9 \u0111\u1eb9p \u0111\u1ebd trong t\u1ef1 nhi\u00ean, c\u00f3 nh\u1eefng \u0111\u1eb7c \u0111i\u1ec3m v\u00e0 bi\u1ebfn th\u1ec3 \u0111\u1ed9c \u0111\u00e1o. Ch\u00fang t\u00f4i m\u1eddi nh\u1eefng kh\u00e1ch h\u00e0ng c\u00f3 gi\u00e1 tr\u1ecb c\u1ee7a m\u00ecnh \u0111\u00f3n nh\u1eadn nh\u1eefng bi\u1ebfn th\u1ec3 t\u1ef1 nhi\u00ean n\u00e0y. Ch\u00fac b\u1ea1n mua s\u1eafm vui v\u1ebb!<\/strong><\/p>\n<p>\u00a0<\/p>\n<p><strong><u>Kh\u00f4ng c\u00f3 h\u00ecnh \u1ea3nh v\u00e0 c\u1ea3nh quay video n\u00e0o \u0111\u01b0\u1ee3c l\u1ecdc. Ch\u00fang t\u00f4i khuy\u1ebfn kh\u00edch kh\u00e1ch h\u00e0ng c\u1ee7a m\u00ecnh c\u0169ng xem c\u00e1c video \u0111i k\u00e8m \u0111\u1ec3 c\u00f3 c\u00e1i nh\u00ecn to\u00e0n di\u1ec7n h\u01a1n v\u1ec1 s\u1ea3n ph\u1ea9m c\u1ee7a ch\u00fang t\u00f4i<\/u><\/strong><\/p>\n<p>\u00a0<\/p>\n<ul>\n<li>C\u00e1c n\u1ec1n t\u1ea3ng kh\u00e1c nhau ch\u1ec9 c\u00f3 th\u1ec3 xem video th\u00f4ng qua m\u00e1y t\u00ednh \u0111\u1ec3 b\u00e0n<\/li>\n<\/ul>","protected":false},"excerpt":{"rendered":"<p>N\u00e2ng cao phong c\u00e1ch c\u1ee7a b\u1ea1n v\u1edbi c\u1eb7p v\u00f2ng c\u1ed5 m\u1eb7t d\u00e2y chuy\u1ec1n Pixiu Jadeite Jade lo\u1ea1i A m\u00e0u tr\u1eafng v\u00e0 v\u00e0ng t\u1ef1 nhi\u00ean tuy\u1ec7t \u0111\u1eb9p n\u00e0y. S\u1ed1 ch\u1ee9ng ch\u1ec9: GD2112H004542 \/ GD2112H004541 Ng\u1ecdc b\u00edch ch\u1ea5t l\u01b0\u1ee3ng cao: \u0110\u01b0\u1ee3c ch\u1ebf t\u00e1c t\u1eeb ng\u1ecdc b\u00edch Jadeite lo\u1ea1i A cao c\u1ea5p, m\u1eb7t d\u00e2y chuy\u1ec1n n\u00e0y to\u00e1t l\u00ean v\u1ebb thanh l\u1ecbch v\u00e0 tinh t\u1ebf. Thi\u1ebft k\u1ebf Pixiu: M\u1eb7t d\u00e2y chuy\u1ec1n \u0111\u01b0\u1ee3c thi\u1ebft k\u1ebf tinh x\u1ea3o theo h\u00ecnh d\u1ea1ng c\u1ee7a Pixiu, m\u1ed9t [\u2026]<\/p>","protected":false},"featured_media":7661,"comment_status":"open","ping_status":"closed","template":"","meta":[],"product_brand":[],"product_cat":[194],"product_tag":[],"class_list":{"0":"post-1754","1":"product","2":"type-product","3":"status-publish","4":"has-post-thumbnail","6":"product_cat-value-picks","8":"first","9":"instock","10":"sale","11":"shipping-taxable","12":"purchasable","13":"product-type-simple"},"_links":{"self":[{"href":"https:\/\/shop.yipinqian.com\/vi\/wp-json\/wp\/v2\/product\/1754","targetHints":{"allow":["GET"]}}],"collection":[{"href":"https:\/\/shop.yipinqian.com\/vi\/wp-json\/wp\/v2\/product"}],"about":[{"href":"https:\/\/shop.yipinqian.com\/vi\/wp-json\/wp\/v2\/types\/product"}],"replies":[{"embeddable":true,"href":"https:\/\/shop.yipinqian.com\/vi\/wp-json\/wp\/v2\/comments?post=1754"}],"version-history":[{"count":0,"href":"https:\/\/shop.yipinqian.com\/vi\/wp-json\/wp\/v2\/product\/1754\/revisions"}],"wp:featuredmedia":[{"embeddable":true,"href":"https:\/\/shop.yipinqian.com\/vi\/wp-json\/wp\/v2\/media\/7661"}],"wp:attachment":[{"href":"https:\/\/shop.yipinqian.com\/vi\/wp-json\/wp\/v2\/media?parent=1754"}],"wp:term":[{"taxonomy":"product_brand","embeddable":true,"href":"https:\/\/shop.yipinqian.com\/vi\/wp-json\/wp\/v2\/product_brand?post=1754"},{"taxonomy":"product_cat","embeddable":true,"href":"https:\/\/shop.yipinqian.com\/vi\/wp-json\/wp\/v2\/product_cat?post=1754"},{"taxonomy":"product_tag","embeddable":true,"href":"https:\/\/shop.yipinqian.com\/vi\/wp-json\/wp\/v2\/product_tag?post=1754"}],"curies":[{"name":"wp","href":"https:\/\/api.w.org\/{rel}","templated":true}]}}