{"id":1745,"date":"2024-10-24T23:22:01","date_gmt":"2024-10-24T15:22:01","guid":{"rendered":"https:\/\/shop.yipinqian.com\/product\/rare-yellow-and-white-glutinous-natural-type-a-jadeite-pendant-necklace-crafted-with-faceless-buddha-and-dragon-olc-school-style-with-certificate-weigh-37-61-grams-51-33-2-10-mm-pendant101\/"},"modified":"2025-02-17T00:04:15","modified_gmt":"2025-02-16T16:04:15","slug":"rare-yellow-and-white-glutinous-natural-type-a-jadeite-pendant-necklace-crafted-with-faceless-buddha-and-dragon-olc-school-style-with-certificate-weigh-37-61-grams-51-33-2-10-mm-pendant101","status":"publish","type":"product","link":"https:\/\/shop.yipinqian.com\/vi\/san-pham\/rare-yellow-and-white-glutinous-natural-type-a-jadeite-pendant-necklace-crafted-with-faceless-buddha-and-dragon-olc-school-style-with-certificate-weigh-37-61-grams-51-33-2-10-mm-pendant101\/","title":{"rendered":"D\u00e2y chuy\u1ec1n m\u1eb7t d\u00e2y chuy\u1ec1n b\u1eb1ng ng\u1ecdc b\u00edch t\u1ef1 nhi\u00ean m\u00e0u v\u00e0ng v\u00e0 tr\u1eafng hi\u1ebfm lo\u1ea1i A \u0111\u01b0\u1ee3c ch\u1ebf t\u00e1c v\u1edbi h\u00ecnh \u1ea3nh ph\u1eadt kh\u00f4ng m\u1eb7t v\u00e0 r\u1ed3ng theo phong c\u00e1ch tr\u01b0\u1eddng ph\u00e1i olc k\u00e8m theo gi\u1ea5y ch\u1ee9ng nh\u1eadn n\u1eb7ng 37,61 gram, 51 * 33,2 * 10 mm (pendant101)"},"content":{"rendered":"<p>Tr\u1ea3i nghi\u1ec7m v\u1ebb \u0111\u1eb9p hi\u1ebfm c\u00f3 c\u1ee7a M\u1eb7t d\u00e2y chuy\u1ec1n ng\u1ecdc b\u00edch t\u1ef1 nhi\u00ean lo\u1ea1i A m\u00e0u v\u00e0ng v\u00e0 tr\u1eafng n\u00e0y, \u0111\u01b0\u1ee3c ch\u1ebf t\u00e1c theo phong c\u00e1ch c\u1ed5 \u0111i\u1ec3n v\u1edbi h\u00ecnh \u1ea3nh ph\u1eadt kh\u00f4ng m\u1eb7t v\u00e0 r\u1ed3ng.<\/p>\n<ul>\n<li>\n<strong>Thi\u1ebft k\u1ebf tuy\u1ec7t \u0111\u1eb9p:<\/strong> M\u1eb7t d\u00e2y chuy\u1ec1n tinh x\u1ea3o n\u00e0y c\u00f3 thi\u1ebft k\u1ebf h\u00ecnh ph\u1eadt kh\u00f4ng m\u1eb7t v\u00e0 r\u1ed3ng theo phong c\u00e1ch c\u1ed5 \u0111i\u1ec3n.<\/li>\n<li>\n<strong>Ng\u1ecdc b\u00edch t\u1ef1 nhi\u00ean:<\/strong> \u0110\u01b0\u1ee3c l\u00e0m t\u1eeb \u0111\u00e1 Jadeite t\u1ef1 nhi\u00ean lo\u1ea1i A m\u00e0u v\u00e0ng v\u00e0 tr\u1eafng qu\u00fd hi\u1ebfm, chi\u1ebfc v\u00f2ng c\u1ed5 n\u00e0y th\u1ef1c s\u1ef1 l\u00e0 m\u1ed9t ki\u1ec7t t\u00e1c c\u1ee7a thi\u00ean nhi\u00ean.<\/li>\n<li>\n<strong>Gi\u1ea5y ch\u1ee9ng nh\u1eadn bao g\u1ed3m:<\/strong> M\u1eb7t d\u00e2y chuy\u1ec1n n\u00e0y c\u00f3 k\u00e8m theo gi\u1ea5y ch\u1ee9ng nh\u1eadn h\u00e0ng th\u1eadt, \u0111\u1ea3m b\u1ea3o ch\u1ea5t l\u01b0\u1ee3ng v\u00e0 gi\u00e1 tr\u1ecb c\u1ee7a s\u1ea3n ph\u1ea9m.<\/li>\n<\/ul>\n<p><strong>S\u1ed1 ch\u1ee9ng ch\u1ec9: ZGDTE184939<\/strong><\/p>\n<p><img fetchpriority=\"high\" decoding=\"async\" height=\"1080\" src=\"https:\/\/shop.yipinqian.com\/wp-content\/uploads\/2024\/10\/04b1725b34b46ef549ea29928ae30953.jpg?from=476444299\" width=\"1080\"><\/p>\n<p>N\u1eb7ng 37,61 gram, k\u00edch th\u01b0\u1edbc 51 * 33,2 * 10 mm (m\u1eb7t d\u00e2y chuy\u1ec1n101), chi\u1ebfc v\u00f2ng c\u1ed5 unisex n\u00e0y ho\u00e0n h\u1ea3o \u0111\u1ec3 \u0111eo h\u00e0ng ng\u00e0y ho\u1eb7c nh\u1eefng d\u1ecbp \u0111\u1eb7c bi\u1ec7t. Phong c\u00e1ch gi\u1ea3n d\u1ecb c\u1ee7a n\u00f3 khi\u1ebfn n\u00f3 \u0111\u1ee7 linh ho\u1ea1t \u0111\u1ec3 ph\u00f9 h\u1ee3p v\u1edbi b\u1ea5t k\u1ef3 trang ph\u1ee5c n\u00e0o.<\/p>\n<ul>\n<li>\n<strong>S\u1ea3n xu\u1ea5t t\u1ea1i Myanmar:<\/strong>Qu\u1ed1c gia xu\u1ea5t x\u1ee9 c\u1ee7a lo\u1ea1i ph\u1ee5 ki\u1ec7n trang s\u1ee9c tuy\u1ec7t \u0111\u1eb9p n\u00e0y l\u00e0 Myanmar (tr\u01b0\u1edbc \u0111\u00e2y g\u1ecdi l\u00e0 Mi\u1ebfn \u0110i\u1ec7n).<\/li>\n<\/ul>\n<p>N\u00e2ng t\u1ea7m b\u1ed9 s\u01b0u t\u1eadp trang s\u1ee9c c\u1ee7a b\u1ea1n v\u1edbi m\u00f3n \u0111\u1ed3 \u0111\u1ed9c \u0111\u00e1o n\u00e0y, n\u1eafm b\u1eaft \u0111\u01b0\u1ee3c b\u1ea3n ch\u1ea5t c\u1ee7a v\u1ebb \u0111\u1eb9p t\u1ef1 nhi\u00ean!<\/p>","protected":false},"excerpt":{"rendered":"<p>Tr\u1ea3i nghi\u1ec7m v\u1ebb \u0111\u1eb9p hi\u1ebfm c\u00f3 c\u1ee7a M\u1eb7t d\u00e2y chuy\u1ec1n Jadeite t\u1ef1 nhi\u00ean m\u00e0u v\u00e0ng v\u00e0 tr\u1eafng Glutinous Type A n\u00e0y, \u0111\u01b0\u1ee3c ch\u1ebf t\u00e1c v\u1edbi h\u00ecnh \u1ea3nh Ph\u1eadt kh\u00f4ng m\u1eb7t v\u00e0 r\u1ed3ng theo phong c\u00e1ch c\u1ed5 \u0111i\u1ec3n. Thi\u1ebft k\u1ebf tuy\u1ec7t \u0111\u1eb9p: M\u1eb7t d\u00e2y chuy\u1ec1n tinh x\u1ea3o c\u00f3 h\u00ecnh \u1ea3nh Ph\u1eadt kh\u00f4ng m\u1eb7t v\u00e0 r\u1ed3ng theo phong c\u00e1ch c\u1ed5 \u0111i\u1ec3n. Jadeite t\u1ef1 nhi\u00ean: \u0110\u01b0\u1ee3c l\u00e0m b\u1eb1ng Jadeite t\u1ef1 nhi\u00ean m\u00e0u v\u00e0ng v\u00e0 tr\u1eafng Glutinous Type A hi\u1ebfm c\u00f3, [\u2026]<\/p>","protected":false},"featured_media":7581,"comment_status":"open","ping_status":"closed","template":"","meta":[],"product_brand":[],"product_cat":[48],"product_tag":[],"class_list":{"0":"post-1745","1":"product","2":"type-product","3":"status-publish","4":"has-post-thumbnail","6":"product_cat-pendants","8":"first","9":"instock","10":"sale","11":"shipping-taxable","12":"purchasable","13":"product-type-simple"},"_links":{"self":[{"href":"https:\/\/shop.yipinqian.com\/vi\/wp-json\/wp\/v2\/product\/1745","targetHints":{"allow":["GET"]}}],"collection":[{"href":"https:\/\/shop.yipinqian.com\/vi\/wp-json\/wp\/v2\/product"}],"about":[{"href":"https:\/\/shop.yipinqian.com\/vi\/wp-json\/wp\/v2\/types\/product"}],"replies":[{"embeddable":true,"href":"https:\/\/shop.yipinqian.com\/vi\/wp-json\/wp\/v2\/comments?post=1745"}],"version-history":[{"count":0,"href":"https:\/\/shop.yipinqian.com\/vi\/wp-json\/wp\/v2\/product\/1745\/revisions"}],"wp:featuredmedia":[{"embeddable":true,"href":"https:\/\/shop.yipinqian.com\/vi\/wp-json\/wp\/v2\/media\/7581"}],"wp:attachment":[{"href":"https:\/\/shop.yipinqian.com\/vi\/wp-json\/wp\/v2\/media?parent=1745"}],"wp:term":[{"taxonomy":"product_brand","embeddable":true,"href":"https:\/\/shop.yipinqian.com\/vi\/wp-json\/wp\/v2\/product_brand?post=1745"},{"taxonomy":"product_cat","embeddable":true,"href":"https:\/\/shop.yipinqian.com\/vi\/wp-json\/wp\/v2\/product_cat?post=1745"},{"taxonomy":"product_tag","embeddable":true,"href":"https:\/\/shop.yipinqian.com\/vi\/wp-json\/wp\/v2\/product_tag?post=1745"}],"curies":[{"name":"wp","href":"https:\/\/api.w.org\/{rel}","templated":true}]}}