{"id":1738,"date":"2024-10-24T23:21:58","date_gmt":"2024-10-24T15:21:58","guid":{"rendered":"https:\/\/shop.yipinqian.com\/product\/rare-quality-brown-redish-and-green-natural-type-a-jadeite-jade-crafted-with-parrot-can-be-use-for-display-for-as-a-hand-held-piece-with-certificate-weigh-133-29-grams-measurement-85-6-36-6-21-mm-hand\/"},"modified":"2025-02-17T00:04:15","modified_gmt":"2025-02-16T16:04:15","slug":"rare-quality-brown-redish-and-green-natural-type-a-jadeite-jade-crafted-with-parrot-can-be-use-for-display-for-as-a-hand-held-piece-with-certificate-weigh-133-29-grams-measurement-85-6-36-6-21-mm-hand","status":"publish","type":"product","link":"https:\/\/shop.yipinqian.com\/vi\/san-pham\/rare-quality-brown-redish-and-green-natural-type-a-jadeite-jade-crafted-with-parrot-can-be-use-for-display-for-as-a-hand-held-piece-with-certificate-weigh-133-29-grams-measurement-85-6-36-6-21-mm-hand\/","title":{"rendered":"Ng\u1ecdc b\u00edch t\u1ef1 nhi\u00ean lo\u1ea1i A m\u00e0u n\u00e2u, \u0111\u1ecf v\u00e0 xanh l\u00e1 c\u00e2y ch\u1ea5t l\u01b0\u1ee3ng hi\u1ebfm \u0111\u01b0\u1ee3c ch\u1ebf t\u00e1c b\u1eb1ng con v\u1eb9t, c\u00f3 th\u1ec3 s\u1eed d\u1ee5ng \u0111\u1ec3 tr\u01b0ng b\u00e0y ho\u1eb7c c\u1ea7m tay k\u00e8m gi\u1ea5y ch\u1ee9ng nh\u1eadn n\u1eb7ng 133,29 gram, k\u00edch th\u01b0\u1edbc 85,6 * 36,6 * 21 mm (hand3)"},"content":{"rendered":"<p>Lo\u1ea1i Jadeite Jadeite t\u1ef1 nhi\u00ean m\u00e0u n\u00e2u, \u0111\u1ecf v\u00e0 xanh l\u00e1 c\u00e2y qu\u00fd hi\u1ebfm n\u00e0y l\u00e0 m\u1ed9t m\u00f3n \u0111\u1ed3 trang s\u1ee9c ph\u1ee5 ki\u1ec7n v\u00e0 \u0111\u1ed3 trang tr\u00ed tuy\u1ec7t \u0111\u1eb9p c\u00f3 h\u00ecnh m\u1ed9t ch\u00fa v\u1eb9t \u0111\u01b0\u1ee3c ch\u1ebf t\u00e1c tinh x\u1ea3o. N\u1eb7ng 133,29 gram, s\u1ea3n ph\u1ea9m n\u00e0y c\u00f3 k\u00edch th\u01b0\u1edbc 85,6 * 36,6 * 21 mm (hand3).<\/p>\n<p><\/p>\n<p><strong>S\u1ed1 ch\u1ee9ng ch\u1ec9: ZSJ12205019044<\/strong><\/p>\n<ul>\n<li>\n<strong>Jadeite t\u1ef1 nhi\u00ean lo\u1ea1i A:<\/strong> \u0110\u01b0\u1ee3c l\u00e0m t\u1eeb \u0111\u00e1 ng\u1ecdc b\u00edch lo\u1ea1i A t\u1ef1 nhi\u00ean ch\u1ea5t l\u01b0\u1ee3ng cao, s\u1ea3n ph\u1ea9m n\u00e0y ch\u1eafc ch\u1eafn s\u1ebd b\u1ec1n trong nhi\u1ec1u n\u0103m t\u1edbi.<\/li>\n<li>\n<strong>M\u1ea3nh c\u1ea7m tay:<\/strong> \u0110\u1ed3 trang tr\u00ed b\u1eb1ng ng\u1ecdc b\u00edch n\u00e0y c\u00f3 th\u1ec3 \u0111\u01b0\u1ee3c s\u1eed d\u1ee5ng nh\u01b0 m\u1ed9t v\u1eadt c\u1ea7m tay ho\u1eb7c \u0111\u1ec3 tr\u01b0ng b\u00e0y.<\/li>\n<\/ul>\n<p>S\u1ea3n ph\u1ea9m tinh x\u1ea3o n\u00e0y c\u00f3 k\u00e8m theo ch\u1ee9ng ch\u1ec9 x\u00e1c th\u1ef1c v\u00e0 c\u00f3 ngu\u1ed3n g\u1ed1c t\u1eeb Myanmar \u2013 qu\u1ed1c gia n\u1ed5i ti\u1ebfng s\u1ea3n xu\u1ea5t m\u1ed9t s\u1ed1 lo\u1ea1i ng\u1ecdc b\u00edch ch\u1ea5t l\u01b0\u1ee3ng cao nh\u1ea5t th\u1ebf gi\u1edbi.<\/p>\n<ul>\n<li>\n<strong>Gi\u1ea5y ch\u1ee9ng nh\u1eadn bao g\u1ed3m:<\/strong> H\u00e3y y\u00ean t\u00e2m r\u1eb1ng b\u1ea1n \u0111ang nh\u1eadn \u0111\u01b0\u1ee3c s\u1ea3n ph\u1ea9m ch\u00ednh h\u00e3ng c\u00f3 k\u00e8m theo ch\u1ee9ng ch\u1ec9.<\/li>\n<li>\n<strong>Lo\u1ea1i ng\u1ecdc b\u00edch \u2013 Jadeite:<\/strong> S\u1ea3n ph\u1ea9m n\u00e0y c\u00f3 \u0111\u00e1 ng\u1ecdc b\u00edch t\u1ef1 nhi\u00ean \u0111\u01b0\u1ee3c l\u00e0m t\u1eeb ch\u1ea5t li\u1ec7u ng\u1ecdc b\u00edch ch\u1ea5t l\u01b0\u1ee3ng cao ch\u1eafc ch\u1eafn s\u1ebd g\u00e2y \u1ea5n t\u01b0\u1ee3ng v\u1edbi b\u1ea5t k\u1ef3 ai nh\u00ecn th\u1ea5y!<\/li>\n<\/ul>\n<p>Th\u00eam n\u00e9t thanh l\u1ecbch v\u00e0 phong c\u00e1ch cho b\u1ed9 s\u01b0u t\u1eadp trang s\u1ee9c c\u1ee7a b\u1ea1n ho\u1eb7c th\u1ec3 hi\u1ec7n t\u00ecnh y\u00eau c\u1ee7a b\u1ea1n d\u00e0nh cho nh\u1eefng \u0111\u1ed3 trang tr\u00ed \u0111\u1eb9p m\u1eaft v\u1edbi lo\u1ea1i Jadeite t\u1ef1 nhi\u00ean m\u00e0u n\u00e2u, \u0111\u1ecf v\u00e0 xanh l\u00e1 c\u00e2y lo\u1ea1i A ch\u1ea5t l\u01b0\u1ee3ng hi\u1ebfm \u0111\u01b0\u1ee3c ch\u1ebf t\u00e1c c\u00f9ng Parrot ngay h\u00f4m nay!<\/p>\n<p><\/p>\n<p>Yi Pin Qian \u2013 Nh\u00e0 bu\u00f4n \u0111\u00e1 qu\u00fd v\u00e0 kim lo\u1ea1i qu\u00fd t\u1ea1i Singapore \u2013 S\u1ed1 gi\u1ea5y ph\u00e9p PS20190000031<\/p>\n<p><\/p>\n<p>*T\u1ea5t c\u1ea3 c\u00e1c lo\u1ea1i Jadeite \u0111\u01b0\u1ee3c mua t\u1eeb Yi Pin Qian t\u1ea1i Singapore, kh\u00e1ch h\u00e0ng c\u00f3 th\u1ec3 \u0111\u1eb7t l\u1ecbch \u0111\u00e1nh b\u00f3ng ho\u1eb7c s\u1eeda ch\u1eefa nh\u1ecf do x\u1eed l\u00fd sai c\u00e1ch \u2013 c\u00f3 t\u00ednh ph\u00ed v\u00e0 ch\u1ec9 d\u00e0nh cho kh\u00e1ch h\u00e0ng c\u1ee7a Yi Pin Qian t\u1ea1i Singapore*<\/p>\n<p><\/p>\n<p><strong>**C\u00e1c lo\u1ea1i ch\u1ee9ng ch\u1ec9**<\/strong><\/p>\n<p><\/p>\n<p><strong>NGI (C\u00f4ng ty \u0110\u00e1 qu\u00fd Nan Yang)<\/strong><\/p>\n<p>ho\u1eb7c <strong>Ch\u1ee9ng ch\u1ec9 n\u01b0\u1edbc ngo\u00e0i <\/strong>(Yi Pin Qian ch\u1ec9 s\u1eed d\u1ee5ng c\u00e1c ch\u1ee9ng ch\u1ec9 x\u00e1c th\u1ef1c t\u1eeb c\u00e1c ph\u00f2ng th\u00ed nghi\u1ec7m \u1edf n\u01b0\u1edbc ngo\u00e0i v\u00e0 ki\u1ec3m so\u00e1t ch\u1ea5t l\u01b0\u1ee3ng m\u1ecdi s\u1ea3n ph\u1ea9m c\u1ee7a ch\u00fang t\u00f4i tr\u01b0\u1edbc khi \u0111\u01b0a ch\u00fang ra b\u00e1n t\u1ea1i Singapore)<\/p>\n<p><\/p>\n<p>M\u1ed7i s\u1ea3n ph\u1ea9m tr\u00ean TikTok s\u1ebd c\u00f3 lo\u1ea1i ch\u1ee9ng ch\u1ec9 \u0111\u01b0\u1ee3c cung c\u1ea5p \u0111\u01b0\u1ee3c n\u00eau trong ph\u1ea7n m\u00f4 t\u1ea3. \u0110\u1ed1i v\u1edbi b\u1ea5t k\u1ef3 kh\u00e1ch h\u00e0ng n\u00e0o mu\u1ed1n g\u1eedi \u0111\u01a1n h\u00e0ng c\u1ee7a m\u00ecnh \u0111\u1ebfn NGI Singapore, s\u1ebd c\u00f3 th\u1eddi gian ch\u1edd giao h\u00e0ng \u01b0\u1edbc t\u00ednh kho\u1ea3ng 4 tu\u1ea7n \u0111\u1ec3 nh\u1eadn \u0111\u01b0\u1ee3c \u0111\u01a1n h\u00e0ng c\u1ee7a b\u1ea1n. <strong>Y\u00eau c\u1ea7u b\u00e1o c\u00e1o v\u1ec1 NGI Gemstone c\u1ea7n \u0111\u01b0\u1ee3c th\u1ef1c hi\u1ec7n b\u1eb1ng c\u00e1ch nh\u1eafn tin \u0111\u1ebfn c\u1eeda h\u00e0ng TikTok Yi Pin Qian.<\/strong> C\u1ea3m \u01a1n, <strong><u>\u00e1p d\u1ee5ng th\u00eam ph\u00ed<\/u><\/strong>.<\/p>\n<p><\/p>\n<p><strong>Jadeite t\u1ef1 nhi\u00ean kh\u00f4ng ho\u00e0n h\u1ea3o, ch\u1ec9 l\u00e0 m\u1ed9t l\u1eddi nh\u1eafc nh\u1edf nh\u1eb9 nh\u00e0ng, Jadeite t\u1ef1 nhi\u00ean c\u1ee7a ch\u00fang t\u00f4i, gi\u1ed1ng nh\u01b0 t\u1ea5t c\u1ea3 nh\u1eefng th\u1ee9 \u0111\u1eb9p \u0111\u1ebd trong t\u1ef1 nhi\u00ean, c\u00f3 nh\u1eefng \u0111\u1eb7c \u0111i\u1ec3m v\u00e0 bi\u1ebfn th\u1ec3 \u0111\u1ed9c \u0111\u00e1o. Ch\u00fang t\u00f4i m\u1eddi nh\u1eefng kh\u00e1ch h\u00e0ng c\u00f3 gi\u00e1 tr\u1ecb c\u1ee7a m\u00ecnh \u0111\u00f3n nh\u1eadn nh\u1eefng bi\u1ebfn th\u1ec3 t\u1ef1 nhi\u00ean n\u00e0y. Ch\u00fac b\u1ea1n mua s\u1eafm vui v\u1ebb!<\/strong><\/p>\n<p><\/p>\n<p><strong><u>Kh\u00f4ng c\u00f3 h\u00ecnh \u1ea3nh v\u00e0 c\u1ea3nh quay video n\u00e0o \u0111\u01b0\u1ee3c l\u1ecdc. Ch\u00fang t\u00f4i khuy\u1ebfn kh\u00edch kh\u00e1ch h\u00e0ng c\u1ee7a m\u00ecnh c\u0169ng xem c\u00e1c video \u0111i k\u00e8m \u0111\u1ec3 c\u00f3 c\u00e1i nh\u00ecn to\u00e0n di\u1ec7n h\u01a1n v\u1ec1 s\u1ea3n ph\u1ea9m c\u1ee7a ch\u00fang t\u00f4i<\/u><\/strong><\/p>","protected":false},"excerpt":{"rendered":"<p>This Rare Quality Brown, Reddish and Green Natural Type A Jadeite Jade is a stunning piece of jewelry accessory and decoration that features a beautifully crafted Parrot. Weighing 133.29 grams, this item measures 85.6 * 36.6 * 21 mm (hand3). Certificate numbers: ZSJ12205019044 Natural Type A Jadeite: Made of high-quality natural Type A jadeite, this [&hellip;]<\/p>","protected":false},"featured_media":7535,"comment_status":"open","ping_status":"closed","template":"","meta":[],"product_brand":[],"product_cat":[100],"product_tag":[],"class_list":{"0":"post-1738","1":"product","2":"type-product","3":"status-publish","4":"has-post-thumbnail","6":"product_cat-jewellery-sets","8":"first","9":"instock","10":"sale","11":"shipping-taxable","12":"purchasable","13":"product-type-simple"},"_links":{"self":[{"href":"https:\/\/shop.yipinqian.com\/vi\/wp-json\/wp\/v2\/product\/1738","targetHints":{"allow":["GET"]}}],"collection":[{"href":"https:\/\/shop.yipinqian.com\/vi\/wp-json\/wp\/v2\/product"}],"about":[{"href":"https:\/\/shop.yipinqian.com\/vi\/wp-json\/wp\/v2\/types\/product"}],"replies":[{"embeddable":true,"href":"https:\/\/shop.yipinqian.com\/vi\/wp-json\/wp\/v2\/comments?post=1738"}],"version-history":[{"count":0,"href":"https:\/\/shop.yipinqian.com\/vi\/wp-json\/wp\/v2\/product\/1738\/revisions"}],"wp:featuredmedia":[{"embeddable":true,"href":"https:\/\/shop.yipinqian.com\/vi\/wp-json\/wp\/v2\/media\/7535"}],"wp:attachment":[{"href":"https:\/\/shop.yipinqian.com\/vi\/wp-json\/wp\/v2\/media?parent=1738"}],"wp:term":[{"taxonomy":"product_brand","embeddable":true,"href":"https:\/\/shop.yipinqian.com\/vi\/wp-json\/wp\/v2\/product_brand?post=1738"},{"taxonomy":"product_cat","embeddable":true,"href":"https:\/\/shop.yipinqian.com\/vi\/wp-json\/wp\/v2\/product_cat?post=1738"},{"taxonomy":"product_tag","embeddable":true,"href":"https:\/\/shop.yipinqian.com\/vi\/wp-json\/wp\/v2\/product_tag?post=1738"}],"curies":[{"name":"wp","href":"https:\/\/api.w.org\/{rel}","templated":true}]}}