{"id":1737,"date":"2024-10-24T23:21:58","date_gmt":"2024-10-24T15:21:58","guid":{"rendered":"https:\/\/shop.yipinqian.com\/product\/rare-pure-white-icy-translucent-natural-type-a-jadeite-jade-crafted-with-french-beans-as-pendant-necklace-certificate-weigh-8-4-grams-measurement-47-5-14-6-8-6-mm-pendant220\/"},"modified":"2025-02-24T00:49:52","modified_gmt":"2025-02-23T16:49:52","slug":"rare-pure-white-icy-translucent-natural-type-a-jadeite-jade-crafted-with-french-beans-as-pendant-necklace-certificate-weigh-8-4-grams-measurement-47-5-14-6-8-6-mm-pendant220","status":"publish","type":"product","link":"https:\/\/shop.yipinqian.com\/vi\/san-pham\/rare-pure-white-icy-translucent-natural-type-a-jadeite-jade-crafted-with-french-beans-as-pendant-necklace-certificate-weigh-8-4-grams-measurement-47-5-14-6-8-6-mm-pendant220\/","title":{"rendered":"Ng\u1ecdc b\u00edch lo\u1ea1i A trong m\u1edd t\u1ef1 nhi\u00ean m\u00e0u tr\u1eafng tinh khi\u1ebft hi\u1ebfm c\u00f3 \u0111\u01b0\u1ee3c ch\u1ebf t\u00e1c b\u1eb1ng h\u1ea1t \u0111\u1eadu Ph\u00e1p l\u00e0m m\u1eb7t d\u00e2y chuy\u1ec1n, gi\u1ea5y ch\u1ee9ng nh\u1eadn n\u1eb7ng 8,4 gram, k\u00edch th\u01b0\u1edbc 47,5 * 14,6 * 8,6 mm (m\u1eb7t d\u00e2y chuy\u1ec1n220)"},"content":{"rendered":"<p>N\u00e2ng t\u1ea7m phong c\u00e1ch c\u1ee7a b\u1ea1n v\u1edbi m\u1eb7t d\u00e2y chuy\u1ec1n b\u1eb1ng ng\u1ecdc b\u00edch lo\u1ea1i A Pure White Icy Translucent Natural Jadeite Jadeite tinh khi\u1ebft hi\u1ebfm c\u00f3 n\u00e0y, \u0111\u01b0\u1ee3c ch\u1ebf t\u00e1c theo thi\u1ebft k\u1ebf h\u1ea1t \u0111\u1eadu Ph\u00e1p.<\/p>\n<p><\/p>\n<p>S\u1ed1 ch\u1ee9ng ch\u1ec9: 920350023596<\/p>\n<ul>\n<li>\n<strong>V\u1eadt li\u1ec7u:<\/strong> \u0110\u01b0\u1ee3c l\u00e0m t\u1eeb lo\u1ea1i ng\u1ecdc b\u00edch Jadeite lo\u1ea1i A t\u1ef1 nhi\u00ean v\u00e0 qu\u00fd hi\u1ebfm, m\u1eb7t d\u00e2y chuy\u1ec1n n\u00e0y c\u00f3 m\u00e0u tr\u1eafng tinh khi\u1ebft v\u00e0 c\u00f3 k\u1ebft c\u1ea5u b\u0103ng gi\u00e1 trong m\u1edd.<\/li>\n<li>\n<strong>Thi\u1ebft k\u1ebf:<\/strong> Thi\u1ebft k\u1ebf h\u1ea1t \u0111\u1eadu Ph\u00e1p mang \u0111\u1ebfn n\u00e9t thanh l\u1ecbch cho t\u1ed5ng th\u1ec3 chi\u1ebfc v\u00f2ng c\u1ed5. Ho\u00e0n h\u1ea3o cho nh\u1eefng d\u1ecbp b\u00ecnh th\u01b0\u1eddng.<\/li>\n<li>\n<strong>Gi\u1ea5y ch\u1ee9ng nh\u1eadn:<\/strong> D\u00e2y chuy\u1ec1n m\u1eb7t d\u00e2y chuy\u1ec1n n\u00e0y \u0111i k\u00e8m v\u1edbi m\u1ed9t gi\u1ea5y ch\u1ee9ng nh\u1eadn \u0111\u1ec3 \u0111\u1ea3m b\u1ea3o t\u00ednh x\u00e1c th\u1ef1c c\u1ee7a n\u00f3. Gi\u1ea5y ch\u1ee9ng nh\u1eadn n\u1eb7ng 8,4 gram v\u00e0 c\u00f3 k\u00edch th\u01b0\u1edbc 47,5 * 14,6 * 8,6 mm (pendant220).<\/li>\n<\/ul>\n<p>M\u00f3n \u0111\u1ed3 trang s\u1ee9c tinh x\u1ea3o n\u00e0y c\u00f3 ngu\u1ed3n g\u1ed1c t\u1eeb Myanmar, t\u1ea1o n\u00ean n\u00e9t \u0111\u1ed9c \u0111\u00e1o ri\u00eang.<\/p>\n<ul>\n<li>\n<strong>S\u1ef1 ph\u00f9 h\u1ee3p:<\/strong> Chi\u1ebfc v\u00f2ng c\u1ed5 m\u1eb7t d\u00e2y chuy\u1ec1n unisex n\u00e0y ho\u00e0n h\u1ea3o \u0111\u1ec3 \u0111eo h\u00e0ng ng\u00e0y ho\u1eb7c c\u00f3 th\u1ec3 k\u1ebft h\u1ee3p v\u1edbi b\u1ea5t k\u1ef3 trang ph\u1ee5c n\u00e0o b\u1ea1n mu\u1ed1n \u0111\u1ec3 t\u0103ng th\u00eam n\u00e9t thanh l\u1ecbch cho v\u1ebb ngo\u00e0i c\u1ee7a b\u1ea1n.<\/li>\n<\/ul>\n<p>M\u1eb7t d\u00e2y chuy\u1ec1n b\u1eb1ng ng\u1ecdc b\u00edch lo\u1ea1i A trong m\u1edd tr\u1eafng tinh khi\u1ebft hi\u1ebfm c\u00f3 \u0111\u01b0\u1ee3c ch\u1ebf t\u00e1c t\u1eeb h\u1ea1t \u0111\u1eadu Ph\u00e1p s\u1ebd kh\u00f4ng l\u00e0m b\u1ea1n th\u1ea5t v\u1ecdng n\u1ebfu b\u1ea1n \u0111ang t\u00ecm ki\u1ebfm m\u1ed9t m\u00f3n \u0111\u1ed3 v\u01b0\u1ee3t th\u1eddi gian gi\u00fap b\u1ea1n n\u1ed5i b\u1eadt gi\u1eefa \u0111\u00e1m \u0111\u00f4ng m\u00e0 kh\u00f4ng c\u1ea7n ph\u1ea3i qu\u00e1 c\u1ed1 g\u1eafng!<\/p>\n<p><\/p>\n<p>Yi Pin Qian \u2013 Nh\u00e0 bu\u00f4n \u0111\u00e1 qu\u00fd v\u00e0 kim lo\u1ea1i qu\u00fd t\u1ea1i Singapore \u2013 S\u1ed1 gi\u1ea5y ph\u00e9p PS20190000031<\/p>\n<p><\/p>\n<p>*T\u1ea5t c\u1ea3 c\u00e1c lo\u1ea1i Jadeite \u0111\u01b0\u1ee3c mua t\u1eeb Yi Pin Qian t\u1ea1i Singapore, kh\u00e1ch h\u00e0ng c\u00f3 th\u1ec3 \u0111\u1eb7t l\u1ecbch \u0111\u00e1nh b\u00f3ng ho\u1eb7c s\u1eeda ch\u1eefa nh\u1ecf do x\u1eed l\u00fd sai c\u00e1ch \u2013 c\u00f3 t\u00ednh ph\u00ed v\u00e0 ch\u1ec9 d\u00e0nh cho kh\u00e1ch h\u00e0ng c\u1ee7a Yi Pin Qian t\u1ea1i Singapore*<\/p>\n<p><\/p>\n<p><strong>**C\u00e1c lo\u1ea1i ch\u1ee9ng ch\u1ec9**<\/strong><\/p>\n<p><\/p>\n<p><strong>NGI (C\u00f4ng ty \u0110\u00e1 qu\u00fd Nan Yang)<\/strong><\/p>\n<p>ho\u1eb7c <strong>Ch\u1ee9ng ch\u1ec9 n\u01b0\u1edbc ngo\u00e0i <\/strong>(Yi Pin Qian ch\u1ec9 s\u1eed d\u1ee5ng c\u00e1c ch\u1ee9ng ch\u1ec9 x\u00e1c th\u1ef1c t\u1eeb c\u00e1c ph\u00f2ng th\u00ed nghi\u1ec7m \u1edf n\u01b0\u1edbc ngo\u00e0i v\u00e0 ki\u1ec3m so\u00e1t ch\u1ea5t l\u01b0\u1ee3ng m\u1ecdi s\u1ea3n ph\u1ea9m c\u1ee7a ch\u00fang t\u00f4i tr\u01b0\u1edbc khi \u0111\u01b0a ch\u00fang ra b\u00e1n t\u1ea1i Singapore)<\/p>\n<p><\/p>\n<p>M\u1ed7i s\u1ea3n ph\u1ea9m tr\u00ean TikTok s\u1ebd c\u00f3 lo\u1ea1i ch\u1ee9ng ch\u1ec9 \u0111\u01b0\u1ee3c cung c\u1ea5p \u0111\u01b0\u1ee3c n\u00eau trong ph\u1ea7n m\u00f4 t\u1ea3. \u0110\u1ed1i v\u1edbi b\u1ea5t k\u1ef3 kh\u00e1ch h\u00e0ng n\u00e0o mu\u1ed1n g\u1eedi \u0111\u01a1n h\u00e0ng c\u1ee7a m\u00ecnh \u0111\u1ebfn NGI Singapore, s\u1ebd c\u00f3 th\u1eddi gian ch\u1edd giao h\u00e0ng \u01b0\u1edbc t\u00ednh kho\u1ea3ng 4 tu\u1ea7n \u0111\u1ec3 nh\u1eadn \u0111\u01b0\u1ee3c \u0111\u01a1n h\u00e0ng c\u1ee7a b\u1ea1n. <strong>Y\u00eau c\u1ea7u b\u00e1o c\u00e1o v\u1ec1 NGI Gemstone c\u1ea7n \u0111\u01b0\u1ee3c th\u1ef1c hi\u1ec7n b\u1eb1ng c\u00e1ch nh\u1eafn tin \u0111\u1ebfn c\u1eeda h\u00e0ng TikTok Yi Pin Qian.<\/strong> C\u1ea3m \u01a1n, <strong><u>\u00e1p d\u1ee5ng th\u00eam ph\u00ed<\/u><\/strong>.<\/p>\n<p><\/p>\n<p><strong>Jadeite t\u1ef1 nhi\u00ean kh\u00f4ng ho\u00e0n h\u1ea3o, ch\u1ec9 l\u00e0 m\u1ed9t l\u1eddi nh\u1eafc nh\u1edf nh\u1eb9 nh\u00e0ng, Jadeite t\u1ef1 nhi\u00ean c\u1ee7a ch\u00fang t\u00f4i, gi\u1ed1ng nh\u01b0 t\u1ea5t c\u1ea3 nh\u1eefng th\u1ee9 \u0111\u1eb9p \u0111\u1ebd trong t\u1ef1 nhi\u00ean, c\u00f3 nh\u1eefng \u0111\u1eb7c \u0111i\u1ec3m v\u00e0 bi\u1ebfn th\u1ec3 \u0111\u1ed9c \u0111\u00e1o. Ch\u00fang t\u00f4i m\u1eddi nh\u1eefng kh\u00e1ch h\u00e0ng c\u00f3 gi\u00e1 tr\u1ecb c\u1ee7a m\u00ecnh \u0111\u00f3n nh\u1eadn nh\u1eefng bi\u1ebfn th\u1ec3 t\u1ef1 nhi\u00ean n\u00e0y. Ch\u00fac b\u1ea1n mua s\u1eafm vui v\u1ebb!<\/strong><\/p>\n<p><\/p>\n<p><strong><u>Kh\u00f4ng c\u00f3 h\u00ecnh \u1ea3nh v\u00e0 c\u1ea3nh quay video n\u00e0o \u0111\u01b0\u1ee3c l\u1ecdc. Ch\u00fang t\u00f4i khuy\u1ebfn kh\u00edch kh\u00e1ch h\u00e0ng c\u1ee7a m\u00ecnh c\u0169ng xem c\u00e1c video \u0111i k\u00e8m \u0111\u1ec3 c\u00f3 c\u00e1i nh\u00ecn to\u00e0n di\u1ec7n h\u01a1n v\u1ec1 s\u1ea3n ph\u1ea9m c\u1ee7a ch\u00fang t\u00f4i<\/u><\/strong><\/p>","protected":false},"excerpt":{"rendered":"<p>Elevate your style with this exquisite Rare Pure White Icy Translucent Natural Type A Jadeite Jade pendant necklace, crafted with French Beans design. Certificate numbers: 920350023596 Material: Made of rare and natural Type A jadeite jade, this pendant necklace is pure white in color and has a translucent icy texture. Design: The French beans design [&hellip;]<\/p>","protected":false},"featured_media":7527,"comment_status":"open","ping_status":"closed","template":"","meta":[],"product_brand":[],"product_cat":[194],"product_tag":[],"class_list":{"0":"post-1737","1":"product","2":"type-product","3":"status-publish","4":"has-post-thumbnail","6":"product_cat-value-picks","8":"first","9":"instock","10":"sale","11":"shipping-taxable","12":"purchasable","13":"product-type-simple"},"_links":{"self":[{"href":"https:\/\/shop.yipinqian.com\/vi\/wp-json\/wp\/v2\/product\/1737","targetHints":{"allow":["GET"]}}],"collection":[{"href":"https:\/\/shop.yipinqian.com\/vi\/wp-json\/wp\/v2\/product"}],"about":[{"href":"https:\/\/shop.yipinqian.com\/vi\/wp-json\/wp\/v2\/types\/product"}],"replies":[{"embeddable":true,"href":"https:\/\/shop.yipinqian.com\/vi\/wp-json\/wp\/v2\/comments?post=1737"}],"version-history":[{"count":0,"href":"https:\/\/shop.yipinqian.com\/vi\/wp-json\/wp\/v2\/product\/1737\/revisions"}],"wp:featuredmedia":[{"embeddable":true,"href":"https:\/\/shop.yipinqian.com\/vi\/wp-json\/wp\/v2\/media\/7527"}],"wp:attachment":[{"href":"https:\/\/shop.yipinqian.com\/vi\/wp-json\/wp\/v2\/media?parent=1737"}],"wp:term":[{"taxonomy":"product_brand","embeddable":true,"href":"https:\/\/shop.yipinqian.com\/vi\/wp-json\/wp\/v2\/product_brand?post=1737"},{"taxonomy":"product_cat","embeddable":true,"href":"https:\/\/shop.yipinqian.com\/vi\/wp-json\/wp\/v2\/product_cat?post=1737"},{"taxonomy":"product_tag","embeddable":true,"href":"https:\/\/shop.yipinqian.com\/vi\/wp-json\/wp\/v2\/product_tag?post=1737"}],"curies":[{"name":"wp","href":"https:\/\/api.w.org\/{rel}","templated":true}]}}