{"id":1733,"date":"2024-10-24T23:21:55","date_gmt":"2024-10-24T15:21:55","guid":{"rendered":"https:\/\/shop.yipinqian.com\/product\/rare-premium-quality-natural-type-a-jadeite-jade-crafted-with-tara-as-a-pendant-with-certificate-weigh-46-31-grams-measurement-72-7-46-2-8-3-mm-pendant194\/"},"modified":"2025-02-24T01:17:27","modified_gmt":"2025-02-23T17:17:27","slug":"rare-premium-quality-natural-type-a-jadeite-jade-crafted-with-tara-as-a-pendant-with-certificate-weigh-46-31-grams-measurement-72-7-46-2-8-3-mm-pendant194","status":"publish","type":"product","link":"https:\/\/shop.yipinqian.com\/vi\/san-pham\/rare-premium-quality-natural-type-a-jadeite-jade-crafted-with-tara-as-a-pendant-with-certificate-weigh-46-31-grams-measurement-72-7-46-2-8-3-mm-pendant194\/","title":{"rendered":"Ng\u1ecdc b\u00edch lo\u1ea1i A t\u1ef1 nhi\u00ean ch\u1ea5t l\u01b0\u1ee3ng cao hi\u1ebfm c\u00f3 \u0111\u01b0\u1ee3c ch\u1ebf t\u00e1c b\u1eb1ng Tara l\u00e0m m\u1eb7t d\u00e2y chuy\u1ec1n c\u00f3 gi\u1ea5y ch\u1ee9ng nh\u1eadn n\u1eb7ng 46,31 gram, k\u00edch th\u01b0\u1edbc 72,7 * 46,2 * 8,3 mm (m\u1eb7t d\u00e2y chuy\u1ec1n194)"},"content":{"rendered":"<p>Xin gi\u1edbi thi\u1ec7u s\u1ea3n ph\u1ea9m Ng\u1ecdc b\u00edch lo\u1ea1i A t\u1ef1 nhi\u00ean ch\u1ea5t l\u01b0\u1ee3ng cao hi\u1ebfm c\u00f3 \u0111\u01b0\u1ee3c ch\u1ebf t\u00e1c c\u00f9ng m\u1eb7t d\u00e2y chuy\u1ec1n Tara \u2013 m\u1ed9t s\u1ef1 b\u1ed5 sung tuy\u1ec7t \u0111\u1eb9p cho b\u1ea5t k\u1ef3 b\u1ed9 s\u01b0u t\u1eadp trang s\u1ee9c n\u00e0o.<\/p>\n<p><\/p>\n<p>S\u1ed1 ch\u1ee9ng ch\u1ec9: 920870013891<\/p>\n<ul>\n<li>\n<strong>Jadeite lo\u1ea1i A \u0111\u00edch th\u1ef1c:<\/strong> M\u1eb7t d\u00e2y chuy\u1ec1n n\u00e0y \u0111\u01b0\u1ee3c l\u00e0m t\u1eeb ng\u1ecdc b\u00edch lo\u1ea1i A nguy\u00ean ch\u1ea5t, m\u1ed9t lo\u1ea1i \u0111\u00e1 qu\u00fd hi\u1ebfm v\u00e0 \u0111\u01b0\u1ee3c s\u0103n \u0111\u00f3n nhi\u1ec1u v\u00ec v\u1ebb \u0111\u1eb9p tinh t\u1ebf.<\/li>\n<li>\n<strong>Ch\u1ea5t l\u01b0\u1ee3ng \u0111\u01b0\u1ee3c ch\u1ee9ng nh\u1eadn:<\/strong> V\u1edbi gi\u1ea5y ch\u1ee9ng nh\u1eadn x\u00e1c th\u1ef1c, b\u1ea1n c\u00f3 th\u1ec3 y\u00ean t\u00e2m r\u1eb1ng m\u1eb7t d\u00e2y chuy\u1ec1n n\u00e0y c\u00f3 ch\u1ea5t l\u01b0\u1ee3ng cao nh\u1ea5t.<\/li>\n<li>\n<strong>Thi\u1ebft k\u1ebf Tara:<\/strong> \u0110\u01b0\u1ee3c ch\u1ebf t\u00e1c theo h\u00ecnh d\u1ea1ng c\u1ee7a Tara, n\u1eef th\u1ea7n t\u1eeb bi v\u00e0 b\u1ea3o v\u1ec7 c\u1ee7a Ph\u1eadt gi\u00e1o, chi\u1ebfc v\u00f2ng c\u1ed5 n\u00e0y c\u00f3 \u00fd ngh\u0129a t\u1ed1t l\u00e0nh, ph\u00f9 h\u1ee3p cho m\u1ecdi d\u1ecbp.<\/li>\n<\/ul>\n<p>C\u00e2n n\u1eb7ng t\u1ea1i <strong>46,31 gam<\/strong> v\u00e0 \u0111o l\u01b0\u1eddng <strong>72,7 * 46,2 * 8,3mm<\/strong> (pendant194), chi\u1ebfc v\u00f2ng c\u1ed5 n\u00e0y l\u00e0 m\u1ed9t m\u00f3n \u0111\u1ed3 trang s\u1ee9c \u1ea5n t\u01b0\u1ee3ng ch\u1eafc ch\u1eafn s\u1ebd thu h\u00fat m\u1ecdi \u00e1nh nh\u00ecn. Th\u00eam v\u00e0o \u0111\u00f3, thi\u1ebft k\u1ebf unisex c\u1ee7a n\u00f3 khi\u1ebfn n\u00f3 tr\u1edf th\u00e0nh m\u1ed9t ph\u1ee5 ki\u1ec7n \u0111a n\u0103ng cho b\u1ea5t k\u1ef3 ai \u0111eo \u2013 ho\u00e0n h\u1ea3o \u0111\u1ec3 l\u00e0m qu\u00e0 t\u1eb7ng ho\u1eb7c t\u1ef1 th\u01b0\u1edfng cho b\u1ea3n th\u00e2n!<\/p>\n<p><\/p>\n<p>Ki\u1ec3u v\u00f2ng c\u1ed5 gi\u1ea3n d\u1ecb gi\u00fap b\u1ea1n d\u1ec5 d\u00e0ng k\u1ebft h\u1ee3p v\u1edbi m\u1ecdi trang ph\u1ee5c hay phong c\u00e1ch \u2013 l\u00e0m \u0111\u1eb9p cho trang ph\u1ee5c c\u00f4ng s\u1edf ho\u1eb7c \u0111eo trong bu\u1ed5i t\u1ed1i \u0111i ch\u01a1i ti\u1ebfp theo; d\u00f9 b\u1eb1ng c\u00e1ch n\u00e0o, b\u1ea1n ch\u1eafc ch\u1eafn s\u1ebd t\u1ea1o \u0111\u01b0\u1ee3c \u1ea5n t\u01b0\u1ee3ng!<\/p>\n<p><\/p>\n<p>M\u1eb7t d\u00e2y chuy\u1ec1n Tara Jadeite lo\u1ea1i A t\u1ef1 nhi\u00ean ch\u1ea5t l\u01b0\u1ee3ng cao hi\u1ebfm c\u00f3 n\u00e0y c\u00f3 ngu\u1ed3n g\u1ed1c t\u1eeb Myanmar (tr\u01b0\u1edbc \u0111\u00e2y l\u00e0 Mi\u1ebfn \u0110i\u1ec7n), n\u01a1i c\u00f3 m\u1ed9t s\u1ed1 m\u1ecf ng\u1ecdc b\u00edch t\u1ed1t nh\u1ea5t th\u1ebf gi\u1edbi, n\u1ed5i ti\u1ebfng s\u1ea3n xu\u1ea5t m\u1ed9t s\u1ed1 lo\u1ea1i \u0111\u00e1 qu\u00fd c\u00f3 ch\u1ea5t l\u01b0\u1ee3ng \u0111\u1eb7c bi\u1ec7t!<\/p>\n<p><\/p>\n<p>Yi Pin Qian \u2013 Nh\u00e0 bu\u00f4n \u0111\u00e1 qu\u00fd v\u00e0 kim lo\u1ea1i qu\u00fd t\u1ea1i Singapore \u2013 S\u1ed1 gi\u1ea5y ph\u00e9p PS20190000031<\/p>\n<p><\/p>\n<p>*T\u1ea5t c\u1ea3 c\u00e1c lo\u1ea1i Jadeite \u0111\u01b0\u1ee3c mua t\u1eeb Yi Pin Qian t\u1ea1i Singapore, kh\u00e1ch h\u00e0ng c\u00f3 th\u1ec3 \u0111\u1eb7t l\u1ecbch \u0111\u00e1nh b\u00f3ng ho\u1eb7c s\u1eeda ch\u1eefa nh\u1ecf do x\u1eed l\u00fd sai c\u00e1ch \u2013 c\u00f3 t\u00ednh ph\u00ed v\u00e0 ch\u1ec9 d\u00e0nh cho kh\u00e1ch h\u00e0ng c\u1ee7a Yi Pin Qian t\u1ea1i Singapore*<\/p>\n<p><\/p>\n<p><strong>**C\u00e1c lo\u1ea1i ch\u1ee9ng ch\u1ec9**<\/strong><\/p>\n<p><\/p>\n<p><strong>NGI (C\u00f4ng ty \u0110\u00e1 qu\u00fd Nan Yang)<\/strong><\/p>\n<p>ho\u1eb7c <strong>Ch\u1ee9ng ch\u1ec9 n\u01b0\u1edbc ngo\u00e0i <\/strong>(Yi Pin Qian ch\u1ec9 s\u1eed d\u1ee5ng c\u00e1c ch\u1ee9ng ch\u1ec9 x\u00e1c th\u1ef1c t\u1eeb c\u00e1c ph\u00f2ng th\u00ed nghi\u1ec7m \u1edf n\u01b0\u1edbc ngo\u00e0i v\u00e0 ki\u1ec3m so\u00e1t ch\u1ea5t l\u01b0\u1ee3ng m\u1ecdi s\u1ea3n ph\u1ea9m c\u1ee7a ch\u00fang t\u00f4i tr\u01b0\u1edbc khi \u0111\u01b0a ch\u00fang ra b\u00e1n t\u1ea1i Singapore)<\/p>\n<p><\/p>\n<p>M\u1ed7i s\u1ea3n ph\u1ea9m tr\u00ean TikTok s\u1ebd c\u00f3 lo\u1ea1i ch\u1ee9ng ch\u1ec9 \u0111\u01b0\u1ee3c cung c\u1ea5p \u0111\u01b0\u1ee3c n\u00eau trong ph\u1ea7n m\u00f4 t\u1ea3. \u0110\u1ed1i v\u1edbi b\u1ea5t k\u1ef3 kh\u00e1ch h\u00e0ng n\u00e0o mu\u1ed1n g\u1eedi \u0111\u01a1n h\u00e0ng c\u1ee7a m\u00ecnh \u0111\u1ebfn NGI Singapore, s\u1ebd c\u00f3 th\u1eddi gian ch\u1edd giao h\u00e0ng \u01b0\u1edbc t\u00ednh kho\u1ea3ng 4 tu\u1ea7n \u0111\u1ec3 nh\u1eadn \u0111\u01b0\u1ee3c \u0111\u01a1n h\u00e0ng c\u1ee7a b\u1ea1n. <strong>Y\u00eau c\u1ea7u b\u00e1o c\u00e1o v\u1ec1 NGI Gemstone c\u1ea7n \u0111\u01b0\u1ee3c th\u1ef1c hi\u1ec7n b\u1eb1ng c\u00e1ch nh\u1eafn tin \u0111\u1ebfn c\u1eeda h\u00e0ng TikTok Yi Pin Qian.<\/strong> C\u1ea3m \u01a1n, <strong><u>\u00e1p d\u1ee5ng th\u00eam ph\u00ed<\/u><\/strong>.<\/p>\n<p><\/p>\n<p><strong>Jadeite t\u1ef1 nhi\u00ean kh\u00f4ng ho\u00e0n h\u1ea3o, ch\u1ec9 l\u00e0 m\u1ed9t l\u1eddi nh\u1eafc nh\u1edf nh\u1eb9 nh\u00e0ng, Jadeite t\u1ef1 nhi\u00ean c\u1ee7a ch\u00fang t\u00f4i, gi\u1ed1ng nh\u01b0 t\u1ea5t c\u1ea3 nh\u1eefng th\u1ee9 \u0111\u1eb9p \u0111\u1ebd trong t\u1ef1 nhi\u00ean, c\u00f3 nh\u1eefng \u0111\u1eb7c \u0111i\u1ec3m v\u00e0 bi\u1ebfn th\u1ec3 \u0111\u1ed9c \u0111\u00e1o. Ch\u00fang t\u00f4i m\u1eddi nh\u1eefng kh\u00e1ch h\u00e0ng c\u00f3 gi\u00e1 tr\u1ecb c\u1ee7a m\u00ecnh \u0111\u00f3n nh\u1eadn nh\u1eefng bi\u1ebfn th\u1ec3 t\u1ef1 nhi\u00ean n\u00e0y. Ch\u00fac b\u1ea1n mua s\u1eafm vui v\u1ebb!<\/strong><\/p>\n<p><\/p>\n<p><strong><u>Kh\u00f4ng c\u00f3 h\u00ecnh \u1ea3nh v\u00e0 c\u1ea3nh quay video n\u00e0o \u0111\u01b0\u1ee3c l\u1ecdc. Ch\u00fang t\u00f4i khuy\u1ebfn kh\u00edch kh\u00e1ch h\u00e0ng c\u1ee7a m\u00ecnh c\u0169ng xem c\u00e1c video \u0111i k\u00e8m \u0111\u1ec3 c\u00f3 c\u00e1i nh\u00ecn to\u00e0n di\u1ec7n h\u01a1n v\u1ec1 s\u1ea3n ph\u1ea9m c\u1ee7a ch\u00fang t\u00f4i<\/u><\/strong><\/p>","protected":false},"excerpt":{"rendered":"<p>Gi\u1edbi thi\u1ec7u s\u1ea3n ph\u1ea9m Ng\u1ecdc b\u00edch lo\u1ea1i A t\u1ef1 nhi\u00ean ch\u1ea5t l\u01b0\u1ee3ng cao hi\u1ebfm c\u00f3 c\u1ee7a ch\u00fang t\u00f4i \u0111\u01b0\u1ee3c ch\u1ebf t\u00e1c b\u1eb1ng m\u1eb7t d\u00e2y chuy\u1ec1n Tara \u2013 m\u1ed9t s\u1ef1 b\u1ed5 sung tuy\u1ec7t \u0111\u1eb9p cho b\u1ea5t k\u1ef3 b\u1ed9 s\u01b0u t\u1eadp trang s\u1ee9c n\u00e0o. S\u1ed1 ch\u1ee9ng nh\u1eadn: 920870013891 Ng\u1ecdc b\u00edch lo\u1ea1i A ch\u00ednh h\u00e3ng: M\u1eb7t d\u00e2y chuy\u1ec1n n\u00e0y \u0111\u01b0\u1ee3c l\u00e0m b\u1eb1ng ng\u1ecdc b\u00edch lo\u1ea1i A ch\u00ednh h\u00e3ng, m\u1ed9t lo\u1ea1i \u0111\u00e1 qu\u00fd hi\u1ebfm v\u00e0 \u0111\u01b0\u1ee3c s\u0103n \u0111\u00f3n nhi\u1ec1u v\u00ec v\u1ebb \u0111\u1eb9p tinh t\u1ebf c\u1ee7a n\u00f3. Ch\u1ea5t l\u01b0\u1ee3ng \u0111\u01b0\u1ee3c ch\u1ee9ng nh\u1eadn: V\u1edbi ch\u1ee9ng nh\u1eadn [\u2026]<\/p>","protected":false},"featured_media":7511,"comment_status":"open","ping_status":"closed","template":"","meta":[],"product_brand":[],"product_cat":[195],"product_tag":[],"class_list":{"0":"post-1733","1":"product","2":"type-product","3":"status-publish","4":"has-post-thumbnail","6":"product_cat-heirloom-grade","8":"first","9":"instock","10":"sale","11":"shipping-taxable","12":"purchasable","13":"product-type-simple"},"_links":{"self":[{"href":"https:\/\/shop.yipinqian.com\/vi\/wp-json\/wp\/v2\/product\/1733","targetHints":{"allow":["GET"]}}],"collection":[{"href":"https:\/\/shop.yipinqian.com\/vi\/wp-json\/wp\/v2\/product"}],"about":[{"href":"https:\/\/shop.yipinqian.com\/vi\/wp-json\/wp\/v2\/types\/product"}],"replies":[{"embeddable":true,"href":"https:\/\/shop.yipinqian.com\/vi\/wp-json\/wp\/v2\/comments?post=1733"}],"version-history":[{"count":0,"href":"https:\/\/shop.yipinqian.com\/vi\/wp-json\/wp\/v2\/product\/1733\/revisions"}],"wp:featuredmedia":[{"embeddable":true,"href":"https:\/\/shop.yipinqian.com\/vi\/wp-json\/wp\/v2\/media\/7511"}],"wp:attachment":[{"href":"https:\/\/shop.yipinqian.com\/vi\/wp-json\/wp\/v2\/media?parent=1733"}],"wp:term":[{"taxonomy":"product_brand","embeddable":true,"href":"https:\/\/shop.yipinqian.com\/vi\/wp-json\/wp\/v2\/product_brand?post=1733"},{"taxonomy":"product_cat","embeddable":true,"href":"https:\/\/shop.yipinqian.com\/vi\/wp-json\/wp\/v2\/product_cat?post=1733"},{"taxonomy":"product_tag","embeddable":true,"href":"https:\/\/shop.yipinqian.com\/vi\/wp-json\/wp\/v2\/product_tag?post=1733"}],"curies":[{"name":"wp","href":"https:\/\/api.w.org\/{rel}","templated":true}]}}