{"id":1731,"date":"2024-10-24T23:21:54","date_gmt":"2024-10-24T15:21:54","guid":{"rendered":"https:\/\/shop.yipinqian.com\/product\/rare-pinkish-light-lavender-hue-natural-type-a-jadeite-pendant-necklace-crafted-as-parrot-symbols-of-wise-and-brave-heroic-with-certificate-weigh-11-33-grams-51-3-17-8-8-6-mm-mid-year-offer-and-suitab\/"},"modified":"2025-02-24T00:49:52","modified_gmt":"2025-02-23T16:49:52","slug":"rare-pinkish-light-lavender-hue-natural-type-a-jadeite-pendant-necklace-crafted-as-parrot-symbols-of-wise-and-brave-heroic-with-certificate-weigh-11-33-grams-51-3-17-8-8-6-mm-mid-year-offer-and-suitab","status":"publish","type":"product","link":"https:\/\/shop.yipinqian.com\/vi\/san-pham\/rare-pinkish-light-lavender-hue-natural-type-a-jadeite-pendant-necklace-crafted-as-parrot-symbols-of-wise-and-brave-heroic-with-certificate-weigh-11-33-grams-51-3-17-8-8-6-mm-mid-year-offer-and-suitab\/","title":{"rendered":"D\u00e2y chuy\u1ec1n m\u1eb7t ng\u1ecdc b\u00edch lo\u1ea1i A t\u1ef1 nhi\u00ean m\u00e0u h\u1ed3ng nh\u1ea1t \u00e1nh hoa o\u1ea3i h\u01b0\u01a1ng hi\u1ebfm \u0111\u01b0\u1ee3c ch\u1ebf t\u00e1c theo bi\u1ec3u t\u01b0\u1ee3ng con v\u1eb9t c\u1ee7a s\u1ef1 th\u00f4ng th\u00e1i v\u00e0 d\u0169ng c\u1ea3m, anh h\u00f9ng k\u00e8m theo gi\u1ea5y ch\u1ee9ng nh\u1eadn n\u1eb7ng 11,33 gam, 51,3 * 17,8 * 8,6 mm, khuy\u1ebfn m\u1ea1i gi\u1eefa n\u0103m v\u00e0 ph\u00f9 h\u1ee3p \u0111\u1ec3 \u0111eo h\u00e0ng ng\u00e0y ho\u1eb7c s\u01b0u t\u1eadp (pendant28)"},"content":{"rendered":"<p>M\u1eb7t d\u00e2y chuy\u1ec1n b\u1eb1ng \u0111\u00e1 Jadeite t\u1ef1 nhi\u00ean lo\u1ea1i A m\u00e0u h\u1ed3ng nh\u1ea1t hoa o\u1ea3i h\u01b0\u01a1ng qu\u00fd hi\u1ebfm n\u00e0y l\u1ea5y c\u1ea3m h\u1ee9ng t\u1eeb bi\u1ec3u t\u01b0\u1ee3ng lo\u00e0i v\u1eb9t c\u1ee7a ch\u1ee7 ngh\u0129a anh h\u00f9ng th\u00f4ng th\u00e1i v\u00e0 d\u0169ng c\u1ea3m, l\u00e0 ph\u1ee5 ki\u1ec7n trang s\u1ee9c ho\u00e0n h\u1ea3o \u0111\u1ec3 \u0111eo h\u00e0ng ng\u00e0y ho\u1eb7c s\u01b0u t\u1eadp.<\/p>\n<ul>\n<li>\n<strong>\u0110\u1ed9c nh\u1ea5t v\u00f4 nh\u1ecb:<\/strong> \u0110\u01b0\u1ee3c ch\u1ebf t\u00e1c t\u1eeb ng\u1ecdc b\u00edch lo\u1ea1i A t\u1ef1 nhi\u00ean v\u1edbi \u01b0u \u0111\u00e3i gi\u1eefa n\u0103m<\/li>\n<li>\n<strong>Gi\u1ea5y ch\u1ee9ng nh\u1eadn:<\/strong> \u0110i k\u00e8m v\u1edbi gi\u1ea5y ch\u1ee9ng nh\u1eadn x\u00e1c th\u1ef1c \u2013 <strong>S\u1ed1 ch\u1ee9ng ch\u1ec9: GD2202H006844<\/strong>\n<\/li>\n<\/ul>\n<p><img fetchpriority=\"high\" decoding=\"async\" height=\"1080\" src=\"https:\/\/shop.yipinqian.com\/wp-content\/uploads\/2024\/10\/0c6733d22cdcc6e21441ff3c1befaf43.jpg?from=476444299\" width=\"1080\"><\/p>\n<ul>\n<li>\n<strong>Tr\u1ecdng l\u01b0\u1ee3ng v\u00e0 k\u00edch th\u01b0\u1edbc:<\/strong>N\u1eb7ng 11,33 gram v\u00e0 c\u00f3 k\u00edch th\u01b0\u1edbc 51,3 * 17,8 * 8,6 mm<\/li>\n<li>\n<strong>Lo\u1ea1i ng\u1ecdc b\u00edch:<\/strong>\u0110\u01b0\u1ee3c l\u00e0m t\u1eeb Jadeite \u0111\u00edch th\u1ef1c cho tr\u1ea3i nghi\u1ec7m ch\u00e2n th\u1ef1c<\/li>\n<\/ul>\n<p>Chi\u1ebfc v\u00f2ng c\u1ed5 unisex n\u00e0y ho\u00e0n h\u1ea3o \u0111\u1ec3 \u0111eo h\u00e0ng ng\u00e0y v\u1edbi phong c\u00e1ch gi\u1ea3n d\u1ecb, ph\u00f9 h\u1ee3p \u0111\u1ec3 k\u1ebft h\u1ee3p theo phong c\u00e1ch sang tr\u1ecdng ho\u1eb7c gi\u1ea3n d\u1ecb.<\/p>\n<ul>\n<li>Bi\u1ec3u t\u01b0\u1ee3ng con v\u1eb9t: M\u1eb7t d\u00e2y chuy\u1ec1n b\u1eb1ng ng\u1ecdc b\u00edch t\u1ef1 nhi\u00ean m\u00e0u h\u1ed3ng nh\u1ea1t hi\u1ebfm c\u00f3 lo\u1ea1i A \u0111\u01b0\u1ee3c ch\u1ebf t\u00e1c theo bi\u1ec3u t\u01b0\u1ee3ng con v\u1eb9t th\u00f4ng th\u00e1i, d\u0169ng c\u1ea3m, anh h\u00f9ng, t\u1ea1o n\u00ean s\u1ef1 b\u1ed5 sung \u0111\u1ed9c \u0111\u00e1o cho b\u1ed9 s\u01b0u t\u1eadp trang s\u1ee9c c\u1ee7a b\u1ea1n.<\/li>\n<\/ul>\n<p>N\u1ebfu b\u1ea1n mu\u1ed1n t\u0103ng th\u00eam t\u00ednh ch\u00e2n th\u1ef1c cho b\u1ed9 s\u01b0u t\u1eadp c\u1ee7a m\u00ecnh ho\u1eb7c ch\u1ec9 mu\u1ed1n c\u00f3 th\u1ee9 g\u00ec \u0111\u00f3 \u0111\u1ed9c \u0111\u00e1o \u0111\u1ec3 k\u1ec3 m\u1ed9t c\u00e2u chuy\u1ec7n th\u00ec M\u1eb7t d\u00e2y chuy\u1ec1n b\u1eb1ng \u0111\u00e1 Jadeite t\u1ef1 nhi\u00ean lo\u1ea1i A m\u00e0u h\u1ed3ng nh\u1ea1t hoa o\u1ea3i h\u01b0\u01a1ng qu\u00fd hi\u1ebfm \u0111\u01b0\u1ee3c ch\u1ebf t\u00e1c theo bi\u1ec3u t\u01b0\u1ee3ng con v\u1eb9t n\u00e0y ch\u00ednh l\u00e0 th\u1ee9 b\u1ea1n c\u1ea7n!<\/p>\n<p>.<\/p>\n<p>Yi Pin Qian \u2013 Nh\u00e0 bu\u00f4n \u0111\u00e1 qu\u00fd v\u00e0 kim lo\u1ea1i qu\u00fd t\u1ea1i Singapore \u2013 S\u1ed1 gi\u1ea5y ph\u00e9p PS20190000031<\/p>\n<p>\u00a0<\/p>\n<p>*T\u1ea5t c\u1ea3 c\u00e1c lo\u1ea1i Jadeite \u0111\u01b0\u1ee3c mua t\u1eeb Yi Pin Qian t\u1ea1i Singapore, kh\u00e1ch h\u00e0ng c\u00f3 th\u1ec3 \u0111\u1eb7t l\u1ecbch \u0111\u00e1nh b\u00f3ng ho\u1eb7c s\u1eeda ch\u1eefa nh\u1ecf do x\u1eed l\u00fd sai c\u00e1ch \u2013 c\u00f3 t\u00ednh ph\u00ed v\u00e0 ch\u1ec9 d\u00e0nh cho kh\u00e1ch h\u00e0ng c\u1ee7a Yi Pin Qian t\u1ea1i Singapore*<\/p>\n<p>\u00a0<\/p>\n<p><strong>**C\u00e1c lo\u1ea1i ch\u1ee9ng ch\u1ec9**<\/strong><\/p>\n<p>\u00a0<\/p>\n<p><strong>NGI (C\u00f4ng ty \u0110\u00e1 qu\u00fd Nan Yang)<\/strong><\/p>\n<p>ho\u1eb7c <strong>Ch\u1ee9ng ch\u1ec9 n\u01b0\u1edbc ngo\u00e0i <\/strong>(Yi Pin Qian ch\u1ec9 s\u1eed d\u1ee5ng c\u00e1c ch\u1ee9ng ch\u1ec9 x\u00e1c th\u1ef1c t\u1eeb c\u00e1c ph\u00f2ng th\u00ed nghi\u1ec7m \u1edf n\u01b0\u1edbc ngo\u00e0i v\u00e0 ki\u1ec3m so\u00e1t ch\u1ea5t l\u01b0\u1ee3ng m\u1ecdi s\u1ea3n ph\u1ea9m c\u1ee7a ch\u00fang t\u00f4i tr\u01b0\u1edbc khi \u0111\u01b0a ch\u00fang ra b\u00e1n t\u1ea1i Singapore)<\/p>\n<p>\u00a0<\/p>\n<p>M\u1ed7i s\u1ea3n ph\u1ea9m tr\u00ean TikTok s\u1ebd c\u00f3 lo\u1ea1i ch\u1ee9ng ch\u1ec9 \u0111\u01b0\u1ee3c cung c\u1ea5p \u0111\u01b0\u1ee3c n\u00eau trong ph\u1ea7n m\u00f4 t\u1ea3. \u0110\u1ed1i v\u1edbi b\u1ea5t k\u1ef3 kh\u00e1ch h\u00e0ng n\u00e0o mu\u1ed1n g\u1eedi \u0111\u01a1n h\u00e0ng c\u1ee7a m\u00ecnh \u0111\u1ebfn NGI Singapore, s\u1ebd c\u00f3 th\u1eddi gian ch\u1edd giao h\u00e0ng \u01b0\u1edbc t\u00ednh kho\u1ea3ng 4 tu\u1ea7n \u0111\u1ec3 nh\u1eadn \u0111\u01b0\u1ee3c \u0111\u01a1n h\u00e0ng c\u1ee7a b\u1ea1n. <strong>Y\u00eau c\u1ea7u b\u00e1o c\u00e1o v\u1ec1 NGI Gemstone c\u1ea7n \u0111\u01b0\u1ee3c th\u1ef1c hi\u1ec7n b\u1eb1ng c\u00e1ch nh\u1eafn tin \u0111\u1ebfn c\u1eeda h\u00e0ng TikTok Yi Pin Qian.<\/strong> C\u1ea3m \u01a1n, <strong><u>\u00e1p d\u1ee5ng th\u00eam ph\u00ed<\/u><\/strong>.<\/p>\n<p>\u00a0<\/p>\n<p><strong>Jadeite t\u1ef1 nhi\u00ean kh\u00f4ng ho\u00e0n h\u1ea3o, ch\u1ec9 l\u00e0 m\u1ed9t l\u1eddi nh\u1eafc nh\u1edf nh\u1eb9 nh\u00e0ng, Jadeite t\u1ef1 nhi\u00ean c\u1ee7a ch\u00fang t\u00f4i, gi\u1ed1ng nh\u01b0 t\u1ea5t c\u1ea3 nh\u1eefng th\u1ee9 \u0111\u1eb9p \u0111\u1ebd trong t\u1ef1 nhi\u00ean, c\u00f3 nh\u1eefng \u0111\u1eb7c \u0111i\u1ec3m v\u00e0 bi\u1ebfn th\u1ec3 \u0111\u1ed9c \u0111\u00e1o. Ch\u00fang t\u00f4i m\u1eddi nh\u1eefng kh\u00e1ch h\u00e0ng c\u00f3 gi\u00e1 tr\u1ecb c\u1ee7a m\u00ecnh \u0111\u00f3n nh\u1eadn nh\u1eefng bi\u1ebfn th\u1ec3 t\u1ef1 nhi\u00ean n\u00e0y. Ch\u00fac b\u1ea1n mua s\u1eafm vui v\u1ebb!<\/strong><\/p>\n<p>\u00a0<\/p>\n<p><strong><u>Kh\u00f4ng c\u00f3 h\u00ecnh \u1ea3nh v\u00e0 c\u1ea3nh quay video n\u00e0o \u0111\u01b0\u1ee3c l\u1ecdc. Ch\u00fang t\u00f4i khuy\u1ebfn kh\u00edch kh\u00e1ch h\u00e0ng c\u1ee7a m\u00ecnh c\u0169ng xem c\u00e1c video \u0111i k\u00e8m \u0111\u1ec3 c\u00f3 c\u00e1i nh\u00ecn to\u00e0n di\u1ec7n h\u01a1n v\u1ec1 s\u1ea3n ph\u1ea9m c\u1ee7a ch\u00fang t\u00f4i<\/u><\/strong><\/p>","protected":false},"excerpt":{"rendered":"<p>D\u00e2y chuy\u1ec1n m\u1eb7t d\u00e2y chuy\u1ec1n b\u1eb1ng ng\u1ecdc b\u00edch t\u1ef1 nhi\u00ean m\u00e0u h\u1ed3ng nh\u1ea1t hoa o\u1ea3i h\u01b0\u01a1ng lo\u1ea1i A qu\u00fd hi\u1ebfm n\u00e0y, l\u1ea5y c\u1ea3m h\u1ee9ng t\u1eeb bi\u1ec3u t\u01b0\u1ee3ng con v\u1eb9t c\u1ee7a ch\u1ee7 ngh\u0129a anh h\u00f9ng th\u00f4ng th\u00e1i v\u00e0 d\u0169ng c\u1ea3m, l\u00e0 ph\u1ee5 ki\u1ec7n trang s\u1ee9c ho\u00e0n h\u1ea3o \u0111\u1ec3 \u0111eo h\u00e0ng ng\u00e0y ho\u1eb7c s\u01b0u t\u1eadp. \u0110\u1ed9c nh\u1ea5t v\u00f4 nh\u1ecb: \u0110\u01b0\u1ee3c ch\u1ebf t\u00e1c t\u1eeb ng\u1ecdc b\u00edch t\u1ef1 nhi\u00ean lo\u1ea1i A v\u1edbi \u01b0u \u0111\u00e3i gi\u1eefa n\u0103m Ch\u1ee9ng ch\u1ec9: \u0110i k\u00e8m ch\u1ee9ng ch\u1ec9 x\u00e1c th\u1ef1c \u2013 S\u1ed1 ch\u1ee9ng ch\u1ec9: GD2202H006844 Tr\u1ecdng l\u01b0\u1ee3ng v\u00e0 k\u00edch th\u01b0\u1edbc: C\u00e2n n\u1eb7ng [\u2026]<\/p>","protected":false},"featured_media":7493,"comment_status":"open","ping_status":"closed","template":"","meta":[],"product_brand":[],"product_cat":[194],"product_tag":[],"class_list":{"0":"post-1731","1":"product","2":"type-product","3":"status-publish","4":"has-post-thumbnail","6":"product_cat-value-picks","8":"first","9":"instock","10":"sale","11":"shipping-taxable","12":"purchasable","13":"product-type-simple"},"_links":{"self":[{"href":"https:\/\/shop.yipinqian.com\/vi\/wp-json\/wp\/v2\/product\/1731","targetHints":{"allow":["GET"]}}],"collection":[{"href":"https:\/\/shop.yipinqian.com\/vi\/wp-json\/wp\/v2\/product"}],"about":[{"href":"https:\/\/shop.yipinqian.com\/vi\/wp-json\/wp\/v2\/types\/product"}],"replies":[{"embeddable":true,"href":"https:\/\/shop.yipinqian.com\/vi\/wp-json\/wp\/v2\/comments?post=1731"}],"version-history":[{"count":0,"href":"https:\/\/shop.yipinqian.com\/vi\/wp-json\/wp\/v2\/product\/1731\/revisions"}],"wp:featuredmedia":[{"embeddable":true,"href":"https:\/\/shop.yipinqian.com\/vi\/wp-json\/wp\/v2\/media\/7493"}],"wp:attachment":[{"href":"https:\/\/shop.yipinqian.com\/vi\/wp-json\/wp\/v2\/media?parent=1731"}],"wp:term":[{"taxonomy":"product_brand","embeddable":true,"href":"https:\/\/shop.yipinqian.com\/vi\/wp-json\/wp\/v2\/product_brand?post=1731"},{"taxonomy":"product_cat","embeddable":true,"href":"https:\/\/shop.yipinqian.com\/vi\/wp-json\/wp\/v2\/product_cat?post=1731"},{"taxonomy":"product_tag","embeddable":true,"href":"https:\/\/shop.yipinqian.com\/vi\/wp-json\/wp\/v2\/product_tag?post=1731"}],"curies":[{"name":"wp","href":"https:\/\/api.w.org\/{rel}","templated":true}]}}