{"id":1730,"date":"2024-10-24T23:21:54","date_gmt":"2024-10-24T15:21:54","guid":{"rendered":"https:\/\/shop.yipinqian.com\/product\/rare-old-yellow-with-red-natural-type-a-jadeite-pendant-crafted-with-guan-gong-come-with-ceritificate-weight-24-70-grams-49-7-32-8-mm-for-guan-gong-collectors-pendant118\/"},"modified":"2025-02-24T01:34:17","modified_gmt":"2025-02-23T17:34:17","slug":"rare-old-yellow-with-red-natural-type-a-jadeite-pendant-crafted-with-guan-gong-come-with-ceritificate-weight-24-70-grams-49-7-32-8-mm-for-guan-gong-collectors-pendant118","status":"publish","type":"product","link":"https:\/\/shop.yipinqian.com\/vi\/san-pham\/rare-old-yellow-with-red-natural-type-a-jadeite-pendant-crafted-with-guan-gong-come-with-ceritificate-weight-24-70-grams-49-7-32-8-mm-for-guan-gong-collectors-pendant118\/","title":{"rendered":"M\u1eb7t d\u00e2y chuy\u1ec1n ng\u1ecdc b\u00edch t\u1ef1 nhi\u00ean lo\u1ea1i A m\u00e0u v\u00e0ng c\u1ed5 hi\u1ebfm c\u00f3 v\u1edbi m\u00e0u \u0111\u1ecf \u0111\u01b0\u1ee3c ch\u1ebf t\u00e1c v\u1edbi Quan C\u00f4ng \u0111i k\u00e8m ch\u1ee9ng ch\u1ec9 tr\u1ecdng l\u01b0\u1ee3ng 24,70 gram, 49,7 * 32 * 8 mm d\u00e0nh cho ng\u01b0\u1eddi s\u01b0u t\u1eadp Quan C\u00f4ng (m\u1eb7t d\u00e2y chuy\u1ec1n118)"},"content":{"rendered":"<p>\u0110\u1ed1i v\u1edbi nh\u1eefng ng\u01b0\u1eddi s\u01b0u t\u1ea7m Quan C\u00f4ng, M\u1eb7t d\u00e2y chuy\u1ec1n Jadeite t\u1ef1 nhi\u00ean m\u00e0u v\u00e0ng \u0111\u1ecf lo\u1ea1i A hi\u1ebfm n\u00e0y l\u00e0 v\u1eadt kh\u00f4ng th\u1ec3 thi\u1ebfu. M\u1eb7t d\u00e2y chuy\u1ec1n \u0111\u01b0\u1ee3c ch\u1ea1m kh\u1eafc tinh x\u1ea3o v\u1edbi h\u00ecnh \u1ea3nh anh h\u00f9ng Quan C\u00f4ng v\u00e0 \u0111i k\u00e8m v\u1edbi gi\u1ea5y ch\u1ee9ng nh\u1eadn x\u00e1c th\u1ef1c.<\/p>\n<p>\u00a0<\/p>\n<p><strong>S\u1ed1 ch\u1ee9ng nh\u1eadn: GD2112H010351<\/strong><\/p>\n<p><img fetchpriority=\"high\" decoding=\"async\" height=\"1080\" src=\"https:\/\/shop.yipinqian.com\/wp-content\/uploads\/2024\/10\/f15b8858530eddf4ce47ddf75708447d.jpg?from=476444299\" width=\"1080\"><\/p>\n<ul>\n<li>\n<strong>V\u1eadt li\u1ec7u:<\/strong> M\u1eb7t d\u00e2y chuy\u1ec1n n\u00e0y \u0111\u01b0\u1ee3c l\u00e0m t\u1eeb \u0111\u00e1 Jadeite t\u1ef1 nhi\u00ean lo\u1ea1i A, gi\u00fap t\u0103ng th\u00eam gi\u00e1 tr\u1ecb v\u00e0 \u0111\u1ed9 hi\u1ebfm c\u1ee7a n\u00f3.<\/li>\n<li>\n<strong>Tr\u1ecdng l\u01b0\u1ee3ng v\u00e0 k\u00edch th\u01b0\u1edbc:<\/strong> V\u1edbi tr\u1ecdng l\u01b0\u1ee3ng 24,70 gram v\u00e0 k\u00edch th\u01b0\u1edbc 49,7 * 32 * 8 mm, m\u1eb7t d\u00e2y chuy\u1ec1n n\u00e0y c\u00f3 k\u00edch th\u01b0\u1edbc ho\u00e0n h\u1ea3o \u0111\u1ec3 \u0111eo h\u00e0ng ng\u00e0y ho\u1eb7c trong nh\u1eefng d\u1ecbp \u0111\u1eb7c bi\u1ec7t.<\/li>\n<li>\n<strong>Lo\u1ea1i ng\u1ecdc b\u00edch &amp; Ki\u1ec3u v\u00f2ng c\u1ed5:<\/strong>M\u00f3n \u0111\u1ed3 tuy\u1ec7t \u0111\u1eb9p n\u00e0y thu\u1ed9c danh m\u1ee5c D\u00e2y chuy\u1ec1n &amp; M\u1eb7t d\u00e2y chuy\u1ec1n Ng\u1ecdc b\u00edch v\u00e0 c\u00f3 phong c\u00e1ch thanh l\u1ecbch nh\u01b0ng gi\u1ea3n d\u1ecb, r\u1ea5t ph\u00f9 h\u1ee3p \u0111\u1ec3 \u0111eo h\u00e0ng ng\u00e0y ho\u1eb7c l\u00e0m m\u1ed9t ph\u1ea7n trong b\u1ed9 s\u01b0u t\u1eadp trang s\u1ee9c c\u1ee7a b\u1ea1n.<\/li>\n<\/ul>\n<p>M\u00e0u v\u00e0ng pha tr\u1ed9n v\u1edbi m\u00e0u \u0111\u1ecf tr\u00ean m\u00f3n \u0111\u1ed3 ng\u1ecdc b\u00edch n\u00e0y l\u00e0m t\u0103ng th\u00eam s\u1ef1 thanh l\u1ecbch cho b\u1ea5t k\u1ef3 trang ph\u1ee5c n\u00e0o k\u1ebft h\u1ee3p v\u1edbi n\u00f3. V\u1edbi ngu\u1ed3n g\u1ed1c t\u1eeb Myanmar, b\u1ea1n c\u00f3 th\u1ec3 ch\u1eafc ch\u1eafn r\u1eb1ng m\u00ecnh \u0111ang nh\u1eadn \u0111\u01b0\u1ee3c m\u1ed9t s\u1ea3n ph\u1ea9m ch\u00ednh h\u00e3ng t\u1eeb m\u1ed9t trong nh\u1eefng ngu\u1ed3n ng\u1ecdc b\u00edch t\u1ed1t nh\u1ea5t \u1edf Ch\u00e2u \u00c1.<\/p>\n<p>M\u1eb7t d\u00e2y chuy\u1ec1n v\u00e0ng c\u1ed5 hi\u1ebfm c\u00f3 n\u00e0y c\u0169ng l\u00e0 m\u1ed9t l\u1ef1a ch\u1ecdn qu\u00e0 t\u1eb7ng tuy\u1ec7t v\u1eddi - cho d\u00f9 l\u00e0 d\u00e0nh cho m\u1ed9t ng\u01b0\u1eddi \u0111\u1eb7c bi\u1ec7t y\u00eau th\u00edch \u0111\u1ed3 trang s\u1ee9c hay m\u1ed9t ng\u01b0\u1eddi s\u01b0u t\u1ea7m nh\u1eefng m\u00f3n \u0111\u1ed3 \u0111\u1ed9c \u0111\u00e1o t\u1eeb kh\u1eafp n\u01a1i tr\u00ean th\u1ebf gi\u1edbi - ch\u1eafc ch\u1eafn h\u1ecd s\u1ebd th\u00edch n\u00f3!<\/p>\n<p><strong>Ghi ch\u00fa: <\/strong><em>Lo\u1ea1i b\u1ea3o h\u00e0nh cho s\u1ea3n ph\u1ea9m n\u00e0y l\u00e0 Kh\u00f4ng theo c\u00e1c thu\u1ed9c t\u00ednh \u0111\u01b0\u1ee3c \u0111\u1ec1 c\u1eadp \u1edf tr\u00ean<\/em>.<\/p>\n<p>\u00a0<\/p>\n<p>Yi Pin Qian \u2013 Nh\u00e0 bu\u00f4n \u0111\u00e1 qu\u00fd v\u00e0 kim lo\u1ea1i qu\u00fd t\u1ea1i Singapore \u2013 S\u1ed1 gi\u1ea5y ph\u00e9p PS20190000031<\/p>\n<p>\u00a0<\/p>\n<p>*T\u1ea5t c\u1ea3 c\u00e1c lo\u1ea1i Jadeite \u0111\u01b0\u1ee3c mua t\u1eeb Yi Pin Qian t\u1ea1i Singapore, kh\u00e1ch h\u00e0ng c\u00f3 th\u1ec3 \u0111\u1eb7t l\u1ecbch \u0111\u00e1nh b\u00f3ng ho\u1eb7c s\u1eeda ch\u1eefa nh\u1ecf do x\u1eed l\u00fd sai c\u00e1ch \u2013 c\u00f3 t\u00ednh ph\u00ed v\u00e0 ch\u1ec9 d\u00e0nh cho kh\u00e1ch h\u00e0ng c\u1ee7a Yi Pin Qian t\u1ea1i Singapore*<\/p>\n<p>\u00a0<\/p>\n<p><strong>**C\u00e1c lo\u1ea1i ch\u1ee9ng ch\u1ec9**<\/strong><\/p>\n<p>\u00a0<\/p>\n<p><strong>NGI (C\u00f4ng ty \u0110\u00e1 qu\u00fd Nan Yang)<\/strong><\/p>\n<p>ho\u1eb7c <strong>Ch\u1ee9ng ch\u1ec9 n\u01b0\u1edbc ngo\u00e0i <\/strong>(Yi Pin Qian ch\u1ec9 s\u1eed d\u1ee5ng c\u00e1c ch\u1ee9ng ch\u1ec9 x\u00e1c th\u1ef1c t\u1eeb c\u00e1c ph\u00f2ng th\u00ed nghi\u1ec7m \u1edf n\u01b0\u1edbc ngo\u00e0i v\u00e0 ki\u1ec3m so\u00e1t ch\u1ea5t l\u01b0\u1ee3ng m\u1ecdi s\u1ea3n ph\u1ea9m c\u1ee7a ch\u00fang t\u00f4i tr\u01b0\u1edbc khi \u0111\u01b0a ch\u00fang ra b\u00e1n t\u1ea1i Singapore)<\/p>\n<p>\u00a0<\/p>\n<p>M\u1ed7i s\u1ea3n ph\u1ea9m tr\u00ean TikTok s\u1ebd c\u00f3 lo\u1ea1i ch\u1ee9ng ch\u1ec9 \u0111\u01b0\u1ee3c cung c\u1ea5p \u0111\u01b0\u1ee3c n\u00eau trong ph\u1ea7n m\u00f4 t\u1ea3. \u0110\u1ed1i v\u1edbi b\u1ea5t k\u1ef3 kh\u00e1ch h\u00e0ng n\u00e0o mu\u1ed1n g\u1eedi \u0111\u01a1n h\u00e0ng c\u1ee7a m\u00ecnh \u0111\u1ebfn NGI Singapore, s\u1ebd c\u00f3 th\u1eddi gian ch\u1edd giao h\u00e0ng \u01b0\u1edbc t\u00ednh kho\u1ea3ng 4 tu\u1ea7n \u0111\u1ec3 nh\u1eadn \u0111\u01b0\u1ee3c \u0111\u01a1n h\u00e0ng c\u1ee7a b\u1ea1n. <strong>Y\u00eau c\u1ea7u b\u00e1o c\u00e1o v\u1ec1 NGI Gemstone c\u1ea7n \u0111\u01b0\u1ee3c th\u1ef1c hi\u1ec7n b\u1eb1ng c\u00e1ch nh\u1eafn tin \u0111\u1ebfn c\u1eeda h\u00e0ng TikTok Yi Pin Qian.<\/strong> C\u1ea3m \u01a1n, <strong><u>\u00e1p d\u1ee5ng th\u00eam ph\u00ed<\/u><\/strong>.<\/p>","protected":false},"excerpt":{"rendered":"<p>\u0110\u1ed1i v\u1edbi nh\u1eefng ng\u01b0\u1eddi s\u01b0u t\u1ea7m Quan C\u00f4ng, M\u1eb7t d\u00e2y chuy\u1ec1n Ng\u1ecdc b\u00edch lo\u1ea1i A m\u00e0u v\u00e0ng \u0111\u1ecf t\u1ef1 nhi\u00ean hi\u1ebfm n\u00e0y l\u00e0 v\u1eadt ph\u1ea9m kh\u00f4ng th\u1ec3 thi\u1ebfu. M\u1eb7t d\u00e2y chuy\u1ec1n \u0111\u01b0\u1ee3c ch\u1ea1m kh\u1eafc tinh x\u1ea3o v\u1edbi h\u00ecnh \u1ea3nh anh h\u00f9ng Quan C\u00f4ng v\u00e0 \u0111i k\u00e8m v\u1edbi gi\u1ea5y ch\u1ee9ng nh\u1eadn x\u00e1c th\u1ef1c. S\u1ed1 ch\u1ee9ng nh\u1eadn: GD2112H010351 Ch\u1ea5t li\u1ec7u: M\u1eb7t d\u00e2y chuy\u1ec1n n\u00e0y \u0111\u01b0\u1ee3c l\u00e0m b\u1eb1ng Ng\u1ecdc b\u00edch lo\u1ea1i A t\u1ef1 nhi\u00ean, gi\u00fap t\u0103ng th\u00eam gi\u00e1 tr\u1ecb c\u1ee7a n\u00f3 [\u2026]<\/p>","protected":false},"featured_media":7483,"comment_status":"open","ping_status":"closed","template":"","meta":[],"product_brand":[],"product_cat":[196],"product_tag":[],"class_list":{"0":"post-1730","1":"product","2":"type-product","3":"status-publish","4":"has-post-thumbnail","6":"product_cat-vault-collection","8":"first","9":"instock","10":"sale","11":"shipping-taxable","12":"purchasable","13":"product-type-simple"},"_links":{"self":[{"href":"https:\/\/shop.yipinqian.com\/vi\/wp-json\/wp\/v2\/product\/1730","targetHints":{"allow":["GET"]}}],"collection":[{"href":"https:\/\/shop.yipinqian.com\/vi\/wp-json\/wp\/v2\/product"}],"about":[{"href":"https:\/\/shop.yipinqian.com\/vi\/wp-json\/wp\/v2\/types\/product"}],"replies":[{"embeddable":true,"href":"https:\/\/shop.yipinqian.com\/vi\/wp-json\/wp\/v2\/comments?post=1730"}],"version-history":[{"count":0,"href":"https:\/\/shop.yipinqian.com\/vi\/wp-json\/wp\/v2\/product\/1730\/revisions"}],"wp:featuredmedia":[{"embeddable":true,"href":"https:\/\/shop.yipinqian.com\/vi\/wp-json\/wp\/v2\/media\/7483"}],"wp:attachment":[{"href":"https:\/\/shop.yipinqian.com\/vi\/wp-json\/wp\/v2\/media?parent=1730"}],"wp:term":[{"taxonomy":"product_brand","embeddable":true,"href":"https:\/\/shop.yipinqian.com\/vi\/wp-json\/wp\/v2\/product_brand?post=1730"},{"taxonomy":"product_cat","embeddable":true,"href":"https:\/\/shop.yipinqian.com\/vi\/wp-json\/wp\/v2\/product_cat?post=1730"},{"taxonomy":"product_tag","embeddable":true,"href":"https:\/\/shop.yipinqian.com\/vi\/wp-json\/wp\/v2\/product_tag?post=1730"}],"curies":[{"name":"wp","href":"https:\/\/api.w.org\/{rel}","templated":true}]}}