{"id":1728,"date":"2024-10-24T23:21:52","date_gmt":"2024-10-24T15:21:52","guid":{"rendered":"https:\/\/shop.yipinqian.com\/product\/rare-old-yellow-natural-type-a-jadeite-pendant-with-certificate-carved-as-buddha-seating-on-lotus-weight-26-99-grams-38-20-34-20-8-80-mm-suitable-for-daily-wear-pendant122\/"},"modified":"2025-02-17T00:04:14","modified_gmt":"2025-02-16T16:04:14","slug":"rare-old-yellow-natural-type-a-jadeite-pendant-with-certificate-carved-as-buddha-seating-on-lotus-weight-26-99-grams-38-20-34-20-8-80-mm-suitable-for-daily-wear-pendant122","status":"publish","type":"product","link":"https:\/\/shop.yipinqian.com\/vi\/san-pham\/rare-old-yellow-natural-type-a-jadeite-pendant-with-certificate-carved-as-buddha-seating-on-lotus-weight-26-99-grams-38-20-34-20-8-80-mm-suitable-for-daily-wear-pendant122\/","title":{"rendered":"M\u1eb7t d\u00e2y chuy\u1ec1n ng\u1ecdc b\u00edch lo\u1ea1i A t\u1ef1 nhi\u00ean m\u00e0u v\u00e0ng c\u1ed5 hi\u1ebfm c\u00f3 k\u00e8m gi\u1ea5y ch\u1ee9ng nh\u1eadn kh\u1eafc h\u00ecnh \u0111\u1ee9c Ph\u1eadt ng\u1ed3i tr\u00ean hoa sen, tr\u1ecdng l\u01b0\u1ee3ng 26,99 gram, k\u00edch th\u01b0\u1edbc 38,20 * 34,20 * 8,80 mm, th\u00edch h\u1ee3p \u0111eo h\u00e0ng ng\u00e0y (pendant122)"},"content":{"rendered":"<p>M\u1eb7t d\u00e2y chuy\u1ec1n ng\u1ecdc b\u00edch t\u1ef1 nhi\u00ean lo\u1ea1i A m\u00e0u v\u00e0ng c\u1ed5 hi\u1ebfm n\u00e0y l\u00e0 m\u1ed9t ki\u1ec7t t\u00e1c th\u1ef1c s\u1ef1 c\u00f3 th\u1ec3 t\u0103ng th\u00eam s\u1ef1 thanh l\u1ecbch v\u00e0 quy\u1ebfn r\u0169 cho b\u1ea5t k\u1ef3 trang ph\u1ee5c n\u00e0o. V\u1edbi tr\u1ecdng l\u01b0\u1ee3ng 26,99 gram, k\u00edch th\u01b0\u1edbc 38,20 * 34,20 * 8,80 mm v\u00e0 \u0111\u01b0\u1ee3c ch\u1ea1m kh\u1eafc h\u00ecnh ph\u1eadt ng\u1ed3i tr\u00ean hoa sen, m\u1eb7t d\u00e2y chuy\u1ec1n n\u00e0y ph\u00f9 h\u1ee3p \u0111\u1ec3 \u0111eo h\u00e0ng ng\u00e0y.<\/p>\n<ul>\n<li>\n<strong>T\u00ednh x\u00e1c th\u1ef1c:<\/strong> M\u1eb7t d\u00e2y chuy\u1ec1n ng\u1ecdc b\u00edch tuy\u1ec7t \u0111\u1eb9p n\u00e0y c\u00f3 k\u00e8m theo gi\u1ea5y ch\u1ee9ng nh\u1eadn x\u00e1c th\u1ef1c.<\/li>\n<li>\n<strong>Lo\u1ea1i ng\u1ecdc b\u00edch:<\/strong> \u0110\u01b0\u1ee3c l\u00e0m t\u1eeb \u0111\u00e1 Jadeite ch\u1ea5t l\u01b0\u1ee3ng t\u1ed1t nh\u1ea5t, m\u1eb7t d\u00e2y chuy\u1ec1n n\u00e0y c\u00f3 \u0111\u1ed9 b\u1ec1n v\u00e0 \u0111\u1ed9 s\u00e1ng b\u00f3ng tuy\u1ec7t v\u1eddi.<\/li>\n<li>\n<strong>Nh\u00e2n d\u1ecbp:<\/strong> Ho\u00e0n h\u1ea3o \u0111\u1ec3 m\u1eb7c h\u00e0ng ng\u00e0y ho\u1eb7c b\u1ea5t k\u1ef3 d\u1ecbp \u0111\u1eb7c bi\u1ec7t n\u00e0o khi b\u1ea1n mu\u1ed1n n\u1ed5i b\u1eadt gi\u1eefa \u0111\u00e1m \u0111\u00f4ng.<\/li>\n<\/ul>\n<p><strong>S\u1ed1 ch\u1ee9ng nh\u1eadn: GFR02220901635<\/strong><\/p>\n<p><img fetchpriority=\"high\" decoding=\"async\" height=\"1080\" src=\"https:\/\/shop.yipinqian.com\/wp-content\/uploads\/2024\/10\/c42157fc9218020e8b2de8b18cdf1200.jpg?from=476444299\" width=\"1080\"><\/p>\n<p>Chi\u1ebfc v\u00f2ng c\u1ed5 phong c\u00e1ch gi\u1ea3n d\u1ecb d\u00e0nh cho c\u1ea3 nam v\u00e0 n\u1eef n\u00e0y l\u00e0 s\u1ef1 b\u1ed5 sung ho\u00e0n h\u1ea3o cho b\u1ea5t k\u1ef3 b\u1ed9 s\u01b0u t\u1eadp trang s\u1ee9c n\u00e0o, c\u00f3 th\u1ec3 d\u1ec5 d\u00e0ng k\u1ebft h\u1ee3p v\u1edbi trang ph\u1ee5c c\u00f3 nhi\u1ec1u m\u00e0u s\u1eafc ho\u1eb7c phong c\u00e1ch kh\u00e1c nhau, r\u1ea5t ph\u00f9 h\u1ee3p \u0111\u1ec3 s\u1eed d\u1ee5ng h\u00e0ng ng\u00e0y.<\/p>\n<ul>\n<li>\n<strong>S\u1ea3n xu\u1ea5t t\u1ea1i Myanmar: <\/strong>M\u1ea3nh trang nh\u00e3 n\u00e0y \u0111\u1ebfn t\u1eeb Myanmar, n\u01a1i \u0111\u01b0\u1ee3c bi\u1ebft \u0111\u1ebfn tr\u00ean to\u00e0n th\u1ebf gi\u1edbi l\u00e0 m\u1ed9t trong nh\u1eefng ngu\u1ed3n cung c\u1ea5p \u0111\u00e1 qu\u00fd Ng\u1ecdc b\u00edch ch\u1ea5t l\u01b0\u1ee3ng cao t\u1ed1t nh\u1ea5t t\u1eeb th\u1eddi c\u1ed5 \u0111\u1ea1i<\/li>\n<li>.<\/li>\n<li>S\u1ea3n ph\u1ea9m n\u00e0y kh\u00f4ng c\u00f3 ch\u1ebf \u0111\u1ed9 b\u1ea3o h\u00e0nh nh\u01b0ng b\u1ea1n c\u00f3 th\u1ec3 y\u00ean t\u00e2m r\u1eb1ng s\u1ea3n ph\u1ea9m \u0111\u01b0\u1ee3c l\u00e0m t\u1eeb v\u1eadt li\u1ec7u ch\u1ea5t l\u01b0\u1ee3ng cao, \u0111\u1ea3m b\u1ea3o \u0111\u1ed9 b\u1ec1n theo th\u1eddi gian.<\/li>\n<\/ul>","protected":false},"excerpt":{"rendered":"<p>M\u1eb7t d\u00e2y chuy\u1ec1n ng\u1ecdc b\u00edch lo\u1ea1i A t\u1ef1 nhi\u00ean m\u00e0u v\u00e0ng c\u1ed5 hi\u1ebfm n\u00e0y l\u00e0 m\u1ed9t ki\u1ec7t t\u00e1c th\u1ef1c s\u1ef1 c\u00f3 th\u1ec3 t\u0103ng th\u00eam s\u1ef1 thanh l\u1ecbch v\u00e0 quy\u1ebfn r\u0169 cho b\u1ea5t k\u1ef3 trang ph\u1ee5c n\u00e0o. V\u1edbi tr\u1ecdng l\u01b0\u1ee3ng 26,99 gram, k\u00edch th\u01b0\u1edbc 38,20 * 34,20 * 8,80 mm v\u00e0 \u0111\u01b0\u1ee3c ch\u1ea1m kh\u1eafc h\u00ecnh ph\u1eadt ng\u1ed3i tr\u00ean hoa sen, m\u1eb7t d\u00e2y chuy\u1ec1n n\u00e0y ph\u00f9 h\u1ee3p \u0111\u1ec3 \u0111eo h\u00e0ng ng\u00e0y. T\u00ednh x\u00e1c th\u1ef1c: M\u1eb7t d\u00e2y chuy\u1ec1n ng\u1ecdc b\u00edch tuy\u1ec7t \u0111\u1eb9p n\u00e0y c\u00f3 [\u2026]<\/p>","protected":false},"featured_media":7473,"comment_status":"open","ping_status":"closed","template":"","meta":[],"product_brand":[],"product_cat":[48],"product_tag":[],"class_list":{"0":"post-1728","1":"product","2":"type-product","3":"status-publish","4":"has-post-thumbnail","6":"product_cat-pendants","8":"first","9":"instock","10":"sale","11":"shipping-taxable","12":"purchasable","13":"product-type-simple"},"_links":{"self":[{"href":"https:\/\/shop.yipinqian.com\/vi\/wp-json\/wp\/v2\/product\/1728","targetHints":{"allow":["GET"]}}],"collection":[{"href":"https:\/\/shop.yipinqian.com\/vi\/wp-json\/wp\/v2\/product"}],"about":[{"href":"https:\/\/shop.yipinqian.com\/vi\/wp-json\/wp\/v2\/types\/product"}],"replies":[{"embeddable":true,"href":"https:\/\/shop.yipinqian.com\/vi\/wp-json\/wp\/v2\/comments?post=1728"}],"version-history":[{"count":0,"href":"https:\/\/shop.yipinqian.com\/vi\/wp-json\/wp\/v2\/product\/1728\/revisions"}],"wp:featuredmedia":[{"embeddable":true,"href":"https:\/\/shop.yipinqian.com\/vi\/wp-json\/wp\/v2\/media\/7473"}],"wp:attachment":[{"href":"https:\/\/shop.yipinqian.com\/vi\/wp-json\/wp\/v2\/media?parent=1728"}],"wp:term":[{"taxonomy":"product_brand","embeddable":true,"href":"https:\/\/shop.yipinqian.com\/vi\/wp-json\/wp\/v2\/product_brand?post=1728"},{"taxonomy":"product_cat","embeddable":true,"href":"https:\/\/shop.yipinqian.com\/vi\/wp-json\/wp\/v2\/product_cat?post=1728"},{"taxonomy":"product_tag","embeddable":true,"href":"https:\/\/shop.yipinqian.com\/vi\/wp-json\/wp\/v2\/product_tag?post=1728"}],"curies":[{"name":"wp","href":"https:\/\/api.w.org\/{rel}","templated":true}]}}