{"id":1727,"date":"2024-10-24T23:21:52","date_gmt":"2024-10-24T15:21:52","guid":{"rendered":"https:\/\/shop.yipinqian.com\/product\/rare-old-school-natural-type-a-jadeite-jade-pendant-necklace-crafted-with-guanyin-with-certificate-weigh-38-62-grams-60-8-35-8-8-5-mm-pendant166\/"},"modified":"2025-02-17T00:04:14","modified_gmt":"2025-02-16T16:04:14","slug":"rare-old-school-natural-type-a-jadeite-jade-pendant-necklace-crafted-with-guanyin-with-certificate-weigh-38-62-grams-60-8-35-8-8-5-mm-pendant166","status":"publish","type":"product","link":"https:\/\/shop.yipinqian.com\/vi\/san-pham\/rare-old-school-natural-type-a-jadeite-jade-pendant-necklace-crafted-with-guanyin-with-certificate-weigh-38-62-grams-60-8-35-8-8-5-mm-pendant166\/","title":{"rendered":"D\u00e2y chuy\u1ec1n m\u1eb7t d\u00e2y chuy\u1ec1n b\u1eb1ng ng\u1ecdc b\u00edch t\u1ef1 nhi\u00ean lo\u1ea1i A hi\u1ebfm c\u00f3 c\u1ee7a Old School \u0111\u01b0\u1ee3c ch\u1ebf t\u00e1c v\u1edbi t\u01b0\u1ee3ng Quan \u00c2m c\u00f3 gi\u1ea5y ch\u1ee9ng nh\u1eadn n\u1eb7ng 38,62 gram, 60,8 * 35,8 * 8,5 mm (m\u1eb7t d\u00e2y chuy\u1ec1n166)"},"content":{"rendered":"<p>M\u1eb7t d\u00e2y chuy\u1ec1n ng\u1ecdc b\u00edch t\u1ef1 nhi\u00ean lo\u1ea1i A hi\u1ebfm c\u00f3 n\u00e0y v\u1edbi thi\u1ebft k\u1ebf ch\u1ebf t\u00e1c h\u00ecnh t\u01b0\u1ee3ng Quan \u00c2m th\u1ef1c s\u1ef1 \u0111\u1eb9p. S\u1ea3n ph\u1ea9m \u0111i k\u00e8m v\u1edbi gi\u1ea5y ch\u1ee9ng nh\u1eadn x\u00e1c th\u1ef1c v\u00e0 n\u1eb7ng 38,62 gram, v\u1edbi k\u00edch th\u01b0\u1edbc <strong>60,8 * 35,8 * 8,5mm<\/strong> (m\u1eb7t d\u00e2y chuy\u1ec1n166).<\/p>\n<p>\u00a0<\/p>\n<p><strong>S\u1ed1 ch\u1ee9ng ch\u1ec9: 920460002682<\/strong><\/p>\n<ul>\n<li>\n<strong>Lo\u1ea1i ng\u1ecdc b\u00edch:<\/strong> Ng\u1ecdc b\u00edch<\/li>\n<li>\n<strong>Ki\u1ec3u v\u00f2ng c\u1ed5:<\/strong> B\u00ecnh th\u01b0\u1eddng<\/li>\n<li>\n<strong>Gi\u1ea5y ch\u1ee9ng nh\u1eadn:<\/strong> \u0110\u00fang<\/li>\n<li>\n<strong>N\u01b0\u1edbc xu\u1ea5t x\u1ee9:<\/strong> Mi\u1ebfn \u0110i\u1ec7n<\/li>\n<li>\n<strong>Nh\u00e2n d\u1ecbp: <\/strong>M\u1eb7c h\u00e0ng ng\u00e0y<\/li>\n<\/ul>\n<p>\u00a0<\/p>\n<ul>\n<li>M\u1eb7t d\u00e2y chuy\u1ec1n \u0111\u01b0\u1ee3c ch\u1ebf t\u00e1c c\u1ea9n th\u1eadn t\u1eeb ng\u1ecdc b\u00edch t\u1ef1 nhi\u00ean lo\u1ea1i A, khi\u1ebfn n\u00f3 tr\u1edf th\u00e0nh m\u1ed9t m\u00f3n \u0111\u1ed3 tinh t\u1ebf m\u00e0 m\u1ecdi ng\u01b0\u1eddi n\u00ean c\u00f3 trong b\u1ed9 s\u01b0u t\u1eadp trang s\u1ee9c c\u1ee7a m\u00ecnh. T\u00ednh th\u1ea9m m\u1ef9 v\u00e0 \u00fd ngh\u0129a t\u01b0\u1ee3ng tr\u01b0ng M\u1eb7t d\u00e2y chuy\u1ec1n c\u00f3 c\u00e1c chi ti\u1ebft ph\u1ee9c t\u1ea1p l\u00e0m n\u1ed5i b\u1eadt v\u1ebb \u0111\u1eb9p c\u1ee7a thi\u1ebft k\u1ebf Quan \u00c2m, khi\u1ebfn n\u00f3 tr\u1edf n\u00ean ho\u00e0n h\u1ea3o cho c\u00e1c s\u1ef1 ki\u1ec7n b\u00ecnh th\u01b0\u1eddng ho\u1eb7c \u0111eo h\u00e0ng ng\u00e0y.<\/li>\n<\/ul>\n<p>\u00a0<\/p>\n<ul>\n<li>Trong v\u0103n h\u00f3a Trung Hoa, ng\u1ecdc b\u00edch t\u01b0\u1ee3ng tr\u01b0ng cho s\u1ef1 tinh khi\u1ebft v\u00e0 may m\u1eafn trong khi Qu\u00e1n Th\u1ebf \u00c2m \u0111\u01b0\u1ee3c coi l\u00e0 n\u1eef th\u1ea7n c\u1ee7a l\u00f2ng t\u1eeb bi \u2013 khi\u1ebfn cho m\u1eb7t d\u00e2y chuy\u1ec1n n\u00e0y v\u1eeba \u0111\u1eb9p khi \u0111eo v\u1eeba mang t\u00ednh bi\u1ec3u t\u01b0\u1ee3ng \u0111\u1ec3 s\u1edf h\u1eefu.<\/li>\n<\/ul>\n<p>\u00a0<\/p>\n<ul>\n<li>H\u00e3y t\u1ea1m bi\u1ec7t nh\u1eefng m\u1eb7t d\u00e2y chuy\u1ec1n th\u00f4ng th\u01b0\u1eddng b\u1eb1ng c\u00e1ch s\u1edf h\u1eefu M\u1eb7t d\u00e2y chuy\u1ec1n b\u1eb1ng \u0111\u00e1 Jadeite t\u1ef1 nhi\u00ean lo\u1ea1i A c\u1ed5 \u0111i\u1ec3n hi\u1ebfm c\u00f3 n\u00e0y cho ch\u00ednh b\u1ea1n ho\u1eb7c t\u1eb7ng cho nh\u1eefng ng\u01b0\u1eddi th\u00e2n y\u00eau c\u1ee7a b\u1ea1n!<\/li>\n<\/ul>\n<p>Yi Pin Qian \u2013 Nh\u00e0 bu\u00f4n \u0111\u00e1 qu\u00fd v\u00e0 kim lo\u1ea1i qu\u00fd t\u1ea1i Singapore \u2013 S\u1ed1 gi\u1ea5y ph\u00e9p PS20190000031<\/p>\n<p>\u00a0<\/p>\n<p>*T\u1ea5t c\u1ea3 c\u00e1c lo\u1ea1i Jadeite \u0111\u01b0\u1ee3c mua t\u1eeb Yi Pin Qian t\u1ea1i Singapore, kh\u00e1ch h\u00e0ng c\u00f3 th\u1ec3 \u0111\u1eb7t l\u1ecbch \u0111\u00e1nh b\u00f3ng ho\u1eb7c s\u1eeda ch\u1eefa nh\u1ecf do x\u1eed l\u00fd sai c\u00e1ch \u2013 c\u00f3 t\u00ednh ph\u00ed v\u00e0 ch\u1ec9 d\u00e0nh cho kh\u00e1ch h\u00e0ng c\u1ee7a Yi Pin Qian t\u1ea1i Singapore*<\/p>\n<p>\u00a0<\/p>\n<p><strong>**C\u00e1c lo\u1ea1i ch\u1ee9ng ch\u1ec9**<\/strong><\/p>\n<p>\u00a0<\/p>\n<p><strong>NGI (C\u00f4ng ty \u0110\u00e1 qu\u00fd Nan Yang)<\/strong><\/p>\n<p>ho\u1eb7c <strong>Ch\u1ee9ng ch\u1ec9 n\u01b0\u1edbc ngo\u00e0i <\/strong>(Yi Pin Qian ch\u1ec9 s\u1eed d\u1ee5ng c\u00e1c ch\u1ee9ng ch\u1ec9 x\u00e1c th\u1ef1c t\u1eeb c\u00e1c ph\u00f2ng th\u00ed nghi\u1ec7m \u1edf n\u01b0\u1edbc ngo\u00e0i v\u00e0 ki\u1ec3m so\u00e1t ch\u1ea5t l\u01b0\u1ee3ng m\u1ecdi s\u1ea3n ph\u1ea9m c\u1ee7a ch\u00fang t\u00f4i tr\u01b0\u1edbc khi \u0111\u01b0a ch\u00fang ra b\u00e1n t\u1ea1i Singapore)<\/p>\n<p>\u00a0<\/p>\n<p>M\u1ed7i s\u1ea3n ph\u1ea9m tr\u00ean TikTok s\u1ebd c\u00f3 lo\u1ea1i ch\u1ee9ng ch\u1ec9 \u0111\u01b0\u1ee3c cung c\u1ea5p \u0111\u01b0\u1ee3c n\u00eau trong ph\u1ea7n m\u00f4 t\u1ea3. \u0110\u1ed1i v\u1edbi b\u1ea5t k\u1ef3 kh\u00e1ch h\u00e0ng n\u00e0o mu\u1ed1n g\u1eedi \u0111\u01a1n h\u00e0ng c\u1ee7a m\u00ecnh \u0111\u1ebfn NGI Singapore, s\u1ebd c\u00f3 th\u1eddi gian ch\u1edd giao h\u00e0ng \u01b0\u1edbc t\u00ednh kho\u1ea3ng 4 tu\u1ea7n \u0111\u1ec3 nh\u1eadn \u0111\u01b0\u1ee3c \u0111\u01a1n h\u00e0ng c\u1ee7a b\u1ea1n. <strong>Y\u00eau c\u1ea7u b\u00e1o c\u00e1o v\u1ec1 NGI Gemstone c\u1ea7n \u0111\u01b0\u1ee3c th\u1ef1c hi\u1ec7n b\u1eb1ng c\u00e1ch nh\u1eafn tin \u0111\u1ebfn c\u1eeda h\u00e0ng TikTok Yi Pin Qian.<\/strong> C\u1ea3m \u01a1n, <strong><u>\u00e1p d\u1ee5ng th\u00eam ph\u00ed<\/u><\/strong>.<\/p>\n<p>\u00a0<\/p>\n<p><strong>Jadeite t\u1ef1 nhi\u00ean kh\u00f4ng ho\u00e0n h\u1ea3o, ch\u1ec9 l\u00e0 m\u1ed9t l\u1eddi nh\u1eafc nh\u1edf nh\u1eb9 nh\u00e0ng, Jadeite t\u1ef1 nhi\u00ean c\u1ee7a ch\u00fang t\u00f4i, gi\u1ed1ng nh\u01b0 t\u1ea5t c\u1ea3 nh\u1eefng th\u1ee9 \u0111\u1eb9p \u0111\u1ebd trong t\u1ef1 nhi\u00ean, c\u00f3 nh\u1eefng \u0111\u1eb7c \u0111i\u1ec3m v\u00e0 bi\u1ebfn th\u1ec3 \u0111\u1ed9c \u0111\u00e1o. Ch\u00fang t\u00f4i m\u1eddi nh\u1eefng kh\u00e1ch h\u00e0ng c\u00f3 gi\u00e1 tr\u1ecb c\u1ee7a m\u00ecnh \u0111\u00f3n nh\u1eadn nh\u1eefng bi\u1ebfn th\u1ec3 t\u1ef1 nhi\u00ean n\u00e0y. Ch\u00fac b\u1ea1n mua s\u1eafm vui v\u1ebb!<\/strong><\/p>\n<p>\u00a0<\/p>\n<p><strong><u>Kh\u00f4ng c\u00f3 h\u00ecnh \u1ea3nh v\u00e0 c\u1ea3nh quay video n\u00e0o \u0111\u01b0\u1ee3c l\u1ecdc. Ch\u00fang t\u00f4i khuy\u1ebfn kh\u00edch kh\u00e1ch h\u00e0ng c\u1ee7a m\u00ecnh c\u0169ng xem c\u00e1c video \u0111i k\u00e8m \u0111\u1ec3 c\u00f3 c\u00e1i nh\u00ecn to\u00e0n di\u1ec7n h\u01a1n v\u1ec1 s\u1ea3n ph\u1ea9m c\u1ee7a ch\u00fang t\u00f4i<\/u><\/strong><\/p>\n<p>\u00a0<\/p>\n<p>.<\/p>","protected":false},"excerpt":{"rendered":"<p>D\u00e2y chuy\u1ec1n m\u1eb7t d\u00e2y chuy\u1ec1n b\u1eb1ng ng\u1ecdc b\u00edch t\u1ef1 nhi\u00ean lo\u1ea1i A hi\u1ebfm c\u00f3 n\u00e0y v\u1edbi thi\u1ebft k\u1ebf ch\u1ebf t\u00e1c theo h\u00ecnh t\u01b0\u1ee3ng Quan \u00c2m th\u1ef1c s\u1ef1 \u0111\u1eb9p. S\u1ea3n ph\u1ea9m \u0111i k\u00e8m v\u1edbi gi\u1ea5y ch\u1ee9ng nh\u1eadn x\u00e1c th\u1ef1c v\u00e0 n\u1eb7ng 38,62 gram, k\u00edch th\u01b0\u1edbc 60,8 * 35,8 * 8,5 mm (m\u1eb7t d\u00e2y chuy\u1ec1n 166). S\u1ed1 gi\u1ea5y ch\u1ee9ng nh\u1eadn: 920460002682 Lo\u1ea1i ng\u1ecdc b\u00edch: D\u00e2y chuy\u1ec1n ng\u1ecdc b\u00edch Ki\u1ec3u d\u00e1ng: Th\u01b0\u1eddng ng\u00e0y Gi\u1ea5y ch\u1ee9ng nh\u1eadn: C\u00f3 Qu\u1ed1c gia [\u2026]<\/p>","protected":false},"featured_media":7463,"comment_status":"open","ping_status":"closed","template":"","meta":[],"product_brand":[],"product_cat":[48],"product_tag":[],"class_list":{"0":"post-1727","1":"product","2":"type-product","3":"status-publish","4":"has-post-thumbnail","6":"product_cat-pendants","8":"first","9":"instock","10":"sale","11":"shipping-taxable","12":"purchasable","13":"product-type-simple"},"_links":{"self":[{"href":"https:\/\/shop.yipinqian.com\/vi\/wp-json\/wp\/v2\/product\/1727","targetHints":{"allow":["GET"]}}],"collection":[{"href":"https:\/\/shop.yipinqian.com\/vi\/wp-json\/wp\/v2\/product"}],"about":[{"href":"https:\/\/shop.yipinqian.com\/vi\/wp-json\/wp\/v2\/types\/product"}],"replies":[{"embeddable":true,"href":"https:\/\/shop.yipinqian.com\/vi\/wp-json\/wp\/v2\/comments?post=1727"}],"version-history":[{"count":0,"href":"https:\/\/shop.yipinqian.com\/vi\/wp-json\/wp\/v2\/product\/1727\/revisions"}],"wp:featuredmedia":[{"embeddable":true,"href":"https:\/\/shop.yipinqian.com\/vi\/wp-json\/wp\/v2\/media\/7463"}],"wp:attachment":[{"href":"https:\/\/shop.yipinqian.com\/vi\/wp-json\/wp\/v2\/media?parent=1727"}],"wp:term":[{"taxonomy":"product_brand","embeddable":true,"href":"https:\/\/shop.yipinqian.com\/vi\/wp-json\/wp\/v2\/product_brand?post=1727"},{"taxonomy":"product_cat","embeddable":true,"href":"https:\/\/shop.yipinqian.com\/vi\/wp-json\/wp\/v2\/product_cat?post=1727"},{"taxonomy":"product_tag","embeddable":true,"href":"https:\/\/shop.yipinqian.com\/vi\/wp-json\/wp\/v2\/product_tag?post=1727"}],"curies":[{"name":"wp","href":"https:\/\/api.w.org\/{rel}","templated":true}]}}