{"id":1720,"date":"2024-10-24T23:21:48","date_gmt":"2024-10-24T15:21:48","guid":{"rendered":"https:\/\/shop.yipinqian.com\/product\/rare-imperial-light-lavender-patches-natural-type-a-jadeite-jade-pendant-necklace-crafted-as-peach-with-certificate-weigh-13-52-grams-34-22-8-11-3-mm-pendant171\/"},"modified":"2025-02-24T00:49:52","modified_gmt":"2025-02-23T16:49:52","slug":"rare-imperial-light-lavender-patches-natural-type-a-jadeite-jade-pendant-necklace-crafted-as-peach-with-certificate-weigh-13-52-grams-34-22-8-11-3-mm-pendant171","status":"publish","type":"product","link":"https:\/\/shop.yipinqian.com\/vi\/san-pham\/rare-imperial-light-lavender-patches-natural-type-a-jadeite-jade-pendant-necklace-crafted-as-peach-with-certificate-weigh-13-52-grams-34-22-8-11-3-mm-pendant171\/","title":{"rendered":"D\u00e2y chuy\u1ec1n m\u1eb7t d\u00e2y chuy\u1ec1n b\u1eb1ng ng\u1ecdc b\u00edch Imperial Light Lavender Patches t\u1ef1 nhi\u00ean lo\u1ea1i A hi\u1ebfm \u0111\u01b0\u1ee3c ch\u1ebf t\u00e1c nh\u01b0 qu\u1ea3 \u0111\u00e0o k\u00e8m gi\u1ea5y ch\u1ee9ng nh\u1eadn n\u1eb7ng 13,52 gram, 34 * 22,8 * 11,3 mm (m\u1eb7t d\u00e2y chuy\u1ec1n171)"},"content":{"rendered":"<p>N\u00e2ng t\u1ea7m b\u1ed9 s\u01b0u t\u1eadp trang s\u1ee9c c\u1ee7a b\u1ea1n v\u1edbi \u0111i\u1ec1u n\u00e0y <strong>Nh\u1eefng m\u1ea3ng hoa o\u1ea3i h\u01b0\u01a1ng Imperial Light hi\u1ebfm c\u00f3<\/strong> D\u00e2y chuy\u1ec1n m\u1eb7t \u0111\u00e1 Jadeite t\u1ef1 nhi\u00ean lo\u1ea1i A. \u0110\u01b0\u1ee3c ch\u1ebf t\u00e1c theo h\u00ecnh qu\u1ea3 \u0111\u00e0o, chi\u1ebfc v\u00f2ng c\u1ed5 n\u00e0y to\u00e1t l\u00ean v\u1ebb thanh l\u1ecbch v\u00e0 tinh t\u1ebf.<\/p>\n<p>\u00a0<\/p>\n<p>(Nh\u1eefng l\u1eddi n\u00f3i<strong> <u>Hoa O\u1ea3i H\u01b0\u01a1ng Imperial Light<\/u><\/strong> \u0111\u00e3 \u0111\u01b0\u1ee3c s\u1eed d\u1ee5ng nh\u01b0 c\u00e1c m\u1ea3ng hoa o\u1ea3i h\u01b0\u01a1ng d\u01b0\u1edbi \u00e1nh m\u1eb7t tr\u1eddi \u0111\u00e3 th\u1ec3 hi\u1ec7n; tuy nhi\u00ean kh\u00e1ch h\u00e0ng c\u1ea7n hi\u1ec3u r\u1eb1ng Imperial Light Lavender v\u1eabn c\u00f3 \u1edf \u0111\u00f3 nh\u01b0ng <strong>kh\u00f4ng nhi\u1ec1u<\/strong>)<\/p>\n<p>\u00a0<\/p>\n<p><strong>S\u1ed1 ch\u1ee9ng ch\u1ec9: GD2202H001265<\/strong><\/p>\n<ul>\n<li>\n<strong>Thi\u1ebft k\u1ebf tuy\u1ec7t \u0111\u1eb9p:<\/strong> M\u1eb7t d\u00e2y chuy\u1ec1n \u0111\u01b0\u1ee3c l\u00e0m b\u1eb1ng ng\u1ecdc b\u00edch t\u1ef1 nhi\u00ean lo\u1ea1i A v\u00e0 n\u1eb7ng 13,52 gram, k\u00edch th\u01b0\u1edbc 34 * 22,8 * 11,3 mm (pendant171). C\u00e1c m\u1ea3ng m\u00e0u hoa o\u1ea3i h\u01b0\u01a1ng nh\u1ea1t c\u1ee7a \u0111\u1ebf qu\u1ed1c t\u1ea1o th\u00eam n\u00e9t \u0111\u1ed9c \u0111\u00e1o cho t\u00e1c ph\u1ea9m tinh x\u1ea3o n\u00e0y.<\/li>\n<li>\n<strong>C\u00f3 ch\u1ee9ng ch\u1ec9:<\/strong> Chi\u1ebfc v\u00f2ng c\u1ed5 n\u00e0y c\u00f3 k\u00e8m theo gi\u1ea5y ch\u1ee9ng nh\u1eadn \u0111\u1ea3m b\u1ea3o t\u00ednh x\u00e1c th\u1ef1c c\u1ee7a lo\u1ea1i ng\u1ecdc b\u00edch Jadeite lo\u1ea1i A.<\/li>\n<li>\n<strong>Phong c\u00e1ch gi\u1ea3n d\u1ecb:<\/strong> Chi\u1ebfc v\u00f2ng c\u1ed5 c\u00f3 ki\u1ec3u d\u00e1ng gi\u1ea3n d\u1ecb, th\u00edch h\u1ee3p \u0111\u1ec3 \u0111eo h\u00e0ng ng\u00e0y v\u00e0 d\u1ec5 d\u00e0ng k\u1ebft h\u1ee3p v\u1edbi b\u1ea5t k\u1ef3 trang ph\u1ee5c n\u00e0o trong t\u1ee7 \u0111\u1ed3 c\u1ee7a b\u1ea1n.<\/li>\n<\/ul>\n<p>M\u1eb7t d\u00e2y chuy\u1ec1n \u0111\u01b0\u1ee3c treo tr\u00ean m\u1ed9t s\u1ee3i d\u00e2y chuy\u1ec1n tinh t\u1ebf l\u00e0m n\u1ed5i b\u1eadt v\u1ebb \u0111\u1eb9p c\u1ee7a n\u00f3, khi\u1ebfn n\u00f3 tr\u1edf th\u00e0nh m\u00f3n qu\u00e0 l\u00fd t\u01b0\u1edfng cho b\u1ea5t k\u1ef3 ng\u01b0\u1eddi ph\u1ee5 n\u1eef n\u00e0o y\u00eau th\u00edch th\u1eddi trang v\u00e0 nh\u1eefng m\u00f3n \u0111\u1ed3 trang s\u1ee9c \u0111\u1eb7c bi\u1ec7t. S\u1ea3n ph\u1ea9m n\u00e0y ho\u00e0n h\u1ea3o cho nh\u1eefng ng\u01b0\u1eddi ph\u1ee5 n\u1eef \u0111\u00e1nh gi\u00e1 cao s\u1ef1 kh\u00e9o l\u00e9o tinh x\u1ea3o v\u00e0 c\u00e1c chi ti\u1ebft thi\u1ebft k\u1ebf tinh t\u1ebf.<\/p>\n<ul>\n<li>C\u00e1c <strong>Lo\u1ea1i ng\u1ecdc b\u00edch<\/strong>, \u0111\u00f3 l\u00e0 <em>Ng\u1ecdc b\u00edch<\/em>, \u0111\u1ea3m b\u1ea3o r\u1eb1ng b\u1ea1n s\u1ebd c\u00f3 \u0111\u01b0\u1ee3c \u0111\u1ed3 trang s\u1ee9c ch\u1ea5t l\u01b0\u1ee3ng cao, b\u1ec1n l\u00e2u m\u00e0 kh\u00f4ng m\u1ea5t \u0111i \u0111\u1ed9 s\u00e1ng b\u00f3ng hay v\u1ebb thanh l\u1ecbch theo th\u1eddi gian.<\/li>\n<li>S\u1ea3n ph\u1ea9m n\u00e0y \u0111\u1ebfn t\u1eeb <strong>Mandalay, Myanmar,<\/strong>m\u1ed9t khu v\u1ef1c n\u1ed5i ti\u1ebfng v\u1edbi vi\u1ec7c s\u1ea3n xu\u1ea5t m\u1ed9t s\u1ed1 lo\u1ea1i ng\u1ecdc b\u00edch t\u1ef1 nhi\u00ean t\u1ed1t nh\u1ea5t th\u1ebf gi\u1edbi \u2013 khi\u1ebfn n\u01a1i \u0111\u00e2y tr\u1edf th\u00e0nh s\u1ef1 b\u1ed5 sung \u0111\u1eb7c bi\u1ec7t cho b\u1ed9 s\u01b0u t\u1eadp c\u1ee7a b\u1ea1n ho\u1eb7c l\u00e0 m\u00f3n qu\u00e0 kh\u00f3 qu\u00ean d\u00e0nh cho m\u1ed9t ng\u01b0\u1eddi \u0111\u1eb7c bi\u1ec7t!<\/li>\n<\/ul>\n<p>Yi Pin Qian \u2013 Nh\u00e0 bu\u00f4n \u0111\u00e1 qu\u00fd v\u00e0 kim lo\u1ea1i qu\u00fd t\u1ea1i Singapore \u2013 S\u1ed1 gi\u1ea5y ph\u00e9p PS20190000031<\/p>\n<p>\u00a0<\/p>\n<p>*T\u1ea5t c\u1ea3 c\u00e1c lo\u1ea1i Jadeite \u0111\u01b0\u1ee3c mua t\u1eeb Yi Pin Qian t\u1ea1i Singapore, kh\u00e1ch h\u00e0ng c\u00f3 th\u1ec3 \u0111\u1eb7t l\u1ecbch \u0111\u00e1nh b\u00f3ng ho\u1eb7c s\u1eeda ch\u1eefa nh\u1ecf do x\u1eed l\u00fd sai c\u00e1ch \u2013 c\u00f3 t\u00ednh ph\u00ed v\u00e0 ch\u1ec9 d\u00e0nh cho kh\u00e1ch h\u00e0ng c\u1ee7a Yi Pin Qian t\u1ea1i Singapore*<\/p>\n<p>\u00a0<\/p>\n<p><strong>**C\u00e1c lo\u1ea1i ch\u1ee9ng ch\u1ec9**<\/strong><\/p>\n<p>\u00a0<\/p>\n<p><strong>NGI (C\u00f4ng ty \u0110\u00e1 qu\u00fd Nan Yang)<\/strong><\/p>\n<p>ho\u1eb7c <strong>Ch\u1ee9ng ch\u1ec9 n\u01b0\u1edbc ngo\u00e0i <\/strong>(Yi Pin Qian ch\u1ec9 s\u1eed d\u1ee5ng c\u00e1c ch\u1ee9ng ch\u1ec9 x\u00e1c th\u1ef1c t\u1eeb c\u00e1c ph\u00f2ng th\u00ed nghi\u1ec7m \u1edf n\u01b0\u1edbc ngo\u00e0i v\u00e0 ki\u1ec3m so\u00e1t ch\u1ea5t l\u01b0\u1ee3ng m\u1ecdi s\u1ea3n ph\u1ea9m c\u1ee7a ch\u00fang t\u00f4i tr\u01b0\u1edbc khi \u0111\u01b0a ch\u00fang ra b\u00e1n t\u1ea1i Singapore)<\/p>\n<p>\u00a0<\/p>\n<p>M\u1ed7i s\u1ea3n ph\u1ea9m tr\u00ean TikTok s\u1ebd c\u00f3 lo\u1ea1i ch\u1ee9ng ch\u1ec9 \u0111\u01b0\u1ee3c cung c\u1ea5p \u0111\u01b0\u1ee3c n\u00eau trong ph\u1ea7n m\u00f4 t\u1ea3. \u0110\u1ed1i v\u1edbi b\u1ea5t k\u1ef3 kh\u00e1ch h\u00e0ng n\u00e0o mu\u1ed1n g\u1eedi \u0111\u01a1n h\u00e0ng c\u1ee7a m\u00ecnh \u0111\u1ebfn NGI Singapore, s\u1ebd c\u00f3 th\u1eddi gian ch\u1edd giao h\u00e0ng \u01b0\u1edbc t\u00ednh kho\u1ea3ng 4 tu\u1ea7n \u0111\u1ec3 nh\u1eadn \u0111\u01b0\u1ee3c \u0111\u01a1n h\u00e0ng c\u1ee7a b\u1ea1n. <strong>Y\u00eau c\u1ea7u b\u00e1o c\u00e1o v\u1ec1 NGI Gemstone c\u1ea7n \u0111\u01b0\u1ee3c th\u1ef1c hi\u1ec7n b\u1eb1ng c\u00e1ch nh\u1eafn tin \u0111\u1ebfn c\u1eeda h\u00e0ng TikTok Yi Pin Qian.<\/strong> C\u1ea3m \u01a1n, <strong><u>\u00e1p d\u1ee5ng th\u00eam ph\u00ed<\/u><\/strong>.<\/p>\n<p>\u00a0<\/p>\n<p><strong>Jadeite t\u1ef1 nhi\u00ean kh\u00f4ng ho\u00e0n h\u1ea3o, ch\u1ec9 l\u00e0 m\u1ed9t l\u1eddi nh\u1eafc nh\u1edf nh\u1eb9 nh\u00e0ng, Jadeite t\u1ef1 nhi\u00ean c\u1ee7a ch\u00fang t\u00f4i, gi\u1ed1ng nh\u01b0 t\u1ea5t c\u1ea3 nh\u1eefng th\u1ee9 \u0111\u1eb9p \u0111\u1ebd trong t\u1ef1 nhi\u00ean, c\u00f3 nh\u1eefng \u0111\u1eb7c \u0111i\u1ec3m v\u00e0 bi\u1ebfn th\u1ec3 \u0111\u1ed9c \u0111\u00e1o. Ch\u00fang t\u00f4i m\u1eddi nh\u1eefng kh\u00e1ch h\u00e0ng c\u00f3 gi\u00e1 tr\u1ecb c\u1ee7a m\u00ecnh \u0111\u00f3n nh\u1eadn nh\u1eefng bi\u1ebfn th\u1ec3 t\u1ef1 nhi\u00ean n\u00e0y. Ch\u00fac b\u1ea1n mua s\u1eafm vui v\u1ebb!<\/strong><\/p>\n<p>\u00a0<\/p>\n<p><strong><u>Kh\u00f4ng c\u00f3 h\u00ecnh \u1ea3nh v\u00e0 c\u1ea3nh quay video n\u00e0o \u0111\u01b0\u1ee3c l\u1ecdc. Ch\u00fang t\u00f4i khuy\u1ebfn kh\u00edch kh\u00e1ch h\u00e0ng c\u1ee7a m\u00ecnh c\u0169ng xem c\u00e1c video \u0111i k\u00e8m \u0111\u1ec3 c\u00f3 c\u00e1i nh\u00ecn to\u00e0n di\u1ec7n h\u01a1n v\u1ec1 s\u1ea3n ph\u1ea9m c\u1ee7a ch\u00fang t\u00f4i<\/u><\/strong><\/p>\n<p>\u00a0<\/p>\n<ul>\n<li>.<\/li>\n<\/ul>","protected":false},"excerpt":{"rendered":"<p>N\u00e2ng t\u1ea7m b\u1ed9 s\u01b0u t\u1eadp trang s\u1ee9c c\u1ee7a b\u1ea1n v\u1edbi M\u1eb7t d\u00e2y chuy\u1ec1n ng\u1ecdc b\u00edch Imperial Light Lavender Patches Natural Type A n\u00e0y. \u0110\u01b0\u1ee3c ch\u1ebf t\u00e1c theo h\u00ecnh qu\u1ea3 \u0111\u00e0o, chi\u1ebfc v\u00f2ng c\u1ed5 n\u00e0y to\u00e1t l\u00ean v\u1ebb thanh l\u1ecbch v\u00e0 tinh t\u1ebf. (Nh\u1eefng t\u1eeb Imperial Light Lavender \u0111\u01b0\u1ee3c s\u1eed d\u1ee5ng nh\u01b0 nh\u1eefng mi\u1ebfng Lavender under the Sun \u0111\u00e3 th\u1ec3 hi\u1ec7n; tuy nhi\u00ean, kh\u00e1ch h\u00e0ng c\u1ea7n hi\u1ec3u r\u1eb1ng [\u2026]<\/p>","protected":false},"featured_media":7404,"comment_status":"open","ping_status":"closed","template":"","meta":[],"product_brand":[],"product_cat":[194],"product_tag":[],"class_list":{"0":"post-1720","1":"product","2":"type-product","3":"status-publish","4":"has-post-thumbnail","6":"product_cat-value-picks","8":"first","9":"instock","10":"sale","11":"shipping-taxable","12":"purchasable","13":"product-type-simple"},"_links":{"self":[{"href":"https:\/\/shop.yipinqian.com\/vi\/wp-json\/wp\/v2\/product\/1720","targetHints":{"allow":["GET"]}}],"collection":[{"href":"https:\/\/shop.yipinqian.com\/vi\/wp-json\/wp\/v2\/product"}],"about":[{"href":"https:\/\/shop.yipinqian.com\/vi\/wp-json\/wp\/v2\/types\/product"}],"replies":[{"embeddable":true,"href":"https:\/\/shop.yipinqian.com\/vi\/wp-json\/wp\/v2\/comments?post=1720"}],"version-history":[{"count":0,"href":"https:\/\/shop.yipinqian.com\/vi\/wp-json\/wp\/v2\/product\/1720\/revisions"}],"wp:featuredmedia":[{"embeddable":true,"href":"https:\/\/shop.yipinqian.com\/vi\/wp-json\/wp\/v2\/media\/7404"}],"wp:attachment":[{"href":"https:\/\/shop.yipinqian.com\/vi\/wp-json\/wp\/v2\/media?parent=1720"}],"wp:term":[{"taxonomy":"product_brand","embeddable":true,"href":"https:\/\/shop.yipinqian.com\/vi\/wp-json\/wp\/v2\/product_brand?post=1720"},{"taxonomy":"product_cat","embeddable":true,"href":"https:\/\/shop.yipinqian.com\/vi\/wp-json\/wp\/v2\/product_cat?post=1720"},{"taxonomy":"product_tag","embeddable":true,"href":"https:\/\/shop.yipinqian.com\/vi\/wp-json\/wp\/v2\/product_tag?post=1720"}],"curies":[{"name":"wp","href":"https:\/\/api.w.org\/{rel}","templated":true}]}}