{"id":1718,"date":"2024-10-24T23:21:46","date_gmt":"2024-10-24T15:21:46","guid":{"rendered":"https:\/\/shop.yipinqian.com\/product\/rare-full-brown-natural-type-a-jadeite-pendant-crafted-as-milo-with-two-kids-means-happiness-for-the-family-and-longevity-wealth-and-health-with-certificate-weighs-at-61-27-grams-48-50-41-21-60-mm-pen\/"},"modified":"2025-02-24T01:17:27","modified_gmt":"2025-02-23T17:17:27","slug":"rare-full-brown-natural-type-a-jadeite-pendant-crafted-as-milo-with-two-kids-means-happiness-for-the-family-and-longevity-wealth-and-health-with-certificate-weighs-at-61-27-grams-48-50-41-21-60-mm-pen","status":"publish","type":"product","link":"https:\/\/shop.yipinqian.com\/vi\/san-pham\/rare-full-brown-natural-type-a-jadeite-pendant-crafted-as-milo-with-two-kids-means-happiness-for-the-family-and-longevity-wealth-and-health-with-certificate-weighs-at-61-27-grams-48-50-41-21-60-mm-pen\/","title":{"rendered":"M\u1eb7t d\u00e2y chuy\u1ec1n ng\u1ecdc b\u00edch t\u1ef1 nhi\u00ean m\u00e0u n\u00e2u nguy\u00ean kh\u1ed1i lo\u1ea1i A hi\u1ebfm \u0111\u01b0\u1ee3c ch\u1ebf t\u00e1c theo h\u00ecnh Milo v\u1edbi hai \u0111\u1ee9a tr\u1ebb mang \u00fd ngh\u0129a H\u1ea1nh ph\u00fac cho gia \u0111\u00ecnh v\u00e0 Tr\u01b0\u1eddng th\u1ecd, gi\u00e0u c\u00f3 v\u00e0 s\u1ee9c kh\u1ecfe, k\u00e8m theo gi\u1ea5y ch\u1ee9ng nh\u1eadn n\u1eb7ng 61,27 gram, 48,50 * 41 * 21,60 mm (m\u1eb7t d\u00e2y chuy\u1ec1n110)"},"content":{"rendered":"<p>M\u1eb7t d\u00e2y chuy\u1ec1n Jadeite n\u00e2u t\u1ef1 nhi\u00ean lo\u1ea1i A hi\u1ebfm n\u00e0y l\u00e0 m\u1ed9t m\u00f3n \u0111\u1ed3 trang s\u1ee9c tuy\u1ec7t \u0111\u1eb9p th\u1ec3 hi\u1ec7n c\u1ea3 v\u1ebb \u0111\u1eb9p v\u00e0 \u00fd ngh\u0129a. \u0110\u01b0\u1ee3c ch\u1ea1m kh\u1eafc th\u00e0nh Milo v\u1edbi hai \u0111\u1ee9a tr\u1ebb, m\u1eb7t d\u00e2y chuy\u1ec1n n\u00e0y t\u01b0\u1ee3ng tr\u01b0ng cho h\u1ea1nh ph\u00fac gia \u0111\u00ecnh v\u00e0 tu\u1ed5i th\u1ecd, s\u1ef1 gi\u00e0u c\u00f3 v\u00e0 s\u1ee9c kh\u1ecfe.<\/p>\n<ul>\n<li>\n<strong>Thi\u1ebft k\u1ebf \u0111\u1ed9c \u0111\u00e1o:<\/strong> M\u1eb7t d\u00e2y chuy\u1ec1n \u0111\u01b0\u1ee3c ch\u1ebf t\u00e1c kh\u00e9o l\u00e9o \u0111\u1ec3 t\u00f4n l\u00ean nh\u1eefng chi ti\u1ebft ph\u1ee9c t\u1ea1p c\u1ee7a Milo c\u00f9ng hai \u0111\u1ee9a tr\u1ebb.<\/li>\n<li>\n<strong>Ch\u1ea5t l\u01b0\u1ee3ng cao c\u1ea5p:<\/strong> \u0110\u01b0\u1ee3c l\u00e0m t\u1eeb \u0111\u00e1 ng\u1ecdc b\u00edch lo\u1ea1i A t\u1ef1 nhi\u00ean, m\u1eb7t d\u00e2y chuy\u1ec1n n\u00e0y n\u1eb7ng 61,27 gram v\u00e0 c\u00f3 k\u00edch th\u01b0\u1edbc 48,50 * 41 * 21,60 mm.<\/li>\n<li>\n<strong>Gi\u1ea5y ch\u1ee9ng nh\u1eadn bao g\u1ed3m:<\/strong> M\u1eb7t d\u00e2y chuy\u1ec1n ng\u1ecdc b\u00edch qu\u00fd hi\u1ebfm n\u00e0y c\u00f3 k\u00e8m theo gi\u1ea5y ch\u1ee9ng nh\u1eadn \u0111\u1ec3 \u0111\u1ea3m b\u1ea3o t\u00ednh x\u00e1c th\u1ef1c.<\/li>\n<\/ul>\n<p><strong>S\u1ed1 ch\u1ee9ng ch\u1ec9: GD2110H013571<\/strong><\/p>\n<p><img fetchpriority=\"high\" decoding=\"async\" height=\"1080\" src=\"https:\/\/shop.yipinqian.com\/wp-content\/uploads\/2024\/10\/e82f9f2b9c2f11df5ff4d1595d5408bd.jpg?from=476444299\" width=\"1080\"><\/p>\n<p>Ki\u1ec3u d\u00e1ng v\u00f2ng c\u1ed5 gi\u1ea3n d\u1ecb, l\u00fd t\u01b0\u1edfng \u0111\u1ec3 \u0111eo h\u00e0ng ng\u00e0y \u0111\u1ed3ng th\u1eddi t\u0103ng th\u00eam s\u1ef1 thanh l\u1ecbch cho b\u1ea5t k\u1ef3 trang ph\u1ee5c n\u00e0o b\u1ea1n ch\u1ecdn \u0111\u1ec3 \u0111eo. Thi\u1ebft k\u1ebf unisex ho\u00e0n h\u1ea3o cho c\u1ea3 nam v\u00e0 n\u1eef, nh\u1eefng ng\u01b0\u1eddi coi tr\u1ecdng ph\u1ee5 ki\u1ec7n th\u1eddi trang \u0111\u1ed9c \u0111\u00e1o c\u00f3 \u00fd ngh\u0129a s\u00e2u s\u1eafc trong cu\u1ed9c s\u1ed1ng c\u1ee7a h\u1ecd.<\/p>\n<p>M\u00f3n \u0111\u1ed3 tinh x\u1ea3o n\u00e0y \u0111\u1ebfn t\u1eeb Myanmar \u2013 m\u1ed9t qu\u1ed1c gia n\u1ed5i ti\u1ebfng s\u1ea3n xu\u1ea5t m\u1ed9t s\u1ed1 lo\u1ea1i ng\u1ecdc b\u00edch ch\u1ea5t l\u01b0\u1ee3ng t\u1ed1t nh\u1ea5t th\u1ebf gi\u1edbi \u2013 l\u00e0 s\u1ef1 b\u1ed5 sung tuy\u1ec7t v\u1eddi cho b\u1ed9 s\u01b0u t\u1eadp c\u1ee7a b\u1ea1n ho\u1eb7c l\u00e0 m\u00f3n qu\u00e0 t\u1eb7ng cho nh\u1eefng ng\u01b0\u1eddi th\u00e2n y\u00eau c\u1ee7a b\u1ea1n v\u00e0o nh\u1eefng d\u1ecbp \u0111\u1eb7c bi\u1ec7t.<\/p>\n<p>Xin l\u01b0u \u00fd r\u1eb1ng s\u1ea3n ph\u1ea9m n\u00e0y kh\u00f4ng \u0111\u01b0\u1ee3c b\u1ea3o h\u00e0nh theo b\u1ea5t k\u1ef3 h\u00ecnh th\u1ee9c n\u00e0o; tuy nhi\u00ean, b\u1ea1n c\u00f3 th\u1ec3 y\u00ean t\u00e2m v\u00ec s\u1ea3n ph\u1ea9m ch\u00ednh h\u00e3ng c\u00f3 k\u00e8m theo ch\u1ee9ng ch\u1ec9 b\u1ea3o h\u00e0nh khi mua h\u00e0ng.<\/p>\n<p>\u00a0<\/p>\n<p>Yi Pin Qian \u2013 Nh\u00e0 bu\u00f4n \u0111\u00e1 qu\u00fd v\u00e0 kim lo\u1ea1i qu\u00fd t\u1ea1i Singapore \u2013 S\u1ed1 gi\u1ea5y ph\u00e9p PS20190000031<\/p>\n<p>\u00a0<\/p>\n<p>*T\u1ea5t c\u1ea3 c\u00e1c lo\u1ea1i Jadeite \u0111\u01b0\u1ee3c mua t\u1eeb Yi Pin Qian t\u1ea1i Singapore, kh\u00e1ch h\u00e0ng c\u00f3 th\u1ec3 \u0111\u1eb7t l\u1ecbch \u0111\u00e1nh b\u00f3ng ho\u1eb7c s\u1eeda ch\u1eefa nh\u1ecf do x\u1eed l\u00fd sai c\u00e1ch \u2013 c\u00f3 t\u00ednh ph\u00ed v\u00e0 ch\u1ec9 d\u00e0nh cho kh\u00e1ch h\u00e0ng c\u1ee7a Yi Pin Qian t\u1ea1i Singapore*<\/p>\n<p>\u00a0<\/p>\n<p><strong>**C\u00e1c lo\u1ea1i ch\u1ee9ng ch\u1ec9**<\/strong><\/p>\n<p>\u00a0<\/p>\n<p><strong>NGI (C\u00f4ng ty \u0110\u00e1 qu\u00fd Nan Yang)<\/strong><\/p>\n<p>ho\u1eb7c <strong>Ch\u1ee9ng ch\u1ec9 n\u01b0\u1edbc ngo\u00e0i <\/strong>(Yi Pin Qian ch\u1ec9 s\u1eed d\u1ee5ng c\u00e1c ch\u1ee9ng ch\u1ec9 x\u00e1c th\u1ef1c t\u1eeb c\u00e1c ph\u00f2ng th\u00ed nghi\u1ec7m \u1edf n\u01b0\u1edbc ngo\u00e0i v\u00e0 ki\u1ec3m so\u00e1t ch\u1ea5t l\u01b0\u1ee3ng m\u1ecdi s\u1ea3n ph\u1ea9m c\u1ee7a ch\u00fang t\u00f4i tr\u01b0\u1edbc khi \u0111\u01b0a ch\u00fang ra b\u00e1n t\u1ea1i Singapore)<\/p>\n<p>\u00a0<\/p>\n<p>M\u1ed7i s\u1ea3n ph\u1ea9m tr\u00ean TikTok s\u1ebd c\u00f3 lo\u1ea1i ch\u1ee9ng ch\u1ec9 \u0111\u01b0\u1ee3c cung c\u1ea5p \u0111\u01b0\u1ee3c n\u00eau trong ph\u1ea7n m\u00f4 t\u1ea3. \u0110\u1ed1i v\u1edbi b\u1ea5t k\u1ef3 kh\u00e1ch h\u00e0ng n\u00e0o mu\u1ed1n g\u1eedi \u0111\u01a1n h\u00e0ng c\u1ee7a m\u00ecnh \u0111\u1ebfn NGI Singapore, s\u1ebd c\u00f3 th\u1eddi gian ch\u1edd giao h\u00e0ng \u01b0\u1edbc t\u00ednh kho\u1ea3ng 4 tu\u1ea7n \u0111\u1ec3 nh\u1eadn \u0111\u01b0\u1ee3c \u0111\u01a1n h\u00e0ng c\u1ee7a b\u1ea1n. <strong>Y\u00eau c\u1ea7u b\u00e1o c\u00e1o v\u1ec1 NGI Gemstone c\u1ea7n \u0111\u01b0\u1ee3c th\u1ef1c hi\u1ec7n b\u1eb1ng c\u00e1ch nh\u1eafn tin \u0111\u1ebfn c\u1eeda h\u00e0ng TikTok Yi Pin Qian.<\/strong> C\u1ea3m \u01a1n, <strong><u>\u00e1p d\u1ee5ng th\u00eam ph\u00ed<\/u><\/strong>.<\/p>","protected":false},"excerpt":{"rendered":"<p>M\u1eb7t d\u00e2y chuy\u1ec1n Jadeite t\u1ef1 nhi\u00ean m\u00e0u n\u00e2u nguy\u00ean kh\u1ed1i hi\u1ebfm c\u00f3 n\u00e0y l\u00e0 m\u1ed9t m\u00f3n \u0111\u1ed3 trang s\u1ee9c tuy\u1ec7t \u0111\u1eb9p, th\u1ec3 hi\u1ec7n c\u1ea3 v\u1ebb \u0111\u1eb9p v\u00e0 \u00fd ngh\u0129a. \u0110\u01b0\u1ee3c ch\u1ea1m kh\u1eafc nh\u01b0 Milo v\u1edbi hai \u0111\u1ee9a tr\u1ebb, m\u1eb7t d\u00e2y chuy\u1ec1n n\u00e0y t\u01b0\u1ee3ng tr\u01b0ng cho h\u1ea1nh ph\u00fac cho gia \u0111\u00ecnh v\u00e0 tu\u1ed5i th\u1ecd, s\u1ef1 gi\u00e0u c\u00f3 v\u00e0 s\u1ee9c kh\u1ecfe. Thi\u1ebft k\u1ebf \u0111\u1ed9c \u0111\u00e1o: M\u1eb7t d\u00e2y chuy\u1ec1n \u0111\u01b0\u1ee3c ch\u1ebf t\u00e1c kh\u00e9o l\u00e9o \u0111\u1ec3 th\u1ec3 hi\u1ec7n c\u00e1c chi ti\u1ebft ph\u1ee9c t\u1ea1p c\u1ee7a Milo v\u1edbi hai [\u2026]<\/p>","protected":false},"featured_media":7373,"comment_status":"open","ping_status":"closed","template":"","meta":[],"product_brand":[],"product_cat":[195],"product_tag":[],"class_list":{"0":"post-1718","1":"product","2":"type-product","3":"status-publish","4":"has-post-thumbnail","6":"product_cat-heirloom-grade","8":"first","9":"instock","10":"sale","11":"shipping-taxable","12":"purchasable","13":"product-type-simple"},"_links":{"self":[{"href":"https:\/\/shop.yipinqian.com\/vi\/wp-json\/wp\/v2\/product\/1718","targetHints":{"allow":["GET"]}}],"collection":[{"href":"https:\/\/shop.yipinqian.com\/vi\/wp-json\/wp\/v2\/product"}],"about":[{"href":"https:\/\/shop.yipinqian.com\/vi\/wp-json\/wp\/v2\/types\/product"}],"replies":[{"embeddable":true,"href":"https:\/\/shop.yipinqian.com\/vi\/wp-json\/wp\/v2\/comments?post=1718"}],"version-history":[{"count":0,"href":"https:\/\/shop.yipinqian.com\/vi\/wp-json\/wp\/v2\/product\/1718\/revisions"}],"wp:featuredmedia":[{"embeddable":true,"href":"https:\/\/shop.yipinqian.com\/vi\/wp-json\/wp\/v2\/media\/7373"}],"wp:attachment":[{"href":"https:\/\/shop.yipinqian.com\/vi\/wp-json\/wp\/v2\/media?parent=1718"}],"wp:term":[{"taxonomy":"product_brand","embeddable":true,"href":"https:\/\/shop.yipinqian.com\/vi\/wp-json\/wp\/v2\/product_brand?post=1718"},{"taxonomy":"product_cat","embeddable":true,"href":"https:\/\/shop.yipinqian.com\/vi\/wp-json\/wp\/v2\/product_cat?post=1718"},{"taxonomy":"product_tag","embeddable":true,"href":"https:\/\/shop.yipinqian.com\/vi\/wp-json\/wp\/v2\/product_tag?post=1718"}],"curies":[{"name":"wp","href":"https:\/\/api.w.org\/{rel}","templated":true}]}}