{"id":1715,"date":"2024-10-24T23:21:44","date_gmt":"2024-10-24T15:21:44","guid":{"rendered":"https:\/\/shop.yipinqian.com\/product\/rare-brown-and-white-natural-type-a-jadeite-pendant-carved-with-laozi-riding-the-cow-with-yin-and-yang-certificate-included-we-ighs-68-76-grams-69-10-48-70-17-20-mm-the-collectors-edition-or-daily-wea\/"},"modified":"2025-02-24T01:34:17","modified_gmt":"2025-02-23T17:34:17","slug":"rare-brown-and-white-natural-type-a-jadeite-pendant-carved-with-laozi-riding-the-cow-with-yin-and-yang-certificate-included-we-ighs-68-76-grams-69-10-48-70-17-20-mm-the-collectors-edition-or-daily-wea","status":"publish","type":"product","link":"https:\/\/shop.yipinqian.com\/vi\/san-pham\/rare-brown-and-white-natural-type-a-jadeite-pendant-carved-with-laozi-riding-the-cow-with-yin-and-yang-certificate-included-we-ighs-68-76-grams-69-10-48-70-17-20-mm-the-collectors-edition-or-daily-wea\/","title":{"rendered":"M\u1eb7t d\u00e2y chuy\u1ec1n ng\u1ecdc b\u00edch t\u1ef1 nhi\u00ean m\u00e0u n\u00e2u v\u00e0 tr\u1eafng lo\u1ea1i A hi\u1ebfm c\u00f3 ch\u1ea1m kh\u1eafc h\u00ecnh L\u00e3o T\u1eed c\u01b0\u1ee1i tr\u00e2u v\u1edbi \u00c2m v\u00e0 D\u01b0\u01a1ng, c\u00f3 k\u00e8m gi\u1ea5y ch\u1ee9ng nh\u1eadn, n\u1eb7ng 68,76 gram, k\u00edch th\u01b0\u1edbc 69,10 * 48,70 * 17,20 mm, phi\u00ean b\u1ea3n d\u00e0nh cho nh\u00e0 s\u01b0u t\u1eadp ho\u1eb7c \u0111eo h\u00e0ng ng\u00e0y (m\u1eb7t d\u00e2y chuy\u1ec1n94)"},"content":{"rendered":"<p>M\u1eb7t d\u00e2y chuy\u1ec1n ng\u1ecdc b\u00edch t\u1ef1 nhi\u00ean m\u00e0u n\u00e2u v\u00e0 tr\u1eafng lo\u1ea1i A qu\u00fd hi\u1ebfm n\u00e0y l\u00e0 s\u1ef1 b\u1ed5 sung ho\u00e0n h\u1ea3o cho b\u1ea5t k\u1ef3 b\u1ed9 s\u01b0u t\u1eadp trang s\u1ee9c n\u00e0o. H\u00ecnh \u1ea3nh L\u00e3o T\u1eed c\u01b0\u1ee1i b\u00f2 \u0111\u01b0\u1ee3c ch\u1ea1m kh\u1eafc tinh x\u1ea3o v\u1edbi thi\u1ebft k\u1ebf \u00c2m D\u01b0\u01a1ng l\u00e0m cho n\u00f3 tr\u1edf th\u00e0nh m\u1ed9t t\u00e1c ph\u1ea9m \u0111\u1ed9c \u0111\u00e1o.<\/p>\n<ul>\n<li>\n<strong>Phi\u00ean b\u1ea3n d\u00e0nh cho nh\u00e0 s\u01b0u t\u1eadp ho\u1eb7c m\u1eb7c h\u00e0ng ng\u00e0y:<\/strong> M\u1eb7t d\u00e2y chuy\u1ec1n n\u00e0y r\u1ea5t \u0111a n\u0103ng, ph\u00f9 h\u1ee3p \u0111\u1ec3 \u0111eo h\u00e0ng ng\u00e0y ho\u1eb7c l\u00e0m phi\u00ean b\u1ea3n s\u01b0u t\u1ea7m.<\/li>\n<li>\n<strong>C\u00f3 ch\u1ee9ng ch\u1ec9:<\/strong> M\u1eb7t d\u00e2y chuy\u1ec1n c\u00f3 k\u00e8m theo gi\u1ea5y ch\u1ee9ng nh\u1eadn x\u00e1c th\u1ef1c, \u0111\u1ea3m b\u1ea3o r\u1eb1ng n\u00f3 \u0111\u01b0\u1ee3c l\u00e0m t\u1eeb ng\u1ecdc b\u00edch lo\u1ea1i A t\u1ef1 nhi\u00ean.<\/li>\n<li>\n<strong>Lo\u1ea1i ng\u1ecdc b\u00edch:<\/strong> \u0110\u01b0\u1ee3c l\u00e0m t\u1eeb \u0111\u00e1 Jadeite ch\u1ea5t l\u01b0\u1ee3ng cao, m\u1eb7t d\u00e2y chuy\u1ec1n n\u00e0y t\u00f4n l\u00ean v\u1ebb \u0111\u1eb9p c\u1ee7a lo\u1ea1i \u0111\u00e1 qu\u00fd n\u00e0y.<\/li>\n<\/ul>\n<p><strong>S\u1ed1 ch\u1ee9ng ch\u1ec9: ZKS23021503185<\/strong><\/p>\n<p><img fetchpriority=\"high\" decoding=\"async\" height=\"1080\" src=\"https:\/\/shop.yipinqian.com\/wp-content\/uploads\/2024\/10\/68207270e53c8b61522772987d5f59aa.jpg?from=476444299\" width=\"1080\"><\/p>\n<p>K\u00edch th\u01b0\u1edbc 69,10 * 48,70 * 17,20 mm v\u00e0 tr\u1ecdng l\u01b0\u1ee3ng 68,76 gam khi\u1ebfn m\u1eb7t d\u00e2y chuy\u1ec1n n\u00e0y c\u00f3 k\u00edch th\u01b0\u1edbc l\u1edbn nh\u01b0ng v\u1eabn tho\u1ea3i m\u00e1i khi \u0111eo trong nh\u1eefng d\u1ecbp th\u01b0\u1eddng ng\u00e0y.<\/p>\n<ul>\n<li>\n<strong>Nh\u00e2n d\u1ecbp:<\/strong>Ki\u1ec3u d\u00e1ng v\u00f2ng c\u1ed5 ho\u00e0n h\u1ea3o cho nh\u1eefng d\u1ecbp b\u00ecnh th\u01b0\u1eddng gi\u00fap b\u1ea1n n\u1ed5i b\u1eadt gi\u1eefa \u0111\u00e1m \u0111\u00f4ng<\/li>\n<\/ul>\n<p>Ph\u1ee5 ki\u1ec7n d\u00e0nh cho c\u1ea3 nam v\u00e0 n\u1eef n\u00e0y s\u1ebd l\u00e0 m\u00f3n qu\u00e0 tuy\u1ec7t v\u1eddi cho b\u1ea5t k\u1ef3 ai y\u00eau th\u00edch nh\u1eefng m\u00f3n \u0111\u1ed3 trang s\u1ee9c \u0111\u1ed9c \u0111\u00e1o t\u00f4n l\u00ean v\u1ebb \u0111\u1eb9p t\u1ef1 nhi\u00ean.<\/p>\n<p>Xin l\u01b0u \u00fd r\u1eb1ng s\u1ea3n ph\u1ea9m n\u00e0y c\u00f3 ngu\u1ed3n g\u1ed1c t\u1eeb Myanmar v\u00e0 kh\u00f4ng \u0111i k\u00e8m ch\u1ebf \u0111\u1ed9 b\u1ea3o h\u00e0nh nh\u01b0ng v\u1eabn h\u1ee9a h\u1eb9n l\u00e0 s\u1ef1 b\u1ed5 sung \u0111\u1eb7c bi\u1ec7t cho b\u1ed9 s\u01b0u t\u1eadp c\u1ee7a b\u1ea1n!<\/p>\n<p>Yi Pin Qian \u2013 Nh\u00e0 bu\u00f4n \u0111\u00e1 qu\u00fd v\u00e0 kim lo\u1ea1i qu\u00fd t\u1ea1i Singapore \u2013 S\u1ed1 gi\u1ea5y ph\u00e9p PS20190000031<\/p>\n<p>\u00a0<\/p>\n<p>*T\u1ea5t c\u1ea3 c\u00e1c lo\u1ea1i Jadeite \u0111\u01b0\u1ee3c mua t\u1eeb Yi Pin Qian t\u1ea1i Singapore, kh\u00e1ch h\u00e0ng c\u00f3 th\u1ec3 \u0111\u1eb7t l\u1ecbch \u0111\u00e1nh b\u00f3ng ho\u1eb7c s\u1eeda ch\u1eefa nh\u1ecf do x\u1eed l\u00fd sai c\u00e1ch \u2013 c\u00f3 t\u00ednh ph\u00ed v\u00e0 ch\u1ec9 d\u00e0nh cho kh\u00e1ch h\u00e0ng c\u1ee7a Yi Pin Qian t\u1ea1i Singapore*<\/p>\n<p>\u00a0<\/p>\n<p><strong>**C\u00e1c lo\u1ea1i ch\u1ee9ng ch\u1ec9**<\/strong><\/p>\n<p>\u00a0<\/p>\n<p><strong>NGI (C\u00f4ng ty \u0110\u00e1 qu\u00fd Nan Yang)<\/strong><\/p>\n<p>ho\u1eb7c <strong>Ch\u1ee9ng ch\u1ec9 n\u01b0\u1edbc ngo\u00e0i <\/strong>(Yi Pin Qian ch\u1ec9 s\u1eed d\u1ee5ng c\u00e1c ch\u1ee9ng ch\u1ec9 x\u00e1c th\u1ef1c t\u1eeb c\u00e1c ph\u00f2ng th\u00ed nghi\u1ec7m \u1edf n\u01b0\u1edbc ngo\u00e0i v\u00e0 ki\u1ec3m so\u00e1t ch\u1ea5t l\u01b0\u1ee3ng m\u1ecdi s\u1ea3n ph\u1ea9m c\u1ee7a ch\u00fang t\u00f4i tr\u01b0\u1edbc khi \u0111\u01b0a ch\u00fang ra b\u00e1n t\u1ea1i Singapore)<\/p>\n<p>\u00a0<\/p>\n<p>M\u1ed7i s\u1ea3n ph\u1ea9m tr\u00ean TikTok s\u1ebd c\u00f3 lo\u1ea1i ch\u1ee9ng ch\u1ec9 \u0111\u01b0\u1ee3c cung c\u1ea5p \u0111\u01b0\u1ee3c n\u00eau trong ph\u1ea7n m\u00f4 t\u1ea3. \u0110\u1ed1i v\u1edbi b\u1ea5t k\u1ef3 kh\u00e1ch h\u00e0ng n\u00e0o mu\u1ed1n g\u1eedi \u0111\u01a1n h\u00e0ng c\u1ee7a m\u00ecnh \u0111\u1ebfn NGI Singapore, s\u1ebd c\u00f3 th\u1eddi gian ch\u1edd giao h\u00e0ng \u01b0\u1edbc t\u00ednh kho\u1ea3ng 4 tu\u1ea7n \u0111\u1ec3 nh\u1eadn \u0111\u01b0\u1ee3c \u0111\u01a1n h\u00e0ng c\u1ee7a b\u1ea1n. <strong>Y\u00eau c\u1ea7u b\u00e1o c\u00e1o v\u1ec1 NGI Gemstone c\u1ea7n \u0111\u01b0\u1ee3c th\u1ef1c hi\u1ec7n b\u1eb1ng c\u00e1ch nh\u1eafn tin \u0111\u1ebfn c\u1eeda h\u00e0ng TikTok Yi Pin Qian.<\/strong> C\u1ea3m \u01a1n, <strong><u>\u00e1p d\u1ee5ng th\u00eam ph\u00ed<\/u><\/strong>.<\/p>","protected":false},"excerpt":{"rendered":"<p>M\u1eb7t d\u00e2y chuy\u1ec1n ng\u1ecdc b\u00edch t\u1ef1 nhi\u00ean m\u00e0u n\u00e2u v\u00e0 tr\u1eafng lo\u1ea1i A qu\u00fd hi\u1ebfm n\u00e0y l\u00e0 s\u1ef1 b\u1ed5 sung ho\u00e0n h\u1ea3o cho b\u1ea5t k\u1ef3 b\u1ed9 s\u01b0u t\u1eadp trang s\u1ee9c n\u00e0o. H\u00ecnh \u1ea3nh L\u00e3o T\u1eed c\u01b0\u1ee1i b\u00f2 \u0111\u01b0\u1ee3c ch\u1ea1m kh\u1eafc tinh x\u1ea3o v\u1edbi thi\u1ebft k\u1ebf \u00c2m D\u01b0\u01a1ng l\u00e0m cho n\u00f3 tr\u1edf th\u00e0nh m\u1ed9t t\u00e1c ph\u1ea9m \u0111\u1ed9c \u0111\u00e1o. Phi\u00ean b\u1ea3n s\u01b0u t\u1ea7m ho\u1eb7c trang ph\u1ee5c h\u00e0ng ng\u00e0y: M\u1eb7t d\u00e2y chuy\u1ec1n n\u00e0y r\u1ea5t \u0111a n\u0103ng, ph\u00f9 h\u1ee3p \u0111\u1ec3 \u0111eo h\u00e0ng ng\u00e0y ho\u1eb7c l\u00e0m t\u00e1c ph\u1ea9m phi\u00ean b\u1ea3n s\u01b0u t\u1ea7m. [\u2026]<\/p>","protected":false},"featured_media":7351,"comment_status":"open","ping_status":"closed","template":"","meta":[],"product_brand":[],"product_cat":[196],"product_tag":[],"class_list":{"0":"post-1715","1":"product","2":"type-product","3":"status-publish","4":"has-post-thumbnail","6":"product_cat-vault-collection","8":"first","9":"instock","10":"sale","11":"shipping-taxable","12":"purchasable","13":"product-type-simple"},"_links":{"self":[{"href":"https:\/\/shop.yipinqian.com\/vi\/wp-json\/wp\/v2\/product\/1715","targetHints":{"allow":["GET"]}}],"collection":[{"href":"https:\/\/shop.yipinqian.com\/vi\/wp-json\/wp\/v2\/product"}],"about":[{"href":"https:\/\/shop.yipinqian.com\/vi\/wp-json\/wp\/v2\/types\/product"}],"replies":[{"embeddable":true,"href":"https:\/\/shop.yipinqian.com\/vi\/wp-json\/wp\/v2\/comments?post=1715"}],"version-history":[{"count":0,"href":"https:\/\/shop.yipinqian.com\/vi\/wp-json\/wp\/v2\/product\/1715\/revisions"}],"wp:featuredmedia":[{"embeddable":true,"href":"https:\/\/shop.yipinqian.com\/vi\/wp-json\/wp\/v2\/media\/7351"}],"wp:attachment":[{"href":"https:\/\/shop.yipinqian.com\/vi\/wp-json\/wp\/v2\/media?parent=1715"}],"wp:term":[{"taxonomy":"product_brand","embeddable":true,"href":"https:\/\/shop.yipinqian.com\/vi\/wp-json\/wp\/v2\/product_brand?post=1715"},{"taxonomy":"product_cat","embeddable":true,"href":"https:\/\/shop.yipinqian.com\/vi\/wp-json\/wp\/v2\/product_cat?post=1715"},{"taxonomy":"product_tag","embeddable":true,"href":"https:\/\/shop.yipinqian.com\/vi\/wp-json\/wp\/v2\/product_tag?post=1715"}],"curies":[{"name":"wp","href":"https:\/\/api.w.org\/{rel}","templated":true}]}}