{"id":17134,"date":"2025-01-14T19:51:00","date_gmt":"2025-01-14T11:51:00","guid":{"rendered":"https:\/\/shop.yipinqian.com\/premium-light-green-hue-natural-type-a-jadeite-jade-crafted-with-shape-of-gourd-as-pendant-set-with-18k-clasp-certificate-weigh-2-36-grams-measurement-20-5-12-9-5-9-mm-18kp31\/"},"modified":"2025-02-24T00:49:44","modified_gmt":"2025-02-23T16:49:44","slug":"premium-light-green-hue-natural-type-a-jadeite-jade-crafted-with-shape-of-gourd-as-pendant-set-with-18k-clasp-certificate-weigh-2-36-grams-measurement-20-5-12-9-5-9-mm-18kp31","status":"publish","type":"product","link":"https:\/\/shop.yipinqian.com\/vi\/san-pham\/premium-light-green-hue-natural-type-a-jadeite-jade-crafted-with-shape-of-gourd-as-pendant-set-with-18k-clasp-certificate-weigh-2-36-grams-measurement-20-5-12-9-5-9-mm-18kp31\/","title":{"rendered":"Ng\u1ecdc b\u00edch lo\u1ea1i A t\u1ef1 nhi\u00ean m\u00e0u xanh l\u1ee5c nh\u1ea1t cao c\u1ea5p \u0111\u01b0\u1ee3c ch\u1ebf t\u00e1c theo h\u00ecnh qu\u1ea3 b\u1ea7u l\u00e0m m\u1eb7t d\u00e2y chuy\u1ec1n, \u0111\u00ednh k\u00e8m m\u00f3c kh\u00f3a 18k, ch\u1ee9ng ch\u1ec9 n\u1eb7ng 2,36 gram, k\u00edch th\u01b0\u1edbc 20,5 * 12,9 * 5,9 mm (18kp31)"},"content":{"rendered":"<p><iframe height=\"300\" width=\"330\" src=\"https:\/\/youtube.com\/embed\/wm0oppNZpOA\" title=\"Icy Translucent Gourd Pendant\"><\/iframe><\/p>\n<p>N\u00e2ng t\u1ea7m b\u1ed9 s\u01b0u t\u1eadp trang s\u1ee9c c\u1ee7a b\u1ea1n v\u1edbi M\u1eb7t d\u00e2y chuy\u1ec1n h\u00ecnh b\u1ea7u d\u1ee5c b\u1eb1ng ng\u1ecdc b\u00edch t\u1ef1 nhi\u00ean lo\u1ea1i A m\u00e0u xanh l\u00e1 c\u00e2y nh\u1ea1t cao c\u1ea5p n\u00e0y. \u0110\u01b0\u1ee3c ch\u1ebf t\u00e1c kh\u00e9o l\u00e9o v\u00e0 g\u1eafn v\u1edbi m\u00f3c kh\u00f3a b\u1eb1ng v\u00e0ng 18k, m\u1eb7t d\u00e2y chuy\u1ec1n n\u00e0y to\u00e1t l\u00ean v\u1ebb thanh l\u1ecbch v\u00e0 tinh t\u1ebf.<\/p>\n<p><\/p>\n<p>S\u1ed1 ch\u1ee9ng ch\u1ec9: GD2111H006113<\/p>\n<ul>\n<li>\n<strong>Jadeite t\u1ef1 nhi\u00ean lo\u1ea1i A:<\/strong> \u0110\u01b0\u1ee3c ch\u1ebf t\u00e1c t\u1eeb \u0111\u00e1 ng\u1ecdc b\u00edch lo\u1ea1i A t\u1ef1 nhi\u00ean, m\u1eb7t d\u00e2y chuy\u1ec1n n\u00e0y c\u00f3 m\u00e0u xanh l\u00e1 c\u00e2y nh\u1ea1t tuy\u1ec7t \u0111\u1eb9p.<\/li>\n<li>\n<strong>H\u00ecnh d\u1ea1ng qu\u1ea3 b\u1ea7u:<\/strong> H\u00ecnh d\u1ea1ng qu\u1ea3 b\u1ea7u \u0111\u1ed9c \u0111\u00e1o l\u00e0m t\u0103ng th\u00eam n\u00e9t quy\u1ebfn r\u0169 cho m\u1eb7t d\u00e2y chuy\u1ec1n.<\/li>\n<li>\n<strong>Gi\u1ea5y ch\u1ee9ng nh\u1eadn:<\/strong> S\u1ea3n ph\u1ea9m n\u00e0y c\u00f3 k\u00e8m theo gi\u1ea5y ch\u1ee9ng nh\u1eadn x\u00e1c th\u1ef1c, \u0111\u1ea3m b\u1ea3o ch\u1ea5t l\u01b0\u1ee3ng v\u00e0 gi\u00e1 tr\u1ecb c\u1ee7a s\u1ea3n ph\u1ea9m.<\/li>\n<li>\n<strong>Phong c\u00e1ch gi\u1ea3n d\u1ecb:<\/strong> Phong c\u00e1ch gi\u1ea3n d\u1ecb r\u1ea5t ph\u00f9 h\u1ee3p \u0111\u1ec3 m\u1eb7c h\u00e0ng ng\u00e0y.<\/li>\n<\/ul>\n<p>V\u1edbi tr\u1ecdng l\u01b0\u1ee3ng 2,36 gram, k\u00edch th\u01b0\u1edbc 20,5 * 12,9 * 5,9 mm (18kp31), s\u1ea3n ph\u1ea9m n\u00e0y r\u1ea5t linh ho\u1ea1t khi k\u1ebft h\u1ee3p v\u1edbi nhi\u1ec1u l\u1edbp trang ph\u1ee5c ho\u1eb7c \u0111eo ri\u00eang nh\u01b0 m\u1ed9t m\u00f3n \u0111\u1ed3 trang s\u1ee9c b\u1eaft m\u1eaft.<\/p>\n<ul>\n<li>\n<strong>S\u1ea3n xu\u1ea5t t\u1ea1i Myanmar: <\/strong>Chi\u1ebfc v\u00f2ng c\u1ed5 qu\u1ea3 b\u1ea7u ng\u1ecdc b\u00edch n\u00e0y \u0111\u01b0\u1ee3c s\u1ea3n xu\u1ea5t t\u1ea1i Myanmar, n\u01a1i ng\u1ecdc b\u00edch \u0111\u01b0\u1ee3c coi tr\u1ecdng trong nhi\u1ec1u th\u1ebf k\u1ef7 do v\u1ebb \u0111\u1eb9p v\u00e0 \u00fd ngh\u0129a v\u0103n h\u00f3a c\u1ee7a n\u00f3<\/li>\n<li>.<\/li>\n<\/ul>\n<p>Th\u00edch h\u1ee3p cho c\u1ea3 nam v\u00e0 n\u1eef mu\u1ed1n th\u00eam ch\u00fat thanh l\u1ecbch v\u00e0o b\u1ed9 s\u01b0u t\u1eadp trang s\u1ee9c h\u00e0ng ng\u00e0y c\u1ee7a m\u00ecnh m\u00e0 kh\u00f4ng \u1ea3nh h\u01b0\u1edfng \u0111\u1ebfn s\u1ef1 tho\u1ea3i m\u00e1i hay phong c\u00e1ch; h\u00e3y s\u1edf h\u1eefu m\u00f3n \u0111\u1ed3 tinh t\u1ebf n\u00e0y ngay h\u00f4m nay!<\/p>\n<p><\/p>\n<p>Yi Pin Qian \u2013 Nh\u00e0 bu\u00f4n \u0111\u00e1 qu\u00fd v\u00e0 kim lo\u1ea1i qu\u00fd t\u1ea1i Singapore \u2013 S\u1ed1 gi\u1ea5y ph\u00e9p PS20190000031<\/p>\n<p><\/p>\n<p>*T\u1ea5t c\u1ea3 c\u00e1c lo\u1ea1i Jadeite \u0111\u01b0\u1ee3c mua t\u1eeb Yi Pin Qian t\u1ea1i Singapore, kh\u00e1ch h\u00e0ng c\u00f3 th\u1ec3 \u0111\u1eb7t l\u1ecbch \u0111\u00e1nh b\u00f3ng ho\u1eb7c s\u1eeda ch\u1eefa nh\u1ecf do x\u1eed l\u00fd sai c\u00e1ch \u2013 c\u00f3 t\u00ednh ph\u00ed v\u00e0 ch\u1ec9 d\u00e0nh cho kh\u00e1ch h\u00e0ng c\u1ee7a Yi Pin Qian t\u1ea1i Singapore*<\/p>\n<p><\/p>\n<p><strong>**C\u00e1c lo\u1ea1i ch\u1ee9ng ch\u1ec9**<\/strong><\/p>\n<p><\/p>\n<p><strong>NGI (C\u00f4ng ty \u0110\u00e1 qu\u00fd Nan Yang)<\/strong><\/p>\n<p>ho\u1eb7c <strong>Ch\u1ee9ng ch\u1ec9 n\u01b0\u1edbc ngo\u00e0i <\/strong>(Yi Pin Qian ch\u1ec9 s\u1eed d\u1ee5ng c\u00e1c ch\u1ee9ng ch\u1ec9 x\u00e1c th\u1ef1c t\u1eeb c\u00e1c ph\u00f2ng th\u00ed nghi\u1ec7m \u1edf n\u01b0\u1edbc ngo\u00e0i v\u00e0 ki\u1ec3m so\u00e1t ch\u1ea5t l\u01b0\u1ee3ng m\u1ecdi s\u1ea3n ph\u1ea9m c\u1ee7a ch\u00fang t\u00f4i tr\u01b0\u1edbc khi \u0111\u01b0a ch\u00fang ra b\u00e1n t\u1ea1i Singapore)<\/p>\n<p><\/p>\n<p>M\u1ed7i s\u1ea3n ph\u1ea9m tr\u00ean TikTok s\u1ebd c\u00f3 lo\u1ea1i ch\u1ee9ng ch\u1ec9 \u0111\u01b0\u1ee3c cung c\u1ea5p \u0111\u01b0\u1ee3c n\u00eau trong ph\u1ea7n m\u00f4 t\u1ea3. \u0110\u1ed1i v\u1edbi b\u1ea5t k\u1ef3 kh\u00e1ch h\u00e0ng n\u00e0o mu\u1ed1n g\u1eedi \u0111\u01a1n h\u00e0ng c\u1ee7a m\u00ecnh \u0111\u1ebfn NGI Singapore, s\u1ebd c\u00f3 th\u1eddi gian ch\u1edd giao h\u00e0ng \u01b0\u1edbc t\u00ednh kho\u1ea3ng 4 tu\u1ea7n \u0111\u1ec3 nh\u1eadn \u0111\u01b0\u1ee3c \u0111\u01a1n h\u00e0ng c\u1ee7a b\u1ea1n. <strong>Y\u00eau c\u1ea7u b\u00e1o c\u00e1o v\u1ec1 NGI Gemstone c\u1ea7n \u0111\u01b0\u1ee3c th\u1ef1c hi\u1ec7n b\u1eb1ng c\u00e1ch nh\u1eafn tin \u0111\u1ebfn c\u1eeda h\u00e0ng TikTok Yi Pin Qian.<\/strong> C\u1ea3m \u01a1n, <strong><u>\u00e1p d\u1ee5ng th\u00eam ph\u00ed<\/u><\/strong>.<\/p>\n<p><\/p>\n<p><strong>Jadeite t\u1ef1 nhi\u00ean kh\u00f4ng ho\u00e0n h\u1ea3o, ch\u1ec9 l\u00e0 m\u1ed9t l\u1eddi nh\u1eafc nh\u1edf nh\u1eb9 nh\u00e0ng, Jadeite t\u1ef1 nhi\u00ean c\u1ee7a ch\u00fang t\u00f4i, gi\u1ed1ng nh\u01b0 t\u1ea5t c\u1ea3 nh\u1eefng th\u1ee9 \u0111\u1eb9p \u0111\u1ebd trong t\u1ef1 nhi\u00ean, c\u00f3 nh\u1eefng \u0111\u1eb7c \u0111i\u1ec3m v\u00e0 bi\u1ebfn th\u1ec3 \u0111\u1ed9c \u0111\u00e1o. Ch\u00fang t\u00f4i m\u1eddi nh\u1eefng kh\u00e1ch h\u00e0ng c\u00f3 gi\u00e1 tr\u1ecb c\u1ee7a m\u00ecnh \u0111\u00f3n nh\u1eadn nh\u1eefng bi\u1ebfn th\u1ec3 t\u1ef1 nhi\u00ean n\u00e0y. Ch\u00fac b\u1ea1n mua s\u1eafm vui v\u1ebb!<\/strong><\/p>\n<p><\/p>\n<p><strong><u>Kh\u00f4ng c\u00f3 h\u00ecnh \u1ea3nh v\u00e0 c\u1ea3nh quay video n\u00e0o \u0111\u01b0\u1ee3c l\u1ecdc. Ch\u00fang t\u00f4i khuy\u1ebfn kh\u00edch kh\u00e1ch h\u00e0ng c\u1ee7a m\u00ecnh c\u0169ng xem c\u00e1c video \u0111i k\u00e8m \u0111\u1ec3 c\u00f3 c\u00e1i nh\u00ecn to\u00e0n di\u1ec7n h\u01a1n v\u1ec1 s\u1ea3n ph\u1ea9m c\u1ee7a ch\u00fang t\u00f4i<\/u><\/strong><\/p>","protected":false},"excerpt":{"rendered":"<p>Elevate your jewelry collection with this Premium Light Green Hue Natural Type A Jadeite Jade Gourd Pendant. Skillfully crafted and set with an 18k Gold Clasp, this pendant exudes both elegance and sophistication. Certificate numbers: GD2111H006113 Natural Type A Jadeite: Crafted from natural type a jadeite, this pendant boasts a stunning light green hue. Gourd [&hellip;]<\/p>","protected":false},"featured_media":17135,"comment_status":"open","ping_status":"closed","template":"","meta":[],"product_brand":[],"product_cat":[194],"product_tag":[50,52,53,55,82,58,59,60,61,62],"class_list":{"0":"post-17134","1":"product","2":"type-product","3":"status-publish","4":"has-post-thumbnail","6":"product_cat-value-picks","7":"product_tag-18k-gold","8":"product_tag-certified","9":"product_tag-fine-quality","10":"product_tag-jadeite","11":"product_tag-light-green","12":"product_tag-new-arrivals","13":"product_tag-translucent","14":"product_tag-type-a-jadeite","15":"product_tag-unisex","16":"product_tag-yi-pin-qian-exclusive","18":"first","19":"instock","20":"sale","21":"shipping-taxable","22":"purchasable","23":"product-type-simple"},"_links":{"self":[{"href":"https:\/\/shop.yipinqian.com\/vi\/wp-json\/wp\/v2\/product\/17134","targetHints":{"allow":["GET"]}}],"collection":[{"href":"https:\/\/shop.yipinqian.com\/vi\/wp-json\/wp\/v2\/product"}],"about":[{"href":"https:\/\/shop.yipinqian.com\/vi\/wp-json\/wp\/v2\/types\/product"}],"replies":[{"embeddable":true,"href":"https:\/\/shop.yipinqian.com\/vi\/wp-json\/wp\/v2\/comments?post=17134"}],"version-history":[{"count":0,"href":"https:\/\/shop.yipinqian.com\/vi\/wp-json\/wp\/v2\/product\/17134\/revisions"}],"wp:featuredmedia":[{"embeddable":true,"href":"https:\/\/shop.yipinqian.com\/vi\/wp-json\/wp\/v2\/media\/17135"}],"wp:attachment":[{"href":"https:\/\/shop.yipinqian.com\/vi\/wp-json\/wp\/v2\/media?parent=17134"}],"wp:term":[{"taxonomy":"product_brand","embeddable":true,"href":"https:\/\/shop.yipinqian.com\/vi\/wp-json\/wp\/v2\/product_brand?post=17134"},{"taxonomy":"product_cat","embeddable":true,"href":"https:\/\/shop.yipinqian.com\/vi\/wp-json\/wp\/v2\/product_cat?post=17134"},{"taxonomy":"product_tag","embeddable":true,"href":"https:\/\/shop.yipinqian.com\/vi\/wp-json\/wp\/v2\/product_tag?post=17134"}],"curies":[{"name":"wp","href":"https:\/\/api.w.org\/{rel}","templated":true}]}}