{"id":1712,"date":"2024-10-24T23:21:42","date_gmt":"2024-10-24T15:21:42","guid":{"rendered":"https:\/\/shop.yipinqian.com\/product\/quality-yellow-with-light-green-hue-natural-type-a-jadeite-jade-crafted-with-lion-as-pendant-certificate-weighs-17-82-grams-measurement-38-24-11-6-mm-pendant241\/"},"modified":"2025-02-24T00:49:52","modified_gmt":"2025-02-23T16:49:52","slug":"quality-yellow-with-light-green-hue-natural-type-a-jadeite-jade-crafted-with-lion-as-pendant-certificate-weighs-17-82-grams-measurement-38-24-11-6-mm-pendant241","status":"publish","type":"product","link":"https:\/\/shop.yipinqian.com\/vi\/san-pham\/quality-yellow-with-light-green-hue-natural-type-a-jadeite-jade-crafted-with-lion-as-pendant-certificate-weighs-17-82-grams-measurement-38-24-11-6-mm-pendant241\/","title":{"rendered":"Ch\u1ea5t l\u01b0\u1ee3ng v\u00e0ng v\u1edbi s\u1eafc xanh l\u1ee5c nh\u1ea1t Jadeite t\u1ef1 nhi\u00ean lo\u1ea1i A \u0111\u01b0\u1ee3c ch\u1ebf t\u00e1c v\u1edbi m\u1eb7t d\u00e2y chuy\u1ec1n h\u00ecnh s\u01b0 t\u1eed, gi\u1ea5y ch\u1ee9ng nh\u1eadn n\u1eb7ng 17,82 gram, k\u00edch th\u01b0\u1edbc 38 * 24 * 11,6 mm (m\u1eb7t d\u00e2y chuy\u1ec1n241)"},"content":{"rendered":"<p>H\u00e3y t\u00f4 \u0111i\u1ec3m cho b\u1ea3n th\u00e2n b\u1eb1ng chi\u1ebfc v\u00f2ng c\u1ed5 ng\u1ecdc b\u00edch t\u1ef1 nhi\u00ean lo\u1ea1i A tuy\u1ec7t \u0111\u1eb9p n\u00e0y v\u1edbi m\u1eb7t d\u00e2y chuy\u1ec1n h\u00ecnh s\u01b0 t\u1eed, th\u1ec3 hi\u1ec7n s\u1eafc v\u00e0ng tuy\u1ec7t \u0111\u1eb9p k\u1ebft h\u1ee3p v\u1edbi s\u1eafc xanh l\u00e1 c\u00e2y nh\u1ea1t.<\/p>\n<p>\u00a0<\/p>\n<p>S\u1ed1 ch\u1ee9ng ch\u1ec9: GD2110H012014<\/p>\n<ul>\n<li>\n<strong>Ch\u1ea5t l\u01b0\u1ee3ng cao c\u1ea5p:<\/strong> \u0110\u01b0\u1ee3c ch\u1ebf t\u00e1c t\u1ec9 m\u1ec9 \u0111\u1ebfn t\u1eebng chi ti\u1ebft, m\u1eb7t d\u00e2y chuy\u1ec1n n\u00e0y l\u00e0 minh ch\u1ee9ng cho tay ngh\u1ec1 th\u1ee7 c\u00f4ng v\u01b0\u1ee3t tr\u1ed9i.<\/li>\n<li>\n<strong>Gi\u1ea5y ch\u1ee9ng nh\u1eadn bao g\u1ed3m:<\/strong> S\u1ea3n ph\u1ea9m n\u00e0y \u0111i k\u00e8m v\u1edbi ch\u1ee9ng ch\u1ec9 x\u00e1c minh t\u00ednh x\u00e1c th\u1ef1c v\u00e0 ch\u1ea5t l\u01b0\u1ee3ng, gi\u00fap s\u1ea3n ph\u1ea9m tr\u1edf th\u00e0nh s\u1ef1 b\u1ed5 sung gi\u00e1 tr\u1ecb cho b\u1ed9 s\u01b0u t\u1eadp c\u1ee7a b\u1ea1n.<\/li>\n<li>\n<strong>Thi\u1ebft k\u1ebf thanh l\u1ecbch:<\/strong> H\u1ecda ti\u1ebft S\u01b0 t\u1eed mang \u0111\u1ebfn n\u00e9t tinh t\u1ebf v\u00e0 bi\u1ec3u t\u01b0\u1ee3ng cho di\u1ec7n m\u1ea1o c\u1ee7a b\u1ea1n, ho\u00e0n h\u1ea3o cho b\u1ea5t k\u1ef3 d\u1ecbp may m\u1eafn n\u00e0o.<\/li>\n<\/ul>\n<p>N\u1eb7ng 17,82 gram v\u00e0 c\u00f3 k\u00edch th\u01b0\u1edbc 38 * 24 * 11,6 mm (pendant241), chi\u1ebfc v\u00f2ng c\u1ed5 n\u00e0y kh\u00f4ng ch\u1ec9 th\u1eddi trang m\u00e0 c\u00f2n c\u00f3 k\u00edch th\u01b0\u1edbc l\u1edbn. C\u00f3 ngu\u1ed3n g\u1ed1c t\u1eeb Myanmar, n\u01a1i n\u1ed5i ti\u1ebfng v\u1edbi tr\u1eef l\u01b0\u1ee3ng ng\u1ecdc b\u00edch phong ph\u00fa, n\u00f3 mang trong m\u00ecnh tinh hoa c\u1ee7a truy\u1ec1n th\u1ed1ng v\u00e0 s\u1ef1 thanh l\u1ecbch.<\/p>\n<p>\u00a0<\/p>\n<ul>\n<li>\n<strong>S\u1ef1 h\u1ea5p d\u1eabn d\u00e0nh cho c\u1ea3 nam v\u00e0 n\u1eef:<\/strong> \u0110\u01b0\u1ee3c thi\u1ebft k\u1ebf d\u00e0nh cho c\u1ea3 nam v\u00e0 n\u1eef, chi\u1ebfc v\u00f2ng c\u1ed5 n\u00e0y ph\u00f9 h\u1ee3p v\u1edbi m\u1ecdi gi\u1edbi t\u00ednh m\u1ed9t c\u00e1ch d\u1ec5 d\u00e0ng.<\/li>\n<li>Lo\u1ea1i ng\u1ecdc b\u00edch: Jadeite<\/li>\n<li>Ki\u1ec3u d\u00e1ng gi\u1ea3n d\u1ecb c\u1ee7a chi\u1ebfc v\u00f2ng c\u1ed5 n\u00e0y r\u1ea5t ph\u00f9 h\u1ee3p \u0111\u1ec3 \u0111eo h\u00e0ng ng\u00e0y ho\u1eb7c trong c\u00e1c s\u1ef1 ki\u1ec7n \u0111\u1eb7c bi\u1ec7t.<\/li>\n<\/ul>\n<p><strong>Jadeite t\u1ef1 nhi\u00ean kh\u00f4ng ho\u00e0n h\u1ea3o, ch\u1ec9 l\u00e0 m\u1ed9t l\u1eddi nh\u1eafc nh\u1edf nh\u1eb9 nh\u00e0ng, Jadeite t\u1ef1 nhi\u00ean c\u1ee7a ch\u00fang t\u00f4i, gi\u1ed1ng nh\u01b0 t\u1ea5t c\u1ea3 nh\u1eefng th\u1ee9 \u0111\u1eb9p \u0111\u1ebd trong t\u1ef1 nhi\u00ean, c\u00f3 nh\u1eefng \u0111\u1eb7c \u0111i\u1ec3m v\u00e0 bi\u1ebfn th\u1ec3 \u0111\u1ed9c \u0111\u00e1o. Ch\u00fang t\u00f4i m\u1eddi nh\u1eefng kh\u00e1ch h\u00e0ng c\u00f3 gi\u00e1 tr\u1ecb c\u1ee7a m\u00ecnh \u0111\u00f3n nh\u1eadn nh\u1eefng bi\u1ebfn th\u1ec3 t\u1ef1 nhi\u00ean n\u00e0y. Ch\u00fac b\u1ea1n mua s\u1eafm vui v\u1ebb!<\/strong><\/p>\n<p>\u00a0<\/p>\n<p><strong><u>Kh\u00f4ng c\u00f3 h\u00ecnh \u1ea3nh v\u00e0 c\u1ea3nh quay video n\u00e0o \u0111\u01b0\u1ee3c l\u1ecdc. Ch\u00fang t\u00f4i khuy\u1ebfn kh\u00edch kh\u00e1ch h\u00e0ng c\u1ee7a m\u00ecnh c\u0169ng xem c\u00e1c video \u0111i k\u00e8m \u0111\u1ec3 c\u00f3 c\u00e1i nh\u00ecn to\u00e0n di\u1ec7n h\u01a1n v\u1ec1 s\u1ea3n ph\u1ea9m c\u1ee7a ch\u00fang t\u00f4i<\/u><\/strong><\/p>\n<p>\u00a0<\/p>\n<p>.<\/p>","protected":false},"excerpt":{"rendered":"<p>H\u00e3y t\u00f4 \u0111i\u1ec3m cho b\u1ea3n th\u00e2n b\u1eb1ng chi\u1ebfc v\u00f2ng c\u1ed5 Ng\u1ecdc b\u00edch t\u1ef1 nhi\u00ean lo\u1ea1i A tinh x\u1ea3o n\u00e0y c\u00f3 m\u1eb7t d\u00e2y chuy\u1ec1n S\u01b0 t\u1eed, th\u1ec3 hi\u1ec7n s\u1eafc v\u00e0ng tuy\u1ec7t \u0111\u1eb9p v\u1edbi s\u1eafc xanh l\u00e1 nh\u1ea1t. S\u1ed1 ch\u1ee9ng nh\u1eadn: GD2110H012014 Ch\u1ea5t l\u01b0\u1ee3ng cao c\u1ea5p: \u0110\u01b0\u1ee3c ch\u1ebf t\u00e1c v\u1edbi s\u1ef1 ch\u00fa \u00fd t\u1ec9 m\u1ec9 \u0111\u1ebfn t\u1eebng chi ti\u1ebft, m\u1eb7t d\u00e2y chuy\u1ec1n n\u00e0y l\u00e0 minh ch\u1ee9ng cho tay ngh\u1ec1 th\u1ee7 c\u00f4ng v\u01b0\u1ee3t tr\u1ed9i. C\u00f3 k\u00e8m ch\u1ee9ng nh\u1eadn: S\u1ea3n ph\u1ea9m n\u00e0y \u0111i k\u00e8m v\u1edbi ch\u1ee9ng nh\u1eadn x\u00e1c minh t\u00ednh x\u00e1c th\u1ef1c v\u00e0 [\u2026]<\/p>","protected":false},"featured_media":7320,"comment_status":"open","ping_status":"closed","template":"","meta":[],"product_brand":[],"product_cat":[194],"product_tag":[],"class_list":{"0":"post-1712","1":"product","2":"type-product","3":"status-publish","4":"has-post-thumbnail","6":"product_cat-value-picks","8":"first","9":"instock","10":"sale","11":"shipping-taxable","12":"purchasable","13":"product-type-simple"},"_links":{"self":[{"href":"https:\/\/shop.yipinqian.com\/vi\/wp-json\/wp\/v2\/product\/1712","targetHints":{"allow":["GET"]}}],"collection":[{"href":"https:\/\/shop.yipinqian.com\/vi\/wp-json\/wp\/v2\/product"}],"about":[{"href":"https:\/\/shop.yipinqian.com\/vi\/wp-json\/wp\/v2\/types\/product"}],"replies":[{"embeddable":true,"href":"https:\/\/shop.yipinqian.com\/vi\/wp-json\/wp\/v2\/comments?post=1712"}],"version-history":[{"count":0,"href":"https:\/\/shop.yipinqian.com\/vi\/wp-json\/wp\/v2\/product\/1712\/revisions"}],"wp:featuredmedia":[{"embeddable":true,"href":"https:\/\/shop.yipinqian.com\/vi\/wp-json\/wp\/v2\/media\/7320"}],"wp:attachment":[{"href":"https:\/\/shop.yipinqian.com\/vi\/wp-json\/wp\/v2\/media?parent=1712"}],"wp:term":[{"taxonomy":"product_brand","embeddable":true,"href":"https:\/\/shop.yipinqian.com\/vi\/wp-json\/wp\/v2\/product_brand?post=1712"},{"taxonomy":"product_cat","embeddable":true,"href":"https:\/\/shop.yipinqian.com\/vi\/wp-json\/wp\/v2\/product_cat?post=1712"},{"taxonomy":"product_tag","embeddable":true,"href":"https:\/\/shop.yipinqian.com\/vi\/wp-json\/wp\/v2\/product_tag?post=1712"}],"curies":[{"name":"wp","href":"https:\/\/api.w.org\/{rel}","templated":true}]}}