{"id":1711,"date":"2024-10-24T23:21:42","date_gmt":"2024-10-24T15:21:42","guid":{"rendered":"https:\/\/shop.yipinqian.com\/product\/quality-white-natural-type-a-jadeite-jade-crafted-with-many-coins-as-ring-with-finger-size-21-mm-qic-approved-labs-certificate-weigh-22-07-grams-measurement-12-5-6-7-mm-ring6\/"},"modified":"2025-02-24T00:49:52","modified_gmt":"2025-02-23T16:49:52","slug":"quality-white-natural-type-a-jadeite-jade-crafted-with-many-coins-as-ring-with-finger-size-21-mm-qic-approved-labs-certificate-weigh-22-07-grams-measurement-12-5-6-7-mm-ring6","status":"publish","type":"product","link":"https:\/\/shop.yipinqian.com\/vi\/san-pham\/quality-white-natural-type-a-jadeite-jade-crafted-with-many-coins-as-ring-with-finger-size-21-mm-qic-approved-labs-certificate-weigh-22-07-grams-measurement-12-5-6-7-mm-ring6\/","title":{"rendered":"Ng\u1ecdc b\u00edch t\u1ef1 nhi\u00ean lo\u1ea1i A m\u00e0u tr\u1eafng ch\u1ea5t l\u01b0\u1ee3ng cao \u0111\u01b0\u1ee3c ch\u1ebf t\u00e1c v\u1edbi nhi\u1ec1u \u0111\u1ed3ng xu l\u00e0m Nh\u1eabn c\u00f3 k\u00edch th\u01b0\u1edbc ng\u00f3n tay 21 mm, ch\u1ee9ng nh\u1eadn c\u1ee7a ph\u00f2ng th\u00ed nghi\u1ec7m QIC, n\u1eb7ng 22,07 gam, k\u00edch th\u01b0\u1edbc 12,5 * 6,7 mm (ring6)"},"content":{"rendered":"<p>Chi\u1ebfc nh\u1eabn ng\u1ecdc b\u00edch lo\u1ea1i A t\u1ef1 nhi\u00ean m\u00e0u tr\u1eafng ch\u1ea5t l\u01b0\u1ee3ng n\u00e0y l\u00e0 m\u1ed9t t\u00e1c ph\u1ea9m tuy\u1ec7t \u0111\u1eb9p \u0111\u01b0\u1ee3c ch\u1ebf t\u00e1c t\u1eeb nhi\u1ec1u \u0111\u1ed3ng xu, to\u00e1t l\u00ean v\u1ebb thanh l\u1ecbch v\u00e0 quy\u1ebfn r\u0169.<\/p>\n<p><\/p>\n<p>S\u1ed1 ch\u1ee9ng ch\u1ec9: 5924020504006<\/p>\n<ul>\n<li>K\u00edch th\u01b0\u1edbc ng\u00f3n tay: 21 mm<\/li>\n<li>C\u00e2n n\u1eb7ng: 22,07 gram<\/li>\n<li>K\u00edch th\u01b0\u1edbc: 12,5 * 6,7 mm (ring6)<\/li>\n<\/ul>\n<p>T\u00ednh x\u00e1c th\u1ef1c \u0111\u01b0\u1ee3c \u0111\u1ea3m b\u1ea3o v\u1edbi ch\u1ee9ng ch\u1ec9 c\u1ee7a ph\u00f2ng th\u00ed nghi\u1ec7m \u0111\u01b0\u1ee3c QIC ch\u1ea5p thu\u1eadn, \u0111\u1ea3m b\u1ea3o ch\u1ea5t l\u01b0\u1ee3ng c\u1ee7a chi\u1ebfc nh\u1eabn ng\u1ecdc b\u00edch tinh x\u1ea3o n\u00e0y.<\/p>\n<ul>\n<li>C\u00f3 ch\u1ee9ng ch\u1ec9: C\u00f3<\/li>\n<li>N\u01b0\u1edbc xu\u1ea5t x\u1ee9: Myanmar<\/li>\n<li>Nh\u00e2n d\u1ecbp: M\u1eb7c h\u00e0ng ng\u00e0y<\/li>\n<li>Lo\u1ea1i b\u1ea3o h\u00e0nh: Kh\u00f4ng bao g\u1ed3m b\u1ea3o h\u00e0nh<\/li>\n<li>Gi\u1edbi t\u00ednh: Nam<\/li>\n<\/ul>\n<p><\/p>\n<p>Th\u00eam n\u00e9t tinh t\u1ebf cho phong c\u00e1ch c\u1ee7a b\u1ea1n v\u1edbi m\u00f3n \u0111\u1ed3 tuy\u1ec7t \u0111\u1eb9p n\u00e0y, ho\u00e0n h\u1ea3o cho c\u1ea3 trang ph\u1ee5c h\u00e0ng ng\u00e0y v\u00e0 nh\u1eefng d\u1ecbp \u0111\u1eb7c bi\u1ec7t.<\/p>","protected":false},"excerpt":{"rendered":"<p>Chi\u1ebfc nh\u1eabn ng\u1ecdc b\u00edch t\u1ef1 nhi\u00ean lo\u1ea1i A m\u00e0u tr\u1eafng ch\u1ea5t l\u01b0\u1ee3ng n\u00e0y l\u00e0 m\u1ed9t t\u00e1c ph\u1ea9m tuy\u1ec7t \u0111\u1eb9p \u0111\u01b0\u1ee3c ch\u1ebf t\u00e1c b\u1eb1ng nhi\u1ec1u \u0111\u1ed3ng xu, to\u00e1t l\u00ean v\u1ebb thanh l\u1ecbch v\u00e0 quy\u1ebfn r\u0169. S\u1ed1 ch\u1ee9ng ch\u1ec9: 5924020504006 K\u00edch th\u01b0\u1edbc ng\u00f3n tay: 21 mm C\u00e2n n\u1eb7ng: 22,07 gam K\u00edch th\u01b0\u1edbc: 12,5 * 6,7 mm (ring6) T\u00ednh x\u00e1c th\u1ef1c \u0111\u01b0\u1ee3c \u0111\u1ea3m b\u1ea3o v\u1edbi ch\u1ee9ng ch\u1ec9 ph\u00f2ng th\u00ed nghi\u1ec7m \u0111\u01b0\u1ee3c QIC ch\u1ea5p thu\u1eadn, \u0111\u1ea3m b\u1ea3o ch\u1ea5t l\u01b0\u1ee3ng c\u1ee7a chi\u1ebfc nh\u1eabn ng\u1ecdc b\u00edch tinh x\u1ea3o n\u00e0y. V\u1edbi [\u2026]<\/p>","protected":false},"featured_media":7303,"comment_status":"open","ping_status":"closed","template":"","meta":[],"product_brand":[],"product_cat":[194],"product_tag":[],"class_list":{"0":"post-1711","1":"product","2":"type-product","3":"status-publish","4":"has-post-thumbnail","6":"product_cat-value-picks","8":"first","9":"instock","10":"sale","11":"shipping-taxable","12":"purchasable","13":"product-type-simple"},"_links":{"self":[{"href":"https:\/\/shop.yipinqian.com\/vi\/wp-json\/wp\/v2\/product\/1711","targetHints":{"allow":["GET"]}}],"collection":[{"href":"https:\/\/shop.yipinqian.com\/vi\/wp-json\/wp\/v2\/product"}],"about":[{"href":"https:\/\/shop.yipinqian.com\/vi\/wp-json\/wp\/v2\/types\/product"}],"replies":[{"embeddable":true,"href":"https:\/\/shop.yipinqian.com\/vi\/wp-json\/wp\/v2\/comments?post=1711"}],"version-history":[{"count":0,"href":"https:\/\/shop.yipinqian.com\/vi\/wp-json\/wp\/v2\/product\/1711\/revisions"}],"wp:featuredmedia":[{"embeddable":true,"href":"https:\/\/shop.yipinqian.com\/vi\/wp-json\/wp\/v2\/media\/7303"}],"wp:attachment":[{"href":"https:\/\/shop.yipinqian.com\/vi\/wp-json\/wp\/v2\/media?parent=1711"}],"wp:term":[{"taxonomy":"product_brand","embeddable":true,"href":"https:\/\/shop.yipinqian.com\/vi\/wp-json\/wp\/v2\/product_brand?post=1711"},{"taxonomy":"product_cat","embeddable":true,"href":"https:\/\/shop.yipinqian.com\/vi\/wp-json\/wp\/v2\/product_cat?post=1711"},{"taxonomy":"product_tag","embeddable":true,"href":"https:\/\/shop.yipinqian.com\/vi\/wp-json\/wp\/v2\/product_tag?post=1711"}],"curies":[{"name":"wp","href":"https:\/\/api.w.org\/{rel}","templated":true}]}}