{"id":1710,"date":"2024-10-24T23:21:42","date_gmt":"2024-10-24T15:21:42","guid":{"rendered":"https:\/\/shop.yipinqian.com\/product\/quality-spicy-green-natural-type-a-jadeite-jade-crafted-with-the-shape-of-gourd-set-on-s925-as-an-adjustable-ring-with-certificate-weigh-2-67-grams-measurement-15-6-11-8-2-7-mm-s925ring8\/"},"modified":"2025-02-24T00:49:52","modified_gmt":"2025-02-23T16:49:52","slug":"quality-spicy-green-natural-type-a-jadeite-jade-crafted-with-the-shape-of-gourd-set-on-s925-as-an-adjustable-ring-with-certificate-weigh-2-67-grams-measurement-15-6-11-8-2-7-mm-s925ring8","status":"publish","type":"product","link":"https:\/\/shop.yipinqian.com\/vi\/san-pham\/quality-spicy-green-natural-type-a-jadeite-jade-crafted-with-the-shape-of-gourd-set-on-s925-as-an-adjustable-ring-with-certificate-weigh-2-67-grams-measurement-15-6-11-8-2-7-mm-s925ring8\/","title":{"rendered":"Ng\u1ecdc b\u00edch t\u1ef1 nhi\u00ean lo\u1ea1i A m\u00e0u xanh l\u00e1 c\u00e2y cay ch\u1ea5t l\u01b0\u1ee3ng cao \u0111\u01b0\u1ee3c ch\u1ebf t\u00e1c theo h\u00ecnh qu\u1ea3 b\u1ea7u \u0111\u01b0\u1ee3c g\u1eafn tr\u00ean S925 nh\u01b0 m\u1ed9t chi\u1ebfc nh\u1eabn c\u00f3 th\u1ec3 \u0111i\u1ec1u ch\u1ec9nh c\u00f3 ch\u1ee9ng ch\u1ec9 n\u1eb7ng 2,67 gram, k\u00edch th\u01b0\u1edbc 15,6 * 11,8 * 2,7 mm (s925ring8)"},"content":{"rendered":"<p>Xin gi\u1edbi thi\u1ec7u chi\u1ebfc nh\u1eabn ng\u1ecdc b\u00edch t\u1ef1 nhi\u00ean lo\u1ea1i A m\u00e0u xanh cay ch\u1ea5t l\u01b0\u1ee3ng tuy\u1ec7t \u0111\u1eb9p c\u1ee7a ch\u00fang t\u00f4i, \u0111\u01b0\u1ee3c ch\u1ebf t\u00e1c theo h\u00ecnh qu\u1ea3 b\u1ea7u, ho\u00e0n h\u1ea3o cho m\u1ecdi d\u1ecbp h\u00e0ng ng\u00e0y.<\/p>\n<p>\u00a0<\/p>\n<p>S\u1ed1 ch\u1ee9ng nh\u1eadn: GD2203H005250<\/p>\n<p>K\u00edch th\u01b0\u1edbc ng\u00f3n tay: C\u00f3 th\u1ec3 \u0111i\u1ec1u ch\u1ec9nh Free size<\/p>\n<p><img fetchpriority=\"high\" decoding=\"async\" height=\"1080\" src=\"https:\/\/shop.yipinqian.com\/wp-content\/uploads\/2024\/10\/5c974e9eeae4075a76f72c79e93cdeae.jpg?from=476444299\" width=\"1080\"><\/p>\n<ul>\n<li>\n<strong>Thi\u1ebft k\u1ebf c\u1ed5 \u0111i\u1ec3n:<\/strong> Chi\u1ebfc nh\u1eabn \u0111\u01b0\u1ee3c ch\u1ebf t\u00e1c theo thi\u1ebft k\u1ebf h\u00ecnh qu\u1ea3 b\u1ea7u c\u1ed5 \u0111i\u1ec3n, mang \u0111\u1ebfn v\u1ebb thanh l\u1ecbch cho v\u1ebb ngo\u00e0i c\u1ee7a b\u1ea1n.<\/li>\n<li>\n<strong>Ng\u1ecdc b\u00edch t\u1ef1 nhi\u00ean lo\u1ea1i A:<\/strong> \u0110\u01b0\u1ee3c l\u00e0m t\u1eeb ng\u1ecdc b\u00edch xanh t\u1ef1 nhi\u00ean lo\u1ea1i A t\u1eeb Myanmar, chi\u1ebfc nh\u1eabn n\u00e0y c\u00f3 ch\u1ea5t l\u01b0\u1ee3ng cao nh\u1ea5t v\u00e0 c\u00f3 m\u00e0u xanh t\u1ef1 nhi\u00ean tuy\u1ec7t \u0111\u1eb9p.<\/li>\n<li>\n<strong>S925 V\u1eadt li\u1ec7u c\u00e0i \u0111\u1eb7t:<\/strong> \u0110\u00e1 ng\u1ecdc b\u00edch \u0111\u01b0\u1ee3c g\u1eafn tr\u00ean v\u1eadt li\u1ec7u S925 \u0111\u1ea3m b\u1ea3o \u0111\u1ed9 b\u1ec1n v\u00e0 tu\u1ed5i th\u1ecd cho m\u00f3n \u0111\u1ed3 trang s\u1ee9c c\u1ee7a b\u1ea1n.<\/li>\n<li>\n<strong>Gi\u1ea5y ch\u1ee9ng nh\u1eadn bao g\u1ed3m:<\/strong>S\u1ea3n ph\u1ea9m c\u00f3 k\u00e8m theo ch\u1ee9ng ch\u1ec9 \u0111\u1ea3m b\u1ea3o t\u00ednh x\u00e1c th\u1ef1c v\u00e0 ch\u1ea5t l\u01b0\u1ee3ng.<\/li>\n<\/ul>\n<p>Chi\u1ebfc nh\u1eabn S925 c\u00f3 th\u1ec3 \u0111i\u1ec1u ch\u1ec9nh n\u00e0y n\u1eb7ng 2,67 gam v\u00e0 c\u00f3 k\u00edch th\u01b0\u1edbc 15,6 * 11,8 * 2,7 mm, l\u00e0 ph\u1ee5 ki\u1ec7n trang s\u1ee9c l\u00fd t\u01b0\u1edfng cho nh\u1eefng ph\u1ee5 n\u1eef y\u00eau th\u00edch thi\u1ebft k\u1ebf \u0111\u1ed9c \u0111\u00e1o k\u1ebft h\u1ee3p v\u1edbi ch\u1ea5t li\u1ec7u cao c\u1ea5p.<\/p>\n<ul>\n<li>\n<strong>\u0110\u01b0\u1ee3c x\u00e2y d\u1ef1ng \u0111\u1ec3 t\u1ed3n t\u1ea1i l\u00e2u d\u00e0i: <\/strong>T\u00e1c ph\u1ea9m n\u00e0y \u0111\u01b0\u1ee3c l\u00e0m b\u1edfi nh\u1eefng ngh\u1ec7 nh\u00e2n l\u00e0nh ngh\u1ec1 ch\u1ec9 s\u1eed d\u1ee5ng nh\u1eefng v\u1eadt li\u1ec7u ch\u1ea5t l\u01b0\u1ee3ng h\u00e0ng \u0111\u1ea7u \u0111\u1ea3m b\u1ea3o n\u00f3 c\u00f3 th\u1ec3 t\u1ed3n t\u1ea1i theo th\u1eddi gian<\/li>\n<li>.<\/li>\n<\/ul>\n<p>H\u00e3y th\u00eam chi\u1ebfc nh\u1eabn c\u00f3 th\u1ec3 \u0111i\u1ec1u ch\u1ec9nh h\u00ecnh qu\u1ea3 b\u1ea7u ng\u1ecdc b\u00edch tuy\u1ec7t \u0111\u1eb9p n\u00e0y v\u00e0o b\u1ed9 s\u01b0u t\u1eadp c\u1ee7a b\u1ea1n ngay h\u00f4m nay!<\/p>\n<p>\u00a0<\/p>\n<p><strong>Jadeite t\u1ef1 nhi\u00ean kh\u00f4ng ho\u00e0n h\u1ea3o, ch\u1ec9 l\u00e0 m\u1ed9t l\u1eddi nh\u1eafc nh\u1edf nh\u1eb9 nh\u00e0ng, Jadeite t\u1ef1 nhi\u00ean c\u1ee7a ch\u00fang t\u00f4i, gi\u1ed1ng nh\u01b0 t\u1ea5t c\u1ea3 nh\u1eefng th\u1ee9 \u0111\u1eb9p \u0111\u1ebd trong t\u1ef1 nhi\u00ean, c\u00f3 nh\u1eefng \u0111\u1eb7c \u0111i\u1ec3m v\u00e0 bi\u1ebfn th\u1ec3 \u0111\u1ed9c \u0111\u00e1o. Ch\u00fang t\u00f4i m\u1eddi nh\u1eefng kh\u00e1ch h\u00e0ng c\u00f3 gi\u00e1 tr\u1ecb c\u1ee7a m\u00ecnh \u0111\u00f3n nh\u1eadn nh\u1eefng bi\u1ebfn th\u1ec3 t\u1ef1 nhi\u00ean n\u00e0y. Ch\u00fac b\u1ea1n mua s\u1eafm vui v\u1ebb!<\/strong><\/p>\n<p>\u00a0<\/p>\n<p><strong><u>Kh\u00f4ng c\u00f3 h\u00ecnh \u1ea3nh v\u00e0 c\u1ea3nh quay video n\u00e0o \u0111\u01b0\u1ee3c l\u1ecdc. Ch\u00fang t\u00f4i khuy\u1ebfn kh\u00edch kh\u00e1ch h\u00e0ng c\u1ee7a m\u00ecnh c\u0169ng xem c\u00e1c video \u0111i k\u00e8m \u0111\u1ec3 c\u00f3 c\u00e1i nh\u00ecn to\u00e0n di\u1ec7n h\u01a1n v\u1ec1 s\u1ea3n ph\u1ea9m c\u1ee7a ch\u00fang t\u00f4i<\/u><\/strong><\/p>\n<p>.<\/p>","protected":false},"excerpt":{"rendered":"<p>Gi\u1edbi thi\u1ec7u chi\u1ebfc nh\u1eabn ng\u1ecdc b\u00edch t\u1ef1 nhi\u00ean lo\u1ea1i A m\u00e0u xanh cay ch\u1ea5t l\u01b0\u1ee3ng tuy\u1ec7t \u0111\u1eb9p c\u1ee7a ch\u00fang t\u00f4i, \u0111\u01b0\u1ee3c ch\u1ebf t\u00e1c theo h\u00ecnh qu\u1ea3 b\u1ea7u, ho\u00e0n h\u1ea3o cho m\u1ecdi d\u1ecbp h\u00e0ng ng\u00e0y. S\u1ed1 ch\u1ee9ng nh\u1eadn: GD2203H005250 K\u00edch th\u01b0\u1edbc ng\u00f3n tay: C\u00f3 th\u1ec3 \u0111i\u1ec1u ch\u1ec9nh K\u00edch th\u01b0\u1edbc t\u1ef1 do Thi\u1ebft k\u1ebf c\u1ed5 \u0111i\u1ec3n: Chi\u1ebfc nh\u1eabn \u0111\u01b0\u1ee3c ch\u1ebf t\u00e1c theo thi\u1ebft k\u1ebf h\u00ecnh qu\u1ea3 b\u1ea7u c\u1ed5 \u0111i\u1ec3n, mang \u0111\u1ebfn s\u1ef1 thanh l\u1ecbch cho v\u1ebb ngo\u00e0i c\u1ee7a b\u1ea1n. Ng\u1ecdc b\u00edch t\u1ef1 nhi\u00ean lo\u1ea1i A [\u2026]<\/p>","protected":false},"featured_media":7295,"comment_status":"open","ping_status":"closed","template":"","meta":[],"product_brand":[],"product_cat":[194],"product_tag":[],"class_list":{"0":"post-1710","1":"product","2":"type-product","3":"status-publish","4":"has-post-thumbnail","6":"product_cat-value-picks","8":"first","9":"instock","10":"sale","11":"shipping-taxable","12":"purchasable","13":"product-type-simple"},"_links":{"self":[{"href":"https:\/\/shop.yipinqian.com\/vi\/wp-json\/wp\/v2\/product\/1710","targetHints":{"allow":["GET"]}}],"collection":[{"href":"https:\/\/shop.yipinqian.com\/vi\/wp-json\/wp\/v2\/product"}],"about":[{"href":"https:\/\/shop.yipinqian.com\/vi\/wp-json\/wp\/v2\/types\/product"}],"replies":[{"embeddable":true,"href":"https:\/\/shop.yipinqian.com\/vi\/wp-json\/wp\/v2\/comments?post=1710"}],"version-history":[{"count":0,"href":"https:\/\/shop.yipinqian.com\/vi\/wp-json\/wp\/v2\/product\/1710\/revisions"}],"wp:featuredmedia":[{"embeddable":true,"href":"https:\/\/shop.yipinqian.com\/vi\/wp-json\/wp\/v2\/media\/7295"}],"wp:attachment":[{"href":"https:\/\/shop.yipinqian.com\/vi\/wp-json\/wp\/v2\/media?parent=1710"}],"wp:term":[{"taxonomy":"product_brand","embeddable":true,"href":"https:\/\/shop.yipinqian.com\/vi\/wp-json\/wp\/v2\/product_brand?post=1710"},{"taxonomy":"product_cat","embeddable":true,"href":"https:\/\/shop.yipinqian.com\/vi\/wp-json\/wp\/v2\/product_cat?post=1710"},{"taxonomy":"product_tag","embeddable":true,"href":"https:\/\/shop.yipinqian.com\/vi\/wp-json\/wp\/v2\/product_tag?post=1710"}],"curies":[{"name":"wp","href":"https:\/\/api.w.org\/{rel}","templated":true}]}}