{"id":1708,"date":"2024-10-24T23:21:40","date_gmt":"2024-10-24T15:21:40","guid":{"rendered":"https:\/\/shop.yipinqian.com\/product\/quality-semi-translucent-natural-type-a-jadeite-jade-crafted-as-milo-buddha-as-pendant-certificate-weighs-12-57-grams-measurement-37-5-38-9-6-3-mm-pendant275\/"},"modified":"2025-02-24T00:49:52","modified_gmt":"2025-02-23T16:49:52","slug":"quality-semi-translucent-natural-type-a-jadeite-jade-crafted-as-milo-buddha-as-pendant-certificate-weighs-12-57-grams-measurement-37-5-38-9-6-3-mm-pendant275","status":"publish","type":"product","link":"https:\/\/shop.yipinqian.com\/vi\/san-pham\/quality-semi-translucent-natural-type-a-jadeite-jade-crafted-as-milo-buddha-as-pendant-certificate-weighs-12-57-grams-measurement-37-5-38-9-6-3-mm-pendant275\/","title":{"rendered":"Ng\u1ecdc b\u00edch t\u1ef1 nhi\u00ean lo\u1ea1i A b\u00e1n trong m\u1edd ch\u1ea5t l\u01b0\u1ee3ng cao \u0111\u01b0\u1ee3c ch\u1ebf t\u00e1c th\u00e0nh h\u00ecnh \u0110\u1ee9c Ph\u1eadt Milo l\u00e0m m\u1eb7t d\u00e2y chuy\u1ec1n, gi\u1ea5y ch\u1ee9ng nh\u1eadn n\u1eb7ng 12,57 gram, k\u00edch th\u01b0\u1edbc 37,5 * 38,9 * 6,3 mm (m\u1eb7t d\u00e2y chuy\u1ec1n275)"},"content":{"rendered":"<p>M\u1eb7t d\u00e2y chuy\u1ec1n ng\u1ecdc b\u00edch t\u1ef1 nhi\u00ean lo\u1ea1i A n\u00e0y c\u00f3 thi\u1ebft k\u1ebf h\u00ecnh Ph\u1eadt Milo, to\u00e1t l\u00ean v\u1ebb thanh l\u1ecbch v\u00e0 t\u00e2m linh.<\/p>\n<p>\u00a0<\/p>\n<p>S\u1ed1 ch\u1ee9ng ch\u1ec9: 91288025768<\/p>\n<p><img fetchpriority=\"high\" decoding=\"async\" height=\"1080\" src=\"https:\/\/shop.yipinqian.com\/wp-content\/uploads\/2024\/10\/8b70b7ee19bda113c515d42f799e2d7a.jpg?from=476444299\" width=\"1080\"><\/p>\n<ul>\n<li>\n<strong>V\u1eadt li\u1ec7u:<\/strong> \u0110\u01b0\u1ee3c ch\u1ebf t\u00e1c t\u1eeb lo\u1ea1i Jadeite Jade A t\u1ef1 nhi\u00ean b\u00e1n trong m\u1edd ch\u1ea5t l\u01b0\u1ee3ng<\/li>\n<li>\n<strong>C\u00e2n n\u1eb7ng:<\/strong> N\u1eb7ng 12,57 gram<\/li>\n<li>\n<strong>C\u00e1c ph\u00e9p \u0111o:<\/strong> 37,5 * 38,9 * 6,3mm<\/li>\n<li>\n<strong>Gi\u1ea5y ch\u1ee9ng nh\u1eadn:<\/strong> \u0110i k\u00e8m v\u1edbi gi\u1ea5y ch\u1ee9ng nh\u1eadn x\u00e1c th\u1ef1c<\/li>\n<li>\n<strong>Lo\u1ea1i ng\u1ecdc b\u00edch:<\/strong> \u0110\u01b0\u1ee3c ph\u00e2n lo\u1ea1i l\u00e0 Jadeite, \u0111\u1ea3m b\u1ea3o ch\u1ea5t l\u01b0\u1ee3ng v\u00e0 gi\u00e1 tr\u1ecb cao c\u1ea5p<\/li>\n<li>L\u00e0 bi\u1ec3u t\u01b0\u1ee3ng c\u1ee7a s\u1ef1 t\u1ed1t l\u00e0nh, m\u1eb7t d\u00e2y chuy\u1ec1n n\u00e0y ho\u00e0n h\u1ea3o cho m\u1ecdi d\u1ecbp v\u00e0 ph\u00f9 h\u1ee3p v\u1edbi c\u1ea3 nam v\u00e0 n\u1eef.<\/li>\n<li>\n<strong>Tay ngh\u1ec1 th\u1ee7 c\u00f4ng t\u1ec9 m\u1ec9: <\/strong>Thi\u1ebft k\u1ebf t\u01b0\u1ee3ng Ph\u1eadt Milo th\u1ec3 hi\u1ec7n nh\u1eefng chi ti\u1ebft ph\u1ee9c t\u1ea1p<\/li>\n<li>\n<strong>Phong c\u00e1ch \u0111a d\u1ea1ng: <\/strong>Th\u00edch h\u1ee3p \u0111\u1ec3 m\u1eb7c th\u01b0\u1eddng ng\u00e0y ho\u1eb7c l\u00e0m \u0111i\u1ec3m nh\u1ea5n cho b\u1ea5t k\u1ef3 trang ph\u1ee5c n\u00e0o. Th\u00eam m\u00f3n \u0111\u1ed3 trang s\u1ee9c ng\u1ecdc b\u00edch tuy\u1ec7t \u0111\u1eb9p n\u00e0y v\u00e0o b\u1ed9 s\u01b0u t\u1eadp c\u1ee7a b\u1ea1n \u0111\u1ec3 mang l\u1ea1i may m\u1eafn v\u00e0 s\u1ef1 t\u00edch c\u1ef1c cho cu\u1ed9c s\u1ed1ng c\u1ee7a b\u1ea1n.<\/li>\n<\/ul>\n<p><strong>Jadeite t\u1ef1 nhi\u00ean kh\u00f4ng ho\u00e0n h\u1ea3o, ch\u1ec9 l\u00e0 m\u1ed9t l\u1eddi nh\u1eafc nh\u1edf nh\u1eb9 nh\u00e0ng, Jadeite t\u1ef1 nhi\u00ean c\u1ee7a ch\u00fang t\u00f4i, gi\u1ed1ng nh\u01b0 t\u1ea5t c\u1ea3 nh\u1eefng th\u1ee9 \u0111\u1eb9p \u0111\u1ebd trong t\u1ef1 nhi\u00ean, c\u00f3 nh\u1eefng \u0111\u1eb7c \u0111i\u1ec3m v\u00e0 bi\u1ebfn th\u1ec3 \u0111\u1ed9c \u0111\u00e1o. Ch\u00fang t\u00f4i m\u1eddi nh\u1eefng kh\u00e1ch h\u00e0ng c\u00f3 gi\u00e1 tr\u1ecb c\u1ee7a m\u00ecnh \u0111\u00f3n nh\u1eadn nh\u1eefng bi\u1ebfn th\u1ec3 t\u1ef1 nhi\u00ean n\u00e0y. Ch\u00fac b\u1ea1n mua s\u1eafm vui v\u1ebb!<\/strong><\/p>\n<p>\u00a0<\/p>\n<p><strong><u>Kh\u00f4ng c\u00f3 h\u00ecnh \u1ea3nh v\u00e0 c\u1ea3nh quay video n\u00e0o \u0111\u01b0\u1ee3c l\u1ecdc. Ch\u00fang t\u00f4i khuy\u1ebfn kh\u00edch kh\u00e1ch h\u00e0ng c\u1ee7a m\u00ecnh c\u0169ng xem c\u00e1c video \u0111i k\u00e8m \u0111\u1ec3 c\u00f3 c\u00e1i nh\u00ecn to\u00e0n di\u1ec7n h\u01a1n v\u1ec1 s\u1ea3n ph\u1ea9m c\u1ee7a ch\u00fang t\u00f4i<\/u><\/strong><\/p>","protected":false},"excerpt":{"rendered":"<p>This natural Type A Jadeite Jade pendant features a Milo Buddha design, exuding elegance and spirituality. \u00a0 Certificate numbers: 91288025768 Material: Crafted from quality semi-translucent natural Type A Jadeite Jade Weight: Weighs 12.57 grams Measurements: 37.5 * 38.9 * 6.3 mm Certificate: Comes with a certificate for authenticity Jade Type: Classified as Jadeite, ensuring premium [&hellip;]<\/p>","protected":false},"featured_media":7275,"comment_status":"open","ping_status":"closed","template":"","meta":[],"product_brand":[],"product_cat":[194],"product_tag":[],"class_list":{"0":"post-1708","1":"product","2":"type-product","3":"status-publish","4":"has-post-thumbnail","6":"product_cat-value-picks","8":"first","9":"instock","10":"sale","11":"shipping-taxable","12":"purchasable","13":"product-type-simple"},"_links":{"self":[{"href":"https:\/\/shop.yipinqian.com\/vi\/wp-json\/wp\/v2\/product\/1708","targetHints":{"allow":["GET"]}}],"collection":[{"href":"https:\/\/shop.yipinqian.com\/vi\/wp-json\/wp\/v2\/product"}],"about":[{"href":"https:\/\/shop.yipinqian.com\/vi\/wp-json\/wp\/v2\/types\/product"}],"replies":[{"embeddable":true,"href":"https:\/\/shop.yipinqian.com\/vi\/wp-json\/wp\/v2\/comments?post=1708"}],"version-history":[{"count":0,"href":"https:\/\/shop.yipinqian.com\/vi\/wp-json\/wp\/v2\/product\/1708\/revisions"}],"wp:featuredmedia":[{"embeddable":true,"href":"https:\/\/shop.yipinqian.com\/vi\/wp-json\/wp\/v2\/media\/7275"}],"wp:attachment":[{"href":"https:\/\/shop.yipinqian.com\/vi\/wp-json\/wp\/v2\/media?parent=1708"}],"wp:term":[{"taxonomy":"product_brand","embeddable":true,"href":"https:\/\/shop.yipinqian.com\/vi\/wp-json\/wp\/v2\/product_brand?post=1708"},{"taxonomy":"product_cat","embeddable":true,"href":"https:\/\/shop.yipinqian.com\/vi\/wp-json\/wp\/v2\/product_cat?post=1708"},{"taxonomy":"product_tag","embeddable":true,"href":"https:\/\/shop.yipinqian.com\/vi\/wp-json\/wp\/v2\/product_tag?post=1708"}],"curies":[{"name":"wp","href":"https:\/\/api.w.org\/{rel}","templated":true}]}}