{"id":17072,"date":"2025-01-14T04:59:59","date_gmt":"2025-01-13T20:59:59","guid":{"rendered":"https:\/\/shop.yipinqian.com\/a-icy-translucent-ruyi-pendant-natural-type-a-jadeite-jade-added-with-18k-clasp-certificate-weighs-3-98-grams-measurement-25-5-17-5-4-8-mm-18kp96\/"},"modified":"2025-02-24T00:49:44","modified_gmt":"2025-02-23T16:49:44","slug":"a-icy-translucent-ruyi-pendant-natural-type-a-jadeite-jade-added-with-18k-clasp-certificate-weighs-3-98-grams-measurement-25-5-17-5-4-8-mm-18kp96","status":"publish","type":"product","link":"https:\/\/shop.yipinqian.com\/vi\/san-pham\/a-icy-translucent-ruyi-pendant-natural-type-a-jadeite-jade-added-with-18k-clasp-certificate-weighs-3-98-grams-measurement-25-5-17-5-4-8-mm-18kp96\/","title":{"rendered":"M\u1eb7t d\u00e2y chuy\u1ec1n Ruyi trong m\u1edd b\u0103ng gi\u00e1 t\u1ef1 nhi\u00ean lo\u1ea1i A Jadeite Jade \u0111\u01b0\u1ee3c g\u1eafn th\u00eam m\u00f3c kh\u00f3a 18k, ch\u1ee9ng ch\u1ec9 n\u1eb7ng 3,98 gram, k\u00edch th\u01b0\u1edbc 25,5 * 17,5 * 4,8 mm (18kp96)"},"content":{"rendered":"<p><iframe height=\"300\" width=\"330\" src=\"https:\/\/youtube.com\/embed\/DFWTv-zWzuE\" title=\"Ruyi Pendant\"><\/iframe><\/p>\n<p>Kh\u00e1m ph\u00e1 s\u1ef1 thanh l\u1ecbch c\u1ee7a M\u1eb7t d\u00e2y chuy\u1ec1n A Icy Translucent Ruyi c\u1ee7a ch\u00fang t\u00f4i, \u0111\u01b0\u1ee3c ch\u1ebf t\u00e1c t\u1eeb Ng\u1ecdc b\u00edch lo\u1ea1i A t\u1ef1 nhi\u00ean v\u00e0 \u0111\u01b0\u1ee3c t\u0103ng c\u01b0\u1eddng v\u1edbi m\u00f3c kh\u00f3a 18k. M\u00f3n \u0111\u1ed3 tinh x\u1ea3o n\u00e0y n\u1eb7ng 3,98 gram v\u00e0 c\u00f3 k\u00edch th\u01b0\u1edbc 25,5 x 17,5 x 4,8 mm, khi\u1ebfn n\u00f3 tr\u1edf th\u00e0nh m\u1ed9t s\u1ef1 b\u1ed5 sung tuy\u1ec7t \u0111\u1eb9p cho b\u1ea5t k\u1ef3 b\u1ed9 s\u01b0u t\u1eadp trang s\u1ee9c n\u00e0o.<\/p>\n<p><\/p>\n<p>S\u1ed1 ch\u1ee9ng ch\u1ec9: GD2203H017678<\/p>\n<p>Kh\u00f3a v\u00e0ng 18k: 0,34 gram<\/p>\n<p><img fetchpriority=\"high\" decoding=\"async\" src=\"https:\/\/shop.yipinqian.com\/wp-content\/uploads\/2024\/12\/aae99133228b4d6187b1f5a6d8a76daetplv-aphluv4xwc-origin-jpeg.jpeg?dr=15568&#038;nonce=7509&#038;refresh_token=c84bb903938d9e1adb83fff91fc406bb&#038;from=476444299&#038;idc=my&#038;ps=933b5bde&#038;shcp=9b759fb9&#038;shp=1c65f68b&#038;t=555f072d\" width=\"1536\" height=\"2048\"><\/p>\n<ul>\n<li>\n<strong>Ch\u1ea5t li\u1ec7u cao c\u1ea5p:<\/strong> \u0110\u01b0\u1ee3c l\u00e0m t\u1eeb ng\u1ecdc b\u00edch t\u1ef1 nhi\u00ean lo\u1ea1i A v\u1edbi khung v\u00e0ng PT\/Carat sang tr\u1ecdng.<\/li>\n<li>\n<strong>Ngu\u1ed3n g\u1ed1c:<\/strong> C\u00f3 ngu\u1ed3n g\u1ed1c t\u1eeb Myanmar, \u0111\u1ea3m b\u1ea3o t\u00ednh x\u00e1c th\u1ef1c v\u00e0 di s\u1ea3n.<\/li>\n<li>\n<strong>Thi\u1ebft k\u1ebf may m\u1eafn:<\/strong> H\u00ecnh d\u1ea1ng Nh\u01b0 \u00dd t\u01b0\u1ee3ng tr\u01b0ng cho s\u1ef1 may m\u1eafn v\u00e0 th\u1ecbnh v\u01b0\u1ee3ng.<\/li>\n<li>\n<strong>Kh\u00f4ng b\u1ea3o h\u00e0nh:<\/strong> Xin l\u01b0u \u00fd r\u1eb1ng s\u1ea3n ph\u1ea9m n\u00e0y kh\u00f4ng \u0111\u01b0\u1ee3c b\u1ea3o h\u00e0nh.<\/li>\n<\/ul>\n<p><img decoding=\"async\" src=\"https:\/\/shop.yipinqian.com\/wp-content\/uploads\/2024\/12\/e1de0f7f254347f187eb4497d0ff4889tplv-aphluv4xwc-origin-jpeg.jpeg?dr=15568&#038;nonce=65172&#038;refresh_token=9848f78e50875becdb113bd48624fa39&#038;from=476444299&#038;idc=my&#038;ps=933b5bde&#038;shcp=9b759fb9&#038;shp=1c65f68b&#038;t=555f072d\" width=\"1536\" height=\"2048\"><img decoding=\"async\" src=\"https:\/\/shop.yipinqian.com\/wp-content\/uploads\/2024\/12\/167f26b73b58435a8a9531cfbdc6f2d2tplv-aphluv4xwc-origin-jpeg.jpeg?dr=15568&#038;nonce=16060&#038;refresh_token=e5105c820560c2c50dcbfed7e5b4c9c8&#038;from=476444299&#038;idc=my&#038;ps=933b5bde&#038;shcp=9b759fb9&#038;shp=1c65f68b&#038;t=555f072d\" width=\"1536\" height=\"2048\"><\/p>\n<p>M\u1eb7t d\u00e2y chuy\u1ec1n unisex n\u00e0y ho\u00e0n h\u1ea3o cho nh\u1eefng d\u1ecbp b\u00ecnh th\u01b0\u1eddng, t\u1ea1o th\u00eam n\u00e9t tinh t\u1ebf cho m\u1ecdi trang ph\u1ee5c \u0111\u1ed3ng th\u1eddi t\u00f4n vinh \u00fd ngh\u0129a v\u0103n h\u00f3a.<\/p>\n<p>M\u1eb7t d\u00e2y chuy\u1ec1n c\u0169ng \u0111i k\u00e8m v\u1edbi m\u1ed9t gi\u1ea5y ch\u1ee9ng nh\u1eadn \u0111\u1ec3 b\u1ea1n y\u00ean t\u00e2m v\u1ec1 t\u00ednh x\u00e1c th\u1ef1c c\u1ee7a n\u00f3.<\/p>\n<p><\/p>\n<p>Yi Pin Qian \u2013 Nh\u00e0 bu\u00f4n \u0111\u00e1 qu\u00fd v\u00e0 kim lo\u1ea1i qu\u00fd t\u1ea1i Singapore \u2013 S\u1ed1 gi\u1ea5y ph\u00e9p PS20190000031<\/p>\n<p><\/p>\n<p>*T\u1ea5t c\u1ea3 c\u00e1c lo\u1ea1i Jadeite \u0111\u01b0\u1ee3c mua t\u1eeb Yi Pin Qian t\u1ea1i Singapore, kh\u00e1ch h\u00e0ng c\u00f3 th\u1ec3 \u0111\u1eb7t l\u1ecbch \u0111\u00e1nh b\u00f3ng ho\u1eb7c s\u1eeda ch\u1eefa nh\u1ecf do x\u1eed l\u00fd sai c\u00e1ch \u2013 c\u00f3 t\u00ednh ph\u00ed v\u00e0 ch\u1ec9 d\u00e0nh cho kh\u00e1ch h\u00e0ng c\u1ee7a Yi Pin Qian t\u1ea1i Singapore*<\/p>\n<p><\/p>\n<p><strong>**C\u00e1c lo\u1ea1i ch\u1ee9ng ch\u1ec9**<\/strong><\/p>\n<p><\/p>\n<p><strong>NGI (C\u00f4ng ty \u0110\u00e1 qu\u00fd Nan Yang)<\/strong><\/p>\n<p>ho\u1eb7c <strong>Ch\u1ee9ng ch\u1ec9 n\u01b0\u1edbc ngo\u00e0i <\/strong>(Yi Pin Qian ch\u1ec9 s\u1eed d\u1ee5ng c\u00e1c ch\u1ee9ng ch\u1ec9 x\u00e1c th\u1ef1c t\u1eeb c\u00e1c ph\u00f2ng th\u00ed nghi\u1ec7m \u1edf n\u01b0\u1edbc ngo\u00e0i v\u00e0 ki\u1ec3m so\u00e1t ch\u1ea5t l\u01b0\u1ee3ng m\u1ecdi s\u1ea3n ph\u1ea9m c\u1ee7a ch\u00fang t\u00f4i tr\u01b0\u1edbc khi \u0111\u01b0a ch\u00fang ra b\u00e1n t\u1ea1i Singapore)<\/p>\n<p><\/p>\n<p>M\u1ed7i s\u1ea3n ph\u1ea9m s\u1ebd c\u00f3 lo\u1ea1i ch\u1ee9ng ch\u1ec9 \u0111\u01b0\u1ee3c cung c\u1ea5p \u0111\u01b0\u1ee3c ch\u1ec9 \u0111\u1ecbnh trong m\u00f4 t\u1ea3. \u0110\u1ed1i v\u1edbi b\u1ea5t k\u1ef3 kh\u00e1ch h\u00e0ng n\u00e0o mu\u1ed1n g\u1eedi \u0111\u01a1n \u0111\u1eb7t h\u00e0ng c\u1ee7a h\u1ecd \u0111\u1ebfn NGI Singapore, <strong>B\u1ea1n c\u1ea7n g\u1eedi y\u00eau c\u1ea7u b\u00e1o c\u00e1o v\u1ec1 NGI Gemstone b\u1eb1ng c\u00e1ch nh\u1eafn tin cho ch\u00fang t\u00f4i.<\/strong> C\u1ea3m \u01a1n, <strong><u>\u00e1p d\u1ee5ng th\u00eam ph\u00ed<\/u><\/strong> \u2013 $90 \u0111\u1ed1i v\u1edbi \u0111\u00e1 jadeite \/ $150 \u0111\u1ed1i v\u1edbi \u0111\u00e1 jadeite v\u00e0ng 18k \/ $150 \u0111\u1ed1i v\u1edbi h\u1ea1t \u0111\u00e1 jadeite \u2013 kh\u00f4ng b\u1eaft bu\u1ed9c v\u00ec h\u1ea7u h\u1ebft s\u1ea3n ph\u1ea9m c\u1ee7a ch\u00fang t\u00f4i \u0111\u00e3 c\u00f3 ch\u1ee9ng ch\u1ec9 n\u01b0\u1edbc ngo\u00e0i ho\u1eb7c b\u00e1o c\u00e1o NGI.<\/p>\n<p><\/p>\n<p>(\u0110\u1ec3 bi\u1ebft th\u00eam chi ti\u1ebft ho\u1eb7c y\u00eau c\u1ea7u b\u1ed5 sung: <strong>Vui l\u00f2ng nh\u1eafn tin cho ch\u00fang t\u00f4i n\u1ebfu b\u1ea1n mu\u1ed1n g\u1eedi s\u1ea3n ph\u1ea9m \u0111\u00e3 mua c\u1ee7a m\u00ecnh \u0111\u1ebfn ph\u00f2ng x\u00e9t nghi\u1ec7m NGI<\/strong>)<\/p>\n<p><\/p>\n<p><strong>Jadeite t\u1ef1 nhi\u00ean kh\u00f4ng ho\u00e0n h\u1ea3o, ch\u1ec9 l\u00e0 m\u1ed9t l\u1eddi nh\u1eafc nh\u1edf nh\u1eb9 nh\u00e0ng, Jadeite t\u1ef1 nhi\u00ean c\u1ee7a ch\u00fang t\u00f4i, gi\u1ed1ng nh\u01b0 t\u1ea5t c\u1ea3 nh\u1eefng th\u1ee9 \u0111\u1eb9p \u0111\u1ebd trong t\u1ef1 nhi\u00ean, c\u00f3 nh\u1eefng \u0111\u1eb7c \u0111i\u1ec3m v\u00e0 bi\u1ebfn th\u1ec3 \u0111\u1ed9c \u0111\u00e1o. Ch\u00fang t\u00f4i m\u1eddi nh\u1eefng kh\u00e1ch h\u00e0ng c\u00f3 gi\u00e1 tr\u1ecb c\u1ee7a m\u00ecnh \u0111\u00f3n nh\u1eadn nh\u1eefng bi\u1ebfn th\u1ec3 t\u1ef1 nhi\u00ean n\u00e0y. Ch\u00fac b\u1ea1n mua s\u1eafm vui v\u1ebb!<\/strong><\/p>\n<p><\/p>\n<p><strong><u>Kh\u00f4ng c\u00f3 h\u00ecnh \u1ea3nh v\u00e0 c\u1ea3nh quay video n\u00e0o \u0111\u01b0\u1ee3c l\u1ecdc. Ch\u00fang t\u00f4i khuy\u1ebfn kh\u00edch kh\u00e1ch h\u00e0ng c\u1ee7a m\u00ecnh c\u0169ng xem c\u00e1c video \u0111i k\u00e8m \u0111\u1ec3 c\u00f3 c\u00e1i nh\u00ecn to\u00e0n di\u1ec7n h\u01a1n v\u1ec1 s\u1ea3n ph\u1ea9m c\u1ee7a ch\u00fang t\u00f4i<\/u><\/strong><\/p>\n<p><\/p>\n<ul>\n<li>C\u00e1c n\u1ec1n t\u1ea3ng kh\u00e1c nhau ch\u1ec9 c\u00f3 th\u1ec3 xem video th\u00f4ng qua m\u00e1y t\u00ednh \u0111\u1ec3 b\u00e0n<\/li>\n<\/ul>","protected":false},"excerpt":{"rendered":"<p>Kh\u00e1m ph\u00e1 s\u1ef1 thanh l\u1ecbch c\u1ee7a M\u1eb7t d\u00e2y chuy\u1ec1n A Icy Translucent Ruyi c\u1ee7a ch\u00fang t\u00f4i, \u0111\u01b0\u1ee3c ch\u1ebf t\u00e1c t\u1eeb Ng\u1ecdc b\u00edch Jadeite lo\u1ea1i A t\u1ef1 nhi\u00ean v\u00e0 \u0111\u01b0\u1ee3c t\u0103ng c\u01b0\u1eddng v\u1edbi m\u00f3c c\u00e0i 18k. M\u00f3n \u0111\u1ed3 tinh x\u1ea3o n\u00e0y n\u1eb7ng 3,98 gram v\u00e0 c\u00f3 k\u00edch th\u01b0\u1edbc 25,5 x 17,5 x 4,8 mm, khi\u1ebfn n\u00f3 tr\u1edf th\u00e0nh m\u1ed9t s\u1ef1 b\u1ed5 sung tuy\u1ec7t \u0111\u1eb9p cho b\u1ea5t k\u1ef3 b\u1ed9 s\u01b0u t\u1eadp trang s\u1ee9c n\u00e0o. S\u1ed1 ch\u1ee9ng ch\u1ec9: GD2203H017678 M\u00f3c c\u00e0i b\u1eb1ng v\u00e0ng 18k: 0,34 gram Ch\u1ea5t l\u01b0\u1ee3ng cao [\u2026]<\/p>","protected":false},"featured_media":15169,"comment_status":"open","ping_status":"closed","template":"","meta":[],"product_brand":[],"product_cat":[194],"product_tag":[50,52,69,65,54,55,58,73,75,59,60,61],"class_list":{"0":"post-17072","1":"product","2":"type-product","3":"status-publish","4":"has-post-thumbnail","6":"product_cat-value-picks","7":"product_tag-18k-gold","8":"product_tag-certified","9":"product_tag-clasp","10":"product_tag-high-quality","11":"product_tag-icy","12":"product_tag-jadeite","13":"product_tag-new-arrivals","14":"product_tag-pendant","15":"product_tag-traditional","16":"product_tag-translucent","17":"product_tag-type-a-jadeite","18":"product_tag-unisex","20":"first","21":"instock","22":"sale","23":"shipping-taxable","24":"purchasable","25":"product-type-simple"},"_links":{"self":[{"href":"https:\/\/shop.yipinqian.com\/vi\/wp-json\/wp\/v2\/product\/17072","targetHints":{"allow":["GET"]}}],"collection":[{"href":"https:\/\/shop.yipinqian.com\/vi\/wp-json\/wp\/v2\/product"}],"about":[{"href":"https:\/\/shop.yipinqian.com\/vi\/wp-json\/wp\/v2\/types\/product"}],"replies":[{"embeddable":true,"href":"https:\/\/shop.yipinqian.com\/vi\/wp-json\/wp\/v2\/comments?post=17072"}],"version-history":[{"count":0,"href":"https:\/\/shop.yipinqian.com\/vi\/wp-json\/wp\/v2\/product\/17072\/revisions"}],"wp:featuredmedia":[{"embeddable":true,"href":"https:\/\/shop.yipinqian.com\/vi\/wp-json\/wp\/v2\/media\/15169"}],"wp:attachment":[{"href":"https:\/\/shop.yipinqian.com\/vi\/wp-json\/wp\/v2\/media?parent=17072"}],"wp:term":[{"taxonomy":"product_brand","embeddable":true,"href":"https:\/\/shop.yipinqian.com\/vi\/wp-json\/wp\/v2\/product_brand?post=17072"},{"taxonomy":"product_cat","embeddable":true,"href":"https:\/\/shop.yipinqian.com\/vi\/wp-json\/wp\/v2\/product_cat?post=17072"},{"taxonomy":"product_tag","embeddable":true,"href":"https:\/\/shop.yipinqian.com\/vi\/wp-json\/wp\/v2\/product_tag?post=17072"}],"curies":[{"name":"wp","href":"https:\/\/api.w.org\/{rel}","templated":true}]}}