{"id":1707,"date":"2024-10-24T23:21:40","date_gmt":"2024-10-24T15:21:40","guid":{"rendered":"https:\/\/shop.yipinqian.com\/product\/quality-semi-icy-white-and-light-green-patches-natural-type-a-jadeite-jade-crafted-with-sceneries-as-pendant-with-qic-labs-approved-certificate-weigh-24-89-grams-measurement-54-32-4-5-mm-pendant227\/"},"modified":"2025-02-24T00:49:52","modified_gmt":"2025-02-23T16:49:52","slug":"quality-semi-icy-white-and-light-green-patches-natural-type-a-jadeite-jade-crafted-with-sceneries-as-pendant-with-qic-labs-approved-certificate-weigh-24-89-grams-measurement-54-32-4-5-mm-pendant227","status":"publish","type":"product","link":"https:\/\/shop.yipinqian.com\/vi\/san-pham\/quality-semi-icy-white-and-light-green-patches-natural-type-a-jadeite-jade-crafted-with-sceneries-as-pendant-with-qic-labs-approved-certificate-weigh-24-89-grams-measurement-54-32-4-5-mm-pendant227\/","title":{"rendered":"C\u00e1c mi\u1ebfng v\u00e1 m\u00e0u tr\u1eafng b\u00e1n b\u0103ng v\u00e0 xanh l\u00e1 c\u00e2y nh\u1ea1t ch\u1ea5t l\u01b0\u1ee3ng t\u1ef1 nhi\u00ean lo\u1ea1i A Jadeite Jade \u0111\u01b0\u1ee3c ch\u1ebf t\u00e1c v\u1edbi phong c\u1ea3nh nh\u01b0 m\u1eb7t d\u00e2y chuy\u1ec1n c\u00f3 ch\u1ee9ng ch\u1ec9 \u0111\u01b0\u1ee3c ph\u00f2ng th\u00ed nghi\u1ec7m QIC ch\u1ea5p thu\u1eadn n\u1eb7ng 24,89 gram, k\u00edch th\u01b0\u1edbc 54 * 32 * 4,5 mm (m\u1eb7t d\u00e2y chuy\u1ec1n227)"},"content":{"rendered":"<p>L\u00e0m phong ph\u00fa th\u00eam b\u1ed9 s\u01b0u t\u1eadp trang s\u1ee9c c\u1ee7a b\u1ea1n v\u1edbi m\u1eb7t d\u00e2y chuy\u1ec1n ng\u1ecdc b\u00edch t\u1ef1 nhi\u00ean lo\u1ea1i A m\u00e0u tr\u1eafng b\u00e1n b\u0103ng v\u00e0 xanh nh\u1ea1t tuy\u1ec7t \u0111\u1eb9p n\u00e0y. \u0110\u01b0\u1ee3c ch\u1ebf t\u00e1c v\u1edbi phong c\u1ea3nh, m\u1eb7t d\u00e2y chuy\u1ec1n d\u00e0nh cho c\u1ea3 nam v\u00e0 n\u1eef n\u00e0y l\u00e0 s\u1ef1 k\u1ebft h\u1ee3p ho\u00e0n h\u1ea3o gi\u1eefa s\u1ef1 thanh l\u1ecbch v\u00e0 tinh t\u1ebf.<\/p>\n<p>S\u1ed1 ch\u1ee9ng ch\u1ec9: 5824030101470<\/p>\n<ul>\n<li>\n<strong>V\u1eadt li\u1ec7u:<\/strong> \u0110\u01b0\u1ee3c l\u00e0m t\u1eeb ng\u1ecdc b\u00edch Jadeite t\u1ef1 nhi\u00ean lo\u1ea1i A, m\u1eb7t d\u00e2y chuy\u1ec1n n\u00e0y l\u00e0 m\u1ed9t t\u00e1c ph\u1ea9m v\u01b0\u1ee3t th\u1eddi gian.<\/li>\n<li>\n<strong>Gi\u1ea5y ch\u1ee9ng nh\u1eadn:<\/strong> H\u00e3y y\u00ean t\u00e2m v\u1ec1 t\u00ednh x\u00e1c th\u1ef1c c\u1ee7a s\u1ea3n ph\u1ea9m v\u00ec n\u00f3 c\u00f3 ch\u1ee9ng ch\u1ec9 \u0111\u01b0\u1ee3c ph\u00f2ng th\u00ed nghi\u1ec7m QIC ch\u1ea5p thu\u1eadn.<\/li>\n<li>\n<strong>Thi\u1ebft k\u1ebf:<\/strong> Nh\u1eefng m\u1ea3ng tr\u1eafng b\u00e1n b\u0103ng v\u00e0 xanh nh\u1ea1t tr\u00ean ng\u1ecdc b\u00edch l\u00e0m t\u0103ng th\u00eam n\u00e9t quy\u1ebfn r\u0169 c\u1ee7a n\u00f3. Thi\u1ebft k\u1ebf c\u1ea3nh quan tr\u00ean ng\u1ecdc b\u00edch l\u00e0m cho n\u00f3 tr\u1edf n\u00ean \u0111\u1ed9c \u0111\u00e1o theo c\u00e1ch ri\u00eang c\u1ee7a n\u00f3.<\/li>\n<li>\n<strong>\u0110\u1ed9 b\u1ec1n:<\/strong>B\u1ec1n b\u1ec9 khi \u0111eo h\u00e0ng ng\u00e0y, m\u1eb7t d\u00e2y chuy\u1ec1n n\u1eb7ng 24,89 gram khi\u1ebfn n\u00f3 nh\u1eb9 nh\u01b0ng \u0111\u1ee7 ch\u1eafc ch\u1eafn \u0111\u1ec3 s\u1eed d\u1ee5ng l\u00e2u d\u00e0i<\/li>\n<\/ul>\n<p>M\u1eb7t d\u00e2y chuy\u1ec1n ng\u1ecdc b\u00edch t\u1ef1 nhi\u00ean lo\u1ea1i A m\u00e0u tr\u1eafng b\u0103ng gi\u00e1 v\u00e0 xanh nh\u1ea1t ch\u1ea5t l\u01b0\u1ee3ng cao ho\u00e0n h\u1ea3o \u0111\u1ec3 \u0111eo h\u00e0ng ng\u00e0y. K\u00edch th\u01b0\u1edbc 54*32*4,5mm c\u0169ng l\u00e0 l\u1ef1a ch\u1ecdn qu\u00e0 t\u1eb7ng tuy\u1ec7t v\u1eddi cho nh\u1eefng ng\u01b0\u1eddi th\u00e2n y\u00eau c\u1ee7a b\u1ea1n!<\/p>\n<ul>\n<li>\n<strong>Ki\u1ec3u d\u00e1ng v\u00f2ng c\u1ed5: <\/strong>Ki\u1ec3u v\u00f2ng c\u1ed5 gi\u1ea3n d\u1ecb gi\u00fap t\u0103ng th\u00eam n\u00e9t quy\u1ebfn r\u0169 cho phong c\u00e1ch th\u01b0\u1eddng ng\u00e0y c\u1ee7a b\u1ea1n, gi\u00fap b\u1ea1n n\u1ed5i b\u1eadt gi\u1eefa \u0111\u00e1m \u0111\u00f4ng!<\/li>\n<\/ul>\n<p>\u0110\u01b0\u1ee3c s\u1ea3n xu\u1ea5t t\u1ea1i Myanmar, h\u00e3y th\u00eam s\u1ea3n ph\u1ea9m tuy\u1ec7t \u0111\u1eb9p n\u00e0y v\u00e0o b\u1ed9 s\u01b0u t\u1eadp c\u1ee7a b\u1ea1n ngay h\u00f4m nay!<\/p>\n<p>.<\/p>\n<p><strong>Jadeite t\u1ef1 nhi\u00ean kh\u00f4ng ho\u00e0n h\u1ea3o, ch\u1ec9 l\u00e0 m\u1ed9t l\u1eddi nh\u1eafc nh\u1edf nh\u1eb9 nh\u00e0ng, Jadeite t\u1ef1 nhi\u00ean c\u1ee7a ch\u00fang t\u00f4i, gi\u1ed1ng nh\u01b0 t\u1ea5t c\u1ea3 nh\u1eefng th\u1ee9 \u0111\u1eb9p \u0111\u1ebd trong t\u1ef1 nhi\u00ean, c\u00f3 nh\u1eefng \u0111\u1eb7c \u0111i\u1ec3m v\u00e0 bi\u1ebfn th\u1ec3 \u0111\u1ed9c \u0111\u00e1o. Ch\u00fang t\u00f4i m\u1eddi nh\u1eefng kh\u00e1ch h\u00e0ng c\u00f3 gi\u00e1 tr\u1ecb c\u1ee7a m\u00ecnh \u0111\u00f3n nh\u1eadn nh\u1eefng bi\u1ebfn th\u1ec3 t\u1ef1 nhi\u00ean n\u00e0y. Ch\u00fac b\u1ea1n mua s\u1eafm vui v\u1ebb!<\/strong><\/p>\n<p>\u00a0<\/p>\n<p><strong><u>Kh\u00f4ng c\u00f3 h\u00ecnh \u1ea3nh v\u00e0 c\u1ea3nh quay video n\u00e0o \u0111\u01b0\u1ee3c l\u1ecdc. Ch\u00fang t\u00f4i khuy\u1ebfn kh\u00edch kh\u00e1ch h\u00e0ng c\u1ee7a m\u00ecnh c\u0169ng xem c\u00e1c video \u0111i k\u00e8m \u0111\u1ec3 c\u00f3 c\u00e1i nh\u00ecn to\u00e0n di\u1ec7n h\u01a1n v\u1ec1 s\u1ea3n ph\u1ea9m c\u1ee7a ch\u00fang t\u00f4i<\/u><\/strong><\/p>","protected":false},"excerpt":{"rendered":"<p>L\u00e0m phong ph\u00fa th\u00eam b\u1ed9 s\u01b0u t\u1eadp trang s\u1ee9c c\u1ee7a b\u1ea1n v\u1edbi m\u1eb7t d\u00e2y chuy\u1ec1n ng\u1ecdc b\u00edch t\u1ef1 nhi\u00ean lo\u1ea1i A m\u00e0u tr\u1eafng b\u00e1n b\u0103ng gi\u00e1 v\u00e0 xanh nh\u1ea1t tuy\u1ec7t \u0111\u1eb9p n\u00e0y. \u0110\u01b0\u1ee3c ch\u1ebf t\u00e1c v\u1edbi phong c\u1ea3nh, m\u1eb7t d\u00e2y chuy\u1ec1n unisex n\u00e0y l\u00e0 s\u1ef1 k\u1ebft h\u1ee3p ho\u00e0n h\u1ea3o gi\u1eefa s\u1ef1 thanh l\u1ecbch v\u00e0 tinh t\u1ebf. S\u1ed1 ch\u1ee9ng nh\u1eadn: 5824030101470 Ch\u1ea5t li\u1ec7u: \u0110\u01b0\u1ee3c l\u00e0m b\u1eb1ng ng\u1ecdc b\u00edch t\u1ef1 nhi\u00ean lo\u1ea1i A, m\u1eb7t d\u00e2y chuy\u1ec1n n\u00e0y l\u00e0 m\u1ed9t t\u00e1c ph\u1ea9m v\u01b0\u1ee3t th\u1eddi gian. Ch\u1ee9ng nh\u1eadn: H\u00e3y y\u00ean t\u00e2m [\u2026]<\/p>","protected":false},"featured_media":7256,"comment_status":"open","ping_status":"closed","template":"","meta":[],"product_brand":[],"product_cat":[194],"product_tag":[],"class_list":{"0":"post-1707","1":"product","2":"type-product","3":"status-publish","4":"has-post-thumbnail","6":"product_cat-value-picks","8":"first","9":"instock","10":"sale","11":"shipping-taxable","12":"purchasable","13":"product-type-simple"},"_links":{"self":[{"href":"https:\/\/shop.yipinqian.com\/vi\/wp-json\/wp\/v2\/product\/1707","targetHints":{"allow":["GET"]}}],"collection":[{"href":"https:\/\/shop.yipinqian.com\/vi\/wp-json\/wp\/v2\/product"}],"about":[{"href":"https:\/\/shop.yipinqian.com\/vi\/wp-json\/wp\/v2\/types\/product"}],"replies":[{"embeddable":true,"href":"https:\/\/shop.yipinqian.com\/vi\/wp-json\/wp\/v2\/comments?post=1707"}],"version-history":[{"count":0,"href":"https:\/\/shop.yipinqian.com\/vi\/wp-json\/wp\/v2\/product\/1707\/revisions"}],"wp:featuredmedia":[{"embeddable":true,"href":"https:\/\/shop.yipinqian.com\/vi\/wp-json\/wp\/v2\/media\/7256"}],"wp:attachment":[{"href":"https:\/\/shop.yipinqian.com\/vi\/wp-json\/wp\/v2\/media?parent=1707"}],"wp:term":[{"taxonomy":"product_brand","embeddable":true,"href":"https:\/\/shop.yipinqian.com\/vi\/wp-json\/wp\/v2\/product_brand?post=1707"},{"taxonomy":"product_cat","embeddable":true,"href":"https:\/\/shop.yipinqian.com\/vi\/wp-json\/wp\/v2\/product_cat?post=1707"},{"taxonomy":"product_tag","embeddable":true,"href":"https:\/\/shop.yipinqian.com\/vi\/wp-json\/wp\/v2\/product_tag?post=1707"}],"curies":[{"name":"wp","href":"https:\/\/api.w.org\/{rel}","templated":true}]}}