{"id":17064,"date":"2025-01-14T04:59:52","date_gmt":"2025-01-13T20:59:52","guid":{"rendered":"https:\/\/shop.yipinqian.com\/28-6-3-mm-light-green-with-green-patches-beads-natural-type-a-jadeite-jade-bracelet-certificate-weighs-12-64-grams-bracelet40\/"},"modified":"2025-02-24T00:49:44","modified_gmt":"2025-02-23T16:49:44","slug":"28-6-3-mm-light-green-with-green-patches-beads-natural-type-a-jadeite-jade-bracelet-certificate-weighs-12-64-grams-bracelet40","status":"publish","type":"product","link":"https:\/\/shop.yipinqian.com\/vi\/san-pham\/28-6-3-mm-light-green-with-green-patches-beads-natural-type-a-jadeite-jade-bracelet-certificate-weighs-12-64-grams-bracelet40\/","title":{"rendered":"V\u00f2ng tay ng\u1ecdc b\u00edch Jadeite t\u1ef1 nhi\u00ean lo\u1ea1i A 28 * 6,3 mm m\u00e0u xanh l\u00e1 c\u00e2y nh\u1ea1t v\u1edbi c\u00e1c h\u1ea1t v\u00e1 m\u00e0u xanh l\u00e1 c\u00e2y, gi\u1ea5y ch\u1ee9ng nh\u1eadn n\u1eb7ng 12,64 gram (v\u00f2ng tay40)"},"content":{"rendered":"<p><iframe height=\"300\" width=\"330\" src=\"https:\/\/youtube.com\/embed\/m-EHfkXcK6s\" title=\"Light green beads as Bracelet\"><\/iframe><\/p>\n<p>Kh\u00e1m ph\u00e1 v\u1ebb \u0111\u1eb9p thanh l\u1ecbch c\u1ee7a chi\u1ebfc v\u00f2ng tay Ng\u1ecdc b\u00edch lo\u1ea1i A t\u1ef1 nhi\u00ean c\u1ee7a ch\u00fang t\u00f4i, c\u00f3 c\u00e1c h\u1ea1t m\u00e0u xanh l\u00e1 c\u00e2y nh\u1ea1t tuy\u1ec7t \u0111\u1eb9p v\u1edbi c\u00e1c m\u1ea3ng xanh quy\u1ebfn r\u0169.<\/p>\n<p><\/p>\n<p>S\u1ed1 ch\u1ee9ng ch\u1ec9: 5924032606198<\/p>\n<p><img fetchpriority=\"high\" decoding=\"async\" src=\"https:\/\/shop.yipinqian.com\/wp-content\/uploads\/2025\/01\/ffb68c0536bb4ed7bdcbeb2618d12b15tplv-aphluv4xwc-origin-jpeg.jpeg?dr=15568&#038;nonce=47072&#038;refresh_token=6a74b60c6da0944015a4e9a7d51ceab5&#038;from=476444299&#038;idc=my&#038;ps=933b5bde&#038;shcp=9b759fb9&#038;shp=1c65f68b&#038;t=555f072d\" width=\"1536\" height=\"2048\"><\/p>\n<ul>\n<li>\n<strong>K\u00edch th\u01b0\u1edbc:<\/strong> 28 * 6.3 mm h\u1ea1t<\/li>\n<li>\n<strong>C\u00e2n n\u1eb7ng:<\/strong> 12,64 gam<\/li>\n<li>\n<strong>Gi\u1ea5y ch\u1ee9ng nh\u1eadn:<\/strong> Bao g\u1ed3m ch\u1ee9ng nh\u1eadn t\u00ednh x\u00e1c th\u1ef1c<\/li>\n<\/ul>\n<p><img decoding=\"async\" src=\"https:\/\/shop.yipinqian.com\/wp-content\/uploads\/2025\/01\/522ca4a899fa492ead7dc8b97b427d08tplv-aphluv4xwc-origin-jpeg.jpeg?dr=15568&#038;nonce=10401&#038;refresh_token=ab87b7928136ae8b7486ab3127cc6838&#038;from=476444299&#038;idc=my&#038;ps=933b5bde&#038;shcp=9b759fb9&#038;shp=1c65f68b&#038;t=555f072d\" width=\"1536\" height=\"2048\"><img decoding=\"async\" src=\"https:\/\/shop.yipinqian.com\/wp-content\/uploads\/2025\/01\/429bf13610d84660a0d6d590fd0be8d6tplv-aphluv4xwc-origin-jpeg.jpeg?dr=15568&#038;nonce=95520&#038;refresh_token=6e5a183f74074297e2a43ea156cb6a74&#038;from=476444299&#038;idc=my&#038;ps=933b5bde&#038;shcp=9b759fb9&#038;shp=1c65f68b&#038;t=555f072d\" width=\"1536\" height=\"2048\"><\/p>\n<p>Chi\u1ebfc v\u00f2ng tay n\u00e0y kh\u00f4ng ch\u1ec9 l\u00e0 m\u1ed9t ph\u1ee5 ki\u1ec7n th\u1eddi trang m\u00e0 c\u00f2n th\u1ec3 hi\u1ec7n v\u1ebb \u0111\u1eb9p t\u1ef1 nhi\u00ean v\u00e0 \u00fd ngh\u0129a v\u0103n h\u00f3a c\u1ee7a ng\u1ecdc b\u00edch.<\/p>\n<p><\/p>\n<p>Yi Pin Qian \u2013 Nh\u00e0 bu\u00f4n \u0111\u00e1 qu\u00fd v\u00e0 kim lo\u1ea1i qu\u00fd t\u1ea1i Singapore \u2013 S\u1ed1 gi\u1ea5y ph\u00e9p PS20190000031<\/p>\n<p><\/p>\n<p>*T\u1ea5t c\u1ea3 c\u00e1c lo\u1ea1i Jadeite \u0111\u01b0\u1ee3c mua t\u1eeb Yi Pin Qian t\u1ea1i Singapore, kh\u00e1ch h\u00e0ng c\u00f3 th\u1ec3 \u0111\u1eb7t l\u1ecbch \u0111\u00e1nh b\u00f3ng ho\u1eb7c s\u1eeda ch\u1eefa nh\u1ecf do x\u1eed l\u00fd sai c\u00e1ch \u2013 c\u00f3 t\u00ednh ph\u00ed v\u00e0 ch\u1ec9 d\u00e0nh cho kh\u00e1ch h\u00e0ng c\u1ee7a Yi Pin Qian t\u1ea1i Singapore*<\/p>\n<p><\/p>\n<p><strong>**C\u00e1c lo\u1ea1i ch\u1ee9ng ch\u1ec9**<\/strong><\/p>\n<p><\/p>\n<p><strong>NGI (C\u00f4ng ty \u0110\u00e1 qu\u00fd Nan Yang)<\/strong><\/p>\n<p>ho\u1eb7c <strong>Ch\u1ee9ng ch\u1ec9 n\u01b0\u1edbc ngo\u00e0i <\/strong>(Yi Pin Qian ch\u1ec9 s\u1eed d\u1ee5ng c\u00e1c ch\u1ee9ng ch\u1ec9 x\u00e1c th\u1ef1c t\u1eeb c\u00e1c ph\u00f2ng th\u00ed nghi\u1ec7m \u1edf n\u01b0\u1edbc ngo\u00e0i v\u00e0 ki\u1ec3m so\u00e1t ch\u1ea5t l\u01b0\u1ee3ng m\u1ecdi s\u1ea3n ph\u1ea9m c\u1ee7a ch\u00fang t\u00f4i tr\u01b0\u1edbc khi \u0111\u01b0a ch\u00fang ra b\u00e1n t\u1ea1i Singapore)<\/p>\n<p><\/p>\n<p>M\u1ed7i s\u1ea3n ph\u1ea9m s\u1ebd c\u00f3 lo\u1ea1i ch\u1ee9ng ch\u1ec9 \u0111\u01b0\u1ee3c cung c\u1ea5p \u0111\u01b0\u1ee3c ch\u1ec9 \u0111\u1ecbnh trong m\u00f4 t\u1ea3. \u0110\u1ed1i v\u1edbi b\u1ea5t k\u1ef3 kh\u00e1ch h\u00e0ng n\u00e0o mu\u1ed1n g\u1eedi \u0111\u01a1n \u0111\u1eb7t h\u00e0ng c\u1ee7a h\u1ecd \u0111\u1ebfn NGI Singapore, <strong>B\u1ea1n c\u1ea7n g\u1eedi y\u00eau c\u1ea7u b\u00e1o c\u00e1o v\u1ec1 NGI Gemstone b\u1eb1ng c\u00e1ch nh\u1eafn tin cho ch\u00fang t\u00f4i.<\/strong> C\u1ea3m \u01a1n, <strong><u>\u00e1p d\u1ee5ng th\u00eam ph\u00ed<\/u><\/strong> \u2013 $90 \u0111\u1ed1i v\u1edbi \u0111\u00e1 jadeite \/ $150 \u0111\u1ed1i v\u1edbi \u0111\u00e1 jadeite v\u00e0ng 18k \/ $150 \u0111\u1ed1i v\u1edbi h\u1ea1t \u0111\u00e1 jadeite \u2013 kh\u00f4ng b\u1eaft bu\u1ed9c v\u00ec h\u1ea7u h\u1ebft s\u1ea3n ph\u1ea9m c\u1ee7a ch\u00fang t\u00f4i \u0111\u00e3 c\u00f3 ch\u1ee9ng ch\u1ec9 n\u01b0\u1edbc ngo\u00e0i ho\u1eb7c b\u00e1o c\u00e1o NGI.<\/p>\n<p><\/p>\n<p>(\u0110\u1ec3 bi\u1ebft th\u00eam chi ti\u1ebft ho\u1eb7c y\u00eau c\u1ea7u b\u1ed5 sung: <strong>Vui l\u00f2ng nh\u1eafn tin cho ch\u00fang t\u00f4i n\u1ebfu b\u1ea1n mu\u1ed1n g\u1eedi s\u1ea3n ph\u1ea9m \u0111\u00e3 mua c\u1ee7a m\u00ecnh \u0111\u1ebfn ph\u00f2ng x\u00e9t nghi\u1ec7m NGI<\/strong>)<\/p>\n<p><\/p>\n<p><strong>Jadeite t\u1ef1 nhi\u00ean kh\u00f4ng ho\u00e0n h\u1ea3o, ch\u1ec9 l\u00e0 m\u1ed9t l\u1eddi nh\u1eafc nh\u1edf nh\u1eb9 nh\u00e0ng, Jadeite t\u1ef1 nhi\u00ean c\u1ee7a ch\u00fang t\u00f4i, gi\u1ed1ng nh\u01b0 t\u1ea5t c\u1ea3 nh\u1eefng th\u1ee9 \u0111\u1eb9p \u0111\u1ebd trong t\u1ef1 nhi\u00ean, c\u00f3 nh\u1eefng \u0111\u1eb7c \u0111i\u1ec3m v\u00e0 bi\u1ebfn th\u1ec3 \u0111\u1ed9c \u0111\u00e1o. Ch\u00fang t\u00f4i m\u1eddi nh\u1eefng kh\u00e1ch h\u00e0ng c\u00f3 gi\u00e1 tr\u1ecb c\u1ee7a m\u00ecnh \u0111\u00f3n nh\u1eadn nh\u1eefng bi\u1ebfn th\u1ec3 t\u1ef1 nhi\u00ean n\u00e0y. Ch\u00fac b\u1ea1n mua s\u1eafm vui v\u1ebb!<\/strong><\/p>\n<p><\/p>\n<p><strong><u>Kh\u00f4ng c\u00f3 h\u00ecnh \u1ea3nh v\u00e0 c\u1ea3nh quay video n\u00e0o \u0111\u01b0\u1ee3c l\u1ecdc. Ch\u00fang t\u00f4i khuy\u1ebfn kh\u00edch kh\u00e1ch h\u00e0ng c\u1ee7a m\u00ecnh c\u0169ng xem c\u00e1c video \u0111i k\u00e8m \u0111\u1ec3 c\u00f3 c\u00e1i nh\u00ecn to\u00e0n di\u1ec7n h\u01a1n v\u1ec1 s\u1ea3n ph\u1ea9m c\u1ee7a ch\u00fang t\u00f4i<\/u><\/strong><\/p>\n<p><\/p>\n<ul>\n<li>C\u00e1c n\u1ec1n t\u1ea3ng kh\u00e1c nhau ch\u1ec9 c\u00f3 th\u1ec3 xem video th\u00f4ng qua m\u00e1y t\u00ednh \u0111\u1ec3 b\u00e0n<\/li>\n<\/ul>","protected":false},"excerpt":{"rendered":"<p>Discover the elegance of our Natural Type A Jadeite Jade bracelet, featuring beautiful light green beads with captivating green patches. Certificate numbers: 5924032606198 Dimensions: 28 * 6.3 mm beads Weight: 12.64 grams Cerficate: Includes certification for authenticity This bracelet not only serves as a stylish accessory but also embodies the natural beauty and cultural significance [&hellip;]<\/p>","protected":false},"featured_media":15532,"comment_status":"open","ping_status":"closed","template":"","meta":[],"product_brand":[],"product_cat":[194],"product_tag":[102,52,55,82,58,60,61,62],"class_list":{"0":"post-17064","1":"product","2":"type-product","3":"status-publish","4":"has-post-thumbnail","6":"product_cat-value-picks","7":"product_tag-bracelet","8":"product_tag-certified","9":"product_tag-jadeite","10":"product_tag-light-green","11":"product_tag-new-arrivals","12":"product_tag-type-a-jadeite","13":"product_tag-unisex","14":"product_tag-yi-pin-qian-exclusive","16":"first","17":"instock","18":"sale","19":"shipping-taxable","20":"purchasable","21":"product-type-simple"},"_links":{"self":[{"href":"https:\/\/shop.yipinqian.com\/vi\/wp-json\/wp\/v2\/product\/17064","targetHints":{"allow":["GET"]}}],"collection":[{"href":"https:\/\/shop.yipinqian.com\/vi\/wp-json\/wp\/v2\/product"}],"about":[{"href":"https:\/\/shop.yipinqian.com\/vi\/wp-json\/wp\/v2\/types\/product"}],"replies":[{"embeddable":true,"href":"https:\/\/shop.yipinqian.com\/vi\/wp-json\/wp\/v2\/comments?post=17064"}],"version-history":[{"count":0,"href":"https:\/\/shop.yipinqian.com\/vi\/wp-json\/wp\/v2\/product\/17064\/revisions"}],"wp:featuredmedia":[{"embeddable":true,"href":"https:\/\/shop.yipinqian.com\/vi\/wp-json\/wp\/v2\/media\/15532"}],"wp:attachment":[{"href":"https:\/\/shop.yipinqian.com\/vi\/wp-json\/wp\/v2\/media?parent=17064"}],"wp:term":[{"taxonomy":"product_brand","embeddable":true,"href":"https:\/\/shop.yipinqian.com\/vi\/wp-json\/wp\/v2\/product_brand?post=17064"},{"taxonomy":"product_cat","embeddable":true,"href":"https:\/\/shop.yipinqian.com\/vi\/wp-json\/wp\/v2\/product_cat?post=17064"},{"taxonomy":"product_tag","embeddable":true,"href":"https:\/\/shop.yipinqian.com\/vi\/wp-json\/wp\/v2\/product_tag?post=17064"}],"curies":[{"name":"wp","href":"https:\/\/api.w.org\/{rel}","templated":true}]}}