{"id":1706,"date":"2024-10-24T23:21:39","date_gmt":"2024-10-24T15:21:39","guid":{"rendered":"https:\/\/shop.yipinqian.com\/product\/quality-semi-icy-full-oil-green-natural-type-a-jadeite-jade-pendant-necklace-crafted-with-lotus-certificate-included-weigh-12-07-grams-measurement-41-3-27-11-mm-pendant182\/"},"modified":"2025-02-24T00:49:52","modified_gmt":"2025-02-23T16:49:52","slug":"quality-semi-icy-full-oil-green-natural-type-a-jadeite-jade-pendant-necklace-crafted-with-lotus-certificate-included-weigh-12-07-grams-measurement-41-3-27-11-mm-pendant182","status":"publish","type":"product","link":"https:\/\/shop.yipinqian.com\/vi\/san-pham\/quality-semi-icy-full-oil-green-natural-type-a-jadeite-jade-pendant-necklace-crafted-with-lotus-certificate-included-weigh-12-07-grams-measurement-41-3-27-11-mm-pendant182\/","title":{"rendered":"D\u00e2y chuy\u1ec1n m\u1eb7t d\u00e2y chuy\u1ec1n b\u1eb1ng ng\u1ecdc b\u00edch t\u1ef1 nhi\u00ean lo\u1ea1i A m\u00e0u xanh l\u00e1 c\u00e2y b\u00e1n b\u0103ng ch\u1ea5t l\u01b0\u1ee3ng cao \u0111\u01b0\u1ee3c ch\u1ebf t\u00e1c b\u1eb1ng hoa sen, c\u00f3 k\u00e8m gi\u1ea5y ch\u1ee9ng nh\u1eadn, n\u1eb7ng 12,07 gram, k\u00edch th\u01b0\u1edbc 41,3 * 27 * 11 mm (m\u1eb7t d\u00e2y chuy\u1ec1n182)"},"content":{"rendered":"<p>D\u00e2y chuy\u1ec1n m\u1eb7t d\u00e2y chuy\u1ec1n ng\u1ecdc b\u00edch xanh l\u00e1 c\u00e2y t\u1ef1 nhi\u00ean lo\u1ea1i A Semi Icy Full Oil Jadeite Jade n\u00e0y l\u00e0 m\u1ed9t s\u1ef1 b\u1ed5 sung tuy\u1ec7t \u0111\u1eb9p cho b\u1ea5t k\u1ef3 b\u1ed9 s\u01b0u t\u1eadp trang s\u1ee9c n\u00e0o v\u00e0 \u0111i k\u00e8m v\u1edbi gi\u1ea5y ch\u1ee9ng nh\u1eadn x\u00e1c th\u1ef1c. \u0110\u01b0\u1ee3c ch\u1ebf t\u00e1c v\u1edbi thi\u1ebft k\u1ebf tinh x\u1ea3o c\u1ee7a hoa sen, d\u00e2y chuy\u1ec1n m\u1eb7t d\u00e2y chuy\u1ec1n n\u00e0y ch\u1eafc ch\u1eafn s\u1ebd thu h\u00fat s\u1ef1 ch\u00fa \u00fd.<\/p>\n<p><\/p>\n<p><strong>S\u1ed1 ch\u1ee9ng ch\u1ec9: ZSJ12205051935<\/strong><\/p>\n<ul>\n<li>\n<strong>V\u1eadt li\u1ec7u:<\/strong> \u0110\u01b0\u1ee3c l\u00e0m t\u1eeb lo\u1ea1i Jadeite Jade t\u1ef1 nhi\u00ean ch\u1ea5t l\u01b0\u1ee3ng cao lo\u1ea1i A<\/li>\n<li>\n<strong>C\u00e2n n\u1eb7ng:<\/strong> V\u1edbi tr\u1ecdng l\u01b0\u1ee3ng 12,07 gram, m\u1eb7t d\u00e2y chuy\u1ec1n n\u00e0y mang l\u1ea1i c\u1ea3m gi\u00e1c ch\u1eafc ch\u1eafn v\u00e0 b\u1ec1n b\u1ec9<\/li>\n<li>\n<strong>K\u00edch c\u1ee1:<\/strong> K\u00edch th\u01b0\u1edbc 41,3 * 27 * 11 mm (m\u1eb7t d\u00e2y chuy\u1ec1n182), kh\u00f4ng qu\u00e1 l\u1edbn ho\u1eb7c qu\u00e1 nh\u1ecf<\/li>\n<li>\n<strong>Lo\u1ea1i ng\u1ecdc b\u00edch:<\/strong> Ng\u1ecdc b\u00edch \u2013 N\u1ed5i ti\u1ebfng v\u00ec v\u1ebb \u0111\u1eb9p t\u1ef1 nhi\u00ean v\u00e0 \u0111\u1ed9 b\u1ec1n, r\u1ea5t l\u00fd t\u01b0\u1edfng \u0111\u1ec3 ch\u1ebf t\u00e1c \u0111\u1ed3 trang s\u1ee9c.<\/li>\n<\/ul>\n<p>M\u00e0u xanh l\u00e1 c\u00e2y tuy\u1ec7t \u0111\u1eb9p t\u1ef1 h\u00e0o c\u00f3 d\u1ea7u b\u00e1n b\u0103ng gi\u00e1 v\u1edbi thi\u1ebft k\u1ebf ch\u1ea1m kh\u1eafc tinh x\u1ea3o c\u1ee7a Hoa sen l\u00e0m cho m\u1ed7i s\u1ea3n ph\u1ea9m tr\u1edf n\u00ean \u0111\u1ed9c \u0111\u00e1o. Ki\u1ec3u v\u00f2ng c\u1ed5 n\u00e0y ho\u00e0n h\u1ea3o \u0111\u1ec3 \u0111eo th\u01b0\u1eddng ng\u00e0y trong b\u1ea5t k\u1ef3 d\u1ecbp n\u00e0o h\u00e0ng ng\u00e0y.<\/p>\n<ul>\n<li>\n<strong>Gi\u1ea5y ch\u1ee9ng nh\u1eadn bao g\u1ed3m: <\/strong>M\u1eb7t d\u00e2y chuy\u1ec1n n\u00e0y \u0111i k\u00e8m v\u1edbi gi\u1ea5y ch\u1ee9ng nh\u1eadn x\u00e1c th\u1ef1c \u0111\u1ea3m b\u1ea3o r\u1eb1ng \u0111\u00e2y l\u00e0 Jadeite lo\u1ea1i A t\u1ef1 nhi\u00ean<\/li>\n<li>,<\/li>\n<li>\n<strong>Kh\u00f4ng b\u1ea3o h\u00e0nh: <\/strong>S\u1ea3n ph\u1ea9m n\u00e0y kh\u00f4ng \u0111\u01b0\u1ee3c b\u1ea3o h\u00e0nh nh\u01b0ng \u0111\u01b0\u1ee3c l\u00e0m b\u1eb1ng ng\u1ecdc b\u00edch ch\u1ea5t l\u01b0\u1ee3ng cao, c\u00f3 th\u1ec3 s\u1eed d\u1ee5ng l\u00e2u h\u01a1n mong \u0111\u1ee3i,,<\/li>\n<li>T\u00ednh n\u0103ng th\u00e2n thi\u1ec7n v\u1edbi gi\u1edbi t\u00ednh gi\u00fap s\u1ea3n ph\u1ea9m n\u00e0y tr\u1edf n\u00ean tho\u1ea3i m\u00e1i khi \u0111eo \u0111\u1ed1i v\u1edbi b\u1ea5t k\u1ef3 ai y\u00eau th\u00edch nh\u1eefng m\u00f3n \u0111\u1ed3 \u0111\u1ed9c \u0111\u00e1o ph\u1ea3n \u00e1nh c\u00e1 t\u00ednh c\u1ee7a h\u1ecd..,<\/li>\n<li>,<\/li>\n<li>Phong c\u00e1ch gi\u1ea3n d\u1ecb \u0111\u1ea3m b\u1ea3o r\u1eb1ng b\u1ea1n c\u00f3 th\u1ec3 tho\u1ea3i m\u00e1i k\u1ebft h\u1ee3p trang ph\u1ee5c y\u00eau th\u00edch c\u1ee7a m\u00ecnh m\u00e0 kh\u00f4ng ph\u1ea3i lo l\u1eafng v\u1ec1 vi\u1ec7c \u0103n m\u1eb7c qu\u00e1 l\u1ed1..,<\/li>\n<li>,<\/li>\n<li>T\u00ednh n\u0103ng th\u00e2n thi\u1ec7n v\u1edbi c\u00e1c d\u1ecbp \u0111\u1eb7c bi\u1ec7t \u0111\u1ea3m b\u1ea3o b\u1ea1n c\u00f3 th\u1ec3 t\u1ea1o ki\u1ec3u cho nh\u1eefng m\u00f3n \u0111\u1ed3 n\u00e0y h\u00e0ng ng\u00e0y m\u00e0 kh\u00f4ng c\u1ea7n ph\u1ea3i ch\u1edd \u0111\u1ebfn nh\u1eefng s\u1ef1 ki\u1ec7n \u0111\u1eb7c bi\u1ec7t.,<\/li>\n<li>,<\/li>\n<\/ul>\n<p>Yi Pin Qian \u2013 Nh\u00e0 bu\u00f4n \u0111\u00e1 qu\u00fd v\u00e0 kim lo\u1ea1i qu\u00fd t\u1ea1i Singapore \u2013 S\u1ed1 gi\u1ea5y ph\u00e9p PS20190000031<\/p>\n<p><\/p>\n<p>*T\u1ea5t c\u1ea3 c\u00e1c lo\u1ea1i Jadeite \u0111\u01b0\u1ee3c mua t\u1eeb Yi Pin Qian t\u1ea1i Singapore, kh\u00e1ch h\u00e0ng c\u00f3 th\u1ec3 \u0111\u1eb7t l\u1ecbch \u0111\u00e1nh b\u00f3ng ho\u1eb7c s\u1eeda ch\u1eefa nh\u1ecf do x\u1eed l\u00fd sai c\u00e1ch \u2013 c\u00f3 t\u00ednh ph\u00ed v\u00e0 ch\u1ec9 d\u00e0nh cho kh\u00e1ch h\u00e0ng c\u1ee7a Yi Pin Qian t\u1ea1i Singapore*<\/p>\n<p><\/p>\n<p><strong>**C\u00e1c lo\u1ea1i ch\u1ee9ng ch\u1ec9**<\/strong><\/p>\n<p><\/p>\n<p><strong>NGI (C\u00f4ng ty \u0110\u00e1 qu\u00fd Nan Yang)<\/strong><\/p>\n<p>ho\u1eb7c <strong>Ch\u1ee9ng ch\u1ec9 n\u01b0\u1edbc ngo\u00e0i <\/strong>(Yi Pin Qian ch\u1ec9 s\u1eed d\u1ee5ng c\u00e1c ch\u1ee9ng ch\u1ec9 x\u00e1c th\u1ef1c t\u1eeb c\u00e1c ph\u00f2ng th\u00ed nghi\u1ec7m \u1edf n\u01b0\u1edbc ngo\u00e0i v\u00e0 ki\u1ec3m so\u00e1t ch\u1ea5t l\u01b0\u1ee3ng m\u1ecdi s\u1ea3n ph\u1ea9m c\u1ee7a ch\u00fang t\u00f4i tr\u01b0\u1edbc khi \u0111\u01b0a ch\u00fang ra b\u00e1n t\u1ea1i Singapore)<\/p>\n<p><\/p>\n<p>M\u1ed7i s\u1ea3n ph\u1ea9m tr\u00ean TikTok s\u1ebd c\u00f3 lo\u1ea1i ch\u1ee9ng ch\u1ec9 \u0111\u01b0\u1ee3c cung c\u1ea5p \u0111\u01b0\u1ee3c n\u00eau trong ph\u1ea7n m\u00f4 t\u1ea3. \u0110\u1ed1i v\u1edbi b\u1ea5t k\u1ef3 kh\u00e1ch h\u00e0ng n\u00e0o mu\u1ed1n g\u1eedi \u0111\u01a1n h\u00e0ng c\u1ee7a m\u00ecnh \u0111\u1ebfn NGI Singapore, s\u1ebd c\u00f3 th\u1eddi gian ch\u1edd giao h\u00e0ng \u01b0\u1edbc t\u00ednh kho\u1ea3ng 4 tu\u1ea7n \u0111\u1ec3 nh\u1eadn \u0111\u01b0\u1ee3c \u0111\u01a1n h\u00e0ng c\u1ee7a b\u1ea1n. <strong>Y\u00eau c\u1ea7u b\u00e1o c\u00e1o v\u1ec1 NGI Gemstone c\u1ea7n \u0111\u01b0\u1ee3c th\u1ef1c hi\u1ec7n b\u1eb1ng c\u00e1ch nh\u1eafn tin \u0111\u1ebfn c\u1eeda h\u00e0ng TikTok Yi Pin Qian.<\/strong> C\u1ea3m \u01a1n, <strong><u>\u00e1p d\u1ee5ng th\u00eam ph\u00ed<\/u><\/strong>.<\/p>\n<p><\/p>\n<p><strong>Jadeite t\u1ef1 nhi\u00ean kh\u00f4ng ho\u00e0n h\u1ea3o, ch\u1ec9 l\u00e0 m\u1ed9t l\u1eddi nh\u1eafc nh\u1edf nh\u1eb9 nh\u00e0ng, Jadeite t\u1ef1 nhi\u00ean c\u1ee7a ch\u00fang t\u00f4i, gi\u1ed1ng nh\u01b0 t\u1ea5t c\u1ea3 nh\u1eefng th\u1ee9 \u0111\u1eb9p \u0111\u1ebd trong t\u1ef1 nhi\u00ean, c\u00f3 nh\u1eefng \u0111\u1eb7c \u0111i\u1ec3m v\u00e0 bi\u1ebfn th\u1ec3 \u0111\u1ed9c \u0111\u00e1o. Ch\u00fang t\u00f4i m\u1eddi nh\u1eefng kh\u00e1ch h\u00e0ng c\u00f3 gi\u00e1 tr\u1ecb c\u1ee7a m\u00ecnh \u0111\u00f3n nh\u1eadn nh\u1eefng bi\u1ebfn th\u1ec3 t\u1ef1 nhi\u00ean n\u00e0y. Ch\u00fac b\u1ea1n mua s\u1eafm vui v\u1ebb!<\/strong><\/p>\n<p><\/p>\n<p><strong><u>Kh\u00f4ng c\u00f3 h\u00ecnh \u1ea3nh v\u00e0 c\u1ea3nh quay video n\u00e0o \u0111\u01b0\u1ee3c l\u1ecdc. Ch\u00fang t\u00f4i khuy\u1ebfn kh\u00edch kh\u00e1ch h\u00e0ng c\u1ee7a m\u00ecnh c\u0169ng xem c\u00e1c video \u0111i k\u00e8m \u0111\u1ec3 c\u00f3 c\u00e1i nh\u00ecn to\u00e0n di\u1ec7n h\u01a1n v\u1ec1 s\u1ea3n ph\u1ea9m c\u1ee7a ch\u00fang t\u00f4i<\/u><\/strong><\/p>","protected":false},"excerpt":{"rendered":"<p>D\u00e2y chuy\u1ec1n m\u1eb7t d\u00e2y chuy\u1ec1n ng\u1ecdc b\u00edch xanh l\u00e1 c\u00e2y t\u1ef1 nhi\u00ean lo\u1ea1i A Semi Icy Full Oil Jadeite Jade n\u00e0y l\u00e0 m\u1ed9t s\u1ef1 b\u1ed5 sung tuy\u1ec7t \u0111\u1eb9p cho b\u1ea5t k\u1ef3 b\u1ed9 s\u01b0u t\u1eadp trang s\u1ee9c n\u00e0o v\u00e0 \u0111i k\u00e8m v\u1edbi gi\u1ea5y ch\u1ee9ng nh\u1eadn x\u00e1c th\u1ef1c. \u0110\u01b0\u1ee3c ch\u1ebf t\u00e1c v\u1edbi thi\u1ebft k\u1ebf tinh x\u1ea3o c\u1ee7a hoa sen, d\u00e2y chuy\u1ec1n m\u1eb7t d\u00e2y chuy\u1ec1n n\u00e0y ch\u1eafc ch\u1eafn s\u1ebd thu h\u00fat s\u1ef1 ch\u00fa \u00fd. S\u1ed1 ch\u1ee9ng nh\u1eadn: ZSJ12205051935 Ch\u1ea5t li\u1ec7u: \u0110\u01b0\u1ee3c l\u00e0m t\u1eeb lo\u1ea1i \u0111\u00e1 t\u1ef1 nhi\u00ean ch\u1ea5t l\u01b0\u1ee3ng cao [\u2026]<\/p>","protected":false},"featured_media":7248,"comment_status":"open","ping_status":"closed","template":"","meta":[],"product_brand":[],"product_cat":[194],"product_tag":[],"class_list":{"0":"post-1706","1":"product","2":"type-product","3":"status-publish","4":"has-post-thumbnail","6":"product_cat-value-picks","8":"first","9":"instock","10":"sale","11":"shipping-taxable","12":"purchasable","13":"product-type-simple"},"_links":{"self":[{"href":"https:\/\/shop.yipinqian.com\/vi\/wp-json\/wp\/v2\/product\/1706","targetHints":{"allow":["GET"]}}],"collection":[{"href":"https:\/\/shop.yipinqian.com\/vi\/wp-json\/wp\/v2\/product"}],"about":[{"href":"https:\/\/shop.yipinqian.com\/vi\/wp-json\/wp\/v2\/types\/product"}],"replies":[{"embeddable":true,"href":"https:\/\/shop.yipinqian.com\/vi\/wp-json\/wp\/v2\/comments?post=1706"}],"version-history":[{"count":0,"href":"https:\/\/shop.yipinqian.com\/vi\/wp-json\/wp\/v2\/product\/1706\/revisions"}],"wp:featuredmedia":[{"embeddable":true,"href":"https:\/\/shop.yipinqian.com\/vi\/wp-json\/wp\/v2\/media\/7248"}],"wp:attachment":[{"href":"https:\/\/shop.yipinqian.com\/vi\/wp-json\/wp\/v2\/media?parent=1706"}],"wp:term":[{"taxonomy":"product_brand","embeddable":true,"href":"https:\/\/shop.yipinqian.com\/vi\/wp-json\/wp\/v2\/product_brand?post=1706"},{"taxonomy":"product_cat","embeddable":true,"href":"https:\/\/shop.yipinqian.com\/vi\/wp-json\/wp\/v2\/product_cat?post=1706"},{"taxonomy":"product_tag","embeddable":true,"href":"https:\/\/shop.yipinqian.com\/vi\/wp-json\/wp\/v2\/product_tag?post=1706"}],"curies":[{"name":"wp","href":"https:\/\/api.w.org\/{rel}","templated":true}]}}