{"id":1704,"date":"2024-10-24T23:21:38","date_gmt":"2024-10-24T15:21:38","guid":{"rendered":"https:\/\/shop.yipinqian.com\/product\/quality-black-wuji-natural-type-a-jadeite-jade-crafted-with-shape-of-perfect-circle-as-bangle-bracelet-with-certificate-weigh-44-55-grams-measurement-9-1-9-2-mm-wrist-size-54mm-bangle3\/"},"modified":"2025-02-24T00:49:52","modified_gmt":"2025-02-23T16:49:52","slug":"quality-black-wuji-natural-type-a-jadeite-jade-crafted-with-shape-of-perfect-circle-as-bangle-bracelet-with-certificate-weigh-44-55-grams-measurement-9-1-9-2-mm-wrist-size-54mm-bangle3","status":"publish","type":"product","link":"https:\/\/shop.yipinqian.com\/vi\/san-pham\/quality-black-wuji-natural-type-a-jadeite-jade-crafted-with-shape-of-perfect-circle-as-bangle-bracelet-with-certificate-weigh-44-55-grams-measurement-9-1-9-2-mm-wrist-size-54mm-bangle3\/","title":{"rendered":"Ng\u1ecdc b\u00edch t\u1ef1 nhi\u00ean lo\u1ea1i A Wuji \u0111en ch\u1ea5t l\u01b0\u1ee3ng cao \u0111\u01b0\u1ee3c ch\u1ebf t\u00e1c theo h\u00ecnh tr\u00f2n ho\u00e0n h\u1ea3o l\u00e0m v\u00f2ng tay c\u00f3 ch\u1ee9ng nh\u1eadn n\u1eb7ng 44,55 gram, k\u00edch th\u01b0\u1edbc 9,1 * 9,2 mm, k\u00edch th\u01b0\u1edbc c\u1ed5 tay = 54mm (v\u00f2ng tay3)"},"content":{"rendered":"<article class=\"lzd-article\">\n<p style=\"line-height:1.7;text-align:left;text-indent:0;margin-left:0;margin-top:0;margin-bottom:0\"><span>Tr\u1ea3i nghi\u1ec7m s\u1ef1 thanh l\u1ecbch v\u00e0 sang tr\u1ecdng v\u1edbi V\u00f2ng tay ng\u1ecdc b\u00edch t\u1ef1 nhi\u00ean lo\u1ea1i A wuji \u0111en ch\u1ea5t l\u01b0\u1ee3ng n\u00e0y. H\u00ecnh tr\u00f2n ho\u00e0n h\u1ea3o t\u1ea1o th\u00eam n\u00e9t \u0111\u1ed9c \u0111\u00e1o cho m\u00f3n \u0111\u1ed3 n\u00e0y, khi\u1ebfn n\u00f3 tr\u1edf th\u00e0nh ph\u1ee5 ki\u1ec7n n\u1ed5i b\u1eadt cho m\u1ecdi d\u1ecbp.<\/span><\/p>\n<p style=\"line-height:1.7;text-align:left;text-indent:0;margin-left:0;margin-top:0;margin-bottom:0\"><span><\/span><\/p>\n<p style=\"line-height:1.7;text-align:left;text-indent:0;margin-left:0;margin-top:0;margin-bottom:0\"><span><\/span><img decoding=\"async\" src=\"https:\/\/shop.yipinqian.com\/wp-content\/uploads\/2024\/10\/Sebb0310554b44285b943af2ae35f1d68a.jpg\" style=\"width:526px;height:362px;vertical-align:middle\"><span> <\/span><\/p>\n<p style=\"line-height:1.7;text-align:left;text-indent:0;margin-left:0;margin-top:0;margin-bottom:0\"><span><\/span><\/p>\n<p style=\"line-height:1.7;text-align:left;text-indent:0;margin-left:0;margin-top:0;margin-bottom:0\"><span>S\u1ed1 ch\u1ee9ng ch\u1ec9: GD2111H017546<\/span><\/p>\n<p style=\"line-height:1.7;text-align:left;text-indent:0;margin-left:0;margin-top:0;margin-bottom:0\"><span>K\u00edch th\u01b0\u1edbc c\u1ed5 tay, \u0110\u01b0\u1eddng k\u00ednh 54mm<\/span><\/p>\n<p style=\"line-height:1.7;text-align:left;text-indent:0;margin-left:0;margin-top:0;margin-bottom:0\"><span>K\u00edch th\u01b0\u1edbc v\u00f2ng tay: 9,1 * 9,2 mm<\/span><\/p>\n<p style=\"line-height:1.7;text-align:left;text-indent:0;margin-left:0;margin-top:0;margin-bottom:0\"><span><\/span><\/p>\n<ul>\n<li>\n<div style=\"line-height:1.7;text-align:left;text-indent:0\"><span style=\"font-weight:bold\">Ch\u1ea5t l\u01b0\u1ee3ng cao c\u1ea5p: Chi\u1ebfc v\u00f2ng tay n\u00e0y \u0111\u01b0\u1ee3c ch\u1ebf t\u00e1c t\u1eeb Ng\u1ecdc b\u00edch lo\u1ea1i A t\u1ef1 nhi\u00ean t\u1eeb Myanmar, n\u1ed5i ti\u1ebfng v\u1ec1 ch\u1ea5t l\u01b0\u1ee3ng v\u01b0\u1ee3t tr\u1ed9i v\u00e0 t\u00ednh th\u1ea9m m\u1ef9.<\/span><\/div>\n<\/li>\n<\/ul>\n<p style=\"line-height:1.7;text-align:left;text-indent:0;margin-left:0;margin-top:0;margin-bottom:0\"><span style=\"font-weight:bold\">Gi\u1ea5y ch\u1ee9ng nh\u1eadn k\u00e8m theo: M\u1ed7i chi\u1ebfc v\u00f2ng tay \u0111\u1ec1u c\u00f3 k\u00e8m theo gi\u1ea5y ch\u1ee9ng nh\u1eadn x\u00e1c th\u1ef1c, \u0111\u1ea3m b\u1ea3o ch\u1ea5t l\u01b0\u1ee3ng v\u00e0 t\u00ednh ch\u00ednh h\u00e3ng c\u1ee7a ng\u1ecdc b\u00edch.<\/span><\/p>\n<p style=\"line-height:1.7;text-align:left;text-indent:0;margin-left:0;margin-top:0;margin-bottom:0\"><span><\/span><\/p>\n<p style=\"line-height:1.7;text-align:left;text-indent:0;margin-left:0;margin-top:0;margin-bottom:0\"><span style=\"font-weight:bold\">Thi\u1ebft k\u1ebf d\u00e0nh cho c\u1ea3 nam v\u00e0 n\u1eef: Thi\u1ebft k\u1ebf c\u1ee7a v\u00f2ng tay r\u1ea5t \u0111a n\u0103ng, ph\u00f9 h\u1ee3p v\u1edbi c\u1ea3 nam v\u00e0 n\u1eef, v\u1eeba v\u1eb7n tho\u1ea3i m\u00e1i v\u1edbi m\u1ecdi c\u1ed5 tay c\u00f3 \u0111\u01b0\u1eddng k\u00ednh l\u00ean \u0111\u1ebfn 54mm.<\/span><\/p>\n<p style=\"line-height:1.7;text-align:left;text-indent:0;margin-left:0;margin-top:0;margin-bottom:0\"><span><\/span><\/p>\n<p style=\"line-height:1.7;text-align:left;text-indent:0;margin-left:0;margin-top:0;margin-bottom:0\"><span style=\"font-weight:bold\">Th\u00edch h\u1ee3p \u0111\u1ec3 \u0111eo h\u00e0ng ng\u00e0y ho\u1eb7c l\u00e0m ph\u1ee5 ki\u1ec7n tinh t\u1ebf cho nh\u1eefng d\u1ecbp \u0111\u1eb7c bi\u1ec7t.<\/span><\/p>\n<p style=\"line-height:1.7;text-align:left;text-indent:0;margin-left:0;margin-top:0;margin-bottom:0\"><span><\/span><\/p>\n<p style=\"line-height:1.7;text-align:left;text-indent:0;margin-left:0;margin-top:0;margin-bottom:0\"><span style=\"font-weight:bold\">Trang ph\u1ee5c h\u00e0ng ng\u00e0y: Thi\u1ebft k\u1ebf ho\u00e0n h\u1ea3o khi\u1ebfn \u0111\u00e2y tr\u1edf th\u00e0nh ph\u1ee5 ki\u1ec7n trang s\u1ee9c l\u00fd t\u01b0\u1edfng, d\u1ec5 d\u00e0ng k\u1ebft h\u1ee3p v\u1edbi m\u1ecdi trang ph\u1ee5c.<\/span><\/p>\n<p style=\"line-height:1.7;text-align:left;text-indent:0;margin-left:0;margin-top:0;margin-bottom:0\"><span style=\"font-weight:bold\">Chi\u1ebfc v\u00f2ng tay \u0111\u01b0\u1ee3c l\u00e0m t\u1eeb ng\u1ecdc b\u00edch t\u1ef1 nhi\u00ean Wuji \u0111en, \u0111\u1ea3m b\u1ea3o b\u1ea1n ch\u1ec9 nh\u1eadn \u0111\u01b0\u1ee3c ch\u1ea5t li\u1ec7u t\u1ed1t nh\u1ea5t v\u00e0 gi\u00e1 tr\u1ecb t\u01b0\u01a1ng x\u1ee9ng v\u1edbi s\u1ed1 ti\u1ec1n b\u1ecf ra. M\u1eb7c d\u00f9 chi\u1ebfc v\u00f2ng tay thanh l\u1ecbch n\u00e0y kh\u00f4ng c\u00f3 ch\u1ebf \u0111\u1ed9 b\u1ea3o h\u00e0nh, nh\u01b0ng tay ngh\u1ec1 th\u1ee7 c\u00f4ng v\u01b0\u1ee3t tr\u1ed9i c\u1ee7a n\u00f3 l\u00e0 minh ch\u1ee9ng cho ch\u1ea5t l\u01b0\u1ee3ng c\u1ee7a n\u00f3. <\/span><\/p>\n<p style=\"line-height:1.7;text-align:left;text-indent:0;margin-left:0;margin-top:0;margin-bottom:0\"><span><\/span><\/p>\n<p style=\"line-height:1.7;text-align:left;text-indent:0;margin-left:0;margin-top:0;margin-bottom:0\"><span style=\"font-weight:bold\">N\u00e2ng t\u1ea7m phong c\u00e1ch c\u1ee7a b\u1ea1n ngay h\u00f4m nay!<\/span><\/p>\n<p style=\"line-height:1.7;text-align:left;text-indent:0;margin-left:0;margin-top:0;margin-bottom:0\"><span><\/span><\/p>\n<p style=\"line-height:1.7;text-align:left;text-indent:0;margin-left:0;margin-top:0;margin-bottom:0\"><span style=\"font-weight:bold\">Xin l\u01b0u \u00fd, ng\u1ecdc b\u00edch t\u1ef1 nhi\u00ean c\u00f3 nh\u1eefng \u0111\u1eb7c \u0111i\u1ec3m v\u00e0 bi\u1ebfn th\u1ec3 ri\u00eang bi\u1ec7t, gi\u1ed1ng nh\u01b0 t\u1ea5t c\u1ea3 nh\u1eefng \u0111i\u1ec1u k\u1ef3 di\u1ec7u c\u1ee7a thi\u00ean nhi\u00ean. Ch\u00fang t\u00f4i khuy\u1ebfn kh\u00edch kh\u00e1ch h\u00e0ng tr\u00e2n tr\u1ecdng nh\u1eefng \u0111\u1eb7c \u0111i\u1ec3m t\u1ef1 nhi\u00ean n\u00e0y. H\u00e3y t\u1eadn h\u01b0\u1edfng tr\u1ea3i nghi\u1ec7m mua s\u1eafm c\u1ee7a b\u1ea1n!<\/span><\/p>\n<p style=\"line-height:1.7;text-align:left;text-indent:0;margin-left:0;margin-top:0;margin-bottom:0\"><span style=\"font-weight:bold\">Ch\u00fang t\u00f4i \u0111\u1ea3m b\u1ea3o r\u1eb1ng kh\u00f4ng c\u00f3 h\u00ecnh \u1ea3nh ho\u1eb7c c\u1ea3nh quay video n\u00e0o b\u1ecb thay \u0111\u1ed5i. \u0110\u1ec3 c\u00f3 g\u00f3c nh\u00ecn chi ti\u1ebft h\u01a1n v\u1ec1 c\u00e1c d\u1ecbch v\u1ee5 c\u1ee7a ch\u00fang t\u00f4i, ch\u00fang t\u00f4i m\u1eddi kh\u00e1ch h\u00e0ng xem c\u00e1c video \u0111i k\u00e8m.<\/span><\/p>\n<\/article>","protected":false},"excerpt":{"rendered":"<p>Tr\u1ea3i nghi\u1ec7m s\u1ef1 thanh l\u1ecbch v\u00e0 sang tr\u1ecdng v\u1edbi V\u00f2ng tay ng\u1ecdc b\u00edch t\u1ef1 nhi\u00ean lo\u1ea1i A wuji \u0111en ch\u1ea5t l\u01b0\u1ee3ng n\u00e0y. H\u00ecnh tr\u00f2n ho\u00e0n h\u1ea3o t\u1ea1o th\u00eam n\u00e9t \u0111\u1ed9c \u0111\u00e1o cho s\u1ea3n ph\u1ea9m n\u00e0y, khi\u1ebfn n\u00f3 tr\u1edf th\u00e0nh ph\u1ee5 ki\u1ec7n n\u1ed5i b\u1eadt cho m\u1ecdi d\u1ecbp. S\u1ed1 ch\u1ee9ng nh\u1eadn: GD2111H017546 K\u00edch th\u01b0\u1edbc c\u1ed5 tay, \u0110\u01b0\u1eddng k\u00ednh 54mm K\u00edch th\u01b0\u1edbc v\u00f2ng tay: 9,1 * 9,2 mm Ch\u1ea5t l\u01b0\u1ee3ng cao c\u1ea5p: Chi\u1ebfc v\u00f2ng tay n\u00e0y \u0111\u01b0\u1ee3c ch\u1ebf t\u00e1c [\u2026]<\/p>","protected":false},"featured_media":7225,"comment_status":"open","ping_status":"closed","template":"","meta":[],"product_brand":[],"product_cat":[194],"product_tag":[],"class_list":{"0":"post-1704","1":"product","2":"type-product","3":"status-publish","4":"has-post-thumbnail","6":"product_cat-value-picks","8":"first","9":"instock","10":"sale","11":"shipping-taxable","12":"purchasable","13":"product-type-simple"},"_links":{"self":[{"href":"https:\/\/shop.yipinqian.com\/vi\/wp-json\/wp\/v2\/product\/1704","targetHints":{"allow":["GET"]}}],"collection":[{"href":"https:\/\/shop.yipinqian.com\/vi\/wp-json\/wp\/v2\/product"}],"about":[{"href":"https:\/\/shop.yipinqian.com\/vi\/wp-json\/wp\/v2\/types\/product"}],"replies":[{"embeddable":true,"href":"https:\/\/shop.yipinqian.com\/vi\/wp-json\/wp\/v2\/comments?post=1704"}],"version-history":[{"count":0,"href":"https:\/\/shop.yipinqian.com\/vi\/wp-json\/wp\/v2\/product\/1704\/revisions"}],"wp:featuredmedia":[{"embeddable":true,"href":"https:\/\/shop.yipinqian.com\/vi\/wp-json\/wp\/v2\/media\/7225"}],"wp:attachment":[{"href":"https:\/\/shop.yipinqian.com\/vi\/wp-json\/wp\/v2\/media?parent=1704"}],"wp:term":[{"taxonomy":"product_brand","embeddable":true,"href":"https:\/\/shop.yipinqian.com\/vi\/wp-json\/wp\/v2\/product_brand?post=1704"},{"taxonomy":"product_cat","embeddable":true,"href":"https:\/\/shop.yipinqian.com\/vi\/wp-json\/wp\/v2\/product_cat?post=1704"},{"taxonomy":"product_tag","embeddable":true,"href":"https:\/\/shop.yipinqian.com\/vi\/wp-json\/wp\/v2\/product_tag?post=1704"}],"curies":[{"name":"wp","href":"https:\/\/api.w.org\/{rel}","templated":true}]}}