{"id":1702,"date":"2024-10-24T23:21:36","date_gmt":"2024-10-24T15:21:36","guid":{"rendered":"https:\/\/shop.yipinqian.com\/product\/quality-black-natural-type-a-jadeite-jade-crafted-as-7-8mm-98-beads-as-necklace-or-bracelet-with-certificate-weigh-84-08-grams-bracelet21\/"},"modified":"2025-02-17T00:04:14","modified_gmt":"2025-02-16T16:04:14","slug":"quality-black-natural-type-a-jadeite-jade-crafted-as-7-8mm-98-beads-as-necklace-or-bracelet-with-certificate-weigh-84-08-grams-bracelet21","status":"publish","type":"product","link":"https:\/\/shop.yipinqian.com\/vi\/san-pham\/quality-black-natural-type-a-jadeite-jade-crafted-as-7-8mm-98-beads-as-necklace-or-bracelet-with-certificate-weigh-84-08-grams-bracelet21\/","title":{"rendered":"Ng\u1ecdc b\u00edch \u0111en t\u1ef1 nhi\u00ean lo\u1ea1i A ch\u1ea5t l\u01b0\u1ee3ng cao \u0111\u01b0\u1ee3c ch\u1ebf t\u00e1c th\u00e0nh v\u00f2ng c\u1ed5 ho\u1eb7c v\u00f2ng tay 7,8mm * 98 h\u1ea1t c\u00f3 ch\u1ee9ng nh\u1eadn n\u1eb7ng 84,08 gram (bracelet21)"},"content":{"rendered":"<p>V\u00f2ng tay\/v\u00f2ng c\u1ed5 b\u1eb1ng ng\u1ecdc b\u00edch t\u1ef1 nhi\u00ean lo\u1ea1i A m\u00e0u \u0111en ch\u1ea5t l\u01b0\u1ee3ng cao n\u00e0y l\u00e0 m\u1ed9t ph\u1ee5 ki\u1ec7n trang s\u1ee9c tuy\u1ec7t \u0111\u1eb9p c\u00f3 tr\u1ecdng l\u01b0\u1ee3ng 84,08 gam v\u00e0 \u0111\u01b0\u1ee3c t\u1ea1o th\u00e0nh t\u1eeb 98 h\u1ea1t 7,8mm *.<\/p>\n<p><\/p>\n<p>S\u1ed1 ch\u1ee9ng ch\u1ec9: GD2110H013004<\/p>\n<ul>\n<li>\n<strong>\u0110\u1ea3m b\u1ea3o t\u00ednh x\u00e1c th\u1ef1c:<\/strong> S\u1ea3n ph\u1ea9m n\u00e0y c\u00f3 k\u00e8m theo gi\u1ea5y ch\u1ee9ng nh\u1eadn x\u00e1c th\u1ef1c \u0111\u1ea3m b\u1ea3o ngu\u1ed3n g\u1ed1c ng\u1ecdc b\u00edch t\u1ef1 nhi\u00ean v\u00e0 tay ngh\u1ec1 th\u1ee7 c\u00f4ng.<\/li>\n<li>\n<strong>Lo\u1ea1i ng\u1ecdc b\u00edch:<\/strong> V\u00f2ng tay\/v\u00f2ng c\u1ed5 c\u00f3 \u0111\u00e1 ng\u1ecdc b\u00edch t\u1ef1 nhi\u00ean lo\u1ea1i A m\u00e0u \u0111en thanh l\u1ecbch, \u0111\u1ea3m b\u1ea3o ch\u1ea5t l\u01b0\u1ee3ng v\u00e0 gi\u00e1 tr\u1ecb v\u01b0\u1ee3t tr\u1ed9i.<\/li>\n<li>\n<strong>Thi\u1ebft k\u1ebf b\u1ec1n b\u1ec9:<\/strong> Thi\u1ebft k\u1ebf b\u1ec1n b\u1ec9 c\u1ee7a s\u1ea3n ph\u1ea9m n\u00e0y l\u00e0m cho n\u00f3 tr\u1edf n\u00ean ho\u00e0n h\u1ea3o \u0111\u1ec3 \u0111eo h\u00e0ng ng\u00e0y, tr\u1edf th\u00e0nh s\u1ea3n ph\u1ea9m thi\u1ebft y\u1ebfu cho b\u1ea5t k\u1ef3 b\u1ed9 s\u01b0u t\u1eadp n\u00e0o.<\/li>\n<\/ul>\n<p>Ph\u1ee5 ki\u1ec7n trang s\u1ee9c unisex n\u00e0y t\u1eeb Myanmar ph\u00f4 tr\u01b0\u01a1ng s\u1ef1 kh\u00e9o l\u00e9o tuy\u1ec7t \u0111\u1eb9p c\u1ee7a n\u00f3 nh\u01b0 m\u1ed9t chi\u1ebfc v\u00f2ng c\u1ed5 ho\u1eb7c v\u00f2ng tay tuy\u1ec7t \u0111\u1eb9p ph\u00f9 h\u1ee3p v\u1edbi m\u1ecdi d\u1ecbp. Xin l\u01b0u \u00fd, s\u1ea3n ph\u1ea9m n\u00e0y kh\u00f4ng cung c\u1ea5p b\u1ea3o h\u00e0nh; tuy nhi\u00ean, ch\u1ea5t l\u01b0\u1ee3ng v\u00e0 \u0111\u1ed9 b\u1ec1n \u0111\u1ea3m b\u1ea3o tu\u1ed5i th\u1ecd l\u00e2u d\u00e0i v\u1edbi s\u1ef1 ch\u0103m s\u00f3c th\u00edch h\u1ee3p.<\/p>\n<p><\/p>\n<p><strong>Jadeite t\u1ef1 nhi\u00ean kh\u00f4ng ho\u00e0n h\u1ea3o, ch\u1ec9 l\u00e0 m\u1ed9t l\u1eddi nh\u1eafc nh\u1edf nh\u1eb9 nh\u00e0ng, Jadeite t\u1ef1 nhi\u00ean c\u1ee7a ch\u00fang t\u00f4i, gi\u1ed1ng nh\u01b0 t\u1ea5t c\u1ea3 nh\u1eefng th\u1ee9 \u0111\u1eb9p \u0111\u1ebd trong t\u1ef1 nhi\u00ean, c\u00f3 nh\u1eefng \u0111\u1eb7c \u0111i\u1ec3m v\u00e0 bi\u1ebfn th\u1ec3 \u0111\u1ed9c \u0111\u00e1o. Ch\u00fang t\u00f4i m\u1eddi nh\u1eefng kh\u00e1ch h\u00e0ng c\u00f3 gi\u00e1 tr\u1ecb c\u1ee7a m\u00ecnh \u0111\u00f3n nh\u1eadn nh\u1eefng bi\u1ebfn th\u1ec3 t\u1ef1 nhi\u00ean n\u00e0y. Ch\u00fac b\u1ea1n mua s\u1eafm vui v\u1ebb!<\/strong><\/p>\n<p><\/p>\n<p><strong><u>Kh\u00f4ng c\u00f3 h\u00ecnh \u1ea3nh v\u00e0 c\u1ea3nh quay video n\u00e0o \u0111\u01b0\u1ee3c l\u1ecdc. Ch\u00fang t\u00f4i khuy\u1ebfn kh\u00edch kh\u00e1ch h\u00e0ng c\u1ee7a m\u00ecnh c\u0169ng xem c\u00e1c video \u0111i k\u00e8m \u0111\u1ec3 c\u00f3 c\u00e1i nh\u00ecn to\u00e0n di\u1ec7n h\u01a1n v\u1ec1 s\u1ea3n ph\u1ea9m c\u1ee7a ch\u00fang t\u00f4i<\/u><\/strong><\/p>","protected":false},"excerpt":{"rendered":"<p>V\u00f2ng tay\/v\u00f2ng c\u1ed5 b\u1eb1ng ng\u1ecdc b\u00edch \u0111en t\u1ef1 nhi\u00ean lo\u1ea1i A ch\u1ea5t l\u01b0\u1ee3ng n\u00e0y l\u00e0 m\u1ed9t ph\u1ee5 ki\u1ec7n trang s\u1ee9c tuy\u1ec7t \u0111\u1eb9p c\u00f3 tr\u1ecdng l\u01b0\u1ee3ng 84,08 gram v\u00e0 \u0111\u01b0\u1ee3c t\u1ea1o th\u00e0nh t\u1eeb 7,8mm * 98 h\u1ea1t. S\u1ed1 ch\u1ee9ng nh\u1eadn: GD2110H013004 \u0110\u1ea3m b\u1ea3o t\u00ednh x\u00e1c th\u1ef1c: S\u1ea3n ph\u1ea9m n\u00e0y \u0111i k\u00e8m v\u1edbi ch\u1ee9ng nh\u1eadn t\u00ednh x\u00e1c th\u1ef1c \u0111\u1ea3m b\u1ea3o ngu\u1ed3n g\u1ed1c ng\u1ecdc b\u00edch t\u1ef1 nhi\u00ean v\u00e0 tay ngh\u1ec1 th\u1ee7 c\u00f4ng. Lo\u1ea1i ng\u1ecdc b\u00edch: V\u00f2ng tay\/v\u00f2ng c\u1ed5 c\u00f3 thi\u1ebft k\u1ebf thanh l\u1ecbch [\u2026]<\/p>","protected":false},"featured_media":7207,"comment_status":"open","ping_status":"closed","template":"","meta":[],"product_brand":[],"product_cat":[121,84],"product_tag":[],"class_list":{"0":"post-1702","1":"product","2":"type-product","3":"status-publish","4":"has-post-thumbnail","6":"product_cat-bracelets-bangles","7":"product_cat-charms-and-charm-bracelet","9":"first","10":"instock","11":"sale","12":"shipping-taxable","13":"purchasable","14":"product-type-simple"},"_links":{"self":[{"href":"https:\/\/shop.yipinqian.com\/vi\/wp-json\/wp\/v2\/product\/1702","targetHints":{"allow":["GET"]}}],"collection":[{"href":"https:\/\/shop.yipinqian.com\/vi\/wp-json\/wp\/v2\/product"}],"about":[{"href":"https:\/\/shop.yipinqian.com\/vi\/wp-json\/wp\/v2\/types\/product"}],"replies":[{"embeddable":true,"href":"https:\/\/shop.yipinqian.com\/vi\/wp-json\/wp\/v2\/comments?post=1702"}],"version-history":[{"count":0,"href":"https:\/\/shop.yipinqian.com\/vi\/wp-json\/wp\/v2\/product\/1702\/revisions"}],"wp:featuredmedia":[{"embeddable":true,"href":"https:\/\/shop.yipinqian.com\/vi\/wp-json\/wp\/v2\/media\/7207"}],"wp:attachment":[{"href":"https:\/\/shop.yipinqian.com\/vi\/wp-json\/wp\/v2\/media?parent=1702"}],"wp:term":[{"taxonomy":"product_brand","embeddable":true,"href":"https:\/\/shop.yipinqian.com\/vi\/wp-json\/wp\/v2\/product_brand?post=1702"},{"taxonomy":"product_cat","embeddable":true,"href":"https:\/\/shop.yipinqian.com\/vi\/wp-json\/wp\/v2\/product_cat?post=1702"},{"taxonomy":"product_tag","embeddable":true,"href":"https:\/\/shop.yipinqian.com\/vi\/wp-json\/wp\/v2\/product_tag?post=1702"}],"curies":[{"name":"wp","href":"https:\/\/api.w.org\/{rel}","templated":true}]}}