{"id":1695,"date":"2024-10-24T23:21:33","date_gmt":"2024-10-24T15:21:33","guid":{"rendered":"https:\/\/shop.yipinqian.com\/product\/premium-rare-semi-icy-natural-type-a-jadeite-jade-crafted-with-milo-buddha-as-pendant-necklace-with-certificate-weigh-30-56-grams-measurement-56-23-12-8-pendant207\/"},"modified":"2025-02-24T01:17:27","modified_gmt":"2025-02-23T17:17:27","slug":"premium-rare-semi-icy-natural-type-a-jadeite-jade-crafted-with-milo-buddha-as-pendant-necklace-with-certificate-weigh-30-56-grams-measurement-56-23-12-8-pendant207","status":"publish","type":"product","link":"https:\/\/shop.yipinqian.com\/vi\/san-pham\/premium-rare-semi-icy-natural-type-a-jadeite-jade-crafted-with-milo-buddha-as-pendant-necklace-with-certificate-weigh-30-56-grams-measurement-56-23-12-8-pendant207\/","title":{"rendered":"Ng\u1ecdc b\u00edch lo\u1ea1i A t\u1ef1 nhi\u00ean b\u00e1n b\u0103ng gi\u00e1 cao c\u1ea5p hi\u1ebfm c\u00f3 \u0111\u01b0\u1ee3c ch\u1ebf t\u00e1c v\u1edbi h\u00ecnh \u1ea3nh \u0110\u1ee9c Ph\u1eadt Milo l\u00e0m m\u1eb7t d\u00e2y chuy\u1ec1n k\u00e8m gi\u1ea5y ch\u1ee9ng nh\u1eadn n\u1eb7ng 30,56 gram, k\u00edch th\u01b0\u1edbc 56 * 23 * 12,8 (m\u1eb7t d\u00e2y chuy\u1ec1n207)"},"content":{"rendered":"<p>H\u00e3y t\u00f4 \u0111i\u1ec3m cho b\u1ea3n th\u00e2n b\u1eb1ng M\u1eb7t d\u00e2y chuy\u1ec1n b\u1eb1ng ng\u1ecdc b\u00edch t\u1ef1 nhi\u00ean lo\u1ea1i A b\u00e1n b\u0103ng cao c\u1ea5p hi\u1ebfm c\u00f3 n\u00e0y, c\u00f3 thi\u1ebft k\u1ebf h\u00ecnh Ph\u1eadt Milo \u0111\u01b0\u1ee3c ch\u1ebf t\u00e1c tinh x\u1ea3o.<\/p>\n<p>\u00a0<\/p>\n<p>S\u1ed1 ch\u1ee9ng ch\u1ec9: SZ21367221<\/p>\n<ul>\n<li>\n<strong>V\u1eadt li\u1ec7u:<\/strong> \u0110\u01b0\u1ee3c l\u00e0m b\u1eb1ng ng\u1ecdc b\u00edch Jadeite lo\u1ea1i A ch\u1ea5t l\u01b0\u1ee3ng cao, chi\u1ebfc v\u00f2ng c\u1ed5 n\u00e0y to\u00e1t l\u00ean v\u1ebb thanh l\u1ecbch v\u00e0 quy\u1ebfn r\u0169.<\/li>\n<li>\n<strong>C\u00e2n n\u1eb7ng v\u00e0 k\u00edch th\u01b0\u1edbc:<\/strong> V\u1edbi tr\u1ecdng l\u01b0\u1ee3ng 30,56 gram v\u00e0 k\u00edch th\u01b0\u1edbc 56 * 23 * 12,8 (m\u1eb7t d\u00e2y chuy\u1ec1n207), chi\u1ebfc v\u00f2ng c\u1ed5 m\u1eb7t d\u00e2y chuy\u1ec1n n\u00e0y ho\u00e0n h\u1ea3o \u0111\u1ec3 \u0111eo trong b\u1ea5t k\u1ef3 d\u1ecbp n\u00e0o.<\/li>\n<li>\n<strong>Gi\u1ea5y ch\u1ee9ng nh\u1eadn:<\/strong>M\u1eb7t d\u00e2y chuy\u1ec1n c\u00f3 k\u00e8m theo gi\u1ea5y ch\u1ee9ng nh\u1eadn \u0111\u1ea3m b\u1ea3o t\u00ednh x\u00e1c th\u1ef1c c\u1ee7a s\u1ea3n ph\u1ea9m.<\/li>\n<\/ul>\n<p>Ki\u1ec3u v\u00f2ng c\u1ed5 n\u00e0y ph\u00f9 h\u1ee3p cho c\u1ea3 nam v\u00e0 n\u1eef, th\u00edch h\u1ee3p \u0111\u1ec3 \u0111eo th\u01b0\u1eddng ng\u00e0y v\u00e0 c\u00f3 th\u1ec3 \u0111\u01b0\u1ee3c \u0111eo b\u1edfi b\u1ea5t k\u1ef3 ng\u01b0\u1eddi n\u00e0o \u1edf b\u1ea5t k\u1ef3 gi\u1edbi t\u00ednh n\u00e0o.<\/p>\n<ul>\n<li>\n<strong>Lo\u1ea1i ng\u1ecdc b\u00edch:<\/strong>Ng\u1ecdc b\u00edch \u0111\u01b0\u1ee3c s\u1eed d\u1ee5ng \u0111\u1ec3 ch\u1ebf t\u00e1c m\u1eb7t d\u00e2y chuy\u1ec1n n\u00e0y l\u00e0 lo\u1ea1i ng\u1ecdc b\u00edch Mi\u1ebfn \u0110i\u1ec7n b\u00e1n b\u0103ng t\u1ef1 nhi\u00ean lo\u1ea1i A qu\u00fd hi\u1ebfm, l\u00e0m t\u0103ng th\u00eam t\u00ednh \u0111\u1ed9c \u0111\u00e1o c\u1ee7a n\u00f3.<\/li>\n<li>\n<strong>N\u01b0\u1edbc xu\u1ea5t x\u1ee9: <\/strong>S\u1ea3n ph\u1ea9m n\u00e0y c\u00f3 ngu\u1ed3n g\u1ed1c t\u1eeb Myanmar, \u0111\u1ea3m b\u1ea3o ch\u1ea5t l\u01b0\u1ee3ng v\u00e0 t\u00ednh x\u00e1c th\u1ef1c v\u00ec Myanmar n\u1ed5i ti\u1ebfng s\u1ea3n xu\u1ea5t \u0111\u00e1 ng\u1ecdc b\u00edch ch\u1ea5t l\u01b0\u1ee3ng cao trong nhi\u1ec1u th\u1ebf k\u1ef7. B\u1ea3n ch\u1ea5t t\u1ed1t l\u00e0nh c\u1ee7a s\u1ea3n ph\u1ea9m l\u00e0m cho n\u00f3 tr\u1edf n\u00ean l\u00fd t\u01b0\u1edfng \u0111\u1ec3 l\u00e0m qu\u00e0 t\u1eb7ng trong nh\u1eefng d\u1ecbp \u0111\u1eb7c bi\u1ec7t ho\u1eb7c \u0111\u1ec3 mang l\u1ea1i may m\u1eafn cho cu\u1ed9c s\u1ed1ng c\u1ee7a b\u1ea1n.<\/li>\n<li>S\u1ea3n ph\u1ea9m n\u00e0y kh\u00f4ng \u0111\u01b0\u1ee3c b\u1ea3o h\u00e0nh nh\u01b0ng \u0111\u01b0\u1ee3c ch\u1ebf t\u00e1c t\u1ec9 m\u1ec9 \u0111\u1ebfn m\u1ee9c c\u00f3 th\u1ec3 s\u1eed d\u1ee5ng l\u00e2u d\u00e0i.<\/li>\n<\/ul>\n<p>H\u00e3y th\u00eam n\u00e9t thanh l\u1ecbch cho b\u1ed9 s\u01b0u t\u1eadp trang s\u1ee9c c\u1ee7a b\u1ea1n ngay h\u00f4m nay b\u1eb1ng c\u00e1ch s\u1edf h\u1eefu D\u00e2y chuy\u1ec1n m\u1eb7t Ph\u1eadt b\u1eb1ng ng\u1ecdc b\u00edch lo\u1ea1i A t\u1ef1 nhi\u00ean b\u00e1n b\u0103ng cao c\u1ea5p c\u1ee7a ch\u00fang t\u00f4i!<\/p>\n<p>.<\/p>\n<p>Yi Pin Qian \u2013 Nh\u00e0 bu\u00f4n \u0111\u00e1 qu\u00fd v\u00e0 kim lo\u1ea1i qu\u00fd t\u1ea1i Singapore \u2013 S\u1ed1 gi\u1ea5y ph\u00e9p PS20190000031<\/p>\n<p>\u00a0<\/p>\n<p>*T\u1ea5t c\u1ea3 c\u00e1c lo\u1ea1i Jadeite \u0111\u01b0\u1ee3c mua t\u1eeb Yi Pin Qian t\u1ea1i Singapore, kh\u00e1ch h\u00e0ng c\u00f3 th\u1ec3 \u0111\u1eb7t l\u1ecbch \u0111\u00e1nh b\u00f3ng ho\u1eb7c s\u1eeda ch\u1eefa nh\u1ecf do x\u1eed l\u00fd sai c\u00e1ch \u2013 c\u00f3 t\u00ednh ph\u00ed v\u00e0 ch\u1ec9 d\u00e0nh cho kh\u00e1ch h\u00e0ng c\u1ee7a Yi Pin Qian t\u1ea1i Singapore*<\/p>\n<p>\u00a0<\/p>\n<p><strong>**C\u00e1c lo\u1ea1i ch\u1ee9ng ch\u1ec9**<\/strong><\/p>\n<p>\u00a0<\/p>\n<p><strong>NGI (C\u00f4ng ty \u0110\u00e1 qu\u00fd Nan Yang)<\/strong><\/p>\n<p>ho\u1eb7c <strong>Ch\u1ee9ng ch\u1ec9 n\u01b0\u1edbc ngo\u00e0i <\/strong>(Yi Pin Qian ch\u1ec9 s\u1eed d\u1ee5ng c\u00e1c ch\u1ee9ng ch\u1ec9 x\u00e1c th\u1ef1c t\u1eeb c\u00e1c ph\u00f2ng th\u00ed nghi\u1ec7m \u1edf n\u01b0\u1edbc ngo\u00e0i v\u00e0 ki\u1ec3m so\u00e1t ch\u1ea5t l\u01b0\u1ee3ng m\u1ecdi s\u1ea3n ph\u1ea9m c\u1ee7a ch\u00fang t\u00f4i tr\u01b0\u1edbc khi \u0111\u01b0a ch\u00fang ra b\u00e1n t\u1ea1i Singapore)<\/p>\n<p>\u00a0<\/p>\n<p>M\u1ed7i s\u1ea3n ph\u1ea9m tr\u00ean TikTok s\u1ebd c\u00f3 lo\u1ea1i ch\u1ee9ng ch\u1ec9 \u0111\u01b0\u1ee3c cung c\u1ea5p \u0111\u01b0\u1ee3c n\u00eau trong ph\u1ea7n m\u00f4 t\u1ea3. \u0110\u1ed1i v\u1edbi b\u1ea5t k\u1ef3 kh\u00e1ch h\u00e0ng n\u00e0o mu\u1ed1n g\u1eedi \u0111\u01a1n h\u00e0ng c\u1ee7a m\u00ecnh \u0111\u1ebfn NGI Singapore, s\u1ebd c\u00f3 th\u1eddi gian ch\u1edd giao h\u00e0ng \u01b0\u1edbc t\u00ednh kho\u1ea3ng 4 tu\u1ea7n \u0111\u1ec3 nh\u1eadn \u0111\u01b0\u1ee3c \u0111\u01a1n h\u00e0ng c\u1ee7a b\u1ea1n. <strong>Y\u00eau c\u1ea7u b\u00e1o c\u00e1o v\u1ec1 NGI Gemstone c\u1ea7n \u0111\u01b0\u1ee3c th\u1ef1c hi\u1ec7n b\u1eb1ng c\u00e1ch nh\u1eafn tin \u0111\u1ebfn c\u1eeda h\u00e0ng TikTok Yi Pin Qian.<\/strong> C\u1ea3m \u01a1n, <strong><u>\u00e1p d\u1ee5ng th\u00eam ph\u00ed<\/u><\/strong>.<\/p>\n<p>\u00a0<\/p>\n<p><strong>Jadeite t\u1ef1 nhi\u00ean kh\u00f4ng ho\u00e0n h\u1ea3o, ch\u1ec9 l\u00e0 m\u1ed9t l\u1eddi nh\u1eafc nh\u1edf nh\u1eb9 nh\u00e0ng, Jadeite t\u1ef1 nhi\u00ean c\u1ee7a ch\u00fang t\u00f4i, gi\u1ed1ng nh\u01b0 t\u1ea5t c\u1ea3 nh\u1eefng th\u1ee9 \u0111\u1eb9p \u0111\u1ebd trong t\u1ef1 nhi\u00ean, c\u00f3 nh\u1eefng \u0111\u1eb7c \u0111i\u1ec3m v\u00e0 bi\u1ebfn th\u1ec3 \u0111\u1ed9c \u0111\u00e1o. Ch\u00fang t\u00f4i m\u1eddi nh\u1eefng kh\u00e1ch h\u00e0ng c\u00f3 gi\u00e1 tr\u1ecb c\u1ee7a m\u00ecnh \u0111\u00f3n nh\u1eadn nh\u1eefng bi\u1ebfn th\u1ec3 t\u1ef1 nhi\u00ean n\u00e0y. Ch\u00fac b\u1ea1n mua s\u1eafm vui v\u1ebb!<\/strong><\/p>\n<p>\u00a0<\/p>\n<p><strong><u>Kh\u00f4ng c\u00f3 h\u00ecnh \u1ea3nh v\u00e0 c\u1ea3nh quay video n\u00e0o \u0111\u01b0\u1ee3c l\u1ecdc. Ch\u00fang t\u00f4i khuy\u1ebfn kh\u00edch kh\u00e1ch h\u00e0ng c\u1ee7a m\u00ecnh c\u0169ng xem c\u00e1c video \u0111i k\u00e8m \u0111\u1ec3 c\u00f3 c\u00e1i nh\u00ecn to\u00e0n di\u1ec7n h\u01a1n v\u1ec1 s\u1ea3n ph\u1ea9m c\u1ee7a ch\u00fang t\u00f4i<\/u><\/strong><\/p>","protected":false},"excerpt":{"rendered":"<p>H\u00e3y t\u00f4 \u0111i\u1ec3m cho b\u1ea3n th\u00e2n b\u1eb1ng M\u1eb7t d\u00e2y chuy\u1ec1n ng\u1ecdc b\u00edch t\u1ef1 nhi\u00ean b\u00e1n b\u0103ng lo\u1ea1i A cao c\u1ea5p hi\u1ebfm n\u00e0y, c\u00f3 thi\u1ebft k\u1ebf Ph\u1eadt Milo \u0111\u01b0\u1ee3c ch\u1ebf t\u00e1c tinh x\u1ea3o. S\u1ed1 ch\u1ee9ng nh\u1eadn: SZ21367221 Ch\u1ea5t li\u1ec7u: \u0110\u01b0\u1ee3c l\u00e0m b\u1eb1ng ng\u1ecdc b\u00edch lo\u1ea1i A ch\u1ea5t l\u01b0\u1ee3ng cao, chi\u1ebfc v\u00f2ng c\u1ed5 n\u00e0y to\u00e1t l\u00ean v\u1ebb thanh l\u1ecbch v\u00e0 quy\u1ebfn r\u0169. Tr\u1ecdng l\u01b0\u1ee3ng &amp; K\u00edch th\u01b0\u1edbc: N\u1eb7ng 30,56 gam v\u00e0 c\u00f3 k\u00edch th\u01b0\u1edbc 56 * 23 * 12,8 (m\u1eb7t d\u00e2y chuy\u1ec1n207), chi\u1ebfc [\u2026]<\/p>","protected":false},"featured_media":7161,"comment_status":"open","ping_status":"closed","template":"","meta":[],"product_brand":[],"product_cat":[195],"product_tag":[],"class_list":{"0":"post-1695","1":"product","2":"type-product","3":"status-publish","4":"has-post-thumbnail","6":"product_cat-heirloom-grade","8":"first","9":"instock","10":"sale","11":"shipping-taxable","12":"purchasable","13":"product-type-simple"},"_links":{"self":[{"href":"https:\/\/shop.yipinqian.com\/vi\/wp-json\/wp\/v2\/product\/1695","targetHints":{"allow":["GET"]}}],"collection":[{"href":"https:\/\/shop.yipinqian.com\/vi\/wp-json\/wp\/v2\/product"}],"about":[{"href":"https:\/\/shop.yipinqian.com\/vi\/wp-json\/wp\/v2\/types\/product"}],"replies":[{"embeddable":true,"href":"https:\/\/shop.yipinqian.com\/vi\/wp-json\/wp\/v2\/comments?post=1695"}],"version-history":[{"count":0,"href":"https:\/\/shop.yipinqian.com\/vi\/wp-json\/wp\/v2\/product\/1695\/revisions"}],"wp:featuredmedia":[{"embeddable":true,"href":"https:\/\/shop.yipinqian.com\/vi\/wp-json\/wp\/v2\/media\/7161"}],"wp:attachment":[{"href":"https:\/\/shop.yipinqian.com\/vi\/wp-json\/wp\/v2\/media?parent=1695"}],"wp:term":[{"taxonomy":"product_brand","embeddable":true,"href":"https:\/\/shop.yipinqian.com\/vi\/wp-json\/wp\/v2\/product_brand?post=1695"},{"taxonomy":"product_cat","embeddable":true,"href":"https:\/\/shop.yipinqian.com\/vi\/wp-json\/wp\/v2\/product_cat?post=1695"},{"taxonomy":"product_tag","embeddable":true,"href":"https:\/\/shop.yipinqian.com\/vi\/wp-json\/wp\/v2\/product_tag?post=1695"}],"curies":[{"name":"wp","href":"https:\/\/api.w.org\/{rel}","templated":true}]}}