{"id":1694,"date":"2024-10-24T23:21:31","date_gmt":"2024-10-24T15:21:31","guid":{"rendered":"https:\/\/shop.yipinqian.com\/product\/premium-rare-semi-icy-natural-type-a-jadeite-crafted-with-scenery-and-laughing-buddha-certificate-included-weigh-51-59-grams-71-8-53-1-7-5-mm-collector-item-pendant51\/"},"modified":"2025-02-24T01:17:27","modified_gmt":"2025-02-23T17:17:27","slug":"premium-rare-semi-icy-natural-type-a-jadeite-crafted-with-scenery-and-laughing-buddha-certificate-included-weigh-51-59-grams-71-8-53-1-7-5-mm-collector-item-pendant51","status":"publish","type":"product","link":"https:\/\/shop.yipinqian.com\/vi\/san-pham\/premium-rare-semi-icy-natural-type-a-jadeite-crafted-with-scenery-and-laughing-buddha-certificate-included-weigh-51-59-grams-71-8-53-1-7-5-mm-collector-item-pendant51\/","title":{"rendered":"Ng\u1ecdc b\u00edch lo\u1ea1i A b\u00e1n b\u0103ng t\u1ef1 nhi\u00ean hi\u1ebfm cao c\u1ea5p \u0111\u01b0\u1ee3c ch\u1ebf t\u00e1c v\u1edbi phong c\u1ea3nh v\u00e0 t\u01b0\u1ee3ng Ph\u1eadt c\u01b0\u1eddi, c\u00f3 k\u00e8m gi\u1ea5y ch\u1ee9ng nh\u1eadn, n\u1eb7ng 51,59 gram, k\u00edch th\u01b0\u1edbc 71,8 * 53,1 * 7,5 mm, l\u00e0 v\u1eadt ph\u1ea9m s\u01b0u t\u1ea7m (m\u1eb7t d\u00e2y chuy\u1ec1n51),"},"content":{"rendered":"<p>M\u1eb7t d\u00e2y chuy\u1ec1n ng\u1ecdc b\u00edch lo\u1ea1i A b\u00e1n b\u0103ng t\u1ef1 nhi\u00ean cao c\u1ea5p hi\u1ebfm n\u00e0y l\u00e0 m\u1ed9t m\u00f3n \u0111\u1ed3 s\u01b0u t\u1ea7m th\u1ef1c s\u1ef1. \u0110\u01b0\u1ee3c ch\u1ebf t\u00e1c v\u1edbi phong c\u1ea3nh ph\u1ee9c t\u1ea1p v\u00e0 thi\u1ebft k\u1ebf Ph\u1eadt c\u01b0\u1eddi, s\u1ea3n ph\u1ea9m \u0111i k\u00e8m v\u1edbi gi\u1ea5y ch\u1ee9ng nh\u1eadn x\u00e1c th\u1ef1c t\u1eeb Myanmar, n\u01a1i s\u1ea3n ph\u1ea9m \u0111\u01b0\u1ee3c l\u1ea5y ngu\u1ed3n.<\/p>\n<ul>\n<li>\n<strong>Ch\u1ea5t li\u1ec7u cao c\u1ea5p:<\/strong> \u0110\u01b0\u1ee3c l\u00e0m t\u1eeb ng\u1ecdc Jadeite lo\u1ea1i A ch\u00ednh h\u00e3ng, m\u1eb7t d\u00e2y chuy\u1ec1n n\u00e0y n\u1eb7ng 51,59 gram v\u00e0 c\u00f3 k\u00edch th\u01b0\u1edbc 71,8 * 53,1 * 7,5 mm.<\/li>\n<li>\n<strong>Ki\u1ec3u v\u00f2ng c\u1ed5 thanh l\u1ecbch:<\/strong> Thi\u1ebft k\u1ebf thanh l\u1ecbch c\u1ee7a m\u1eb7t d\u00e2y chuy\u1ec1n l\u00e0m cho n\u00f3 ho\u00e0n h\u1ea3o \u0111\u1ec3 \u0111eo h\u00e0ng ng\u00e0y ho\u1eb7c trong nh\u1eefng d\u1ecbp \u0111\u1eb7c bi\u1ec7t.<\/li>\n<li>\n<strong>Gi\u1ea5y ch\u1ee9ng nh\u1eadn bao g\u1ed3m:<\/strong> K\u00e8m theo gi\u1ea5y ch\u1ee9ng nh\u1eadn x\u00e1c th\u1ef1c, t\u00e1c ph\u1ea9m qu\u00fd hi\u1ebfm n\u00e0y th\u1ef1c s\u1ef1 l\u00e0 \u0111\u1ed9c nh\u1ea5t v\u00f4 nh\u1ecb.<\/li>\n<\/ul>\n<p><strong>S\u1ed1 ch\u1ee9ng ch\u1ec9: 920460012484<\/strong><\/p>\n<p><img fetchpriority=\"high\" decoding=\"async\" height=\"1080\" src=\"https:\/\/shop.yipinqian.com\/wp-content\/uploads\/2024\/10\/34296ba8bd5a5c0f3e731e45528bd0f7.jpg?from=476444299\" width=\"1080\"><\/p>\n<p>Chi\u1ebfc v\u00f2ng c\u1ed5 ng\u1ecdc b\u00edch unisex n\u00e0y th\u1ef1c s\u1ef1 \u0111\u1ed9c \u0111\u00e1o v\u00e0 s\u1ebd l\u00e0 s\u1ef1 b\u1ed5 sung tuy\u1ec7t v\u1eddi cho b\u1ea5t k\u1ef3 b\u1ed9 s\u01b0u t\u1eadp hay trang ph\u1ee5c n\u00e0o!<\/p>","protected":false},"excerpt":{"rendered":"<p>M\u1eb7t d\u00e2y chuy\u1ec1n ng\u1ecdc b\u00edch lo\u1ea1i A b\u00e1n b\u0103ng t\u1ef1 nhi\u00ean cao c\u1ea5p hi\u1ebfm n\u00e0y l\u00e0 m\u1ed9t m\u00f3n \u0111\u1ed3 s\u01b0u t\u1ea7m th\u1ef1c s\u1ef1. \u0110\u01b0\u1ee3c ch\u1ebf t\u00e1c v\u1edbi phong c\u1ea3nh ph\u1ee9c t\u1ea1p v\u00e0 thi\u1ebft k\u1ebf Ph\u1eadt c\u01b0\u1eddi, m\u1eb7t d\u00e2y chuy\u1ec1n \u0111i k\u00e8m v\u1edbi gi\u1ea5y ch\u1ee9ng nh\u1eadn x\u00e1c th\u1ef1c t\u1eeb Myanmar, n\u01a1i s\u1ea3n xu\u1ea5t. Ch\u1ea5t li\u1ec7u cao c\u1ea5p: \u0110\u01b0\u1ee3c l\u00e0m t\u1eeb ng\u1ecdc b\u00edch lo\u1ea1i A ch\u00ednh h\u00e3ng, m\u1eb7t d\u00e2y chuy\u1ec1n n\u00e0y n\u1eb7ng 51,59 gram v\u00e0 c\u00f3 k\u00edch th\u01b0\u1edbc 71,8 * 53,1 [\u2026]<\/p>","protected":false},"featured_media":7153,"comment_status":"open","ping_status":"closed","template":"","meta":[],"product_brand":[],"product_cat":[195],"product_tag":[],"class_list":{"0":"post-1694","1":"product","2":"type-product","3":"status-publish","4":"has-post-thumbnail","6":"product_cat-heirloom-grade","8":"first","9":"instock","10":"sale","11":"shipping-taxable","12":"purchasable","13":"product-type-simple"},"_links":{"self":[{"href":"https:\/\/shop.yipinqian.com\/vi\/wp-json\/wp\/v2\/product\/1694","targetHints":{"allow":["GET"]}}],"collection":[{"href":"https:\/\/shop.yipinqian.com\/vi\/wp-json\/wp\/v2\/product"}],"about":[{"href":"https:\/\/shop.yipinqian.com\/vi\/wp-json\/wp\/v2\/types\/product"}],"replies":[{"embeddable":true,"href":"https:\/\/shop.yipinqian.com\/vi\/wp-json\/wp\/v2\/comments?post=1694"}],"version-history":[{"count":0,"href":"https:\/\/shop.yipinqian.com\/vi\/wp-json\/wp\/v2\/product\/1694\/revisions"}],"wp:featuredmedia":[{"embeddable":true,"href":"https:\/\/shop.yipinqian.com\/vi\/wp-json\/wp\/v2\/media\/7153"}],"wp:attachment":[{"href":"https:\/\/shop.yipinqian.com\/vi\/wp-json\/wp\/v2\/media?parent=1694"}],"wp:term":[{"taxonomy":"product_brand","embeddable":true,"href":"https:\/\/shop.yipinqian.com\/vi\/wp-json\/wp\/v2\/product_brand?post=1694"},{"taxonomy":"product_cat","embeddable":true,"href":"https:\/\/shop.yipinqian.com\/vi\/wp-json\/wp\/v2\/product_cat?post=1694"},{"taxonomy":"product_tag","embeddable":true,"href":"https:\/\/shop.yipinqian.com\/vi\/wp-json\/wp\/v2\/product_tag?post=1694"}],"curies":[{"name":"wp","href":"https:\/\/api.w.org\/{rel}","templated":true}]}}