{"id":1693,"date":"2024-10-24T23:21:31","date_gmt":"2024-10-24T15:21:31","guid":{"rendered":"https:\/\/shop.yipinqian.com\/product\/premium-rare-quality-light-lavender-and-light-green-hue-with-brown-patches-natural-type-a-jadeite-jade-crafted-as-peace-bangle-with-certificate-weighs-51-68-grams-measurement-13-2-7-3-54-8mm-bangle7\/"},"modified":"2025-02-24T01:34:17","modified_gmt":"2025-02-23T17:34:17","slug":"premium-rare-quality-light-lavender-and-light-green-hue-with-brown-patches-natural-type-a-jadeite-jade-crafted-as-peace-bangle-with-certificate-weighs-51-68-grams-measurement-13-2-7-3-54-8mm-bangle7","status":"publish","type":"product","link":"https:\/\/shop.yipinqian.com\/vi\/san-pham\/premium-rare-quality-light-lavender-and-light-green-hue-with-brown-patches-natural-type-a-jadeite-jade-crafted-as-peace-bangle-with-certificate-weighs-51-68-grams-measurement-13-2-7-3-54-8mm-bangle7\/","title":{"rendered":"V\u00f2ng tay H\u00f2a b\u00ecnh ch\u1ea5t l\u01b0\u1ee3ng cao c\u1ea5p hi\u1ebfm c\u00f3 m\u00e0u hoa o\u1ea3i h\u01b0\u01a1ng nh\u1ea1t v\u00e0 xanh l\u00e1 c\u00e2y nh\u1ea1t v\u1edbi c\u00e1c m\u1ea3ng m\u00e0u n\u00e2u Ng\u1ecdc b\u00edch lo\u1ea1i A t\u1ef1 nhi\u00ean \u0111\u01b0\u1ee3c ch\u1ebf t\u00e1c th\u00e0nh v\u00f2ng tay H\u00f2a b\u00ecnh k\u00e8m gi\u1ea5y ch\u1ee9ng nh\u1eadn n\u1eb7ng 51,68 gram, k\u00edch th\u01b0\u1edbc 13,2 * 7,3 * 54,8mm (v\u00f2ng tay7)"},"content":{"rendered":"<article class=\"lzd-article\">\n<p style=\"line-height: 1.7;text-align: left;text-indent: 0;margin-left: 0;margin-top: 0;margin-bottom: 0\"><span>H\u00e3y \u0111\u1eafm ch\u00ecm trong v\u1ebb \u0111\u1eb9p tinh t\u1ebf c\u1ee7a chi\u1ebfc v\u00f2ng tay ng\u1ecdc b\u00edch h\u00f2a b\u00ecnh t\u1ef1 nhi\u00ean lo\u1ea1i A cao c\u1ea5p hi\u1ebfm c\u00f3 m\u00e0u hoa o\u1ea3i h\u01b0\u01a1ng nh\u1ea1t v\u00e0 xanh l\u00e1 c\u00e2y nh\u1ea1t v\u1edbi c\u00e1c m\u1ea3ng n\u00e2u n\u00e0y.<\/span><\/p>\n<p style=\"line-height: 1.7;text-align: left;text-indent: 0;margin-left: 0;margin-top: 0;margin-bottom: 0\"><span><\/span><\/p>\n<p style=\"line-height: 1.7;text-align: left;text-indent: 0;margin-left: 0;margin-top: 0;margin-bottom: 0\"><span><\/span><img decoding=\"async\" src=\"https:\/\/shop.yipinqian.com\/wp-content\/uploads\/2024\/10\/Sebb0310554b44285b943af2ae35f1d68a.jpg\" style=\"width: 526.0px;height: 362.0px;vertical-align: middle\"><span> <\/span><\/p>\n<p style=\"line-height: 1.7;text-align: left;text-indent: 0;margin-left: 0;margin-top: 0;margin-bottom: 0\"><span><\/span><\/p>\n<p style=\"line-height: 1.7;text-align: left;text-indent: 0;margin-left: 0;margin-top: 0;margin-bottom: 0\"><span>S\u1ed1 ch\u1ee9ng ch\u1ec9: GD2203H013237<\/span><\/p>\n<p style=\"line-height: 1.7;text-align: left;text-indent: 0;margin-left: 0;margin-top: 0;margin-bottom: 0\"><span>K\u00edch th\u01b0\u1edbc v\u00f2ng tay: 54,8mm<\/span><\/p>\n<ul>\n<li>\n<div style=\"line-height: 1.7;text-align: left;text-indent: 0\"><span>Thi\u1ebft k\u1ebf tuy\u1ec7t \u0111\u1eb9p: \u0110\u01b0\u1ee3c ch\u1ebf t\u00e1c ho\u00e0n h\u1ea3o, chi\u1ebfc v\u00f2ng tay n\u00e0y th\u1ec3 hi\u1ec7n s\u1ef1 k\u1ebft h\u1ee3p \u0111\u1ed9c \u0111\u00e1o gi\u1eefa m\u00e0u s\u1eafc v\u00e0 hoa v\u0103n, khi\u1ebfn n\u00f3 tr\u1edf th\u00e0nh m\u1ed9t m\u00f3n \u0111\u1ed3 trang s\u1ee9c th\u1ef1c s\u1ef1 \u0111\u00e1ng ch\u00fa \u00fd.<\/span><\/div>\n<\/li>\n<li>\n<div style=\"line-height: 1.7;text-align: left;text-indent: 0\"><span>Ch\u1ea5t l\u01b0\u1ee3ng cao c\u1ea5p: \u0110\u01b0\u1ee3c l\u00e0m t\u1eeb ng\u1ecdc b\u00edch Jadeite lo\u1ea1i A qu\u00fd hi\u1ebfm, chi\u1ebfc v\u00f2ng tay n\u00e0y to\u00e1t l\u00ean v\u1ebb sang tr\u1ecdng v\u00e0 tinh t\u1ebf.<\/span><\/div>\n<\/li>\n<li>\n<div style=\"line-height: 1.7;text-align: left;text-indent: 0\"><span>Gi\u1ea5y ch\u1ee9ng nh\u1eadn \u0111i k\u00e8m: C\u00f3 k\u00e8m theo gi\u1ea5y ch\u1ee9ng nh\u1eadn x\u00e1c th\u1ef1c ch\u1ea5t l\u01b0\u1ee3ng.<\/span><\/div>\n<\/li>\n<\/ul>\n<p style=\"line-height: 1.7;text-align: left;text-indent: 0;margin-left: 0;margin-top: 0;margin-bottom: 0\"><span>C\u00e2n n\u1eb7ng <\/span><span style=\"font-weight: bold\">51,68 gam<\/span><span> v\u00e0 \u0111o l\u01b0\u1eddng <\/span><span style=\"font-weight: bold\">13,2 * 7,3 * 54,8mm<\/span><span>, chi\u1ebfc v\u00f2ng tay n\u00e0y \u0111\u01b0\u1ee3c thi\u1ebft k\u1ebf \u0111\u1ec3 \u0111eo h\u00e0ng ng\u00e0y, ho\u00e0n h\u1ea3o \u0111\u1ec3 th\u00eam n\u00e9t thanh l\u1ecbch cho b\u1ea5t k\u1ef3 trang ph\u1ee5c n\u00e0o. L\u00fd t\u01b0\u1edfng cho nh\u1eefng ng\u01b0\u1eddi ph\u1ee5 n\u1eef \u0111\u00e1nh gi\u00e1 cao s\u1ef1 kh\u00e9o l\u00e9o tinh x\u1ea3o v\u00e0 \u0111\u00e1 qu\u00fd \u0111\u1ed9c \u0111\u00e1o.<\/span><\/p>\n<p style=\"line-height: 1.7;text-align: left;text-indent: 0;margin-left: 0;margin-top: 0;margin-bottom: 0\"><span><\/span><\/p>\n<p style=\"line-height: 1.7;text-align: left;text-indent: 0;margin-left: 0;margin-top: 0;margin-bottom: 0\"><span>Yi Pin Qian \u2013 Nh\u00e0 bu\u00f4n \u0111\u00e1 qu\u00fd v\u00e0 kim lo\u1ea1i qu\u00fd t\u1ea1i Singapore \u2013 S\u1ed1 gi\u1ea5y ph\u00e9p PS20190000031<\/span><\/p>\n<p style=\"line-height: 1.7;text-align: left;text-indent: 0;margin-left: 0;margin-top: 0;margin-bottom: 0\"><span><\/span><\/p>\n<p style=\"line-height: 1.7;text-align: left;text-indent: 0;margin-left: 0;margin-top: 0;margin-bottom: 0\"><span>*T\u1ea5t c\u1ea3 c\u00e1c lo\u1ea1i Jadeite \u0111\u01b0\u1ee3c mua t\u1eeb Yi Pin Qian t\u1ea1i Singapore, kh\u00e1ch h\u00e0ng c\u00f3 th\u1ec3 \u0111\u1eb7t l\u1ecbch \u0111\u00e1nh b\u00f3ng ho\u1eb7c s\u1eeda ch\u1eefa nh\u1ecf do x\u1eed l\u00fd sai c\u00e1ch \u2013 c\u00f3 t\u00ednh ph\u00ed v\u00e0 ch\u1ec9 d\u00e0nh cho kh\u00e1ch h\u00e0ng c\u1ee7a Yi Pin Qian t\u1ea1i Singapore*<\/span><\/p>\n<p style=\"line-height: 1.7;text-align: left;text-indent: 0;margin-left: 0;margin-top: 0;margin-bottom: 0\"><span><\/span><\/p>\n<p style=\"line-height: 1.7;text-align: left;text-indent: 0;margin-left: 0;margin-top: 0;margin-bottom: 0\"><span style=\"font-weight: bold\">**C\u00e1c lo\u1ea1i ch\u1ee9ng ch\u1ec9**<\/span><\/p>\n<p style=\"line-height: 1.7;text-align: left;text-indent: 0;margin-left: 0;margin-top: 0;margin-bottom: 0\"><span><\/span><\/p>\n<p style=\"line-height: 1.7;text-align: left;text-indent: 0;margin-left: 0;margin-top: 0;margin-bottom: 0\"><span style=\"font-weight: bold\">NGI (C\u00f4ng ty \u0110\u00e1 qu\u00fd Nan Yang)<\/span><\/p>\n<p style=\"line-height: 1.7;text-align: left;text-indent: 0;margin-left: 0;margin-top: 0;margin-bottom: 0\"><span>ho\u1eb7c <\/span><span style=\"font-weight: bold\">Ch\u1ee9ng ch\u1ec9 n\u01b0\u1edbc ngo\u00e0i <\/span><span>(Yi Pin Qian ch\u1ec9 s\u1eed d\u1ee5ng c\u00e1c ch\u1ee9ng ch\u1ec9 x\u00e1c th\u1ef1c t\u1eeb c\u00e1c ph\u00f2ng th\u00ed nghi\u1ec7m \u1edf n\u01b0\u1edbc ngo\u00e0i v\u00e0 ki\u1ec3m so\u00e1t ch\u1ea5t l\u01b0\u1ee3ng m\u1ecdi s\u1ea3n ph\u1ea9m c\u1ee7a ch\u00fang t\u00f4i tr\u01b0\u1edbc khi \u0111\u01b0a ch\u00fang ra b\u00e1n t\u1ea1i Singapore)<\/span><\/p>\n<p style=\"line-height: 1.7;text-align: left;text-indent: 0;margin-left: 0;margin-top: 0;margin-bottom: 0\"><span><\/span><\/p>\n<p style=\"line-height: 1.7;text-align: left;text-indent: 0;margin-left: 0;margin-top: 0;margin-bottom: 0\"><span>M\u1ed7i s\u1ea3n ph\u1ea9m tr\u00ean TikTok s\u1ebd c\u00f3 lo\u1ea1i ch\u1ee9ng ch\u1ec9 \u0111\u01b0\u1ee3c cung c\u1ea5p \u0111\u01b0\u1ee3c n\u00eau trong ph\u1ea7n m\u00f4 t\u1ea3. \u0110\u1ed1i v\u1edbi b\u1ea5t k\u1ef3 kh\u00e1ch h\u00e0ng n\u00e0o mu\u1ed1n g\u1eedi \u0111\u01a1n h\u00e0ng c\u1ee7a m\u00ecnh \u0111\u1ebfn NGI Singapore, s\u1ebd c\u00f3 th\u1eddi gian ch\u1edd giao h\u00e0ng \u01b0\u1edbc t\u00ednh kho\u1ea3ng 4 tu\u1ea7n \u0111\u1ec3 nh\u1eadn \u0111\u01b0\u1ee3c \u0111\u01a1n h\u00e0ng c\u1ee7a b\u1ea1n. <\/span><span style=\"font-weight: bold\">Y\u00eau c\u1ea7u b\u00e1o c\u00e1o v\u1ec1 NGI Gemstone c\u1ea7n \u0111\u01b0\u1ee3c th\u1ef1c hi\u1ec7n b\u1eb1ng c\u00e1ch nh\u1eafn tin \u0111\u1ebfn c\u1eeda h\u00e0ng TikTok Yi Pin Qian.<\/span><span> C\u1ea3m \u01a1n, <\/span><span style=\"font-weight: bold;text-decoration: underline\">\u00e1p d\u1ee5ng th\u00eam ph\u00ed<\/span><span>.<\/span><\/p>\n<p style=\"line-height: 1.7;text-align: left;text-indent: 0;margin-left: 0;margin-top: 0;margin-bottom: 0\"><span><\/span><\/p>\n<p style=\"line-height: 1.7;text-align: left;text-indent: 0;margin-left: 0;margin-top: 0;margin-bottom: 0\"><span style=\"font-weight: bold\">Jadeite t\u1ef1 nhi\u00ean kh\u00f4ng ho\u00e0n h\u1ea3o, ch\u1ec9 l\u00e0 m\u1ed9t l\u1eddi nh\u1eafc nh\u1edf nh\u1eb9 nh\u00e0ng, Jadeite t\u1ef1 nhi\u00ean c\u1ee7a ch\u00fang t\u00f4i, gi\u1ed1ng nh\u01b0 t\u1ea5t c\u1ea3 nh\u1eefng th\u1ee9 \u0111\u1eb9p \u0111\u1ebd trong t\u1ef1 nhi\u00ean, c\u00f3 nh\u1eefng \u0111\u1eb7c \u0111i\u1ec3m v\u00e0 bi\u1ebfn th\u1ec3 \u0111\u1ed9c \u0111\u00e1o. Ch\u00fang t\u00f4i m\u1eddi nh\u1eefng kh\u00e1ch h\u00e0ng c\u00f3 gi\u00e1 tr\u1ecb c\u1ee7a m\u00ecnh \u0111\u00f3n nh\u1eadn nh\u1eefng bi\u1ebfn th\u1ec3 t\u1ef1 nhi\u00ean n\u00e0y. Ch\u00fac b\u1ea1n mua s\u1eafm vui v\u1ebb!<\/span><\/p>\n<p style=\"line-height: 1.7;text-align: left;text-indent: 0;margin-left: 0;margin-top: 0;margin-bottom: 0\"><span><\/span><\/p>\n<p style=\"line-height: 1.7;text-align: left;text-indent: 0;margin-left: 0;margin-top: 0;margin-bottom: 0\"><span style=\"font-weight: bold;text-decoration: underline\">Kh\u00f4ng c\u00f3 h\u00ecnh \u1ea3nh v\u00e0 c\u1ea3nh quay video n\u00e0o \u0111\u01b0\u1ee3c l\u1ecdc. Ch\u00fang t\u00f4i khuy\u1ebfn kh\u00edch kh\u00e1ch h\u00e0ng c\u1ee7a m\u00ecnh c\u0169ng xem c\u00e1c video \u0111i k\u00e8m \u0111\u1ec3 c\u00f3 c\u00e1i nh\u00ecn to\u00e0n di\u1ec7n h\u01a1n v\u1ec1 s\u1ea3n ph\u1ea9m c\u1ee7a ch\u00fang t\u00f4i<\/span><\/p>\n<\/article>","protected":false},"excerpt":{"rendered":"<p>H\u00e3y \u0111\u1eafm m\u00ecnh trong v\u1ebb \u0111\u1eb9p tinh t\u1ebf c\u1ee7a chi\u1ebfc v\u00f2ng tay b\u1eb1ng ng\u1ecdc b\u00edch Jadeite t\u1ef1 nhi\u00ean lo\u1ea1i A m\u00e0u hoa o\u1ea3i h\u01b0\u01a1ng nh\u1ea1t v\u00e0 xanh l\u00e1 c\u00e2y nh\u1ea1t v\u1edbi c\u00e1c m\u1ea3ng n\u00e2u. S\u1ed1 ch\u1ee9ng nh\u1eadn: GD2203H013237 K\u00edch th\u01b0\u1edbc v\u00f2ng tay: 54,8mm Thi\u1ebft k\u1ebf tuy\u1ec7t \u0111\u1eb9p: \u0110\u01b0\u1ee3c ch\u1ebf t\u00e1c ho\u00e0n h\u1ea3o, chi\u1ebfc v\u00f2ng tay n\u00e0y th\u1ec3 hi\u1ec7n s\u1ef1 pha tr\u1ed9n \u0111\u1ed9c \u0111\u00e1o gi\u1eefa m\u00e0u s\u1eafc v\u00e0 hoa v\u0103n, khi\u1ebfn n\u00f3 tr\u1edf th\u00e0nh m\u1ed9t m\u00f3n \u0111\u1ed3 trang s\u1ee9c th\u1ef1c s\u1ef1 \u0111\u00e1ng ch\u00fa \u00fd. [\u2026]<\/p>","protected":false},"featured_media":7134,"comment_status":"open","ping_status":"closed","template":"","meta":[],"product_brand":[],"product_cat":[196],"product_tag":[],"class_list":{"0":"post-1693","1":"product","2":"type-product","3":"status-publish","4":"has-post-thumbnail","6":"product_cat-vault-collection","8":"first","9":"instock","10":"sale","11":"shipping-taxable","12":"purchasable","13":"product-type-simple"},"_links":{"self":[{"href":"https:\/\/shop.yipinqian.com\/vi\/wp-json\/wp\/v2\/product\/1693","targetHints":{"allow":["GET"]}}],"collection":[{"href":"https:\/\/shop.yipinqian.com\/vi\/wp-json\/wp\/v2\/product"}],"about":[{"href":"https:\/\/shop.yipinqian.com\/vi\/wp-json\/wp\/v2\/types\/product"}],"replies":[{"embeddable":true,"href":"https:\/\/shop.yipinqian.com\/vi\/wp-json\/wp\/v2\/comments?post=1693"}],"version-history":[{"count":0,"href":"https:\/\/shop.yipinqian.com\/vi\/wp-json\/wp\/v2\/product\/1693\/revisions"}],"wp:featuredmedia":[{"embeddable":true,"href":"https:\/\/shop.yipinqian.com\/vi\/wp-json\/wp\/v2\/media\/7134"}],"wp:attachment":[{"href":"https:\/\/shop.yipinqian.com\/vi\/wp-json\/wp\/v2\/media?parent=1693"}],"wp:term":[{"taxonomy":"product_brand","embeddable":true,"href":"https:\/\/shop.yipinqian.com\/vi\/wp-json\/wp\/v2\/product_brand?post=1693"},{"taxonomy":"product_cat","embeddable":true,"href":"https:\/\/shop.yipinqian.com\/vi\/wp-json\/wp\/v2\/product_cat?post=1693"},{"taxonomy":"product_tag","embeddable":true,"href":"https:\/\/shop.yipinqian.com\/vi\/wp-json\/wp\/v2\/product_tag?post=1693"}],"curies":[{"name":"wp","href":"https:\/\/api.w.org\/{rel}","templated":true}]}}