{"id":1692,"date":"2024-10-24T23:21:31","date_gmt":"2024-10-24T15:21:31","guid":{"rendered":"https:\/\/shop.yipinqian.com\/product\/premium-rare-old-pit-icy-natural-type-a-jadeite-cabochon-crafted-as-laughing-buddha-setting-on-g18k-gold-as-ring-with-finger-size-17-6mm-certificate-included-weigh-3-23-grams-jade-measurement-12-8-14\/"},"modified":"2025-02-24T01:17:27","modified_gmt":"2025-02-23T17:17:27","slug":"premium-rare-old-pit-icy-natural-type-a-jadeite-cabochon-crafted-as-laughing-buddha-setting-on-g18k-gold-as-ring-with-finger-size-17-6mm-certificate-included-weigh-3-23-grams-jade-measurement-12-8-14","status":"publish","type":"product","link":"https:\/\/shop.yipinqian.com\/vi\/san-pham\/premium-rare-old-pit-icy-natural-type-a-jadeite-cabochon-crafted-as-laughing-buddha-setting-on-g18k-gold-as-ring-with-finger-size-17-6mm-certificate-included-weigh-3-23-grams-jade-measurement-12-8-14\/","title":{"rendered":"\u0110\u00e1 Jadeite Cabochon t\u1ef1 nhi\u00ean lo\u1ea1i A hi\u1ebfm c\u00f3 h\u1ed1 c\u0169 \u0111\u01b0\u1ee3c ch\u1ebf t\u00e1c d\u01b0\u1edbi d\u1ea1ng Ph\u1eadt Di L\u1eb7c tr\u00ean v\u00e0ng G18K l\u00e0m nh\u1eabn c\u00f3 k\u00edch th\u01b0\u1edbc ng\u00f3n tay l\u00e0 17,6mm, c\u00f3 k\u00e8m gi\u1ea5y ch\u1ee9ng nh\u1eadn, n\u1eb7ng 3,23 gram, k\u00edch th\u01b0\u1edbc ng\u1ecdc l\u00e0 12,8 * 14,8 * 4,1 mm (18kring5)"},"content":{"rendered":"<p>Vi\u00ean ng\u1ecdc b\u00edch Cabochon t\u1ef1 nhi\u00ean lo\u1ea1i A hi\u1ebfm c\u00f3 n\u00e0y l\u00e0 m\u1ed9t ki\u1ec7t t\u00e1c tinh x\u1ea3o, \u0111\u01b0\u1ee3c ch\u1ebf t\u00e1c nh\u01b0 m\u1ed9t b\u1ee9c t\u01b0\u1ee3ng Ph\u1eadt c\u01b0\u1eddi tr\u00ean v\u00e0ng G18K. <strong>k\u00edch th\u01b0\u1edbc ng\u00f3n tay l\u00e0 17,6mm<\/strong> v\u00e0 n\u1eb7ng 3,23 gram, trong khi k\u00edch th\u01b0\u1edbc ng\u1ecdc b\u00edch l\u00e0 12,8 * 14,8 * 4,1 mm.<\/p>\n<p>\u00a0<\/p>\n<p><strong>S\u1ed1 ch\u1ee9ng ch\u1ec9: 920770021531<\/strong><\/p>\n<p><img fetchpriority=\"high\" decoding=\"async\" height=\"1080\" src=\"https:\/\/shop.yipinqian.com\/wp-content\/uploads\/2024\/10\/c73928d1aab035b5a5c0f95a0a1f91fa.jpg?from=476444299\" width=\"1080\"><\/p>\n<ul>\n<li>\n<strong>C\u00f3 ch\u1ee9ng ch\u1ec9:<\/strong> \u0110\u00fang<\/li>\n<li><strong>V\u1eadt li\u1ec7u th\u1ee9 c\u1ea5p: Kim c\u01b0\u01a1ng 0,003 * 11 = 0,033 carat<\/strong><\/li>\n<li>\n<strong>V\u1eadt li\u1ec7u thi\u1ebft l\u1eadp:<\/strong> V\u00e0ng<\/li>\n<li>\n<strong>Lo\u1ea1i ng\u1ecdc b\u00edch:<\/strong>Ng\u1ecdc b\u00edch<\/li>\n<li>\n<strong>N\u01b0\u1edbc xu\u1ea5t x\u1ee9:<\/strong> Vi\u00ean ng\u1ecdc b\u00edch Cabochon t\u1ef1 nhi\u00ean lo\u1ea1i A Old Pit Icy Premium Rare c\u00f3 v\u1ebb ngo\u00e0i trong m\u1edd tuy\u1ec7t \u0111\u1eb9p v\u00e0 \u0111\u01b0\u1ee3c ch\u1ea1m kh\u1eafc th\u00e0nh h\u00ecnh \u0110\u1ee9c Ph\u1eadt Di L\u1eb7c, t\u01b0\u1ee3ng tr\u01b0ng cho h\u1ea1nh ph\u00fac v\u00e0 may m\u1eafn. Chi\u1ebfc nh\u1eabn tuy\u1ec7t \u0111\u1eb9p n\u00e0y c\u00f3 th\u1ec3 \u0111eo trong nh\u1eefng d\u1ecbp h\u00e0ng ng\u00e0y ho\u1eb7c c\u00f3 th\u1ec3 l\u00e0m qu\u00e0 t\u1eb7ng \u0111\u1eb7c bi\u1ec7t cho ng\u01b0\u1eddi y\u00eau th\u00edch nh\u1eefng m\u00f3n \u0111\u1ed3 trang s\u1ee9c \u0111\u1ed9c \u0111\u00e1o v\u00e0 ch\u1ea5t l\u01b0\u1ee3ng cao. Lo\u1ea1i b\u1ea3o h\u00e0nh c\u1ee7a s\u1ea3n ph\u1ea9m n\u00e0y l\u00e0 Kh\u00f4ng. Gi\u1edbi t\u00ednh c\u1ee7a s\u1ea3n ph\u1ea9m n\u00e0y l\u00e0 N\u1eef. D\u1ecbp s\u1eed d\u1ee5ng s\u1ea3n ph\u1ea9m n\u00e0y H\u00e0ng ng\u00e0y..<\/li>\n<\/ul>\n<p>Yi Pin Qian \u2013 Nh\u00e0 bu\u00f4n \u0111\u00e1 qu\u00fd v\u00e0 kim lo\u1ea1i qu\u00fd t\u1ea1i Singapore \u2013 S\u1ed1 gi\u1ea5y ph\u00e9p PS20190000031<\/p>\n<p>\u00a0<\/p>\n<p>*T\u1ea5t c\u1ea3 c\u00e1c lo\u1ea1i Jadeite \u0111\u01b0\u1ee3c mua t\u1eeb Yi Pin Qian t\u1ea1i Singapore, kh\u00e1ch h\u00e0ng c\u00f3 th\u1ec3 \u0111\u1eb7t l\u1ecbch \u0111\u00e1nh b\u00f3ng ho\u1eb7c s\u1eeda ch\u1eefa nh\u1ecf do x\u1eed l\u00fd sai c\u00e1ch \u2013 c\u00f3 t\u00ednh ph\u00ed v\u00e0 ch\u1ec9 d\u00e0nh cho kh\u00e1ch h\u00e0ng c\u1ee7a Yi Pin Qian t\u1ea1i Singapore*<\/p>\n<p>\u00a0<\/p>\n<p><strong>**C\u00e1c lo\u1ea1i ch\u1ee9ng ch\u1ec9**<\/strong><\/p>\n<p>\u00a0<\/p>\n<p><strong>NGI (C\u00f4ng ty \u0110\u00e1 qu\u00fd Nan Yang)<\/strong><\/p>\n<p>ho\u1eb7c <strong>Ch\u1ee9ng ch\u1ec9 n\u01b0\u1edbc ngo\u00e0i <\/strong>(Yi Pin Qian ch\u1ec9 s\u1eed d\u1ee5ng c\u00e1c ch\u1ee9ng ch\u1ec9 x\u00e1c th\u1ef1c t\u1eeb c\u00e1c ph\u00f2ng th\u00ed nghi\u1ec7m \u1edf n\u01b0\u1edbc ngo\u00e0i v\u00e0 ki\u1ec3m so\u00e1t ch\u1ea5t l\u01b0\u1ee3ng m\u1ecdi s\u1ea3n ph\u1ea9m c\u1ee7a ch\u00fang t\u00f4i tr\u01b0\u1edbc khi \u0111\u01b0a ch\u00fang ra b\u00e1n t\u1ea1i Singapore)<\/p>\n<p>\u00a0<\/p>\n<p>M\u1ed7i s\u1ea3n ph\u1ea9m tr\u00ean TikTok s\u1ebd c\u00f3 lo\u1ea1i ch\u1ee9ng ch\u1ec9 \u0111\u01b0\u1ee3c cung c\u1ea5p \u0111\u01b0\u1ee3c n\u00eau trong ph\u1ea7n m\u00f4 t\u1ea3. \u0110\u1ed1i v\u1edbi b\u1ea5t k\u1ef3 kh\u00e1ch h\u00e0ng n\u00e0o mu\u1ed1n g\u1eedi \u0111\u01a1n h\u00e0ng c\u1ee7a m\u00ecnh \u0111\u1ebfn NGI Singapore, s\u1ebd c\u00f3 th\u1eddi gian ch\u1edd giao h\u00e0ng \u01b0\u1edbc t\u00ednh kho\u1ea3ng 4 tu\u1ea7n \u0111\u1ec3 nh\u1eadn \u0111\u01b0\u1ee3c \u0111\u01a1n h\u00e0ng c\u1ee7a b\u1ea1n. <strong>Y\u00eau c\u1ea7u b\u00e1o c\u00e1o v\u1ec1 NGI Gemstone c\u1ea7n \u0111\u01b0\u1ee3c th\u1ef1c hi\u1ec7n b\u1eb1ng c\u00e1ch nh\u1eafn tin \u0111\u1ebfn c\u1eeda h\u00e0ng TikTok Yi Pin Qian.<\/strong> C\u1ea3m \u01a1n, <strong><u>\u00e1p d\u1ee5ng th\u00eam ph\u00ed<\/u><\/strong>.<\/p>\n<p>\u00a0<\/p>\n<p><strong>Jadeite t\u1ef1 nhi\u00ean kh\u00f4ng ho\u00e0n h\u1ea3o, ch\u1ec9 l\u00e0 m\u1ed9t l\u1eddi nh\u1eafc nh\u1edf nh\u1eb9 nh\u00e0ng, Jadeite t\u1ef1 nhi\u00ean c\u1ee7a ch\u00fang t\u00f4i, gi\u1ed1ng nh\u01b0 t\u1ea5t c\u1ea3 nh\u1eefng th\u1ee9 \u0111\u1eb9p \u0111\u1ebd trong t\u1ef1 nhi\u00ean, c\u00f3 nh\u1eefng \u0111\u1eb7c \u0111i\u1ec3m v\u00e0 bi\u1ebfn th\u1ec3 \u0111\u1ed9c \u0111\u00e1o. Ch\u00fang t\u00f4i m\u1eddi nh\u1eefng kh\u00e1ch h\u00e0ng c\u00f3 gi\u00e1 tr\u1ecb c\u1ee7a m\u00ecnh \u0111\u00f3n nh\u1eadn nh\u1eefng bi\u1ebfn th\u1ec3 t\u1ef1 nhi\u00ean n\u00e0y. Ch\u00fac b\u1ea1n mua s\u1eafm vui v\u1ebb!<\/strong><\/p>\n<p>\u00a0<\/p>\n<p><strong><u>Kh\u00f4ng c\u00f3 h\u00ecnh \u1ea3nh v\u00e0 c\u1ea3nh quay video n\u00e0o \u0111\u01b0\u1ee3c l\u1ecdc. Ch\u00fang t\u00f4i khuy\u1ebfn kh\u00edch kh\u00e1ch h\u00e0ng c\u1ee7a m\u00ecnh c\u0169ng xem c\u00e1c video \u0111i k\u00e8m \u0111\u1ec3 c\u00f3 c\u00e1i nh\u00ecn to\u00e0n di\u1ec7n h\u01a1n v\u1ec1 s\u1ea3n ph\u1ea9m c\u1ee7a ch\u00fang t\u00f4i<\/u><\/strong><\/p>","protected":false},"excerpt":{"rendered":"<p>Vi\u00ean ng\u1ecdc b\u00edch Cabochon Icy Natural Type A qu\u00fd hi\u1ebfm n\u00e0y l\u00e0 m\u1ed9t ki\u1ec7t t\u00e1c tinh x\u1ea3o, \u0111\u01b0\u1ee3c ch\u1ebf t\u00e1c nh\u01b0 m\u1ed9t vi\u00ean Ph\u1eadt c\u01b0\u1eddi tr\u00ean V\u00e0ng G18K. K\u00edch th\u01b0\u1edbc ng\u00f3n tay c\u1ee7a n\u00f3 l\u00e0 17,6mm v\u00e0 n\u1eb7ng 3,23 gram, trong khi k\u00edch th\u01b0\u1edbc ng\u1ecdc b\u00edch l\u00e0 12,8 * 14,8 * 4,1 mm. S\u1ed1 ch\u1ee9ng nh\u1eadn: 920770021531 C\u00f3 ch\u1ee9ng nh\u1eadn: C\u00f3 V\u1eadt li\u1ec7u th\u1ee9 c\u1ea5p: Kim c\u01b0\u01a1ng 0,003 * 11 [\u2026]<\/p>","protected":false},"featured_media":7125,"comment_status":"open","ping_status":"closed","template":"","meta":[],"product_brand":[],"product_cat":[195],"product_tag":[],"class_list":{"0":"post-1692","1":"product","2":"type-product","3":"status-publish","4":"has-post-thumbnail","6":"product_cat-heirloom-grade","8":"first","9":"instock","10":"sale","11":"shipping-taxable","12":"purchasable","13":"product-type-simple"},"_links":{"self":[{"href":"https:\/\/shop.yipinqian.com\/vi\/wp-json\/wp\/v2\/product\/1692","targetHints":{"allow":["GET"]}}],"collection":[{"href":"https:\/\/shop.yipinqian.com\/vi\/wp-json\/wp\/v2\/product"}],"about":[{"href":"https:\/\/shop.yipinqian.com\/vi\/wp-json\/wp\/v2\/types\/product"}],"replies":[{"embeddable":true,"href":"https:\/\/shop.yipinqian.com\/vi\/wp-json\/wp\/v2\/comments?post=1692"}],"version-history":[{"count":0,"href":"https:\/\/shop.yipinqian.com\/vi\/wp-json\/wp\/v2\/product\/1692\/revisions"}],"wp:featuredmedia":[{"embeddable":true,"href":"https:\/\/shop.yipinqian.com\/vi\/wp-json\/wp\/v2\/media\/7125"}],"wp:attachment":[{"href":"https:\/\/shop.yipinqian.com\/vi\/wp-json\/wp\/v2\/media?parent=1692"}],"wp:term":[{"taxonomy":"product_brand","embeddable":true,"href":"https:\/\/shop.yipinqian.com\/vi\/wp-json\/wp\/v2\/product_brand?post=1692"},{"taxonomy":"product_cat","embeddable":true,"href":"https:\/\/shop.yipinqian.com\/vi\/wp-json\/wp\/v2\/product_cat?post=1692"},{"taxonomy":"product_tag","embeddable":true,"href":"https:\/\/shop.yipinqian.com\/vi\/wp-json\/wp\/v2\/product_tag?post=1692"}],"curies":[{"name":"wp","href":"https:\/\/api.w.org\/{rel}","templated":true}]}}