{"id":1682,"date":"2024-10-24T23:21:24","date_gmt":"2024-10-24T15:21:24","guid":{"rendered":"https:\/\/shop.yipinqian.com\/product\/premium-quality-spicy-green-bracelet-natural-type-a-jadeite-28-green-beads-bracelet-measurement-size-6-5mm-with-gic-labs-approved-certificate-included-weigh-12-75-grams-a-stunning-bracelet-for-your-da\/"},"modified":"2025-02-17T00:04:13","modified_gmt":"2025-02-16T16:04:13","slug":"premium-quality-spicy-green-bracelet-natural-type-a-jadeite-28-green-beads-bracelet-measurement-size-6-5mm-with-gic-labs-approved-certificate-included-weigh-12-75-grams-a-stunning-bracelet-for-your-da","status":"publish","type":"product","link":"https:\/\/shop.yipinqian.com\/vi\/san-pham\/premium-quality-spicy-green-bracelet-natural-type-a-jadeite-28-green-beads-bracelet-measurement-size-6-5mm-with-gic-labs-approved-certificate-included-weigh-12-75-grams-a-stunning-bracelet-for-your-da\/","title":{"rendered":"V\u00f2ng tay xanh cay ch\u1ea5t l\u01b0\u1ee3ng cao c\u1ea5p Jadeite lo\u1ea1i A t\u1ef1 nhi\u00ean 28 h\u1ea1t xanh K\u00edch th\u01b0\u1edbc v\u00f2ng tay 6,5mm k\u00e8m theo ch\u1ee9ng nh\u1eadn \u0111\u01b0\u1ee3c ph\u00f2ng th\u00ed nghi\u1ec7m QIC ch\u1ea5p thu\u1eadn C\u00e2n n\u1eb7ng 12,75 gram, m\u1ed9t chi\u1ebfc v\u00f2ng tay tuy\u1ec7t \u0111\u1eb9p \u0111\u1ec3 b\u1ea1n \u0111eo h\u00e0ng ng\u00e0y khi \u0111i l\u00e0m ho\u1eb7c t\u1ee5 t\u1eadp (bracelet5)"},"content":{"rendered":"<p>Chi\u1ebfc v\u00f2ng tay xanh cay ch\u1ea5t l\u01b0\u1ee3ng cao n\u00e0y \u0111\u01b0\u1ee3c l\u00e0m t\u1eeb ng\u1ecdc b\u00edch lo\u1ea1i A t\u1ef1 nhi\u00ean c\u00f3 28 h\u1ea1t m\u00e0u xanh l\u00e1 c\u00e2y tuy\u1ec7t \u0111\u1eb9p v\u1edbi k\u00edch th\u01b0\u1edbc \u0111o l\u00e0 6,5mm. N\u1eb7ng 12,75 gram, chi\u1ebfc v\u00f2ng tay n\u00e0y l\u00e0 ph\u1ee5 ki\u1ec7n ho\u00e0n h\u1ea3o \u0111\u1ec3 \u0111eo h\u00e0ng ng\u00e0y, d\u00f9 l\u00e0 \u0111i l\u00e0m hay \u0111i t\u1ee5 t\u1eadp.<\/p>\n<ul>\n<li><strong>Thi\u1ebft k\u1ebf tuy\u1ec7t \u0111\u1eb9p:<\/strong> \u0110\u01b0\u1ee3c l\u00e0m t\u1eeb \u0111\u00e1 Jadeite t\u1ef1 nhi\u00ean lo\u1ea1i A, chi\u1ebfc v\u00f2ng tay tuy\u1ec7t \u0111\u1eb9p n\u00e0y l\u00e0 v\u1eadt d\u1ee5ng kh\u00f4ng th\u1ec3 thi\u1ebfu \u0111\u1ed1i v\u1edbi nh\u1eefng ai th\u00edch n\u1ed5i b\u1eadt gi\u1eefa \u0111\u00e1m \u0111\u00f4ng.<\/li>\n<li><strong>Gi\u1ea5y ch\u1ee9ng nh\u1eadn \u0111\u01b0\u1ee3c QIC Labs ch\u1ea5p thu\u1eadn:<\/strong> Chi\u1ebfc v\u00f2ng tay n\u00e0y c\u00f3 k\u00e8m ch\u1ee9ng ch\u1ec9 \u0111\u01b0\u1ee3c ph\u00f2ng th\u00ed nghi\u1ec7m QIC ch\u1ea5p thu\u1eadn \u0111\u1ec3 \u0111\u1ea3m b\u1ea3o t\u00ednh x\u00e1c th\u1ef1c v\u00e0 ch\u1ea5t l\u01b0\u1ee3ng.<\/li>\n<li><strong>B\u1ec1n v\u00e0 l\u00e2u d\u00e0i:<\/strong> \u0110\u01b0\u1ee3c l\u00e0m t\u1eeb v\u1eadt li\u1ec7u ch\u1ea5t l\u01b0\u1ee3ng cao, chi\u1ebfc v\u00f2ng tay m\u00e0u xanh cay n\u00e0y \u0111\u01b0\u1ee3c thi\u1ebft k\u1ebf \u0111\u1ec3 s\u1eed d\u1ee5ng l\u00e2u d\u00e0i m\u00e0 kh\u00f4ng b\u1ecb m\u1ea5t \u0111\u1ed9 s\u00e1ng b\u00f3ng hay m\u00e0u s\u1eafc.<\/li>\n<\/ul>\n<p>Chi\u1ebfc v\u00f2ng tay unisex n\u00e0y t\u1eeb Myanmar mang \u0111\u1ebfn n\u00e9t thanh l\u1ecbch cho trang ph\u1ee5c h\u00e0ng ng\u00e0y c\u1ee7a b\u1ea1n, gi\u00fap b\u1ea1n n\u1ed5i b\u1eadt theo phong c\u00e1ch. Cho d\u00f9 l\u00e0 \u0111\u1ec3 s\u01b0u t\u1eadp c\u00e1 nh\u00e2n hay l\u00e0m qu\u00e0 t\u1eb7ng, V\u00f2ng tay h\u1ea1t xanh cay t\u1ef1 nhi\u00ean lo\u1ea1i A Jadeite 28 h\u1ea1t xanh cao c\u1ea5p l\u00e0 l\u1ef1a ch\u1ecdn tuy\u1ec7t v\u1eddi m\u00e0 b\u1ea1n s\u1ebd kh\u00f4ng h\u1ed1i ti\u1ebfc!<\/p>\n<ul>\n<li><strong>Gi\u1ea5y ch\u1ee9ng nh\u1eadn bao g\u1ed3m:<\/strong> \u0110\u00fang - <strong>S\u1ed1 ch\u1ee9ng ch\u1ec9: 5924041108177<\/strong><\/li>\n<\/ul>\n<p><img fetchpriority=\"high\" decoding=\"async\" src=\"https:\/\/shop.yipinqian.com\/wp-content\/uploads\/2024\/10\/decfba3e6733d064de9ac855dbf6e356.jpg?from=476444299\" width=\"1080\" height=\"1080\" \/><\/p>\n<ul>\n<li><strong>N\u01b0\u1edbc xu\u1ea5t x\u1ee9:<\/strong> Mi\u1ebfn \u0110i\u1ec7n<\/li>\n<li><strong>Lo\u1ea1i ng\u1ecdc b\u00edch: <\/strong>Ng\u1ecdc b\u00edch<\/li>\n<li><strong>Nh\u00e2n d\u1ecbp: <\/strong>M\u1eb7c h\u00e0ng ng\u00e0y<\/li>\n<\/ul>\n<p>Lo\u1ea1i b\u1ea3o h\u00e0nh c\u1ee7a s\u1ea3n ph\u1ea9m n\u00e0y l\u00e0 Kh\u00f4ng v\u00ec n\u00f3 kh\u00f4ng y\u00eau c\u1ea7u b\u1ea3o tr\u00ec n\u1ebfu \u0111\u01b0\u1ee3c gi\u1eef g\u00ecn c\u1ea9n th\u1eadn.<\/p>\n<p>\u00a0<\/p>\n<p>Yi Pin Qian \u2013 Nh\u00e0 bu\u00f4n \u0111\u00e1 qu\u00fd v\u00e0 kim lo\u1ea1i qu\u00fd t\u1ea1i Singapore \u2013 S\u1ed1 gi\u1ea5y ph\u00e9p PS20190000031<\/p>\n<p>\u00a0<\/p>\n<p>*T\u1ea5t c\u1ea3 c\u00e1c lo\u1ea1i Jadeite \u0111\u01b0\u1ee3c mua t\u1eeb Yi Pin Qian t\u1ea1i Singapore, kh\u00e1ch h\u00e0ng c\u00f3 th\u1ec3 \u0111\u1eb7t l\u1ecbch \u0111\u00e1nh b\u00f3ng ho\u1eb7c s\u1eeda ch\u1eefa nh\u1ecf do x\u1eed l\u00fd sai c\u00e1ch \u2013 c\u00f3 t\u00ednh ph\u00ed v\u00e0 ch\u1ec9 d\u00e0nh cho kh\u00e1ch h\u00e0ng c\u1ee7a Yi Pin Qian t\u1ea1i Singapore*<\/p>\n<p>\u00a0<\/p>\n<p><strong>**C\u00e1c lo\u1ea1i ch\u1ee9ng ch\u1ec9**<\/strong><\/p>\n<p>\u00a0<\/p>\n<p><strong>NGI (C\u00f4ng ty \u0110\u00e1 qu\u00fd Nan Yang)<\/strong><\/p>\n<p>ho\u1eb7c <strong>Ch\u1ee9ng ch\u1ec9 n\u01b0\u1edbc ngo\u00e0i <\/strong>(Yi Pin Qian ch\u1ec9 s\u1eed d\u1ee5ng c\u00e1c ch\u1ee9ng ch\u1ec9 x\u00e1c th\u1ef1c t\u1eeb c\u00e1c ph\u00f2ng th\u00ed nghi\u1ec7m \u1edf n\u01b0\u1edbc ngo\u00e0i v\u00e0 ki\u1ec3m so\u00e1t ch\u1ea5t l\u01b0\u1ee3ng m\u1ecdi s\u1ea3n ph\u1ea9m c\u1ee7a ch\u00fang t\u00f4i tr\u01b0\u1edbc khi \u0111\u01b0a ch\u00fang ra b\u00e1n t\u1ea1i Singapore)<\/p>\n<p>\u00a0<\/p>\n<p>M\u1ed7i s\u1ea3n ph\u1ea9m tr\u00ean TikTok s\u1ebd c\u00f3 lo\u1ea1i ch\u1ee9ng ch\u1ec9 \u0111\u01b0\u1ee3c cung c\u1ea5p \u0111\u01b0\u1ee3c n\u00eau trong ph\u1ea7n m\u00f4 t\u1ea3. \u0110\u1ed1i v\u1edbi b\u1ea5t k\u1ef3 kh\u00e1ch h\u00e0ng n\u00e0o mu\u1ed1n g\u1eedi \u0111\u01a1n h\u00e0ng c\u1ee7a m\u00ecnh \u0111\u1ebfn NGI Singapore, s\u1ebd c\u00f3 th\u1eddi gian ch\u1edd giao h\u00e0ng \u01b0\u1edbc t\u00ednh kho\u1ea3ng 4 tu\u1ea7n \u0111\u1ec3 nh\u1eadn \u0111\u01b0\u1ee3c \u0111\u01a1n h\u00e0ng c\u1ee7a b\u1ea1n. <strong>Y\u00eau c\u1ea7u b\u00e1o c\u00e1o v\u1ec1 NGI Gemstone c\u1ea7n \u0111\u01b0\u1ee3c th\u1ef1c hi\u1ec7n b\u1eb1ng c\u00e1ch nh\u1eafn tin \u0111\u1ebfn c\u1eeda h\u00e0ng TikTok Yi Pin Qian.<\/strong> C\u1ea3m \u01a1n, <strong><u>\u00e1p d\u1ee5ng th\u00eam ph\u00ed<\/u><\/strong>.<\/p>\n<p>\u00a0<\/p>\n<p><strong>Jadeite t\u1ef1 nhi\u00ean kh\u00f4ng ho\u00e0n h\u1ea3o, ch\u1ec9 l\u00e0 m\u1ed9t l\u1eddi nh\u1eafc nh\u1edf nh\u1eb9 nh\u00e0ng, Jadeite t\u1ef1 nhi\u00ean c\u1ee7a ch\u00fang t\u00f4i, gi\u1ed1ng nh\u01b0 t\u1ea5t c\u1ea3 nh\u1eefng th\u1ee9 \u0111\u1eb9p \u0111\u1ebd trong t\u1ef1 nhi\u00ean, c\u00f3 nh\u1eefng \u0111\u1eb7c \u0111i\u1ec3m v\u00e0 bi\u1ebfn th\u1ec3 \u0111\u1ed9c \u0111\u00e1o. Ch\u00fang t\u00f4i m\u1eddi nh\u1eefng kh\u00e1ch h\u00e0ng c\u00f3 gi\u00e1 tr\u1ecb c\u1ee7a m\u00ecnh \u0111\u00f3n nh\u1eadn nh\u1eefng bi\u1ebfn th\u1ec3 t\u1ef1 nhi\u00ean n\u00e0y. Ch\u00fac b\u1ea1n mua s\u1eafm vui v\u1ebb!<\/strong><\/p>\n<p>\u00a0<\/p>\n<p><strong><u>Kh\u00f4ng c\u00f3 h\u00ecnh \u1ea3nh v\u00e0 c\u1ea3nh quay video n\u00e0o \u0111\u01b0\u1ee3c l\u1ecdc. Ch\u00fang t\u00f4i khuy\u1ebfn kh\u00edch kh\u00e1ch h\u00e0ng c\u1ee7a m\u00ecnh c\u0169ng xem c\u00e1c video \u0111i k\u00e8m \u0111\u1ec3 c\u00f3 c\u00e1i nh\u00ecn to\u00e0n di\u1ec7n h\u01a1n v\u1ec1 s\u1ea3n ph\u1ea9m c\u1ee7a ch\u00fang t\u00f4i<\/u><\/strong><\/p>","protected":false},"excerpt":{"rendered":"<p>Chi\u1ebfc v\u00f2ng tay xanh cay ch\u1ea5t l\u01b0\u1ee3ng cao n\u00e0y \u0111\u01b0\u1ee3c l\u00e0m t\u1eeb Jadeite lo\u1ea1i A t\u1ef1 nhi\u00ean c\u00f3 28 h\u1ea1t m\u00e0u xanh l\u00e1 c\u00e2y tuy\u1ec7t \u0111\u1eb9p v\u1edbi k\u00edch th\u01b0\u1edbc \u0111o l\u00e0 6,5mm. N\u1eb7ng 12,75 gram, chi\u1ebfc v\u00f2ng tay n\u00e0y l\u00e0 ph\u1ee5 ki\u1ec7n ho\u00e0n h\u1ea3o \u0111\u1ec3 \u0111eo h\u00e0ng ng\u00e0y, d\u00f9 l\u00e0 \u0111i l\u00e0m hay \u0111i t\u1ee5 t\u1eadp. Thi\u1ebft k\u1ebf tuy\u1ec7t \u0111\u1eb9p: V\u1edbi Jadeite lo\u1ea1i A t\u1ef1 nhi\u00ean, chi\u1ebfc v\u00f2ng tay tuy\u1ec7t \u0111\u1eb9p n\u00e0y l\u00e0 v\u1eadt d\u1ee5ng kh\u00f4ng th\u1ec3 thi\u1ebfu \u0111\u1ed1i v\u1edbi nh\u1eefng ng\u01b0\u1eddi [\u2026]<\/p>","protected":false},"featured_media":7046,"comment_status":"open","ping_status":"closed","template":"","meta":[],"product_brand":[],"product_cat":[121,84],"product_tag":[],"class_list":{"0":"post-1682","1":"product","2":"type-product","3":"status-publish","4":"has-post-thumbnail","6":"product_cat-bracelets-bangles","7":"product_cat-charms-and-charm-bracelet","9":"first","10":"instock","11":"sale","12":"shipping-taxable","13":"purchasable","14":"product-type-simple"},"_links":{"self":[{"href":"https:\/\/shop.yipinqian.com\/vi\/wp-json\/wp\/v2\/product\/1682","targetHints":{"allow":["GET"]}}],"collection":[{"href":"https:\/\/shop.yipinqian.com\/vi\/wp-json\/wp\/v2\/product"}],"about":[{"href":"https:\/\/shop.yipinqian.com\/vi\/wp-json\/wp\/v2\/types\/product"}],"replies":[{"embeddable":true,"href":"https:\/\/shop.yipinqian.com\/vi\/wp-json\/wp\/v2\/comments?post=1682"}],"version-history":[{"count":0,"href":"https:\/\/shop.yipinqian.com\/vi\/wp-json\/wp\/v2\/product\/1682\/revisions"}],"wp:featuredmedia":[{"embeddable":true,"href":"https:\/\/shop.yipinqian.com\/vi\/wp-json\/wp\/v2\/media\/7046"}],"wp:attachment":[{"href":"https:\/\/shop.yipinqian.com\/vi\/wp-json\/wp\/v2\/media?parent=1682"}],"wp:term":[{"taxonomy":"product_brand","embeddable":true,"href":"https:\/\/shop.yipinqian.com\/vi\/wp-json\/wp\/v2\/product_brand?post=1682"},{"taxonomy":"product_cat","embeddable":true,"href":"https:\/\/shop.yipinqian.com\/vi\/wp-json\/wp\/v2\/product_cat?post=1682"},{"taxonomy":"product_tag","embeddable":true,"href":"https:\/\/shop.yipinqian.com\/vi\/wp-json\/wp\/v2\/product_tag?post=1682"}],"curies":[{"name":"wp","href":"https:\/\/api.w.org\/{rel}","templated":true}]}}