{"id":1680,"date":"2024-10-24T23:21:24","date_gmt":"2024-10-24T15:21:24","guid":{"rendered":"https:\/\/shop.yipinqian.com\/product\/premium-quality-semi-icy-light-green-natural-type-a-jadeite-jade-crafted-with-guanyin-as-pendant-certificate-included-weigh-45-05-grams-measurement-56-35-6-11-8-mm-18kp24\/"},"modified":"2025-02-24T01:34:17","modified_gmt":"2025-02-23T17:34:17","slug":"premium-quality-semi-icy-light-green-natural-type-a-jadeite-jade-crafted-with-guanyin-as-pendant-certificate-included-weigh-45-05-grams-measurement-56-35-6-11-8-mm-18kp24","status":"publish","type":"product","link":"https:\/\/shop.yipinqian.com\/vi\/san-pham\/premium-quality-semi-icy-light-green-natural-type-a-jadeite-jade-crafted-with-guanyin-as-pendant-certificate-included-weigh-45-05-grams-measurement-56-35-6-11-8-mm-18kp24\/","title":{"rendered":"Ng\u1ecdc b\u00edch lo\u1ea1i A t\u1ef1 nhi\u00ean b\u00e1n b\u0103ng gi\u00e1 ch\u1ea5t l\u01b0\u1ee3ng cao c\u1ea5p \u0111\u01b0\u1ee3c ch\u1ebf t\u00e1c v\u1edbi m\u1eb7t d\u00e2y chuy\u1ec1n l\u00e0 t\u01b0\u1ee3ng Quan \u00c2m, c\u00f3 k\u00e8m gi\u1ea5y ch\u1ee9ng nh\u1eadn, n\u1eb7ng 45,05 gram, k\u00edch th\u01b0\u1edbc 56 * 35,6 * 11,8 mm (18kp24)"},"content":{"rendered":"<article class=\"lzd-article\" style=\"white-space:break-spaces\">\n<p style=\"line-height:1.7;text-align:left;text-indent:0;margin-left:0;margin-top:0;margin-bottom:0\"><span>M\u1eb7t d\u00e2y chuy\u1ec1n ng\u1ecdc b\u00edch t\u1ef1 nhi\u00ean lo\u1ea1i A m\u00e0u xanh l\u00e1 c\u00e2y b\u00e1n b\u0103ng gi\u00e1 ch\u1ea5t l\u01b0\u1ee3ng cao n\u00e0y \u0111\u01b0\u1ee3c ch\u1ebf t\u00e1c v\u1edbi h\u00ecnh \u1ea3nh c\u1ee7a Quan \u00c2m, l\u00e0 m\u1ed9t m\u00f3n \u0111\u1ed3 trang s\u1ee9c tuy\u1ec7t \u0111\u1eb9p ch\u1eafc ch\u1eafn s\u1ebd thu h\u00fat m\u1ecdi \u00e1nh nh\u00ecn. N\u00f3 n\u1eb7ng 45,05 gram v\u00e0 c\u00f3 k\u00edch th\u01b0\u1edbc 56 * 35,6 * 11,8 mm (18kp24).<\/span><\/p>\n<p style=\"line-height:1.7;text-align:left;text-indent:0;margin-left:0;margin-top:0;margin-bottom:0\"><span>v\u1edbi m\u00f3c kh\u00f3a b\u1eb1ng v\u00e0ng 18k<\/span><\/p>\n<p style=\"line-height:1.7;text-align:left;text-indent:0;margin-left:0;margin-top:0;margin-bottom:0\"><span><\/span><\/p>\n<p style=\"line-height:1.7;text-align:left;text-indent:0;margin-left:0;margin-top:0;margin-bottom:0\"><span>S\u1ed1 ch\u1ee9ng ch\u1ec9: GD2109H014608<\/span><\/p>\n<ul>\n<li>\n<div style=\"line-height:1.7;text-align:left;text-indent:0\">\n<span style=\"font-weight:bold\">Ch\u1ea5t li\u1ec7u cao c\u1ea5p:<\/span><span> M\u1eb7t d\u00e2y chuy\u1ec1n n\u00e0y \u0111\u01b0\u1ee3c l\u00e0m t\u1eeb ng\u1ecdc b\u00edch Jadeite lo\u1ea1i A t\u1ef1 nhi\u00ean t\u1eeb Myanmar v\u00e0 c\u00f3 m\u00e0u xanh l\u1ee5c nh\u1ea1t b\u00e1n b\u0103ng tuy\u1ec7t \u0111\u1eb9p.<\/span>\n<\/div>\n<\/li>\n<li>\n<div style=\"line-height:1.7;text-align:left;text-indent:0\">\n<span style=\"font-weight:bold\">Gi\u1ea5y ch\u1ee9ng nh\u1eadn bao g\u1ed3m:<\/span><span> B\u1ea1n c\u00f3 th\u1ec3 tin t\u01b0\u1edfng v\u00e0o t\u00ednh x\u00e1c th\u1ef1c c\u1ee7a s\u1ea3n ph\u1ea9m n\u00e0y v\u00ec n\u00f3 c\u00f3 k\u00e8m theo ch\u1ee9ng ch\u1ec9.<\/span>\n<\/div>\n<\/li>\n<li>\n<div style=\"line-height:1.7;text-align:left;text-indent:0\">\n<span style=\"font-weight:bold\">Thi\u1ebft k\u1ebf tuy\u1ec7t \u0111\u1eb9p:<\/span><span> H\u00ecnh \u1ea3nh Ph\u1eadt B\u00e0 Quan \u00c2m tr\u00ean m\u1eb7t d\u00e2y chuy\u1ec1n n\u00e0y r\u1ea5t ph\u00f9 h\u1ee3p v\u1edbi nh\u1eefng ng\u01b0\u1eddi y\u00eau th\u00edch c\u1ea3 th\u1eddi trang v\u00e0 t\u00e2m linh.<\/span>\n<\/div>\n<\/li>\n<\/ul>\n<p style=\"line-height:1.7;text-align:left;text-indent:0;margin-left:0;margin-top:0;margin-bottom:0\"><span>Chi\u1ebfc v\u00f2ng c\u1ed5 n\u00e0y c\u00f3 \u00fd ngh\u0129a may m\u1eafn theo \u0111\u1eb7c \u0111i\u1ec3m c\u1ee7a n\u00f3, khi\u1ebfn n\u00f3 tr\u1edf th\u00e0nh m\u00f3n qu\u00e0 l\u00fd t\u01b0\u1edfng cho nh\u1eefng d\u1ecbp \u0111\u1eb7c bi\u1ec7t nh\u01b0 \u0111\u00e1m c\u01b0\u1edbi ho\u1eb7c c\u00e1c s\u1ef1 ki\u1ec7n may m\u1eafn kh\u00e1c<\/span><\/p>\n<ul>\n<li>\n<div style=\"line-height:1.7;text-align:left;text-indent:0\"><span style=\"font-weight:bold\">Kh\u00f4ng bao g\u1ed3m b\u1ea3o h\u00e0nh:<\/span><\/div>\n<\/li>\n<li>\n<div style=\"line-height:1.7;text-align:left;text-indent:0\"><span style=\"font-weight:bold\">B\u1ea1n c\u00f3 th\u1ec3 t\u1eadn h\u01b0\u1edfng chi\u1ebfc v\u00f2ng c\u1ed5 c\u1ee7a m\u00ecnh m\u00e0 kh\u00f4ng c\u1ea7n b\u1ea5t k\u1ef3 b\u1ea3o h\u00e0nh n\u00e0o<\/span><\/div>\n<\/li>\n<\/ul>\n<p style=\"line-height:1.7;text-align:left;text-indent:0;margin-left:0;margin-top:0;margin-bottom:0\"><span style=\"font-weight:bold\">.<\/span><\/p>\n<p style=\"line-height:1.7;text-align:left;text-indent:0;margin-left:0;margin-top:0;margin-bottom:0\"><span style=\"font-weight:bold\">Thi\u1ebft k\u1ebf unisex khi\u1ebfn s\u1ea3n ph\u1ea9m n\u00e0y tr\u1edf n\u00ean ho\u00e0n h\u1ea3o \u0111\u1ec3 b\u1ea5t k\u1ef3 ai c\u0169ng c\u00f3 th\u1ec3 m\u1eb7c trong b\u1ea5t k\u1ef3 d\u1ecbp th\u01b0\u1eddng ng\u00e0y n\u00e0o, \u0111\u1ed3ng th\u1eddi th\u1ec3 hi\u1ec7n phong c\u00e1ch \u0111\u1ed9c \u0111\u00e1o c\u1ee7a m\u00ecnh!<\/span><\/p>\n<p style=\"line-height:1.7;text-align:left;text-indent:0;margin-left:0;margin-top:0;margin-bottom:0\"><span style=\"font-weight:bold\">.<\/span><\/p>\n<\/article>","protected":false},"excerpt":{"rendered":"<p>M\u1eb7t d\u00e2y chuy\u1ec1n ng\u1ecdc b\u00edch t\u1ef1 nhi\u00ean lo\u1ea1i A m\u00e0u xanh l\u00e1 c\u00e2y b\u00e1n b\u0103ng gi\u00e1 ch\u1ea5t l\u01b0\u1ee3ng cao n\u00e0y, \u0111\u01b0\u1ee3c ch\u1ebf t\u00e1c v\u1edbi h\u00ecnh \u1ea3nh c\u1ee7a Ph\u1eadt B\u00e0 Quan \u00c2m, l\u00e0 m\u1ed9t m\u00f3n \u0111\u1ed3 trang s\u1ee9c tuy\u1ec7t \u0111\u1eb9p ch\u1eafc ch\u1eafn s\u1ebd thu h\u00fat m\u1ecdi \u00e1nh nh\u00ecn. N\u00f3 n\u1eb7ng 45,05 gam v\u00e0 c\u00f3 k\u00edch th\u01b0\u1edbc 56 * 35,6 * 11,8 mm (18kp24). v\u1edbi m\u00f3c kh\u00f3a b\u1eb1ng v\u00e0ng 18k S\u1ed1 ch\u1ee9ng nh\u1eadn: GD2109H014608 Ch\u1ea5t li\u1ec7u cao c\u1ea5p: M\u1eb7t d\u00e2y chuy\u1ec1n n\u00e0y [\u2026]<\/p>","protected":false},"featured_media":7036,"comment_status":"open","ping_status":"closed","template":"","meta":[],"product_brand":[],"product_cat":[196],"product_tag":[],"class_list":{"0":"post-1680","1":"product","2":"type-product","3":"status-publish","4":"has-post-thumbnail","6":"product_cat-vault-collection","8":"first","9":"instock","10":"sale","11":"shipping-taxable","12":"purchasable","13":"product-type-simple"},"_links":{"self":[{"href":"https:\/\/shop.yipinqian.com\/vi\/wp-json\/wp\/v2\/product\/1680","targetHints":{"allow":["GET"]}}],"collection":[{"href":"https:\/\/shop.yipinqian.com\/vi\/wp-json\/wp\/v2\/product"}],"about":[{"href":"https:\/\/shop.yipinqian.com\/vi\/wp-json\/wp\/v2\/types\/product"}],"replies":[{"embeddable":true,"href":"https:\/\/shop.yipinqian.com\/vi\/wp-json\/wp\/v2\/comments?post=1680"}],"version-history":[{"count":0,"href":"https:\/\/shop.yipinqian.com\/vi\/wp-json\/wp\/v2\/product\/1680\/revisions"}],"wp:featuredmedia":[{"embeddable":true,"href":"https:\/\/shop.yipinqian.com\/vi\/wp-json\/wp\/v2\/media\/7036"}],"wp:attachment":[{"href":"https:\/\/shop.yipinqian.com\/vi\/wp-json\/wp\/v2\/media?parent=1680"}],"wp:term":[{"taxonomy":"product_brand","embeddable":true,"href":"https:\/\/shop.yipinqian.com\/vi\/wp-json\/wp\/v2\/product_brand?post=1680"},{"taxonomy":"product_cat","embeddable":true,"href":"https:\/\/shop.yipinqian.com\/vi\/wp-json\/wp\/v2\/product_cat?post=1680"},{"taxonomy":"product_tag","embeddable":true,"href":"https:\/\/shop.yipinqian.com\/vi\/wp-json\/wp\/v2\/product_tag?post=1680"}],"curies":[{"name":"wp","href":"https:\/\/api.w.org\/{rel}","templated":true}]}}