{"id":1677,"date":"2024-10-24T23:21:22","date_gmt":"2024-10-24T15:21:22","guid":{"rendered":"https:\/\/shop.yipinqian.com\/product\/premium-quality-lavender-and-green-natural-type-a-jadeite-pendant-necklace-crafted-with-big-fortune-god-holding-ruyi-with-certificate-weigh-77-38-grams-70-47-11-8-mm-pendant35\/"},"modified":"2025-02-24T01:17:27","modified_gmt":"2025-02-23T17:17:27","slug":"premium-quality-lavender-and-green-natural-type-a-jadeite-pendant-necklace-crafted-with-big-fortune-god-holding-ruyi-with-certificate-weigh-77-38-grams-70-47-11-8-mm-pendant35","status":"publish","type":"product","link":"https:\/\/shop.yipinqian.com\/vi\/san-pham\/premium-quality-lavender-and-green-natural-type-a-jadeite-pendant-necklace-crafted-with-big-fortune-god-holding-ruyi-with-certificate-weigh-77-38-grams-70-47-11-8-mm-pendant35\/","title":{"rendered":"D\u00e2y chuy\u1ec1n m\u1eb7t ng\u1ecdc b\u00edch t\u1ef1 nhi\u00ean lo\u1ea1i A m\u00e0u xanh l\u00e1 c\u00e2y v\u00e0 hoa o\u1ea3i h\u01b0\u01a1ng ch\u1ea5t l\u01b0\u1ee3ng cao \u0111\u01b0\u1ee3c ch\u1ebf t\u00e1c v\u1edbi Th\u1ea7n T\u00e0i l\u1edbn c\u1ea7m Ruyi k\u00e8m gi\u1ea5y ch\u1ee9ng nh\u1eadn n\u1eb7ng 77,38 gram, 70 * 47 * 11,8 mm (m\u1eb7t d\u00e2y chuy\u1ec1n35)"},"content":{"rendered":"<p>D\u00e2y chuy\u1ec1n m\u1eb7t d\u00e2y chuy\u1ec1n b\u1eb1ng ng\u1ecdc b\u00edch t\u1ef1 nhi\u00ean m\u00e0u xanh l\u00e1 c\u00e2y v\u00e0 hoa o\u1ea3i h\u01b0\u01a1ng ch\u1ea5t l\u01b0\u1ee3ng cao n\u00e0y l\u00e0 s\u1ef1 b\u1ed5 sung ho\u00e0n h\u1ea3o cho b\u1ed9 s\u01b0u t\u1eadp trang s\u1ee9c c\u1ee7a b\u1ea1n. \u0110\u01b0\u1ee3c ch\u1ebf t\u00e1c v\u1edbi m\u1ed9t v\u1ecb th\u1ea7n may m\u1eafn l\u1edbn \u0111ang n\u1eafm gi\u1eef Ruyi, d\u00e2y chuy\u1ec1n m\u1eb7t d\u00e2y chuy\u1ec1n n\u00e0y kh\u00f4ng ch\u1ec9 l\u00e0 m\u1ed9t ph\u1ee5 ki\u1ec7n \u0111\u1eb9p m\u00e0 c\u00f2n mang \u00fd ngh\u0129a t\u01b0\u1ee3ng tr\u01b0ng.<\/p>\n<ul>\n<li>\n<strong>Ch\u1ea5t li\u1ec7u cao c\u1ea5p:<\/strong> \u0110\u01b0\u1ee3c l\u00e0m t\u1eeb \u0111\u00e1 Jadeite t\u1ef1 nhi\u00ean lo\u1ea1i A, m\u1eb7t d\u00e2y chuy\u1ec1n n\u00e0y c\u00f3 ch\u1ea5t l\u01b0\u1ee3ng cao c\u1ea5p.<\/li>\n<li>\n<strong>Gi\u1ea5y ch\u1ee9ng nh\u1eadn bao g\u1ed3m:<\/strong> S\u1ea3n ph\u1ea9m n\u00e0y c\u00f3 k\u00e8m theo gi\u1ea5y ch\u1ee9ng nh\u1eadn x\u00e1c th\u1ef1c \u0111\u1ea3m b\u1ea3o t\u00ednh ch\u00ednh h\u00e3ng c\u1ee7a n\u00f3.<\/li>\n<\/ul>\n<p><strong>S\u1ed1 ch\u1ee9ng ch\u1ec9: GD2110H013563<\/strong><\/p>\n<p><img fetchpriority=\"high\" decoding=\"async\" height=\"1080\" src=\"https:\/\/shop.yipinqian.com\/wp-content\/uploads\/2024\/10\/c2c4a2d6aa2dc91e398b918b785fd925.jpg?from=476444299\" width=\"1080\"><\/p>\n<ul>\n<li>\n<strong>Phong c\u00e1ch gi\u1ea3n d\u1ecb:<\/strong> Ki\u1ec3u d\u00e1ng gi\u1ea3n d\u1ecb c\u1ee7a chi\u1ebfc v\u00f2ng c\u1ed5 n\u00e0y r\u1ea5t ph\u00f9 h\u1ee3p \u0111\u1ec3 \u0111eo h\u00e0ng ng\u00e0y ho\u1eb7c l\u00e0m ph\u1ee5 ki\u1ec7n t\u00f4n th\u00eam v\u1ebb \u0111\u1eb9p cho trang ph\u1ee5c c\u1ee7a b\u1ea1n trong b\u1ea5t k\u1ef3 d\u1ecbp n\u00e0o.<\/li>\n<\/ul>\n<p><img decoding=\"async\" height=\"1080\" src=\"https:\/\/shop.yipinqian.com\/wp-content\/uploads\/2024\/10\/ca00fb66d8f2e37505a01667df7449f4.jpg?from=476444299\" width=\"1080\"><\/p>\n<p>V\u1edbi tr\u1ecdng l\u01b0\u1ee3ng 77,38 gram v\u00e0 k\u00edch th\u01b0\u1edbc 70 * 47 * 11,8 mm (m\u1eb7t d\u00e2y chuy\u1ec1n35), s\u1ea3n ph\u1ea9m \u0111\u01b0\u1ee3c thi\u1ebft k\u1ebf \u0111\u1ec3 d\u1ec5 nh\u1eadn bi\u1ebft nh\u01b0ng v\u1eabn tho\u1ea3i m\u00e1i khi \u0111eo.<\/p>\n<ul>\n<li>\n<strong>Nh\u00e2n d\u1ecbp: <\/strong>S\u1ea3n ph\u1ea9m n\u00e0y l\u00fd t\u01b0\u1edfng \u0111\u1ec3 \u0111eo h\u00e0ng ng\u00e0y, l\u00e0 s\u1ef1 b\u1ed5 sung tuy\u1ec7t v\u1eddi v\u00e0o b\u1ed9 s\u01b0u t\u1eadp c\u1ee7a b\u1ea1n \u0111\u1ec3 b\u1ea1n c\u00f3 th\u1ec3 \u0111eo m\u1ecdi l\u00fac, m\u1ecdi n\u01a1i b\u1ea1n mu\u1ed1n!<\/li>\n<\/ul>\n<p>\u0110\u01b0\u1ee3c s\u1ea3n xu\u1ea5t t\u1ea1i Myanmar, M\u1eb7t d\u00e2y chuy\u1ec1n b\u1eb1ng \u0111\u00e1 Jadeite xanh l\u00e1 c\u00e2y v\u00e0 hoa o\u1ea3i h\u01b0\u01a1ng t\u1ef1 nhi\u00ean lo\u1ea1i A ch\u1ea5t l\u01b0\u1ee3ng cao n\u00e0y mang tinh hoa c\u1ee7a v\u0103n h\u00f3a ph\u01b0\u01a1ng \u0110\u00f4ng trong thi\u1ebft k\u1ebf \u0111\u1ed3ng th\u1eddi c\u0169ng ph\u00f9 h\u1ee3p v\u1edbi th\u1eddi hi\u1ec7n \u0111\u1ea1i.<\/p>\n<ul>\n<li>\n<strong>Gi\u1edbi t\u00ednh: <\/strong>S\u1ea3n ph\u1ea9m n\u00e0y ph\u00f9 h\u1ee3p v\u1edbi nam gi\u1edbi nh\u01b0ng c\u0169ng c\u00f3 th\u1ec3 \u0111\u01b0\u1ee3c \u0111eo b\u1edfi b\u1ea5t k\u1ef3 ai y\u00eau th\u00edch ph\u1ee5 ki\u1ec7n trang s\u1ee9c \u0111\u1ed9c \u0111\u00e1o!<\/li>\n<\/ul>\n<p>H\u00e3y t\u1ef1 th\u01b0\u1edfng cho m\u00ecnh ho\u1eb7c t\u1eb7ng cho m\u1ed9t ng\u01b0\u1eddi \u0111\u1eb7c bi\u1ec7t m\u00f3n \u0111\u1ed3 tinh t\u1ebf n\u00e0y, m\u00f3n \u0111\u1ed3 s\u1ebd kh\u00f4ng bao gi\u1edd l\u1ed7i m\u1ed1t!<\/p>\n<p>\u00a0<\/p>\n<p>Yi Pin Qian \u2013 Nh\u00e0 bu\u00f4n \u0111\u00e1 qu\u00fd v\u00e0 kim lo\u1ea1i qu\u00fd t\u1ea1i Singapore \u2013 S\u1ed1 gi\u1ea5y ph\u00e9p PS20190000031<\/p>\n<p>\u00a0<\/p>\n<p>*T\u1ea5t c\u1ea3 c\u00e1c lo\u1ea1i Jadeite \u0111\u01b0\u1ee3c mua t\u1eeb Yi Pin Qian t\u1ea1i Singapore, kh\u00e1ch h\u00e0ng c\u00f3 th\u1ec3 \u0111\u1eb7t l\u1ecbch \u0111\u00e1nh b\u00f3ng ho\u1eb7c s\u1eeda ch\u1eefa nh\u1ecf do x\u1eed l\u00fd sai c\u00e1ch \u2013 c\u00f3 t\u00ednh ph\u00ed v\u00e0 ch\u1ec9 d\u00e0nh cho kh\u00e1ch h\u00e0ng c\u1ee7a Yi Pin Qian t\u1ea1i Singapore*<\/p>\n<p>\u00a0<\/p>\n<p><strong>**C\u00e1c lo\u1ea1i ch\u1ee9ng ch\u1ec9**<\/strong><\/p>\n<p>\u00a0<\/p>\n<p><strong>NGI (C\u00f4ng ty \u0110\u00e1 qu\u00fd Nan Yang)<\/strong><\/p>\n<p>ho\u1eb7c <strong>Ch\u1ee9ng ch\u1ec9 n\u01b0\u1edbc ngo\u00e0i <\/strong>(Yi Pin Qian ch\u1ec9 s\u1eed d\u1ee5ng c\u00e1c ch\u1ee9ng ch\u1ec9 x\u00e1c th\u1ef1c t\u1eeb c\u00e1c ph\u00f2ng th\u00ed nghi\u1ec7m \u1edf n\u01b0\u1edbc ngo\u00e0i v\u00e0 ki\u1ec3m so\u00e1t ch\u1ea5t l\u01b0\u1ee3ng m\u1ecdi s\u1ea3n ph\u1ea9m c\u1ee7a ch\u00fang t\u00f4i tr\u01b0\u1edbc khi \u0111\u01b0a ch\u00fang ra b\u00e1n t\u1ea1i Singapore)<\/p>\n<p>\u00a0<\/p>\n<p>M\u1ed7i s\u1ea3n ph\u1ea9m tr\u00ean TikTok s\u1ebd c\u00f3 lo\u1ea1i ch\u1ee9ng ch\u1ec9 \u0111\u01b0\u1ee3c cung c\u1ea5p \u0111\u01b0\u1ee3c n\u00eau trong ph\u1ea7n m\u00f4 t\u1ea3. \u0110\u1ed1i v\u1edbi b\u1ea5t k\u1ef3 kh\u00e1ch h\u00e0ng n\u00e0o mu\u1ed1n g\u1eedi \u0111\u01a1n h\u00e0ng c\u1ee7a m\u00ecnh \u0111\u1ebfn NGI Singapore, s\u1ebd c\u00f3 th\u1eddi gian ch\u1edd giao h\u00e0ng \u01b0\u1edbc t\u00ednh kho\u1ea3ng 4 tu\u1ea7n \u0111\u1ec3 nh\u1eadn \u0111\u01b0\u1ee3c \u0111\u01a1n h\u00e0ng c\u1ee7a b\u1ea1n. <strong>Y\u00eau c\u1ea7u b\u00e1o c\u00e1o v\u1ec1 NGI Gemstone c\u1ea7n \u0111\u01b0\u1ee3c th\u1ef1c hi\u1ec7n b\u1eb1ng c\u00e1ch nh\u1eafn tin \u0111\u1ebfn c\u1eeda h\u00e0ng TikTok Yi Pin Qian.<\/strong> C\u1ea3m \u01a1n, <strong><u>\u00e1p d\u1ee5ng th\u00eam ph\u00ed<\/u><\/strong>.<\/p>\n<p>\u00a0<\/p>\n<p><strong>Jadeite t\u1ef1 nhi\u00ean kh\u00f4ng ho\u00e0n h\u1ea3o, ch\u1ec9 l\u00e0 m\u1ed9t l\u1eddi nh\u1eafc nh\u1edf nh\u1eb9 nh\u00e0ng, Jadeite t\u1ef1 nhi\u00ean c\u1ee7a ch\u00fang t\u00f4i, gi\u1ed1ng nh\u01b0 t\u1ea5t c\u1ea3 nh\u1eefng th\u1ee9 \u0111\u1eb9p \u0111\u1ebd trong t\u1ef1 nhi\u00ean, c\u00f3 nh\u1eefng \u0111\u1eb7c \u0111i\u1ec3m v\u00e0 bi\u1ebfn th\u1ec3 \u0111\u1ed9c \u0111\u00e1o. Ch\u00fang t\u00f4i m\u1eddi nh\u1eefng kh\u00e1ch h\u00e0ng c\u00f3 gi\u00e1 tr\u1ecb c\u1ee7a m\u00ecnh \u0111\u00f3n nh\u1eadn nh\u1eefng bi\u1ebfn th\u1ec3 t\u1ef1 nhi\u00ean n\u00e0y. Ch\u00fac b\u1ea1n mua s\u1eafm vui v\u1ebb!<\/strong><\/p>\n<p>\u00a0<\/p>\n<p><strong><u>Kh\u00f4ng c\u00f3 h\u00ecnh \u1ea3nh v\u00e0 c\u1ea3nh quay video n\u00e0o \u0111\u01b0\u1ee3c l\u1ecdc. Ch\u00fang t\u00f4i khuy\u1ebfn kh\u00edch kh\u00e1ch h\u00e0ng c\u1ee7a m\u00ecnh c\u0169ng xem c\u00e1c video \u0111i k\u00e8m \u0111\u1ec3 c\u00f3 c\u00e1i nh\u00ecn to\u00e0n di\u1ec7n h\u01a1n v\u1ec1 s\u1ea3n ph\u1ea9m c\u1ee7a ch\u00fang t\u00f4i<\/u><\/strong><\/p>","protected":false},"excerpt":{"rendered":"<p>D\u00e2y chuy\u1ec1n m\u1eb7t d\u00e2y chuy\u1ec1n b\u1eb1ng ng\u1ecdc b\u00edch t\u1ef1 nhi\u00ean m\u00e0u xanh l\u00e1 c\u00e2y v\u00e0 hoa o\u1ea3i h\u01b0\u01a1ng lo\u1ea1i A ch\u1ea5t l\u01b0\u1ee3ng cao n\u00e0y l\u00e0 s\u1ef1 b\u1ed5 sung ho\u00e0n h\u1ea3o cho b\u1ed9 s\u01b0u t\u1eadp trang s\u1ee9c c\u1ee7a b\u1ea1n. \u0110\u01b0\u1ee3c ch\u1ebf t\u00e1c v\u1edbi m\u1ed9t v\u1ecb th\u1ea7n may m\u1eafn l\u1edbn \u0111ang n\u1eafm gi\u1eef Ruyi, d\u00e2y chuy\u1ec1n m\u1eb7t d\u00e2y chuy\u1ec1n n\u00e0y kh\u00f4ng ch\u1ec9 l\u00e0 m\u1ed9t ph\u1ee5 ki\u1ec7n \u0111\u1eb9p m\u00e0 c\u00f2n mang \u00fd ngh\u0129a t\u01b0\u1ee3ng tr\u01b0ng. Ch\u1ea5t li\u1ec7u cao c\u1ea5p: \u0110\u01b0\u1ee3c l\u00e0m b\u1eb1ng ng\u1ecdc b\u00edch t\u1ef1 nhi\u00ean lo\u1ea1i A, d\u00e2y chuy\u1ec1n m\u1eb7t d\u00e2y chuy\u1ec1n n\u00e0y c\u00f3 [\u2026]<\/p>","protected":false},"featured_media":7003,"comment_status":"open","ping_status":"closed","template":"","meta":[],"product_brand":[],"product_cat":[195],"product_tag":[],"class_list":{"0":"post-1677","1":"product","2":"type-product","3":"status-publish","4":"has-post-thumbnail","6":"product_cat-heirloom-grade","8":"first","9":"instock","10":"sale","11":"shipping-taxable","12":"purchasable","13":"product-type-simple"},"_links":{"self":[{"href":"https:\/\/shop.yipinqian.com\/vi\/wp-json\/wp\/v2\/product\/1677","targetHints":{"allow":["GET"]}}],"collection":[{"href":"https:\/\/shop.yipinqian.com\/vi\/wp-json\/wp\/v2\/product"}],"about":[{"href":"https:\/\/shop.yipinqian.com\/vi\/wp-json\/wp\/v2\/types\/product"}],"replies":[{"embeddable":true,"href":"https:\/\/shop.yipinqian.com\/vi\/wp-json\/wp\/v2\/comments?post=1677"}],"version-history":[{"count":0,"href":"https:\/\/shop.yipinqian.com\/vi\/wp-json\/wp\/v2\/product\/1677\/revisions"}],"wp:featuredmedia":[{"embeddable":true,"href":"https:\/\/shop.yipinqian.com\/vi\/wp-json\/wp\/v2\/media\/7003"}],"wp:attachment":[{"href":"https:\/\/shop.yipinqian.com\/vi\/wp-json\/wp\/v2\/media?parent=1677"}],"wp:term":[{"taxonomy":"product_brand","embeddable":true,"href":"https:\/\/shop.yipinqian.com\/vi\/wp-json\/wp\/v2\/product_brand?post=1677"},{"taxonomy":"product_cat","embeddable":true,"href":"https:\/\/shop.yipinqian.com\/vi\/wp-json\/wp\/v2\/product_cat?post=1677"},{"taxonomy":"product_tag","embeddable":true,"href":"https:\/\/shop.yipinqian.com\/vi\/wp-json\/wp\/v2\/product_tag?post=1677"}],"curies":[{"name":"wp","href":"https:\/\/api.w.org\/{rel}","templated":true}]}}