{"id":1668,"date":"2024-10-24T23:21:16","date_gmt":"2024-10-24T15:21:16","guid":{"rendered":"https:\/\/shop.yipinqian.com\/product\/premium-quality-icy-light-green-with-patches-natural-type-a-jadeite-jade-crafted-as-leaf-set-on-18k-gold-with-1-green-cabochon-and-diamonds-certificate-included-weigh-4-36-grams-measurement-35-3-22-8\/"},"modified":"2025-02-24T01:17:27","modified_gmt":"2025-02-23T17:17:27","slug":"premium-quality-icy-light-green-with-patches-natural-type-a-jadeite-jade-crafted-as-leaf-set-on-18k-gold-with-1-green-cabochon-and-diamonds-certificate-included-weigh-4-36-grams-measurement-35-3-22-8","status":"publish","type":"product","link":"https:\/\/shop.yipinqian.com\/vi\/san-pham\/premium-quality-icy-light-green-with-patches-natural-type-a-jadeite-jade-crafted-as-leaf-set-on-18k-gold-with-1-green-cabochon-and-diamonds-certificate-included-weigh-4-36-grams-measurement-35-3-22-8\/","title":{"rendered":"\u0110\u00e1 Jadeite t\u1ef1 nhi\u00ean lo\u1ea1i A ch\u1ea5t l\u01b0\u1ee3ng cao c\u1ea5p m\u00e0u xanh l\u00e1 c\u00e2y nh\u1ea1t v\u1edbi c\u00e1c m\u1ea3ng \u0111\u01b0\u1ee3c ch\u1ebf t\u00e1c th\u00e0nh h\u00ecnh chi\u1ebfc l\u00e1 tr\u00ean v\u00e0ng 18k v\u1edbi 1 vi\u00ean Cabochon xanh l\u00e1 c\u00e2y v\u00e0 kim c\u01b0\u01a1ng, c\u00f3 k\u00e8m gi\u1ea5y ch\u1ee9ng nh\u1eadn, n\u1eb7ng 4,36 gram, k\u00edch th\u01b0\u1edbc 35,3 * 22 * 8,2 mm (18kp25)"},"content":{"rendered":"<p>D\u00e2y chuy\u1ec1n ng\u1ecdc b\u00edch Jadeite t\u1ef1 nhi\u00ean lo\u1ea1i A m\u00e0u xanh l\u00e1 c\u00e2y nh\u1ea1t ch\u1ea5t l\u01b0\u1ee3ng cao n\u00e0y l\u00e0 m\u1ed9t m\u00f3n \u0111\u1ed3 trang s\u1ee9c tinh t\u1ebf s\u1ebd t\u00f4n th\u00eam v\u1ebb thanh l\u1ecbch cho b\u1ea5t k\u1ef3 trang ph\u1ee5c n\u00e0o. M\u1eb7t d\u00e2y chuy\u1ec1n h\u00ecnh chi\u1ebfc l\u00e1 \u0111\u01b0\u1ee3c ch\u1ebf t\u00e1c tinh x\u1ea3o t\u1eeb v\u00e0ng 18k v\u00e0 c\u00f3 1 vi\u00ean Cabochon xanh l\u00e1 c\u00e2y v\u00e0 kim c\u01b0\u01a1ng, t\u1ea1o th\u00eam n\u00e9t l\u1ea5p l\u00e1nh cho m\u00f3n \u0111\u1ed3.<\/p>\n<p>\u00a0<\/p>\n<p>S\u1ed1 ch\u1ee9ng ch\u1ec9: ZS22120501362<\/p>\n<p>\u00a0<\/p>\n<p>Kim c\u01b0\u01a1ng: 55 *<em> 0,003(FF) = 0,165 carat \/ 1 *<\/em> 0,08(FF)carat<\/p>\n<p>H\u1ed3ng ng\u1ecdc \u0111\u1ecf: 7 *<em> 0.003 \/ 5 *<\/em> 0.005<\/p>\n<p>18 V\u00e0ng Tr\u1ecdng l\u01b0\u1ee3ng: 3,41 gram<\/p>\n<p>Cabochon xanh * 1<\/p>\n<p>Tr\u1ecdng l\u01b0\u1ee3ng ng\u1ecdc b\u00edch: 0,88 gram (k\u00edch th\u01b0\u1edbc: 20,1 <em> 9.6 <\/em> 3,1mm)<\/p>\n<p>K\u00edch th\u01b0\u1edbc t\u1ed5ng th\u1ec3 \u0111o \u0111\u01b0\u1ee3c: 35,3 * 22 * 8,2 mm<\/p>\n<p>\u00a0<\/p>\n<p><img fetchpriority=\"high\" decoding=\"async\" height=\"1080\" src=\"https:\/\/shop.yipinqian.com\/wp-content\/uploads\/2024\/10\/5d51c35bc70cf8c41217f6283b032cf6.jpg?from=476444299\" width=\"1080\"><\/p>\n<ul>\n<li>\n<strong>Ch\u1ea5t li\u1ec7u cao c\u1ea5p:<\/strong> \u0110\u01b0\u1ee3c ch\u1ebf t\u00e1c t\u1eeb Ng\u1ecdc b\u00edch lo\u1ea1i A t\u1ef1 nhi\u00ean, chi\u1ebfc v\u00f2ng c\u1ed5 n\u00e0y n\u1eb7ng <strong>4,36 gam<\/strong> v\u00e0 c\u00f3 \u0110\u01a1n v\u1ecb \u0111o l\u01b0\u1eddng (18kp25).<\/li>\n<li>\n<strong>Gi\u1ea5y ch\u1ee9ng nh\u1eadn bao g\u1ed3m:<\/strong> Chi\u1ebfc v\u00f2ng c\u1ed5 n\u00e0y c\u00f3 k\u00e8m theo Gi\u1ea5y ch\u1ee9ng nh\u1eadn \u0111\u1ea3m b\u1ea3o t\u00ednh x\u00e1c th\u1ef1c.<\/li>\n<li>\n<strong>Thi\u1ebft k\u1ebf thanh l\u1ecbch:<\/strong> M\u1eb7t d\u00e2y chuy\u1ec1n h\u00ecnh chi\u1ebfc l\u00e1 t\u1ea1o n\u00ean n\u00e9t thanh l\u1ecbch cho thi\u1ebft k\u1ebf, ho\u00e0n h\u1ea3o cho b\u1ea5t k\u1ef3 d\u1ecbp trang tr\u1ecdng n\u00e0o.<\/li>\n<\/ul>\n<p>V\u1eadt li\u1ec7u th\u1ee9 c\u1ea5p c\u1ee7a chi\u1ebfc v\u00f2ng c\u1ed5 n\u00e0y l\u00e0 Kim c\u01b0\u01a1ng trong khi v\u1eadt li\u1ec7u g\u1eafn l\u00e0 V\u00e0ng PT\/Carat. S\u1ea3n ph\u1ea9m n\u00e0y c\u00f3 ngu\u1ed3n g\u1ed1c t\u1eeb Myanmar, mang \u0111\u1ebfn s\u1ef1 ch\u00e2n th\u1ef1c v\u00e0 \u0111\u1ed9c \u0111\u00e1o cho s\u1ea3n ph\u1ea9m. S\u1ea3n ph\u1ea9m \u0111\u01b0\u1ee3c thi\u1ebft k\u1ebf theo phong c\u00e1ch unisex, ho\u00e0n h\u1ea3o cho c\u1ea3 nam v\u00e0 n\u1eef, nh\u1eefng ng\u01b0\u1eddi y\u00eau th\u00edch \u0111\u1ed3 trang s\u1ee9c cao c\u1ea5p.<\/p>\n<p>N\u1ebfu b\u1ea1n \u0111ang t\u00ecm ki\u1ebfm m\u1ed9t chi\u1ebfc v\u00f2ng c\u1ed5 ng\u1ecdc b\u00edch thanh l\u1ecbch nh\u01b0ng \u0111\u1ed9c \u0111\u00e1o gi\u00fap b\u1ea1n n\u1ed5i b\u1eadt trong b\u1ea5t k\u1ef3 s\u1ef1 ki\u1ec7n hay bu\u1ed5i h\u1ecdp m\u1eb7t trang tr\u1ecdng n\u00e0o, th\u00ec chi\u1ebfc v\u00f2ng c\u1ed5 b\u1eb1ng v\u00e0ng 18k \u0111\u00ednh l\u00e1 ng\u1ecdc b\u00edch lo\u1ea1i A t\u1ef1 nhi\u00ean ch\u1ea5t l\u01b0\u1ee3ng cao m\u00e0u xanh l\u1ee5c nh\u1ea1t v\u1edbi c\u00e1c m\u1ea3ng \u0111\u00ednh kim c\u01b0\u01a1ng v\u00e0 gi\u1ea5y ch\u1ee9ng nh\u1eadn n\u00e0y c\u00f3 th\u1ec3 ch\u00ednh l\u00e0 th\u1ee9 b\u1ea1n \u0111ang t\u00ecm ki\u1ebfm!<\/p>\n<p>\u00a0<\/p>\n<p>Yi Pin Qian \u2013 Nh\u00e0 bu\u00f4n \u0111\u00e1 qu\u00fd v\u00e0 kim lo\u1ea1i qu\u00fd t\u1ea1i Singapore \u2013 S\u1ed1 gi\u1ea5y ph\u00e9p PS20190000031<\/p>\n<p>\u00a0<\/p>\n<p>*T\u1ea5t c\u1ea3 c\u00e1c lo\u1ea1i Jadeite \u0111\u01b0\u1ee3c mua t\u1eeb Yi Pin Qian t\u1ea1i Singapore, kh\u00e1ch h\u00e0ng c\u00f3 th\u1ec3 \u0111\u1eb7t l\u1ecbch \u0111\u00e1nh b\u00f3ng ho\u1eb7c s\u1eeda ch\u1eefa nh\u1ecf do x\u1eed l\u00fd sai c\u00e1ch \u2013 c\u00f3 t\u00ednh ph\u00ed v\u00e0 ch\u1ec9 d\u00e0nh cho kh\u00e1ch h\u00e0ng c\u1ee7a Yi Pin Qian t\u1ea1i Singapore*<\/p>\n<p>\u00a0<\/p>\n<p><strong>**C\u00e1c lo\u1ea1i ch\u1ee9ng ch\u1ec9**<\/strong><\/p>\n<p>\u00a0<\/p>\n<p><strong>NGI (C\u00f4ng ty \u0110\u00e1 qu\u00fd Nan Yang)<\/strong><\/p>\n<p>ho\u1eb7c <strong>Ch\u1ee9ng ch\u1ec9 n\u01b0\u1edbc ngo\u00e0i <\/strong>(Yi Pin Qian ch\u1ec9 s\u1eed d\u1ee5ng c\u00e1c ch\u1ee9ng ch\u1ec9 x\u00e1c th\u1ef1c t\u1eeb c\u00e1c ph\u00f2ng th\u00ed nghi\u1ec7m \u1edf n\u01b0\u1edbc ngo\u00e0i v\u00e0 ki\u1ec3m so\u00e1t ch\u1ea5t l\u01b0\u1ee3ng m\u1ecdi s\u1ea3n ph\u1ea9m c\u1ee7a ch\u00fang t\u00f4i tr\u01b0\u1edbc khi \u0111\u01b0a ch\u00fang ra b\u00e1n t\u1ea1i Singapore)<\/p>\n<p>\u00a0<\/p>\n<p>M\u1ed7i s\u1ea3n ph\u1ea9m tr\u00ean TikTok s\u1ebd c\u00f3 lo\u1ea1i ch\u1ee9ng ch\u1ec9 \u0111\u01b0\u1ee3c cung c\u1ea5p \u0111\u01b0\u1ee3c n\u00eau trong ph\u1ea7n m\u00f4 t\u1ea3. \u0110\u1ed1i v\u1edbi b\u1ea5t k\u1ef3 kh\u00e1ch h\u00e0ng n\u00e0o mu\u1ed1n g\u1eedi \u0111\u01a1n h\u00e0ng c\u1ee7a m\u00ecnh \u0111\u1ebfn NGI Singapore, s\u1ebd c\u00f3 th\u1eddi gian ch\u1edd giao h\u00e0ng \u01b0\u1edbc t\u00ednh kho\u1ea3ng 4 tu\u1ea7n \u0111\u1ec3 nh\u1eadn \u0111\u01b0\u1ee3c \u0111\u01a1n h\u00e0ng c\u1ee7a b\u1ea1n. <strong>Y\u00eau c\u1ea7u b\u00e1o c\u00e1o v\u1ec1 NGI Gemstone c\u1ea7n \u0111\u01b0\u1ee3c th\u1ef1c hi\u1ec7n b\u1eb1ng c\u00e1ch nh\u1eafn tin \u0111\u1ebfn c\u1eeda h\u00e0ng TikTok Yi Pin Qian.<\/strong> C\u1ea3m \u01a1n, <strong><u>\u00e1p d\u1ee5ng th\u00eam ph\u00ed<\/u><\/strong>.<\/p>\n<p>\u00a0<\/p>\n<p><strong>Jadeite t\u1ef1 nhi\u00ean kh\u00f4ng ho\u00e0n h\u1ea3o, ch\u1ec9 l\u00e0 m\u1ed9t l\u1eddi nh\u1eafc nh\u1edf nh\u1eb9 nh\u00e0ng, Jadeite t\u1ef1 nhi\u00ean c\u1ee7a ch\u00fang t\u00f4i, gi\u1ed1ng nh\u01b0 t\u1ea5t c\u1ea3 nh\u1eefng th\u1ee9 \u0111\u1eb9p \u0111\u1ebd trong t\u1ef1 nhi\u00ean, c\u00f3 nh\u1eefng \u0111\u1eb7c \u0111i\u1ec3m v\u00e0 bi\u1ebfn th\u1ec3 \u0111\u1ed9c \u0111\u00e1o. Ch\u00fang t\u00f4i m\u1eddi nh\u1eefng kh\u00e1ch h\u00e0ng c\u00f3 gi\u00e1 tr\u1ecb c\u1ee7a m\u00ecnh \u0111\u00f3n nh\u1eadn nh\u1eefng bi\u1ebfn th\u1ec3 t\u1ef1 nhi\u00ean n\u00e0y. Ch\u00fac b\u1ea1n mua s\u1eafm vui v\u1ebb!<\/strong><\/p>\n<p>\u00a0<\/p>\n<p><strong><u>Kh\u00f4ng c\u00f3 h\u00ecnh \u1ea3nh v\u00e0 c\u1ea3nh quay video n\u00e0o \u0111\u01b0\u1ee3c l\u1ecdc. Ch\u00fang t\u00f4i khuy\u1ebfn kh\u00edch kh\u00e1ch h\u00e0ng c\u1ee7a m\u00ecnh c\u0169ng xem c\u00e1c video \u0111i k\u00e8m \u0111\u1ec3 c\u00f3 c\u00e1i nh\u00ecn to\u00e0n di\u1ec7n h\u01a1n v\u1ec1 s\u1ea3n ph\u1ea9m c\u1ee7a ch\u00fang t\u00f4i<\/u><\/strong><\/p>","protected":false},"excerpt":{"rendered":"<p>D\u00e2y chuy\u1ec1n ng\u1ecdc b\u00edch Jadeite t\u1ef1 nhi\u00ean lo\u1ea1i A m\u00e0u xanh l\u00e1 c\u00e2y nh\u1ea1t ch\u1ea5t l\u01b0\u1ee3ng cao n\u00e0y l\u00e0 m\u1ed9t m\u00f3n \u0111\u1ed3 trang s\u1ee9c tinh t\u1ebf s\u1ebd t\u00f4n th\u00eam v\u1ebb thanh l\u1ecbch cho b\u1ea5t k\u1ef3 trang ph\u1ee5c n\u00e0o. M\u1eb7t d\u00e2y chuy\u1ec1n h\u00ecnh chi\u1ebfc l\u00e1 \u0111\u01b0\u1ee3c ch\u1ebf t\u00e1c tinh x\u1ea3o t\u1eeb v\u00e0ng 18k v\u00e0 c\u00f3 1 vi\u00ean Cabochon xanh l\u00e1 c\u00e2y v\u00e0 kim c\u01b0\u01a1ng, t\u1ea1o th\u00eam n\u00e9t l\u1ea5p l\u00e1nh cho s\u1ea3n ph\u1ea9m. S\u1ed1 ch\u1ee9ng ch\u1ec9: ZS22120501362 [\u2026]<\/p>","protected":false},"featured_media":6912,"comment_status":"open","ping_status":"closed","template":"","meta":[],"product_brand":[],"product_cat":[195],"product_tag":[],"class_list":{"0":"post-1668","1":"product","2":"type-product","3":"status-publish","4":"has-post-thumbnail","6":"product_cat-heirloom-grade","8":"first","9":"instock","10":"sale","11":"shipping-taxable","12":"purchasable","13":"product-type-simple"},"_links":{"self":[{"href":"https:\/\/shop.yipinqian.com\/vi\/wp-json\/wp\/v2\/product\/1668","targetHints":{"allow":["GET"]}}],"collection":[{"href":"https:\/\/shop.yipinqian.com\/vi\/wp-json\/wp\/v2\/product"}],"about":[{"href":"https:\/\/shop.yipinqian.com\/vi\/wp-json\/wp\/v2\/types\/product"}],"replies":[{"embeddable":true,"href":"https:\/\/shop.yipinqian.com\/vi\/wp-json\/wp\/v2\/comments?post=1668"}],"version-history":[{"count":0,"href":"https:\/\/shop.yipinqian.com\/vi\/wp-json\/wp\/v2\/product\/1668\/revisions"}],"wp:featuredmedia":[{"embeddable":true,"href":"https:\/\/shop.yipinqian.com\/vi\/wp-json\/wp\/v2\/media\/6912"}],"wp:attachment":[{"href":"https:\/\/shop.yipinqian.com\/vi\/wp-json\/wp\/v2\/media?parent=1668"}],"wp:term":[{"taxonomy":"product_brand","embeddable":true,"href":"https:\/\/shop.yipinqian.com\/vi\/wp-json\/wp\/v2\/product_brand?post=1668"},{"taxonomy":"product_cat","embeddable":true,"href":"https:\/\/shop.yipinqian.com\/vi\/wp-json\/wp\/v2\/product_cat?post=1668"},{"taxonomy":"product_tag","embeddable":true,"href":"https:\/\/shop.yipinqian.com\/vi\/wp-json\/wp\/v2\/product_tag?post=1668"}],"curies":[{"name":"wp","href":"https:\/\/api.w.org\/{rel}","templated":true}]}}