{"id":1651,"date":"2024-10-24T23:21:07","date_gmt":"2024-10-24T15:21:07","guid":{"rendered":"https:\/\/shop.yipinqian.com\/product\/premium-icy-translucent-natural-type-a-jadeite-jade-crafted-as-four-seasons-fortune-beans-set-on-18k-gold-with-1-green-cabochon-and-diamonds-certificate-include-weigh-3-86-grams-measurement-36-7-12-5\/"},"modified":"2025-02-24T01:34:17","modified_gmt":"2025-02-23T17:34:17","slug":"premium-icy-translucent-natural-type-a-jadeite-jade-crafted-as-four-seasons-fortune-beans-set-on-18k-gold-with-1-green-cabochon-and-diamonds-certificate-include-weigh-3-86-grams-measurement-36-7-12-5","status":"publish","type":"product","link":"https:\/\/shop.yipinqian.com\/vi\/san-pham\/premium-icy-translucent-natural-type-a-jadeite-jade-crafted-as-four-seasons-fortune-beans-set-on-18k-gold-with-1-green-cabochon-and-diamonds-certificate-include-weigh-3-86-grams-measurement-36-7-12-5\/","title":{"rendered":"Ng\u1ecdc b\u00edch t\u1ef1 nhi\u00ean lo\u1ea1i A trong m\u1edd cao c\u1ea5p \u0111\u01b0\u1ee3c ch\u1ebf t\u00e1c nh\u01b0 H\u1ea1t \u0111\u1eadu may m\u1eafn b\u1ed1n m\u00f9a tr\u00ean v\u00e0ng 18k v\u1edbi 1 vi\u00ean cabochon xanh v\u00e0 kim c\u01b0\u01a1ng, gi\u1ea5y ch\u1ee9ng nh\u1eadn bao g\u1ed3m n\u1eb7ng 3,86 gram, k\u00edch th\u01b0\u1edbc 36,7 * 12,5 * 7mm (18kp14)"},"content":{"rendered":"<p>Chi\u1ebfc v\u00f2ng c\u1ed5 ng\u1ecdc b\u00edch Icy Translucent Natural Type A Jadeite n\u00e0y l\u00e0 m\u1ed9t ki\u1ec7t t\u00e1c s\u1ebd n\u00e2ng t\u1ea7m phong c\u00e1ch c\u1ee7a b\u1ea1n v\u1edbi thi\u1ebft k\u1ebf tinh t\u1ebf. Four Seasons Fortune Beans \u0111\u01b0\u1ee3c \u0111\u00ednh tr\u00ean v\u00e0ng 18k v\u1edbi 1 vi\u00ean cabochon xanh v\u00e0 kim c\u01b0\u01a1ng l\u00e0m cho chi\u1ebfc v\u00f2ng c\u1ed5 n\u00e0y tr\u1edf th\u00e0nh m\u1ed9t m\u00f3n \u0111\u1ed3 trang s\u1ee9c th\u1ef1c s\u1ef1 \u0111\u1ed9c \u0111\u00e1o.<\/p>\n<p>\u00a0<\/p>\n<p><strong>S\u1ed1 ch\u1ee9ng ch\u1ec9: GD2111H021264<\/strong><\/p>\n<p><strong>K\u00edch th\u01b0\u1edbc c\u1ee7a Jadeite: (\u0110\u1eadu) \u2013 23,7 *<em> 10.4 *<\/em> 4,8 mm \/ (Cabochon xanh) \u2013 6 *<em> 5.4 *<\/em> 3.2<\/strong><\/p>\n<p><strong>V\u00e0ng 18k Tr\u1ecdng l\u01b0\u1ee3ng: 1.569 gram<\/strong><\/p>\n<p><strong>Kim c\u01b0\u01a1ng: 36 * 0,003 = 0,108 carat<\/strong><\/p>\n<ul>\n<li>\n<strong>V\u1eadt li\u1ec7u:<\/strong> Chi\u1ebfc v\u00f2ng c\u1ed5 n\u00e0y \u0111\u01b0\u1ee3c l\u00e0m t\u1eeb ng\u1ecdc b\u00edch Icy Translucent Natural lo\u1ea1i A, \u0111\u01b0\u1ee3c trang tr\u00ed b\u1eb1ng kim c\u01b0\u01a1ng v\u00e0 \u0111\u01b0\u1ee3c n\u1ea1m tr\u00ean v\u00e0ng 18k.<\/li>\n<li>\n<strong>Gi\u1ea5y ch\u1ee9ng nh\u1eadn:<\/strong> M\u1ea3nh \u0111\u1eb9p n\u00e0y \u0111i k\u00e8m v\u1edbi m\u1ed9t ch\u1ee9ng ch\u1ec9 bao g\u1ed3m tr\u1ecdng l\u01b0\u1ee3ng c\u1ee7a n\u00f3 <strong>3,86 gam<\/strong> v\u00e0 c\u00e1c ph\u00e9p \u0111o c\u1ee7a <strong>36,7 * 12,5 * 7mm<\/strong> (18kp14).<\/li>\n<li>\n<strong>Lo\u1ea1i ng\u1ecdc b\u00edch:<\/strong> \u0110\u01b0\u1ee3c l\u00e0m t\u1eeb lo\u1ea1i ng\u1ecdc Jadeite ch\u1ea5t l\u01b0\u1ee3ng t\u1ed1t nh\u1ea5t t\u1eeb Myanmar, chi\u1ebfc v\u00f2ng c\u1ed5 n\u00e0y ch\u1eafc ch\u1eafn s\u1ebd g\u00e2y \u1ea5n t\u01b0\u1ee3ng.<\/li>\n<\/ul>\n<p>Thi\u1ebft k\u1ebf H\u1ea1t \u0111\u1eadu may m\u1eafn B\u1ed1n M\u00f9a t\u01b0\u1ee3ng tr\u01b0ng cho b\u1ed1n m\u00f9a v\u00e0 mang l\u1ea1i may m\u1eafn cho ng\u01b0\u1eddi \u0111eo, ph\u00f9 h\u1ee3p cho m\u1ecdi d\u1ecbp.<\/p>\n<ul>\n<li>\n<strong>Ki\u1ec3u v\u00f2ng c\u1ed5:<\/strong>D\u00e2y chuy\u1ec1n &amp; m\u1eb7t d\u00e2y chuy\u1ec1n ng\u1ecdc b\u00edch n\u00e0y c\u00f3 phong c\u00e1ch gi\u1ea3n d\u1ecb ph\u00f9 h\u1ee3p \u0111\u1ec3 \u0111eo h\u00e0ng ng\u00e0y<\/li>\n<li>.<\/li>\n<\/ul>\n<p>\u0110\u00e1 ng\u1ecdc b\u00edch Icy Translucent Natural Type A \u0111\u01b0\u1ee3c s\u1eed d\u1ee5ng trong ph\u1ee5 ki\u1ec7n trang s\u1ee9c n\u00e0y \u0111\u00e3 \u0111\u01b0\u1ee3c l\u1ef1a ch\u1ecdn c\u1ea9n th\u1eadn \u0111\u1ec3 \u0111\u1ea3m b\u1ea3o \u0111\u00e1p \u1ee9ng c\u00e1c ti\u00eau chu\u1ea9n cao v\u1ec1 ch\u1ea5t l\u01b0\u1ee3ng v\u00e0 v\u1ebb \u0111\u1eb9p. Vi\u1ec7c s\u1eed d\u1ee5ng kim c\u01b0\u01a1ng l\u00e0m cho n\u00f3 th\u1eadm ch\u00ed c\u00f2n tuy\u1ec7t \u0111\u1eb9p h\u01a1n trong khi t\u0103ng th\u00eam gi\u00e1 tr\u1ecb cho b\u1ed9 s\u01b0u t\u1eadp c\u1ee7a b\u1ea1n v\u1edbi m\u1ee9c gi\u00e1 ph\u1ea3i ch\u0103ng.<\/p>\n<ul>\n<li>\n<strong>Th\u1ebf h\u1ec7: <\/strong>S\u1ea3n ph\u1ea9m d\u00e0nh cho c\u1ea3 nam v\u00e0 n\u1eef n\u00e0y c\u00f3 th\u1ec3 \u0111\u01b0\u1ee3c s\u1eed d\u1ee5ng b\u1edfi b\u1ea5t k\u1ef3 ai mu\u1ed1n th\u00eam n\u00e9t thanh l\u1ecbch cho t\u1ee7 \u0111\u1ed3 c\u1ee7a m\u00ecnh ho\u1eb7c mu\u1ed1n n\u1ed5i b\u1eadt t\u1ea1i b\u1ea5t k\u1ef3 s\u1ef1 ki\u1ec7n hay bu\u1ed5i h\u1ecdp m\u1eb7t n\u00e0o m\u00e0 h\u1ecd tham d\u1ef1.<\/li>\n<li>.<\/li>\n<\/ul>\n<p>N\u1ebfu b\u1ea1n \u0111ang t\u00ecm ki\u1ebfm m\u1ed9t th\u1ee9 g\u00ec \u0111\u00f3 \u0111\u1ed9c \u0111\u00e1o, thanh l\u1ecbch v\u00e0 c\u00f3 gi\u00e1 tr\u1ecb th\u00ec b\u1ea1n ch\u1eafc ch\u1eafn n\u00ean c\u00e2n nh\u1eafc mua vi\u00ean ng\u1ecdc b\u00edch Icy Translucent Natural Type A \u0111\u01b0\u1ee3c ch\u1ebf t\u00e1c th\u00e0nh H\u1ea1t \u0111\u1eadu may m\u1eafn B\u1ed1n m\u00f9a tr\u00ean m\u1ed9t t\u00e1c ph\u1ea9m tinh x\u1ea3o l\u00e0m t\u1eeb V\u00e0ng PT\/Carat \u0111i k\u00e8m v\u1edbi m\u1ed9t vi\u00ean \u0111\u00e1 cabochon xanh \u0111\u01b0\u1ee3c trang tr\u00ed b\u1eb1ng D\u00e2y chuy\u1ec1n kim c\u01b0\u01a1ng - th\u1ef1c s\u1ef1 l\u00e0 \u0111\u1ed9c nh\u1ea5t v\u00f4 nh\u1ecb!<\/p>\n<p>\u00a0<\/p>\n<p>Yi Pin Qian \u2013 Nh\u00e0 bu\u00f4n \u0111\u00e1 qu\u00fd v\u00e0 kim lo\u1ea1i qu\u00fd t\u1ea1i Singapore \u2013 S\u1ed1 gi\u1ea5y ph\u00e9p PS20190000031<\/p>\n<p>\u00a0<\/p>\n<p>*T\u1ea5t c\u1ea3 c\u00e1c lo\u1ea1i Jadeite \u0111\u01b0\u1ee3c mua t\u1eeb Yi Pin Qian t\u1ea1i Singapore, kh\u00e1ch h\u00e0ng c\u00f3 th\u1ec3 \u0111\u1eb7t l\u1ecbch \u0111\u00e1nh b\u00f3ng ho\u1eb7c s\u1eeda ch\u1eefa nh\u1ecf do x\u1eed l\u00fd sai c\u00e1ch \u2013 c\u00f3 t\u00ednh ph\u00ed v\u00e0 ch\u1ec9 d\u00e0nh cho kh\u00e1ch h\u00e0ng c\u1ee7a Yi Pin Qian t\u1ea1i Singapore*<\/p>\n<p>\u00a0<\/p>\n<p><strong>**C\u00e1c lo\u1ea1i ch\u1ee9ng ch\u1ec9**<\/strong><\/p>\n<p>\u00a0<\/p>\n<p><strong>NGI (C\u00f4ng ty \u0110\u00e1 qu\u00fd Nan Yang)<\/strong><\/p>\n<p>ho\u1eb7c <strong>Ch\u1ee9ng ch\u1ec9 n\u01b0\u1edbc ngo\u00e0i <\/strong>(Yi Pin Qian ch\u1ec9 s\u1eed d\u1ee5ng c\u00e1c ch\u1ee9ng ch\u1ec9 x\u00e1c th\u1ef1c t\u1eeb c\u00e1c ph\u00f2ng th\u00ed nghi\u1ec7m \u1edf n\u01b0\u1edbc ngo\u00e0i v\u00e0 ki\u1ec3m so\u00e1t ch\u1ea5t l\u01b0\u1ee3ng m\u1ecdi s\u1ea3n ph\u1ea9m c\u1ee7a ch\u00fang t\u00f4i tr\u01b0\u1edbc khi \u0111\u01b0a ch\u00fang ra b\u00e1n t\u1ea1i Singapore)<\/p>\n<p>\u00a0<\/p>\n<p>M\u1ed7i s\u1ea3n ph\u1ea9m tr\u00ean TikTok s\u1ebd c\u00f3 lo\u1ea1i ch\u1ee9ng ch\u1ec9 \u0111\u01b0\u1ee3c cung c\u1ea5p \u0111\u01b0\u1ee3c n\u00eau trong ph\u1ea7n m\u00f4 t\u1ea3. \u0110\u1ed1i v\u1edbi b\u1ea5t k\u1ef3 kh\u00e1ch h\u00e0ng n\u00e0o mu\u1ed1n g\u1eedi \u0111\u01a1n h\u00e0ng c\u1ee7a m\u00ecnh \u0111\u1ebfn NGI Singapore, s\u1ebd c\u00f3 th\u1eddi gian ch\u1edd giao h\u00e0ng \u01b0\u1edbc t\u00ednh kho\u1ea3ng 4 tu\u1ea7n \u0111\u1ec3 nh\u1eadn \u0111\u01b0\u1ee3c \u0111\u01a1n h\u00e0ng c\u1ee7a b\u1ea1n. <strong>Y\u00eau c\u1ea7u b\u00e1o c\u00e1o v\u1ec1 NGI Gemstone c\u1ea7n \u0111\u01b0\u1ee3c th\u1ef1c hi\u1ec7n b\u1eb1ng c\u00e1ch nh\u1eafn tin \u0111\u1ebfn c\u1eeda h\u00e0ng TikTok Yi Pin Qian.<\/strong> C\u1ea3m \u01a1n, <strong><u>\u00e1p d\u1ee5ng th\u00eam ph\u00ed<\/u><\/strong>.<\/p>\n<p>\u00a0<\/p>\n<p><strong>Jadeite t\u1ef1 nhi\u00ean kh\u00f4ng ho\u00e0n h\u1ea3o, ch\u1ec9 l\u00e0 m\u1ed9t l\u1eddi nh\u1eafc nh\u1edf nh\u1eb9 nh\u00e0ng, Jadeite t\u1ef1 nhi\u00ean c\u1ee7a ch\u00fang t\u00f4i, gi\u1ed1ng nh\u01b0 t\u1ea5t c\u1ea3 nh\u1eefng th\u1ee9 \u0111\u1eb9p \u0111\u1ebd trong t\u1ef1 nhi\u00ean, c\u00f3 nh\u1eefng \u0111\u1eb7c \u0111i\u1ec3m v\u00e0 bi\u1ebfn th\u1ec3 \u0111\u1ed9c \u0111\u00e1o. Ch\u00fang t\u00f4i m\u1eddi nh\u1eefng kh\u00e1ch h\u00e0ng c\u00f3 gi\u00e1 tr\u1ecb c\u1ee7a m\u00ecnh \u0111\u00f3n nh\u1eadn nh\u1eefng bi\u1ebfn th\u1ec3 t\u1ef1 nhi\u00ean n\u00e0y. Ch\u00fac b\u1ea1n mua s\u1eafm vui v\u1ebb!<\/strong><\/p>\n<p>\u00a0<\/p>\n<p><strong><u>Kh\u00f4ng c\u00f3 h\u00ecnh \u1ea3nh v\u00e0 c\u1ea3nh quay video n\u00e0o \u0111\u01b0\u1ee3c l\u1ecdc. Ch\u00fang t\u00f4i khuy\u1ebfn kh\u00edch kh\u00e1ch h\u00e0ng c\u1ee7a m\u00ecnh c\u0169ng xem c\u00e1c video \u0111i k\u00e8m \u0111\u1ec3 c\u00f3 c\u00e1i nh\u00ecn to\u00e0n di\u1ec7n h\u01a1n v\u1ec1 s\u1ea3n ph\u1ea9m c\u1ee7a ch\u00fang t\u00f4i<\/u><\/strong><\/p>\n<p>\u00a0<\/p>\n<p>.<\/p>","protected":false},"excerpt":{"rendered":"<p>Chi\u1ebfc v\u00f2ng c\u1ed5 ng\u1ecdc b\u00edch Icy Translucent Natural Type A Jadeite n\u00e0y l\u00e0 m\u1ed9t ki\u1ec7t t\u00e1c s\u1ebd n\u00e2ng t\u1ea7m phong c\u00e1ch c\u1ee7a b\u1ea1n v\u1edbi thi\u1ebft k\u1ebf tinh t\u1ebf. Four Seasons Fortune Beans \u0111\u01b0\u1ee3c g\u1eafn tr\u00ean v\u00e0ng 18k v\u1edbi 1 vi\u00ean cabochon xanh v\u00e0 kim c\u01b0\u01a1ng l\u00e0m cho chi\u1ebfc v\u00f2ng c\u1ed5 n\u00e0y tr\u1edf th\u00e0nh m\u1ed9t m\u00f3n \u0111\u1ed3 trang s\u1ee9c th\u1ef1c s\u1ef1 \u0111\u1ed9c \u0111\u00e1o. S\u1ed1 ch\u1ee9ng nh\u1eadn: GD2111H021264 K\u00edch th\u01b0\u1edbc c\u1ee7a Jadeite: (Bean) \u2013 23,7 [\u2026]<\/p>","protected":false},"featured_media":6764,"comment_status":"open","ping_status":"closed","template":"","meta":[],"product_brand":[],"product_cat":[196],"product_tag":[],"class_list":{"0":"post-1651","1":"product","2":"type-product","3":"status-publish","4":"has-post-thumbnail","6":"product_cat-vault-collection","8":"first","9":"instock","10":"sale","11":"shipping-taxable","12":"purchasable","13":"product-type-simple"},"_links":{"self":[{"href":"https:\/\/shop.yipinqian.com\/vi\/wp-json\/wp\/v2\/product\/1651","targetHints":{"allow":["GET"]}}],"collection":[{"href":"https:\/\/shop.yipinqian.com\/vi\/wp-json\/wp\/v2\/product"}],"about":[{"href":"https:\/\/shop.yipinqian.com\/vi\/wp-json\/wp\/v2\/types\/product"}],"replies":[{"embeddable":true,"href":"https:\/\/shop.yipinqian.com\/vi\/wp-json\/wp\/v2\/comments?post=1651"}],"version-history":[{"count":0,"href":"https:\/\/shop.yipinqian.com\/vi\/wp-json\/wp\/v2\/product\/1651\/revisions"}],"wp:featuredmedia":[{"embeddable":true,"href":"https:\/\/shop.yipinqian.com\/vi\/wp-json\/wp\/v2\/media\/6764"}],"wp:attachment":[{"href":"https:\/\/shop.yipinqian.com\/vi\/wp-json\/wp\/v2\/media?parent=1651"}],"wp:term":[{"taxonomy":"product_brand","embeddable":true,"href":"https:\/\/shop.yipinqian.com\/vi\/wp-json\/wp\/v2\/product_brand?post=1651"},{"taxonomy":"product_cat","embeddable":true,"href":"https:\/\/shop.yipinqian.com\/vi\/wp-json\/wp\/v2\/product_cat?post=1651"},{"taxonomy":"product_tag","embeddable":true,"href":"https:\/\/shop.yipinqian.com\/vi\/wp-json\/wp\/v2\/product_tag?post=1651"}],"curies":[{"name":"wp","href":"https:\/\/api.w.org\/{rel}","templated":true}]}}