{"id":1649,"date":"2024-10-24T23:21:07","date_gmt":"2024-10-24T15:21:07","guid":{"rendered":"https:\/\/shop.yipinqian.com\/product\/premium-icy-translucent-light-green-natural-type-a-jadeite-jade-crafted-with-dragon-set-on-18k-gold-as-pendant-certificate-weighs-12-99-grams-measurement-46-8-19-7-7-7-mm-18kp43\/"},"modified":"2025-02-24T01:34:17","modified_gmt":"2025-02-23T17:34:17","slug":"premium-icy-translucent-light-green-natural-type-a-jadeite-jade-crafted-with-dragon-set-on-18k-gold-as-pendant-certificate-weighs-12-99-grams-measurement-46-8-19-7-7-7-mm-18kp43","status":"publish","type":"product","link":"https:\/\/shop.yipinqian.com\/vi\/san-pham\/premium-icy-translucent-light-green-natural-type-a-jadeite-jade-crafted-with-dragon-set-on-18k-gold-as-pendant-certificate-weighs-12-99-grams-measurement-46-8-19-7-7-7-mm-18kp43\/","title":{"rendered":"Ng\u1ecdc b\u00edch lo\u1ea1i A trong m\u1edd m\u00e0u xanh l\u00e1 c\u00e2y nh\u1ea1t t\u1ef1 nhi\u00ean cao c\u1ea5p \u0111\u01b0\u1ee3c ch\u1ebf t\u00e1c v\u1edbi h\u00ecnh r\u1ed3ng tr\u00ean v\u00e0ng 18k l\u00e0m m\u1eb7t d\u00e2y chuy\u1ec1n, ch\u1ee9ng ch\u1ec9 n\u1eb7ng 12,99 gram, k\u00edch th\u01b0\u1edbc 46,8 * 19,7 * 7,7 mm (18kp43)"},"content":{"rendered":"<p>N\u00e2ng cao phong c\u00e1ch c\u1ee7a b\u1ea1n v\u1edbi m\u1eb7t d\u00e2y chuy\u1ec1n ng\u1ecdc b\u00edch lo\u1ea1i A t\u1ef1 nhi\u00ean m\u00e0u xanh l\u00e1 c\u00e2y nh\u1ea1t trong su\u1ed1t cao c\u1ea5p Icy tuy\u1ec7t \u0111\u1eb9p n\u00e0y, c\u00f3 h\u00ecnh con r\u1ed3ng \u0111\u01b0\u1ee3c ch\u1ebf t\u00e1c tinh x\u1ea3o tr\u00ean v\u00e0ng 18k. M\u1eb7t d\u00e2y chuy\u1ec1n \u0111i k\u00e8m v\u1edbi m\u1ed9t ch\u1ee9ng ch\u1ec9 v\u00e0 n\u1eb7ng 12,99 gram, v\u1edbi k\u00edch th\u01b0\u1edbc 46,8 * 19,7 * 7,7 mm (18kp43).<\/p>\n<p><\/p>\n<p>S\u1ed1 ch\u1ee9ng nh\u1eadn: GD2112H015624<\/p>\n<p>V\u00e0ng 18k Tr\u1ecdng l\u01b0\u1ee3ng: 1,14 gram<\/p>\n<p>Kim c\u01b0\u01a1ng: 34 * 0,003 = 0,102 carat<\/p>\n<p><\/p>\n<ul>\n<li>\n<strong>V\u1eadt li\u1ec7u:<\/strong> V\u1eadt li\u1ec7u ch\u00ednh l\u00e0 Ng\u1ecdc b\u00edch lo\u1ea1i A v\u00e0 v\u1eadt li\u1ec7u ph\u1ee5 l\u00e0 Kim c\u01b0\u01a1ng.<\/li>\n<li>\n<strong>C\u00e0i \u0111\u1eb7t:<\/strong> \u0110\u01b0\u1ee3c ch\u1ebf t\u00e1c b\u1eb1ng v\u00e0ng PT\/Carat.<\/li>\n<li>\n<strong>Ngu\u1ed3n g\u1ed1c:<\/strong> Nh\u1eadp kh\u1ea9u t\u1eeb Myanmar.<\/li>\n<\/ul>\n<p>M\u1eb7t d\u00e2y chuy\u1ec1n thanh l\u1ecbch n\u00e0y ph\u00f9 h\u1ee3p \u0111\u1ec3 \u0111eo h\u00e0ng ng\u00e0y v\u00e0 l\u00e0 s\u1ef1 b\u1ed5 sung ho\u00e0n h\u1ea3o cho b\u1ea5t k\u1ef3 b\u1ed9 s\u01b0u t\u1eadp trang s\u1ee9c n\u00e0o. N\u00f3 to\u00e1t l\u00ean s\u1ef1 tinh t\u1ebf v\u00e0 quy\u1ebfn r\u0169, ph\u00f9 h\u1ee3p v\u1edbi c\u1ea3 nam v\u00e0 n\u1eef, nh\u1eefng ng\u01b0\u1eddi \u0111\u00e1nh gi\u00e1 cao ngh\u1ec1 th\u1ee7 c\u00f4ng ch\u1ea5t l\u01b0\u1ee3ng cao.<\/p>\n<ul>\n<li>\n<strong>Lo\u1ea1i ng\u1ecdc b\u00edch:<\/strong>:S\u1ea3n ph\u1ea9m n\u00e0y c\u00f3 ch\u1ea5t li\u1ec7u ng\u1ecdc b\u00edch jadeite cao c\u1ea5p, n\u1ed5i ti\u1ebfng v\u1edbi \u0111\u1ed9 trong m\u1edd tuy\u1ec7t \u0111\u1eb9p v\u00e0 m\u00e0u xanh l\u1ee5c nh\u1ea1t.<\/li>\n<\/ul>\n<ul>\n<li><strong> Thi\u1ebft k\u1ebf thanh l\u1ecbch mang \u0111\u1ebfn n\u00e9t sang tr\u1ecdng cho m\u1ecdi trang ph\u1ee5c.<\/strong><\/li>\n<\/ul>\n<p><strong>.<\/strong><\/p>","protected":false},"excerpt":{"rendered":"<p>N\u00e2ng cao phong c\u00e1ch c\u1ee7a b\u1ea1n v\u1edbi m\u1eb7t d\u00e2y chuy\u1ec1n ng\u1ecdc b\u00edch t\u1ef1 nhi\u00ean m\u00e0u xanh l\u00e1 c\u00e2y nh\u1ea1t lo\u1ea1i A Premium Icy Translucent n\u00e0y, c\u00f3 h\u00ecnh con r\u1ed3ng \u0111\u01b0\u1ee3c ch\u1ebf t\u00e1c tinh x\u1ea3o tr\u00ean v\u00e0ng 18k. M\u1eb7t d\u00e2y chuy\u1ec1n \u0111i k\u00e8m v\u1edbi m\u1ed9t ch\u1ee9ng ch\u1ec9 v\u00e0 n\u1eb7ng 12,99 gram, v\u1edbi k\u00edch th\u01b0\u1edbc 46,8 * 19,7 * 7,7 mm (18kp43). S\u1ed1 ch\u1ee9ng ch\u1ec9: GD2112H015624 V\u00e0ng 18k Tr\u1ecdng l\u01b0\u1ee3ng: 1,14 gram Kim c\u01b0\u01a1ng: [\u2026]<\/p>","protected":false},"featured_media":6747,"comment_status":"open","ping_status":"closed","template":"","meta":[],"product_brand":[],"product_cat":[196],"product_tag":[],"class_list":{"0":"post-1649","1":"product","2":"type-product","3":"status-publish","4":"has-post-thumbnail","6":"product_cat-vault-collection","8":"first","9":"instock","10":"sale","11":"shipping-taxable","12":"purchasable","13":"product-type-simple"},"_links":{"self":[{"href":"https:\/\/shop.yipinqian.com\/vi\/wp-json\/wp\/v2\/product\/1649","targetHints":{"allow":["GET"]}}],"collection":[{"href":"https:\/\/shop.yipinqian.com\/vi\/wp-json\/wp\/v2\/product"}],"about":[{"href":"https:\/\/shop.yipinqian.com\/vi\/wp-json\/wp\/v2\/types\/product"}],"replies":[{"embeddable":true,"href":"https:\/\/shop.yipinqian.com\/vi\/wp-json\/wp\/v2\/comments?post=1649"}],"version-history":[{"count":0,"href":"https:\/\/shop.yipinqian.com\/vi\/wp-json\/wp\/v2\/product\/1649\/revisions"}],"wp:featuredmedia":[{"embeddable":true,"href":"https:\/\/shop.yipinqian.com\/vi\/wp-json\/wp\/v2\/media\/6747"}],"wp:attachment":[{"href":"https:\/\/shop.yipinqian.com\/vi\/wp-json\/wp\/v2\/media?parent=1649"}],"wp:term":[{"taxonomy":"product_brand","embeddable":true,"href":"https:\/\/shop.yipinqian.com\/vi\/wp-json\/wp\/v2\/product_brand?post=1649"},{"taxonomy":"product_cat","embeddable":true,"href":"https:\/\/shop.yipinqian.com\/vi\/wp-json\/wp\/v2\/product_cat?post=1649"},{"taxonomy":"product_tag","embeddable":true,"href":"https:\/\/shop.yipinqian.com\/vi\/wp-json\/wp\/v2\/product_tag?post=1649"}],"curies":[{"name":"wp","href":"https:\/\/api.w.org\/{rel}","templated":true}]}}