{"id":1646,"date":"2024-10-24T23:21:04","date_gmt":"2024-10-24T15:21:04","guid":{"rendered":"https:\/\/shop.yipinqian.com\/product\/premium-icy-natural-type-a-jadeite-jade-crafted-as-three-legs-toad-set-on-18k-gold-as-ring-certificate-weighs-3-25-grams-measurement-14-2-10-9-7-mm-finger-size-8-18kring26\/"},"modified":"2025-02-24T01:17:28","modified_gmt":"2025-02-23T17:17:28","slug":"premium-icy-natural-type-a-jadeite-jade-crafted-as-three-legs-toad-set-on-18k-gold-as-ring-certificate-weighs-3-25-grams-measurement-14-2-10-9-7-mm-finger-size-8-18kring26","status":"publish","type":"product","link":"https:\/\/shop.yipinqian.com\/vi\/san-pham\/premium-icy-natural-type-a-jadeite-jade-crafted-as-three-legs-toad-set-on-18k-gold-as-ring-certificate-weighs-3-25-grams-measurement-14-2-10-9-7-mm-finger-size-8-18kring26\/","title":{"rendered":"Ng\u1ecdc b\u00edch t\u1ef1 nhi\u00ean lo\u1ea1i A cao c\u1ea5p \u0111\u01b0\u1ee3c ch\u1ebf t\u00e1c th\u00e0nh h\u00ecnh con c\u00f3c ba ch\u00e2n g\u1eafn tr\u00ean v\u00e0ng 18k l\u00e0m nh\u1eabn, gi\u1ea5y ch\u1ee9ng nh\u1eadn n\u1eb7ng 3,25 gram, k\u00edch th\u01b0\u1edbc 14,2 * 10,9 * 7 mm, c\u1ee1 ng\u00f3n tay #8 (18kring26)"},"content":{"rendered":"<p>Tr\u1ea3i nghi\u1ec7m s\u1ef1 thanh l\u1ecbch v\u00e0 bi\u1ec3u t\u01b0\u1ee3ng t\u1ed1t l\u00e0nh c\u1ee7a chi\u1ebfc nh\u1eabn ng\u1ecdc b\u00edch t\u1ef1 nhi\u00ean lo\u1ea1i A cao c\u1ea5p n\u00e0y, c\u00f3 thi\u1ebft k\u1ebf h\u00ecnh con c\u00f3c ba ch\u00e2n \u0111\u01b0\u1ee3c ch\u1ebf t\u00e1c tr\u00ean v\u00e0ng 18k.<\/p>\n<p><\/p>\n<p>S\u1ed1 ch\u1ee9ng ch\u1ec9: GD2111H004434<\/p>\n<p>V\u00e0ng 18k n\u1eb7ng 1,76 gram<\/p>\n<p>Kim c\u01b0\u01a1ng: 0,005 * 4 = 0,02 Carat<\/p>\n<p>H\u1ed3ng ng\u1ecdc xanh: 0,005 * 2 = 0,01 carat<\/p>\n<ul>\n<li>Ch\u1ea5t li\u1ec7u: Ng\u1ecdc b\u00edch t\u1ef1 nhi\u00ean lo\u1ea1i A cao c\u1ea5p<\/li>\n<li>Thi\u1ebft l\u1eadp: V\u00e0ng 18k<\/li>\n<li>Tr\u1ecdng l\u01b0\u1ee3ng ch\u1ee9ng ch\u1ec9: 3,25 gram<\/li>\n<li>K\u00edch th\u01b0\u1edbc: 14,2 * 10,9 * 7 mm<\/li>\n<li>K\u00edch th\u01b0\u1edbc ng\u00f3n tay: #8 (14,9mm)<\/li>\n<\/ul>\n<p>Chi\u1ebfc nh\u1eabn tinh x\u1ea3o n\u00e0y l\u00e0 m\u1ed9t m\u00f3n \u0111\u1ed3 trang s\u1ee9c to\u00e1t l\u00ean v\u1ebb sang tr\u1ecdng v\u00e0 tinh t\u1ebf, ho\u00e0n h\u1ea3o cho nh\u1eefng d\u1ecbp \u0111\u1eb7c bi\u1ec7t ho\u1eb7c \u0111eo h\u00e0ng ng\u00e0y.<\/p>\n<ul>\n<li>C\u00f3 k\u00e8m ch\u1ee9ng ch\u1ec9: C\u00f3<\/li>\n<li>V\u1eadt li\u1ec7u th\u1ee9 c\u1ea5p: Kim c\u01b0\u01a1ng<\/li>\n<li>V\u1eadt li\u1ec7u c\u00e0i \u0111\u1eb7t: V\u00e0ng PT\/Carat<\/li>\n<li>N\u01b0\u1edbc xu\u1ea5t x\u1ee9: Myanmar<\/li>\n<\/ul>\n<p><\/p>\n<p>S\u1ef1 l\u1ef1a ch\u1ecdn l\u00fd t\u01b0\u1edfng cho ng\u01b0\u1eddi ph\u1ee5 n\u1eef hi\u1ec7n \u0111\u1ea1i, s\u00e0nh \u0111i\u1ec7u, y\u00eau th\u00edch ngh\u1ec1 th\u1ee7 c\u00f4ng tinh x\u1ea3o v\u00e0 nh\u1eefng m\u00f3n trang s\u1ee9c \u0111\u1ed9c \u0111\u00e1o.<\/p>\n<p><\/p>\n<p>Chi\u1ebfc nh\u1eabn tinh x\u1ea3o to\u00e1t l\u00ean v\u1ebb sang tr\u1ecdng v\u1edbi ph\u1ea7n vi\u1ec1n v\u00e0ng v\u00e0 thi\u1ebft k\u1ebf ph\u1ee9c t\u1ea1p. Xin l\u01b0u \u00fd r\u1eb1ng kh\u00f4ng \u00e1p d\u1ee5ng b\u1ea5t k\u1ef3 ch\u1ebf \u0111\u1ed9 b\u1ea3o h\u00e0nh n\u00e0o<\/p>\n<p><\/p>\n<p>Yi Pin Qian \u2013 Nh\u00e0 bu\u00f4n \u0111\u00e1 qu\u00fd v\u00e0 kim lo\u1ea1i qu\u00fd t\u1ea1i Singapore \u2013 S\u1ed1 gi\u1ea5y ph\u00e9p PS20190000031<\/p>\n<p><\/p>\n<p>*T\u1ea5t c\u1ea3 c\u00e1c lo\u1ea1i Jadeite \u0111\u01b0\u1ee3c mua t\u1eeb Yi Pin Qian t\u1ea1i Singapore, kh\u00e1ch h\u00e0ng c\u00f3 th\u1ec3 \u0111\u1eb7t l\u1ecbch \u0111\u00e1nh b\u00f3ng ho\u1eb7c s\u1eeda ch\u1eefa nh\u1ecf do x\u1eed l\u00fd sai c\u00e1ch \u2013 c\u00f3 t\u00ednh ph\u00ed v\u00e0 ch\u1ec9 d\u00e0nh cho kh\u00e1ch h\u00e0ng c\u1ee7a Yi Pin Qian t\u1ea1i Singapore*<\/p>\n<p><\/p>\n<p><strong>**C\u00e1c lo\u1ea1i ch\u1ee9ng ch\u1ec9**<\/strong><\/p>\n<p><\/p>\n<p><strong>NGI (C\u00f4ng ty \u0110\u00e1 qu\u00fd Nan Yang)<\/strong><\/p>\n<p>ho\u1eb7c <strong>Ch\u1ee9ng ch\u1ec9 n\u01b0\u1edbc ngo\u00e0i <\/strong>(Yi Pin Qian ch\u1ec9 s\u1eed d\u1ee5ng c\u00e1c ch\u1ee9ng ch\u1ec9 x\u00e1c th\u1ef1c t\u1eeb c\u00e1c ph\u00f2ng th\u00ed nghi\u1ec7m \u1edf n\u01b0\u1edbc ngo\u00e0i v\u00e0 ki\u1ec3m so\u00e1t ch\u1ea5t l\u01b0\u1ee3ng m\u1ecdi s\u1ea3n ph\u1ea9m c\u1ee7a ch\u00fang t\u00f4i tr\u01b0\u1edbc khi \u0111\u01b0a ch\u00fang ra b\u00e1n t\u1ea1i Singapore)<\/p>\n<p><\/p>\n<p>M\u1ed7i s\u1ea3n ph\u1ea9m tr\u00ean TikTok s\u1ebd c\u00f3 lo\u1ea1i ch\u1ee9ng ch\u1ec9 \u0111\u01b0\u1ee3c cung c\u1ea5p \u0111\u01b0\u1ee3c n\u00eau trong ph\u1ea7n m\u00f4 t\u1ea3. \u0110\u1ed1i v\u1edbi b\u1ea5t k\u1ef3 kh\u00e1ch h\u00e0ng n\u00e0o mu\u1ed1n g\u1eedi \u0111\u01a1n h\u00e0ng c\u1ee7a m\u00ecnh \u0111\u1ebfn NGI Singapore, s\u1ebd c\u00f3 th\u1eddi gian ch\u1edd giao h\u00e0ng \u01b0\u1edbc t\u00ednh kho\u1ea3ng 4 tu\u1ea7n \u0111\u1ec3 nh\u1eadn \u0111\u01b0\u1ee3c \u0111\u01a1n h\u00e0ng c\u1ee7a b\u1ea1n. <strong>Y\u00eau c\u1ea7u b\u00e1o c\u00e1o v\u1ec1 NGI Gemstone c\u1ea7n \u0111\u01b0\u1ee3c th\u1ef1c hi\u1ec7n b\u1eb1ng c\u00e1ch nh\u1eafn tin \u0111\u1ebfn c\u1eeda h\u00e0ng TikTok Yi Pin Qian.<\/strong> C\u1ea3m \u01a1n, <strong><u>\u00e1p d\u1ee5ng th\u00eam ph\u00ed<\/u><\/strong>.<\/p>\n<p><\/p>\n<p><strong>Jadeite t\u1ef1 nhi\u00ean kh\u00f4ng ho\u00e0n h\u1ea3o, ch\u1ec9 l\u00e0 m\u1ed9t l\u1eddi nh\u1eafc nh\u1edf nh\u1eb9 nh\u00e0ng, Jadeite t\u1ef1 nhi\u00ean c\u1ee7a ch\u00fang t\u00f4i, gi\u1ed1ng nh\u01b0 t\u1ea5t c\u1ea3 nh\u1eefng th\u1ee9 \u0111\u1eb9p \u0111\u1ebd trong t\u1ef1 nhi\u00ean, c\u00f3 nh\u1eefng \u0111\u1eb7c \u0111i\u1ec3m v\u00e0 bi\u1ebfn th\u1ec3 \u0111\u1ed9c \u0111\u00e1o. Ch\u00fang t\u00f4i m\u1eddi nh\u1eefng kh\u00e1ch h\u00e0ng c\u00f3 gi\u00e1 tr\u1ecb c\u1ee7a m\u00ecnh \u0111\u00f3n nh\u1eadn nh\u1eefng bi\u1ebfn th\u1ec3 t\u1ef1 nhi\u00ean n\u00e0y. Ch\u00fac b\u1ea1n mua s\u1eafm vui v\u1ebb!<\/strong><\/p>\n<p><\/p>\n<p><strong><u>Kh\u00f4ng c\u00f3 h\u00ecnh \u1ea3nh v\u00e0 c\u1ea3nh quay video n\u00e0o \u0111\u01b0\u1ee3c l\u1ecdc. Ch\u00fang t\u00f4i khuy\u1ebfn kh\u00edch kh\u00e1ch h\u00e0ng c\u1ee7a m\u00ecnh c\u0169ng xem c\u00e1c video \u0111i k\u00e8m \u0111\u1ec3 c\u00f3 c\u00e1i nh\u00ecn to\u00e0n di\u1ec7n h\u01a1n v\u1ec1 s\u1ea3n ph\u1ea9m c\u1ee7a ch\u00fang t\u00f4i<\/u><\/strong><\/p>","protected":false},"excerpt":{"rendered":"<p>Tr\u1ea3i nghi\u1ec7m s\u1ef1 thanh l\u1ecbch v\u00e0 bi\u1ec3u t\u01b0\u1ee3ng may m\u1eafn c\u1ee7a chi\u1ebfc nh\u1eabn ng\u1ecdc b\u00edch Icy Natural lo\u1ea1i A cao c\u1ea5p n\u00e0y, c\u00f3 thi\u1ebft k\u1ebf Con c\u00f3c ba ch\u00e2n \u0111\u01b0\u1ee3c ch\u1ebf t\u00e1c tr\u00ean v\u00e0ng 18k. S\u1ed1 ch\u1ee9ng ch\u1ec9: GD2111H004434 V\u00e0ng 18k n\u1eb7ng 1,76 gram Kim c\u01b0\u01a1ng: 0,005 * 4 = 0,02 carat H\u1ed3ng ng\u1ecdc xanh: 0,005 * 2 = 0,01 carat Ch\u1ea5t li\u1ec7u: \u0110\u00e1 qu\u00fd Icy Natural lo\u1ea1i A cao c\u1ea5p [\u2026]<\/p>","protected":false},"featured_media":6722,"comment_status":"open","ping_status":"closed","template":"","meta":[],"product_brand":[],"product_cat":[195],"product_tag":[],"class_list":{"0":"post-1646","1":"product","2":"type-product","3":"status-publish","4":"has-post-thumbnail","6":"product_cat-heirloom-grade","8":"first","9":"instock","10":"sale","11":"shipping-taxable","12":"purchasable","13":"product-type-simple"},"_links":{"self":[{"href":"https:\/\/shop.yipinqian.com\/vi\/wp-json\/wp\/v2\/product\/1646","targetHints":{"allow":["GET"]}}],"collection":[{"href":"https:\/\/shop.yipinqian.com\/vi\/wp-json\/wp\/v2\/product"}],"about":[{"href":"https:\/\/shop.yipinqian.com\/vi\/wp-json\/wp\/v2\/types\/product"}],"replies":[{"embeddable":true,"href":"https:\/\/shop.yipinqian.com\/vi\/wp-json\/wp\/v2\/comments?post=1646"}],"version-history":[{"count":0,"href":"https:\/\/shop.yipinqian.com\/vi\/wp-json\/wp\/v2\/product\/1646\/revisions"}],"wp:featuredmedia":[{"embeddable":true,"href":"https:\/\/shop.yipinqian.com\/vi\/wp-json\/wp\/v2\/media\/6722"}],"wp:attachment":[{"href":"https:\/\/shop.yipinqian.com\/vi\/wp-json\/wp\/v2\/media?parent=1646"}],"wp:term":[{"taxonomy":"product_brand","embeddable":true,"href":"https:\/\/shop.yipinqian.com\/vi\/wp-json\/wp\/v2\/product_brand?post=1646"},{"taxonomy":"product_cat","embeddable":true,"href":"https:\/\/shop.yipinqian.com\/vi\/wp-json\/wp\/v2\/product_cat?post=1646"},{"taxonomy":"product_tag","embeddable":true,"href":"https:\/\/shop.yipinqian.com\/vi\/wp-json\/wp\/v2\/product_tag?post=1646"}],"curies":[{"name":"wp","href":"https:\/\/api.w.org\/{rel}","templated":true}]}}