{"id":1645,"date":"2024-10-24T23:21:04","date_gmt":"2024-10-24T15:21:04","guid":{"rendered":"https:\/\/shop.yipinqian.com\/product\/premium-icy-natural-type-a-jadeite-jade-crafted-and-set-on-18k-gold-with-the-shape-of-drum-as-pendant-adding-diamonds-and-1-green-cabochon-certificate-included-weigh-4-72-grams-measurement-10-1-16-7-1\/"},"modified":"2025-03-20T00:17:42","modified_gmt":"2025-03-19T16:17:42","slug":"premium-icy-natural-type-a-jadeite-jade-crafted-and-set-on-18k-gold-with-the-shape-of-drum-as-pendant-adding-diamonds-and-1-green-cabochon-certificate-included-weigh-4-72-grams-measurement-10-1-16-7-1","status":"publish","type":"product","link":"https:\/\/shop.yipinqian.com\/vi\/san-pham\/premium-icy-natural-type-a-jadeite-jade-crafted-and-set-on-18k-gold-with-the-shape-of-drum-as-pendant-adding-diamonds-and-1-green-cabochon-certificate-included-weigh-4-72-grams-measurement-10-1-16-7-1\/","title":{"rendered":"Ng\u1ecdc b\u00edch t\u1ef1 nhi\u00ean lo\u1ea1i A cao c\u1ea5p \u0111\u01b0\u1ee3c ch\u1ebf t\u00e1c v\u00e0 g\u1eafn tr\u00ean v\u00e0ng 18k v\u1edbi m\u1eb7t d\u00e2y chuy\u1ec1n h\u00ecnh chi\u1ebfc tr\u1ed1ng, \u0111\u00ednh th\u00eam kim c\u01b0\u01a1ng v\u00e0 1 vi\u00ean cabochon xanh, c\u00f3 k\u00e8m gi\u1ea5y ch\u1ee9ng nh\u1eadn, n\u1eb7ng 4,72 gram, k\u00edch th\u01b0\u1edbc 10,1 * 16,7 (18kp22)"},"content":{"rendered":"<p>H\u00e3y \u0111\u1eafm m\u00ecnh trong v\u1ebb \u0111\u1eb9p tinh t\u1ebf c\u1ee7a ng\u1ecdc b\u00edch b\u0103ng gi\u00e1 t\u1ef1 nhi\u00ean lo\u1ea1i A cao c\u1ea5p v\u1edbi chi\u1ebfc v\u00f2ng c\u1ed5 m\u1eb7t d\u00e2y chuy\u1ec1n h\u00ecnh tr\u1ed1ng tuy\u1ec7t \u0111\u1eb9p n\u00e0y. \u0110\u01b0\u1ee3c ch\u1ebf t\u00e1c v\u00e0 g\u1eafn tr\u00ean v\u00e0ng 18k, chi\u1ebfc v\u00f2ng c\u1ed5 n\u00e0y l\u00e0 m\u1ed9t m\u00f3n \u0111\u1ed3 trang s\u1ee9c n\u1ed5i b\u1eadt v\u1edbi kim c\u01b0\u01a1ng v\u00e0 m\u1ed9t vi\u00ean cabochon m\u00e0u xanh l\u00e1 c\u00e2y l\u00e0m t\u0103ng th\u00eam s\u1ee9c h\u1ea5p d\u1eabn c\u1ee7a n\u00f3.<\/p>\n<p>\u00a0<\/p>\n<p><strong>S\u1ed1 ch\u1ee9ng ch\u1ec9: GD2110H017969<\/strong><\/p>\n<p><strong>Kim c\u01b0\u01a1ng: 56 * 0,003 = 0,168 carat<\/strong><\/p>\n<p><strong>V\u00e0ng 18k Tr\u1ecdng l\u01b0\u1ee3ng: 2,19 gram<\/strong><\/p>\n<p><strong>\u0110\u00e1 Jadeite Icy Tr\u1ecdng l\u01b0\u1ee3ng: 2,51 gram<\/strong><\/p>\n<p><strong>T\u1ed5ng tr\u1ecdng l\u01b0\u1ee3ng: 4,72 gram<\/strong><\/p>\n<p><img fetchpriority=\"high\" decoding=\"async\" height=\"1080\" src=\"https:\/\/shop.yipinqian.com\/wp-content\/uploads\/2024\/10\/75fd137619d4b1353d1c457bd6b2c4ef.jpg?from=476444299\" width=\"1080\"><\/p>\n<ul>\n<li>\n<strong>Thi\u1ebft k\u1ebf tuy\u1ec7t \u0111\u1eb9p:<\/strong> H\u00ecnh d\u1ea1ng tr\u1ed1ng c\u1ee7a m\u1eb7t d\u00e2y chuy\u1ec1n l\u00e0m cho n\u00f3 tr\u1edf th\u00e0nh m\u1ed9t t\u00e1c ph\u1ea9m \u0111\u1ed9c \u0111\u00e1o, trong khi kim c\u01b0\u01a1ng v\u00e0 \u0111\u00e1 cabochon xanh l\u00e1 c\u00e2y l\u00e0m t\u0103ng th\u00eam v\u1ebb \u0111\u1eb9p c\u1ee7a n\u00f3.<\/li>\n<li>\n<strong>V\u1eadt li\u1ec7u cao c\u1ea5p:<\/strong> \u0110\u01b0\u1ee3c ch\u1ebf t\u00e1c t\u1eeb ng\u1ecdc b\u00edch t\u1ef1 nhi\u00ean lo\u1ea1i A, n\u1ea1m tr\u00ean v\u00e0ng 18k khi\u1ebfn \u0111\u00e2y tr\u1edf th\u00e0nh m\u1ed9t m\u00f3n \u0111\u1ed3 trang s\u1ee9c \u0111\u1eb7c bi\u1ec7t.<\/li>\n<li>\n<strong>\u0110\u1ea3m b\u1ea3o t\u00ednh x\u00e1c th\u1ef1c:<\/strong> Gi\u1ea5y ch\u1ee9ng nh\u1eadn \u0111i k\u00e8m ch\u1ee9ng nh\u1eadn r\u1eb1ng b\u1ea1n \u0111ang mua \u0111\u01b0\u1ee3c Ng\u1ecdc b\u00edch lo\u1ea1i A t\u1ef1 nhi\u00ean ch\u00ednh h\u00e3ng.<\/li>\n<\/ul>\n<p>V\u1edbi tr\u1ecdng l\u01b0\u1ee3ng 4,72 gam v\u00e0 k\u00edch th\u01b0\u1edbc 10,1 * 16,7 (18kp22), m\u1eb7t d\u00e2y chuy\u1ec1n n\u00e0y ho\u00e0n h\u1ea3o \u0111\u1ec3 \u0111eo h\u00e0ng ng\u00e0y ho\u1eb7c b\u1ea5t k\u1ef3 d\u1ecbp th\u01b0\u1eddng ng\u00e0y n\u00e0o cho c\u1ea3 nam v\u00e0 n\u1eef v\u1edbi m\u1ecdi trang ph\u1ee5c.<\/p>\n<ul>\n<li>\n<strong>N\u00e2ng cao phong c\u00e1ch c\u1ee7a b\u1ea1n:<\/strong>\u0110\u00e1 Jadeite t\u1ef1 nhi\u00ean b\u0103ng gi\u00e1 cao c\u1ea5p lo\u1ea1i A mang \u0111\u1ebfn s\u1ee9c h\u1ea5p d\u1eabn thanh l\u1ecbch khi k\u1ebft h\u1ee3p v\u1edbi trang ph\u1ee5c th\u01b0\u1eddng ng\u00e0y<\/li>\n<\/ul>\n<p>Chi\u1ebfc v\u00f2ng c\u1ed5 m\u1eb7t d\u00e2y chuy\u1ec1n tuy\u1ec7t \u0111\u1eb9p n\u00e0y \u0111\u01b0\u1ee3c s\u1ea3n xu\u1ea5t t\u1ea1i Myanmar \u2013 n\u01a1i n\u1ed5i ti\u1ebfng s\u1ea3n xu\u1ea5t m\u1ed9t s\u1ed1 lo\u1ea1i ng\u1ecdc b\u00edch tinh x\u1ea3o nh\u1ea5t th\u1ebf gi\u1edbi \u2013 l\u00e0 s\u1ef1 b\u1ed5 sung \u0111\u1eb7c bi\u1ec7t cho b\u1ed9 s\u01b0u t\u1eadp c\u1ee7a b\u1ea1n!<\/p>\n<ul>\n<li>\n<strong>M\u00f3n qu\u00e0 ho\u00e0n h\u1ea3o: <\/strong>Ph\u1ee5 ki\u1ec7n trang s\u1ee9c \u0111\u1eb9p \u0111\u1ebfn ng\u1ee1 ng\u00e0ng n\u00e0y kh\u00f4ng k\u00e8m b\u1ea3o h\u00e0nh nh\u01b0ng ho\u00e0n h\u1ea3o \u0111\u1ec3 l\u00e0m qu\u00e0 t\u1eb7ng cho nh\u1eefng ng\u01b0\u1eddi th\u00e2n y\u00eau tr\u00e2n tr\u1ecdng v\u1ebb \u0111\u1eb9p \u0111\u1ed9c \u0111\u00e1o!<\/li>\n<\/ul>\n<p>Yi Pin Qian \u2013 Nh\u00e0 bu\u00f4n \u0111\u00e1 qu\u00fd v\u00e0 kim lo\u1ea1i qu\u00fd t\u1ea1i Singapore \u2013 S\u1ed1 gi\u1ea5y ph\u00e9p PS20190000031<\/p>\n<p>\u00a0<\/p>\n<p>*T\u1ea5t c\u1ea3 c\u00e1c lo\u1ea1i Jadeite \u0111\u01b0\u1ee3c mua t\u1eeb Yi Pin Qian t\u1ea1i Singapore, kh\u00e1ch h\u00e0ng c\u00f3 th\u1ec3 \u0111\u1eb7t l\u1ecbch \u0111\u00e1nh b\u00f3ng ho\u1eb7c s\u1eeda ch\u1eefa nh\u1ecf do x\u1eed l\u00fd sai c\u00e1ch \u2013 c\u00f3 t\u00ednh ph\u00ed v\u00e0 ch\u1ec9 d\u00e0nh cho kh\u00e1ch h\u00e0ng c\u1ee7a Yi Pin Qian t\u1ea1i Singapore*<\/p>\n<p>\u00a0<\/p>\n<p><strong>**C\u00e1c lo\u1ea1i ch\u1ee9ng ch\u1ec9**<\/strong><\/p>\n<p>\u00a0<\/p>\n<p><strong>NGI (C\u00f4ng ty \u0110\u00e1 qu\u00fd Nan Yang)<\/strong><\/p>\n<p>ho\u1eb7c <strong>Ch\u1ee9ng ch\u1ec9 n\u01b0\u1edbc ngo\u00e0i <\/strong>(Yi Pin Qian ch\u1ec9 s\u1eed d\u1ee5ng c\u00e1c ch\u1ee9ng ch\u1ec9 x\u00e1c th\u1ef1c t\u1eeb c\u00e1c ph\u00f2ng th\u00ed nghi\u1ec7m \u1edf n\u01b0\u1edbc ngo\u00e0i v\u00e0 ki\u1ec3m so\u00e1t ch\u1ea5t l\u01b0\u1ee3ng m\u1ecdi s\u1ea3n ph\u1ea9m c\u1ee7a ch\u00fang t\u00f4i tr\u01b0\u1edbc khi \u0111\u01b0a ch\u00fang ra b\u00e1n t\u1ea1i Singapore)<\/p>\n<p>\u00a0<\/p>\n<p>M\u1ed7i s\u1ea3n ph\u1ea9m tr\u00ean TikTok s\u1ebd c\u00f3 lo\u1ea1i ch\u1ee9ng ch\u1ec9 \u0111\u01b0\u1ee3c cung c\u1ea5p \u0111\u01b0\u1ee3c n\u00eau trong ph\u1ea7n m\u00f4 t\u1ea3. \u0110\u1ed1i v\u1edbi b\u1ea5t k\u1ef3 kh\u00e1ch h\u00e0ng n\u00e0o mu\u1ed1n g\u1eedi \u0111\u01a1n h\u00e0ng c\u1ee7a m\u00ecnh \u0111\u1ebfn NGI Singapore, s\u1ebd c\u00f3 th\u1eddi gian ch\u1edd giao h\u00e0ng \u01b0\u1edbc t\u00ednh kho\u1ea3ng 4 tu\u1ea7n \u0111\u1ec3 nh\u1eadn \u0111\u01b0\u1ee3c \u0111\u01a1n h\u00e0ng c\u1ee7a b\u1ea1n. <strong>Y\u00eau c\u1ea7u b\u00e1o c\u00e1o v\u1ec1 NGI Gemstone c\u1ea7n \u0111\u01b0\u1ee3c th\u1ef1c hi\u1ec7n b\u1eb1ng c\u00e1ch nh\u1eafn tin \u0111\u1ebfn c\u1eeda h\u00e0ng TikTok Yi Pin Qian.<\/strong> C\u1ea3m \u01a1n, <strong><u>\u00e1p d\u1ee5ng th\u00eam ph\u00ed<\/u><\/strong>.<\/p>\n<p>\u00a0<\/p>\n<p><strong>Jadeite t\u1ef1 nhi\u00ean kh\u00f4ng ho\u00e0n h\u1ea3o, ch\u1ec9 l\u00e0 m\u1ed9t l\u1eddi nh\u1eafc nh\u1edf nh\u1eb9 nh\u00e0ng, Jadeite t\u1ef1 nhi\u00ean c\u1ee7a ch\u00fang t\u00f4i, gi\u1ed1ng nh\u01b0 t\u1ea5t c\u1ea3 nh\u1eefng th\u1ee9 \u0111\u1eb9p \u0111\u1ebd trong t\u1ef1 nhi\u00ean, c\u00f3 nh\u1eefng \u0111\u1eb7c \u0111i\u1ec3m v\u00e0 bi\u1ebfn th\u1ec3 \u0111\u1ed9c \u0111\u00e1o. Ch\u00fang t\u00f4i m\u1eddi nh\u1eefng kh\u00e1ch h\u00e0ng c\u00f3 gi\u00e1 tr\u1ecb c\u1ee7a m\u00ecnh \u0111\u00f3n nh\u1eadn nh\u1eefng bi\u1ebfn th\u1ec3 t\u1ef1 nhi\u00ean n\u00e0y. Ch\u00fac b\u1ea1n mua s\u1eafm vui v\u1ebb!<\/strong><\/p>\n<p>\u00a0<\/p>\n<p><strong><u>Kh\u00f4ng c\u00f3 h\u00ecnh \u1ea3nh v\u00e0 c\u1ea3nh quay video n\u00e0o \u0111\u01b0\u1ee3c l\u1ecdc. Ch\u00fang t\u00f4i khuy\u1ebfn kh\u00edch kh\u00e1ch h\u00e0ng c\u1ee7a m\u00ecnh c\u0169ng xem c\u00e1c video \u0111i k\u00e8m \u0111\u1ec3 c\u00f3 c\u00e1i nh\u00ecn to\u00e0n di\u1ec7n h\u01a1n v\u1ec1 s\u1ea3n ph\u1ea9m c\u1ee7a ch\u00fang t\u00f4i<\/u><\/strong><\/p>\n<p>\u00a0<\/p>\n<p>.<\/p>","protected":false},"excerpt":{"rendered":"<p>H\u00e3y \u0111\u1eafm m\u00ecnh trong v\u1ebb \u0111\u1eb9p tinh t\u1ebf c\u1ee7a ng\u1ecdc b\u00edch b\u0103ng gi\u00e1 t\u1ef1 nhi\u00ean lo\u1ea1i A cao c\u1ea5p v\u1edbi chi\u1ebfc v\u00f2ng c\u1ed5 m\u1eb7t tr\u1ed1ng tuy\u1ec7t \u0111\u1eb9p n\u00e0y. \u0110\u01b0\u1ee3c ch\u1ebf t\u00e1c v\u00e0 g\u1eafn tr\u00ean v\u00e0ng 18k, chi\u1ebfc v\u00f2ng c\u1ed5 n\u00e0y l\u00e0 m\u1ed9t m\u00f3n \u0111\u1ed3 trang s\u1ee9c n\u1ed5i b\u1eadt v\u1edbi kim c\u01b0\u01a1ng v\u00e0 m\u1ed9t vi\u00ean cabochon m\u00e0u xanh l\u00e1 c\u00e2y l\u00e0m t\u0103ng th\u00eam s\u1ee9c h\u1ea5p d\u1eabn c\u1ee7a n\u00f3. S\u1ed1 ch\u1ee9ng ch\u1ec9: GD2110H017969 Kim c\u01b0\u01a1ng: 56 * 0,003 = 0,168 carat [\u2026]<\/p>","protected":false},"featured_media":6714,"comment_status":"open","ping_status":"closed","template":"","meta":[],"product_brand":[],"product_cat":[48],"product_tag":[],"class_list":{"0":"post-1645","1":"product","2":"type-product","3":"status-publish","4":"has-post-thumbnail","6":"product_cat-pendants","8":"first","9":"instock","10":"sale","11":"shipping-taxable","12":"purchasable","13":"product-type-simple"},"_links":{"self":[{"href":"https:\/\/shop.yipinqian.com\/vi\/wp-json\/wp\/v2\/product\/1645","targetHints":{"allow":["GET"]}}],"collection":[{"href":"https:\/\/shop.yipinqian.com\/vi\/wp-json\/wp\/v2\/product"}],"about":[{"href":"https:\/\/shop.yipinqian.com\/vi\/wp-json\/wp\/v2\/types\/product"}],"replies":[{"embeddable":true,"href":"https:\/\/shop.yipinqian.com\/vi\/wp-json\/wp\/v2\/comments?post=1645"}],"version-history":[{"count":0,"href":"https:\/\/shop.yipinqian.com\/vi\/wp-json\/wp\/v2\/product\/1645\/revisions"}],"wp:featuredmedia":[{"embeddable":true,"href":"https:\/\/shop.yipinqian.com\/vi\/wp-json\/wp\/v2\/media\/6714"}],"wp:attachment":[{"href":"https:\/\/shop.yipinqian.com\/vi\/wp-json\/wp\/v2\/media?parent=1645"}],"wp:term":[{"taxonomy":"product_brand","embeddable":true,"href":"https:\/\/shop.yipinqian.com\/vi\/wp-json\/wp\/v2\/product_brand?post=1645"},{"taxonomy":"product_cat","embeddable":true,"href":"https:\/\/shop.yipinqian.com\/vi\/wp-json\/wp\/v2\/product_cat?post=1645"},{"taxonomy":"product_tag","embeddable":true,"href":"https:\/\/shop.yipinqian.com\/vi\/wp-json\/wp\/v2\/product_tag?post=1645"}],"curies":[{"name":"wp","href":"https:\/\/api.w.org\/{rel}","templated":true}]}}