{"id":1644,"date":"2024-10-24T23:21:03","date_gmt":"2024-10-24T15:21:03","guid":{"rendered":"https:\/\/shop.yipinqian.com\/product\/premium-icy-marquise-cabochon-13-3-7-2-4-mm-natural-type-a-jadeite-jade-set-on-18k-gold-as-ring-with-certificate-weigh-2-25-grams-finger-size-16-8mm-18kring17\/"},"modified":"2025-02-24T01:17:28","modified_gmt":"2025-02-23T17:17:28","slug":"premium-icy-marquise-cabochon-13-3-7-2-4-mm-natural-type-a-jadeite-jade-set-on-18k-gold-as-ring-with-certificate-weigh-2-25-grams-finger-size-16-8mm-18kring17","status":"publish","type":"product","link":"https:\/\/shop.yipinqian.com\/vi\/san-pham\/premium-icy-marquise-cabochon-13-3-7-2-4-mm-natural-type-a-jadeite-jade-set-on-18k-gold-as-ring-with-certificate-weigh-2-25-grams-finger-size-16-8mm-18kring17\/","title":{"rendered":"Nh\u1eabn ng\u1ecdc b\u00edch Icy Marquise cao c\u1ea5p 13,3 * 7,2 * 4 mm lo\u1ea1i A t\u1ef1 nhi\u00ean \u0111\u01b0\u1ee3c g\u1eafn tr\u00ean v\u00e0ng 18k c\u00f3 gi\u1ea5y ch\u1ee9ng nh\u1eadn n\u1eb7ng 2,25 gram, c\u1ee1 ng\u00f3n tay 16,8mm (18kring17)"},"content":{"rendered":"<p>T\u1eadn h\u01b0\u1edfng v\u1ebb \u0111\u1eb9p thanh l\u1ecbch c\u1ee7a Ng\u1ecdc b\u00edch t\u1ef1 nhi\u00ean lo\u1ea1i A v\u1edbi Chi\u1ebfc nh\u1eabn Cabochon Icy Marquise cao c\u1ea5p n\u00e0y, \u0111\u01b0\u1ee3c \u0111\u00ednh tr\u00ean V\u00e0ng 18k.<\/p>\n<p>\u00a0<\/p>\n<p><strong>S\u1ed1 ch\u1ee9ng ch\u1ec9: GD2203H013238<\/strong><\/p>\n<p><strong>V\u00e0ng 18k Tr\u1ecdng l\u01b0\u1ee3ng: 1,64 gram<\/strong><\/p>\n<p><strong>Jadeite Tr\u1ecdng l\u01b0\u1ee3ng: 0,61 gram<\/strong><\/p>\n<p><strong>Kim c\u01b0\u01a1ng: 0,005 * 2 = 0,01 carat<\/strong><\/p>\n<p><img fetchpriority=\"high\" decoding=\"async\" height=\"1080\" src=\"https:\/\/shop.yipinqian.com\/wp-content\/uploads\/2024\/10\/404e6c57c34d7258d77568e41af41355.jpg?from=476444299\" width=\"1080\"><\/p>\n<ul>\n<li>\n<strong>Jadeite t\u1ef1 nhi\u00ean lo\u1ea1i A:<\/strong> C\u00f3 m\u1ed9t s\u1ef1 tuy\u1ec7t \u0111\u1eb9p <strong>13,3 * 7,2 * 4mm<\/strong> Chi\u1ebfc nh\u1eabn n\u00e0y \u0111\u01b0\u1ee3c ch\u1ebf t\u00e1c theo d\u1ea1ng cabochon h\u00ecnh b\u1ea7u d\u1ee5c v\u1edbi s\u1eafc th\u00e1i b\u0103ng gi\u00e1 cao c\u1ea5p, t\u00f4n l\u00ean v\u1ebb \u0111\u1eb9p c\u1ee7a lo\u1ea1i ng\u1ecdc b\u00edch t\u1ef1 nhi\u00ean lo\u1ea1i A t\u1eeb Myanmar.<\/li>\n<li>\n<strong>Kim lo\u1ea1i qu\u00fd:<\/strong> Chi\u1ebfc nh\u1eabn \u0111\u01b0\u1ee3c \u0111\u00ednh tr\u00ean v\u00e0ng 18k ch\u1ea5t l\u01b0\u1ee3ng cao, b\u1ec1n b\u1ec9, t\u00f4n l\u00ean s\u1eafc th\u00e1i b\u0103ng gi\u00e1 c\u1ee7a \u0111\u00e1 ng\u1ecdc b\u00edch m\u1ed9t c\u00e1ch ho\u00e0n h\u1ea3o.<\/li>\n<li>\n<strong>Gi\u1ea5y ch\u1ee9ng nh\u1eadn:<\/strong> C\u00f3 k\u00e8m theo gi\u1ea5y ch\u1ee9ng nh\u1eadn \u0111\u1ea3m b\u1ea3o t\u00ednh x\u00e1c th\u1ef1c v\u00e0 ch\u1ea5t l\u01b0\u1ee3ng.<\/li>\n<\/ul>\n<p>Chi\u1ebfc nh\u1eabn tuy\u1ec7t \u0111\u1eb9p n\u00e0y ch\u1ec9 n\u1eb7ng kho\u1ea3ng <strong>2,25 gam<\/strong> v\u00e0 c\u00f3 k\u00edch th\u01b0\u1edbc ng\u00f3n tay l\u00e0<strong> 16,8mm<\/strong> (18kring17). Ho\u00e0n h\u1ea3o cho c\u00e1c bu\u1ed5i \u0111\u00ednh h\u00f4n ho\u1eb7c b\u1ea5t k\u1ef3 d\u1ecbp \u0111\u1eb7c bi\u1ec7t n\u00e0o, \u0111\u01b0\u1ee3c thi\u1ebft k\u1ebf d\u00e0nh cho nh\u1eefng ng\u01b0\u1eddi ph\u1ee5 n\u1eef coi tr\u1ecdng s\u1ef1 thanh l\u1ecbch v\u00e0 sang tr\u1ecdng v\u01b0\u1ee3t th\u1eddi gian.<\/p>\n<ul>\n<li>\n<strong>\u0110i\u1ec3m nh\u1ea5n kim c\u01b0\u01a1ng:<\/strong> C\u00f3 \u0111i\u1ec3m nh\u1ea5n l\u00e0 kim c\u01b0\u01a1ng l\u00e0m v\u1eadt li\u1ec7u ph\u1ee5 \u0111\u1ec3 t\u0103ng th\u00eam \u0111\u1ed9 l\u1ea5p l\u00e1nh cho t\u00e1c ph\u1ea9m v\u1ed1n \u0111\u00e3 quy\u1ebfn r\u0169 n\u00e0y (t\u00f9y ch\u1ecdn).<\/li>\n<\/ul>\n<p>N\u00e2ng t\u1ea7m b\u1ed9 s\u01b0u t\u1eadp trang s\u1ee9c c\u1ee7a b\u1ea1n v\u1edbi chi\u1ebfc nh\u1eabn ng\u1ecdc b\u00edch lo\u1ea1i A t\u1ef1 nhi\u00ean tuy\u1ec7t \u0111\u1eb9p \u0111\u01b0\u1ee3c g\u1eafn tr\u00ean kim lo\u1ea1i qu\u00fd n\u00e0y \u2013 m\u1ed9t m\u00f3n qu\u00e0 l\u00fd t\u01b0\u1edfng cho ng\u01b0\u1eddi \u0111\u1eb7c bi\u1ec7t ho\u1eb7c cho ch\u00ednh b\u1ea1n!<\/p>\n<p>\u00a0<\/p>\n<p>Yi Pin Qian \u2013 Nh\u00e0 bu\u00f4n \u0111\u00e1 qu\u00fd v\u00e0 kim lo\u1ea1i qu\u00fd t\u1ea1i Singapore \u2013 S\u1ed1 gi\u1ea5y ph\u00e9p PS20190000031<\/p>\n<p>\u00a0<\/p>\n<p>*T\u1ea5t c\u1ea3 c\u00e1c lo\u1ea1i Jadeite \u0111\u01b0\u1ee3c mua t\u1eeb Yi Pin Qian t\u1ea1i Singapore, kh\u00e1ch h\u00e0ng c\u00f3 th\u1ec3 \u0111\u1eb7t l\u1ecbch \u0111\u00e1nh b\u00f3ng ho\u1eb7c s\u1eeda ch\u1eefa nh\u1ecf do x\u1eed l\u00fd sai c\u00e1ch \u2013 c\u00f3 t\u00ednh ph\u00ed v\u00e0 ch\u1ec9 d\u00e0nh cho kh\u00e1ch h\u00e0ng c\u1ee7a Yi Pin Qian t\u1ea1i Singapore*<\/p>\n<p>\u00a0<\/p>\n<p><strong>**C\u00e1c lo\u1ea1i ch\u1ee9ng ch\u1ec9**<\/strong><\/p>\n<p>\u00a0<\/p>\n<p><strong>NGI (C\u00f4ng ty \u0110\u00e1 qu\u00fd Nan Yang)<\/strong><\/p>\n<p>ho\u1eb7c <strong>Ch\u1ee9ng ch\u1ec9 n\u01b0\u1edbc ngo\u00e0i <\/strong>(Yi Pin Qian ch\u1ec9 s\u1eed d\u1ee5ng c\u00e1c ch\u1ee9ng ch\u1ec9 x\u00e1c th\u1ef1c t\u1eeb c\u00e1c ph\u00f2ng th\u00ed nghi\u1ec7m \u1edf n\u01b0\u1edbc ngo\u00e0i v\u00e0 ki\u1ec3m so\u00e1t ch\u1ea5t l\u01b0\u1ee3ng m\u1ecdi s\u1ea3n ph\u1ea9m c\u1ee7a ch\u00fang t\u00f4i tr\u01b0\u1edbc khi \u0111\u01b0a ch\u00fang ra b\u00e1n t\u1ea1i Singapore)<\/p>\n<p>\u00a0<\/p>\n<p>M\u1ed7i s\u1ea3n ph\u1ea9m tr\u00ean TikTok s\u1ebd c\u00f3 lo\u1ea1i ch\u1ee9ng ch\u1ec9 \u0111\u01b0\u1ee3c cung c\u1ea5p \u0111\u01b0\u1ee3c n\u00eau trong ph\u1ea7n m\u00f4 t\u1ea3. \u0110\u1ed1i v\u1edbi b\u1ea5t k\u1ef3 kh\u00e1ch h\u00e0ng n\u00e0o mu\u1ed1n g\u1eedi \u0111\u01a1n h\u00e0ng c\u1ee7a m\u00ecnh \u0111\u1ebfn NGI Singapore, s\u1ebd c\u00f3 th\u1eddi gian ch\u1edd giao h\u00e0ng \u01b0\u1edbc t\u00ednh kho\u1ea3ng 4 tu\u1ea7n \u0111\u1ec3 nh\u1eadn \u0111\u01b0\u1ee3c \u0111\u01a1n h\u00e0ng c\u1ee7a b\u1ea1n. <strong>Y\u00eau c\u1ea7u b\u00e1o c\u00e1o v\u1ec1 NGI Gemstone c\u1ea7n \u0111\u01b0\u1ee3c th\u1ef1c hi\u1ec7n b\u1eb1ng c\u00e1ch nh\u1eafn tin \u0111\u1ebfn c\u1eeda h\u00e0ng TikTok Yi Pin Qian.<\/strong> C\u1ea3m \u01a1n, <strong><u>\u00e1p d\u1ee5ng th\u00eam ph\u00ed<\/u><\/strong>.<\/p>\n<p>\u00a0<\/p>\n<p><strong>Jadeite t\u1ef1 nhi\u00ean kh\u00f4ng ho\u00e0n h\u1ea3o, ch\u1ec9 l\u00e0 m\u1ed9t l\u1eddi nh\u1eafc nh\u1edf nh\u1eb9 nh\u00e0ng, Jadeite t\u1ef1 nhi\u00ean c\u1ee7a ch\u00fang t\u00f4i, gi\u1ed1ng nh\u01b0 t\u1ea5t c\u1ea3 nh\u1eefng th\u1ee9 \u0111\u1eb9p \u0111\u1ebd trong t\u1ef1 nhi\u00ean, c\u00f3 nh\u1eefng \u0111\u1eb7c \u0111i\u1ec3m v\u00e0 bi\u1ebfn th\u1ec3 \u0111\u1ed9c \u0111\u00e1o. Ch\u00fang t\u00f4i m\u1eddi nh\u1eefng kh\u00e1ch h\u00e0ng c\u00f3 gi\u00e1 tr\u1ecb c\u1ee7a m\u00ecnh \u0111\u00f3n nh\u1eadn nh\u1eefng bi\u1ebfn th\u1ec3 t\u1ef1 nhi\u00ean n\u00e0y. Ch\u00fac b\u1ea1n mua s\u1eafm vui v\u1ebb!<\/strong><\/p>\n<p>\u00a0<\/p>\n<p><strong><u>Kh\u00f4ng c\u00f3 h\u00ecnh \u1ea3nh v\u00e0 c\u1ea3nh quay video n\u00e0o \u0111\u01b0\u1ee3c l\u1ecdc. Ch\u00fang t\u00f4i khuy\u1ebfn kh\u00edch kh\u00e1ch h\u00e0ng c\u1ee7a m\u00ecnh c\u0169ng xem c\u00e1c video \u0111i k\u00e8m \u0111\u1ec3 c\u00f3 c\u00e1i nh\u00ecn to\u00e0n di\u1ec7n h\u01a1n v\u1ec1 s\u1ea3n ph\u1ea9m c\u1ee7a ch\u00fang t\u00f4i<\/u><\/strong><\/p>","protected":false},"excerpt":{"rendered":"<p>H\u00e3y \u0111\u1eafm m\u00ecnh trong s\u1ef1 thanh l\u1ecbch c\u1ee7a Jadeite Jade lo\u1ea1i A t\u1ef1 nhi\u00ean v\u1edbi chi\u1ebfc nh\u1eabn Cabochon Icy Marquise cao c\u1ea5p n\u00e0y, \u0111\u01b0\u1ee3c \u0111\u00ednh tr\u00ean v\u00e0ng 18k. S\u1ed1 ch\u1ee9ng ch\u1ec9: GD2203H013238 Tr\u1ecdng l\u01b0\u1ee3ng v\u00e0ng 18k: 1,64 gram Tr\u1ecdng l\u01b0\u1ee3ng Jadeite: 0,61 gram Kim c\u01b0\u01a1ng: 0,005 * 2 = 0,01 carat Jadeite lo\u1ea1i A t\u1ef1 nhi\u00ean: C\u00f3 vi\u00ean marquise tuy\u1ec7t \u0111\u1eb9p 13,3 * 7,2 * 4 mm [\u2026]<\/p>","protected":false},"featured_media":6704,"comment_status":"open","ping_status":"closed","template":"","meta":[],"product_brand":[],"product_cat":[195],"product_tag":[],"class_list":{"0":"post-1644","1":"product","2":"type-product","3":"status-publish","4":"has-post-thumbnail","6":"product_cat-heirloom-grade","8":"first","9":"instock","10":"sale","11":"shipping-taxable","12":"purchasable","13":"product-type-simple"},"_links":{"self":[{"href":"https:\/\/shop.yipinqian.com\/vi\/wp-json\/wp\/v2\/product\/1644","targetHints":{"allow":["GET"]}}],"collection":[{"href":"https:\/\/shop.yipinqian.com\/vi\/wp-json\/wp\/v2\/product"}],"about":[{"href":"https:\/\/shop.yipinqian.com\/vi\/wp-json\/wp\/v2\/types\/product"}],"replies":[{"embeddable":true,"href":"https:\/\/shop.yipinqian.com\/vi\/wp-json\/wp\/v2\/comments?post=1644"}],"version-history":[{"count":0,"href":"https:\/\/shop.yipinqian.com\/vi\/wp-json\/wp\/v2\/product\/1644\/revisions"}],"wp:featuredmedia":[{"embeddable":true,"href":"https:\/\/shop.yipinqian.com\/vi\/wp-json\/wp\/v2\/media\/6704"}],"wp:attachment":[{"href":"https:\/\/shop.yipinqian.com\/vi\/wp-json\/wp\/v2\/media?parent=1644"}],"wp:term":[{"taxonomy":"product_brand","embeddable":true,"href":"https:\/\/shop.yipinqian.com\/vi\/wp-json\/wp\/v2\/product_brand?post=1644"},{"taxonomy":"product_cat","embeddable":true,"href":"https:\/\/shop.yipinqian.com\/vi\/wp-json\/wp\/v2\/product_cat?post=1644"},{"taxonomy":"product_tag","embeddable":true,"href":"https:\/\/shop.yipinqian.com\/vi\/wp-json\/wp\/v2\/product_tag?post=1644"}],"curies":[{"name":"wp","href":"https:\/\/api.w.org\/{rel}","templated":true}]}}