{"id":1643,"date":"2024-10-24T23:21:03","date_gmt":"2024-10-24T15:21:03","guid":{"rendered":"https:\/\/shop.yipinqian.com\/product\/premium-icy-good-translucency-green-hue-natural-type-a-jadeite-pendant-necklace-crafted-as-buddha-with-certificate-weigh-8-65-grams-42-5-23-8-5-8-mm-collectible-jadeite-suitable-for-daily-wear\/"},"modified":"2025-02-17T00:04:09","modified_gmt":"2025-02-16T16:04:09","slug":"premium-icy-good-translucency-green-hue-natural-type-a-jadeite-pendant-necklace-crafted-as-buddha-with-certificate-weigh-8-65-grams-42-5-23-8-5-8-mm-collectible-jadeite-suitable-for-daily-wear","status":"publish","type":"product","link":"https:\/\/shop.yipinqian.com\/vi\/san-pham\/premium-icy-good-translucency-green-hue-natural-type-a-jadeite-pendant-necklace-crafted-as-buddha-with-certificate-weigh-8-65-grams-42-5-23-8-5-8-mm-collectible-jadeite-suitable-for-daily-wear\/","title":{"rendered":"D\u00e2y chuy\u1ec1n m\u1eb7t \u0111\u00e1 Jadeite lo\u1ea1i A trong su\u1ed1t m\u00e0u xanh l\u00e1 c\u00e2y t\u1ef1 nhi\u00ean cao c\u1ea5p \u0111\u01b0\u1ee3c ch\u1ebf t\u00e1c theo h\u00ecnh \u0110\u1ee9c Ph\u1eadt k\u00e8m theo gi\u1ea5y ch\u1ee9ng nh\u1eadn n\u1eb7ng 8,65 gram, 42,5 * 23,8 * 5,8 mm, \u0111\u00e1 Jadeite s\u01b0u t\u1ea7m th\u00edch h\u1ee3p \u0111\u1ec3 \u0111eo h\u00e0ng ng\u00e0y"},"content":{"rendered":"<p>N\u00e2ng t\u1ea7m phong c\u00e1ch h\u00e0ng ng\u00e0y c\u1ee7a b\u1ea1n v\u1edbi M\u1eb7t d\u00e2y chuy\u1ec1n b\u1eb1ng ng\u1ecdc b\u00edch lo\u1ea1i A trong su\u1ed1t Icy Good Green Hue Natural Jadeite cao c\u1ea5p \u0111\u01b0\u1ee3c ch\u1ebf t\u00e1c theo h\u00ecnh \u1ea3nh \u0110\u1ee9c Ph\u1eadt.<\/p>\n<ul>\n<li>Jadeite lo\u1ea1i A t\u1eeb Myanmar<\/li>\n<li>N\u1eb7ng 8,65 gram<\/li>\n<li>K\u00edch th\u01b0\u1edbc: 42,5 * 23,8 *5 .8 mm<\/li>\n<li>Bao g\u1ed3m gi\u1ea5y ch\u1ee9ng nh\u1eadn x\u00e1c th\u1ef1c<\/li>\n<\/ul>\n<p><strong>S\u1ed1 ch\u1ee9ng ch\u1ec9: GD2112H014707<\/strong><\/p>\n<p><img fetchpriority=\"high\" decoding=\"async\" height=\"1080\" src=\"https:\/\/shop.yipinqian.com\/wp-content\/uploads\/2024\/10\/fbf832053a017b01b4f5c6d6ef02b909.jpg?from=476444299\" width=\"1080\"><\/p>\n<ul>\n<li>Ph\u00f9 h\u1ee3p \u0111\u1ec3 \u0111eo h\u00e0ng ng\u00e0y v\u1edbi thi\u1ebft k\u1ebf v\u00f2ng c\u1ed5 theo phong c\u00e1ch gi\u1ea3n d\u1ecb<\/li>\n<\/ul>\n<p>Lo\u1ea1i ng\u1ecdc b\u00edch s\u01b0u t\u1ea7m n\u00e0y c\u00f3 \u0111\u1ed9 trong su\u1ed1t tuy\u1ec7t v\u1eddi v\u00e0 m\u00e0u xanh l\u00e1 c\u00e2y t\u01b0\u1ee3ng tr\u01b0ng cho s\u1ef1 b\u00ecnh y\u00ean v\u00e0 thanh th\u1ea3n, l\u00e0 ph\u1ee5 ki\u1ec7n ho\u00e0n h\u1ea3o cho m\u1ecdi d\u1ecbp.<\/p>\n<ul>\n<li><strong>Thu\u1ed9c t\u00ednh s\u1ea3n ph\u1ea9m:<\/strong><\/li>\n<li>\n<strong>Gi\u1ea5y ch\u1ee9ng nh\u1eadn:<\/strong> \u0110\u00fang<\/li>\n<li>\n<strong>N\u01b0\u1edbc xu\u1ea5t x\u1ee9:<\/strong>:Myanmar<\/li>\n<li><strong>Nh\u00e2n d\u1ecbp: H\u00e0ng ng\u00e0y<\/strong><\/li>\n<li>\n<strong>Lo\u1ea1i b\u1ea3o h\u00e0nh:<\/strong>: KH\u00d4NG<\/li>\n<li>\n<strong>Gi\u1edbi t\u00ednh:<\/strong>: D\u00e0nh cho c\u1ea3 nam v\u00e0 n\u1eef<\/li>\n<li>\n<strong>Lo\u1ea1i ng\u1ecdc b\u00edch: <\/strong>Ng\u1ecdc b\u00edch.<\/li>\n<\/ul>","protected":false},"excerpt":{"rendered":"<p>N\u00e2ng t\u1ea7m phong c\u00e1ch m\u1eb7c h\u00e0ng ng\u00e0y c\u1ee7a b\u1ea1n v\u1edbi D\u00e2y chuy\u1ec1n m\u1eb7t ng\u1ecdc b\u00edch lo\u1ea1i A t\u1ef1 nhi\u00ean Icy Good Translucency Green Hue cao c\u1ea5p \u0111\u01b0\u1ee3c ch\u1ebf t\u00e1c theo h\u00ecnh \u1ea3nh \u0110\u1ee9c Ph\u1eadt. Ng\u1ecdc b\u00edch lo\u1ea1i A t\u1eeb Myanmar N\u1eb7ng 8,65 gam K\u00edch th\u01b0\u1edbc: 42,5 * 23,8 * 5,8 mm C\u00f3 k\u00e8m theo gi\u1ea5y ch\u1ee9ng nh\u1eadn x\u00e1c th\u1ef1c S\u1ed1 ch\u1ee9ng nh\u1eadn: GD2112H014707 Th\u00edch h\u1ee3p \u0111\u1ec3 \u0111eo h\u00e0ng ng\u00e0y v\u1edbi thi\u1ebft k\u1ebf d\u00e2y chuy\u1ec1n theo phong c\u00e1ch gi\u1ea3n d\u1ecb B\u1ed9 s\u01b0u t\u1eadp n\u00e0y [\u2026]<\/p>","protected":false},"featured_media":6694,"comment_status":"open","ping_status":"closed","template":"","meta":[],"product_brand":[],"product_cat":[48],"product_tag":[],"class_list":{"0":"post-1643","1":"product","2":"type-product","3":"status-publish","4":"has-post-thumbnail","6":"product_cat-pendants","8":"first","9":"instock","10":"sale","11":"shipping-taxable","12":"purchasable","13":"product-type-simple"},"_links":{"self":[{"href":"https:\/\/shop.yipinqian.com\/vi\/wp-json\/wp\/v2\/product\/1643","targetHints":{"allow":["GET"]}}],"collection":[{"href":"https:\/\/shop.yipinqian.com\/vi\/wp-json\/wp\/v2\/product"}],"about":[{"href":"https:\/\/shop.yipinqian.com\/vi\/wp-json\/wp\/v2\/types\/product"}],"replies":[{"embeddable":true,"href":"https:\/\/shop.yipinqian.com\/vi\/wp-json\/wp\/v2\/comments?post=1643"}],"version-history":[{"count":0,"href":"https:\/\/shop.yipinqian.com\/vi\/wp-json\/wp\/v2\/product\/1643\/revisions"}],"wp:featuredmedia":[{"embeddable":true,"href":"https:\/\/shop.yipinqian.com\/vi\/wp-json\/wp\/v2\/media\/6694"}],"wp:attachment":[{"href":"https:\/\/shop.yipinqian.com\/vi\/wp-json\/wp\/v2\/media?parent=1643"}],"wp:term":[{"taxonomy":"product_brand","embeddable":true,"href":"https:\/\/shop.yipinqian.com\/vi\/wp-json\/wp\/v2\/product_brand?post=1643"},{"taxonomy":"product_cat","embeddable":true,"href":"https:\/\/shop.yipinqian.com\/vi\/wp-json\/wp\/v2\/product_cat?post=1643"},{"taxonomy":"product_tag","embeddable":true,"href":"https:\/\/shop.yipinqian.com\/vi\/wp-json\/wp\/v2\/product_tag?post=1643"}],"curies":[{"name":"wp","href":"https:\/\/api.w.org\/{rel}","templated":true}]}}