{"id":1635,"date":"2024-10-24T23:20:58","date_gmt":"2024-10-24T15:20:58","guid":{"rendered":"https:\/\/shop.yipinqian.com\/product\/premium-g18k-setting-with-natural-type-a-jadeite-cabochon-and-diamonds-ring-finger-size-17mm-certificate-included-weigh-5-46-grams-18kring4\/"},"modified":"2025-02-24T01:17:28","modified_gmt":"2025-02-23T17:17:28","slug":"premium-g18k-setting-with-natural-type-a-jadeite-cabochon-and-diamonds-ring-finger-size-17mm-certificate-included-weigh-5-46-grams-18kring4","status":"publish","type":"product","link":"https:\/\/shop.yipinqian.com\/vi\/san-pham\/premium-g18k-setting-with-natural-type-a-jadeite-cabochon-and-diamonds-ring-finger-size-17mm-certificate-included-weigh-5-46-grams-18kring4\/","title":{"rendered":"Khung G18K cao c\u1ea5p v\u1edbi Cabochon Jadeite lo\u1ea1i A t\u1ef1 nhi\u00ean v\u00e0 kim c\u01b0\u01a1ng, K\u00edch th\u01b0\u1edbc ng\u00f3n \u0111eo nh\u1eabn 17mm, Gi\u1ea5y ch\u1ee9ng nh\u1eadn k\u00e8m theo n\u1eb7ng 5,46 gram (18kring4)"},"content":{"rendered":"<article class=\"lzd-article\">\n<p style=\"line-height:1.7;text-align:left;text-indent:0;margin-left:0;margin-top:0;margin-bottom:0\"><span>Chi\u1ebfc nh\u1eabn G18K cao c\u1ea5p n\u00e0y c\u00f3 vi\u00ean ng\u1ecdc b\u00edch lo\u1ea1i A t\u1ef1 nhi\u00ean tuy\u1ec7t \u0111\u1eb9p v\u00e0 nh\u1eefng vi\u00ean kim c\u01b0\u01a1ng l\u1ea5p l\u00e1nh, l\u00e0 ph\u1ee5 ki\u1ec7n ho\u00e0n h\u1ea3o \u0111\u1ec3 \u0111eo h\u00e0ng ng\u00e0y.<\/span><\/p>\n<ul>\n<li>\n<div style=\"line-height:1.7;text-align:left;text-indent:0\"><span>Thi\u1ebft k\u1ebf tinh t\u1ebf: Khung G18K v\u00e0 \u0111\u00e1 ng\u1ecdc b\u00edch t\u1ef1 nhi\u00ean cabochon \u0111\u01b0\u1ee3c ch\u1ebf t\u00e1c kh\u00e9o l\u00e9o \u0111\u1ec3 t\u1ea1o n\u00ean m\u1ed9t t\u00e1c ph\u1ea9m \u0111\u1eb9p m\u1eaft, \u0111\u1ed9c nh\u1ea5t v\u00f4 nh\u1ecb.<\/span><\/div>\n<\/li>\n<li>\n<div style=\"line-height:1.7;text-align:left;text-indent:0\"><span>Kim c\u01b0\u01a1ng l\u1ea5p l\u00e1nh: Kim c\u01b0\u01a1ng mang \u0111\u1ebfn n\u00e9t thanh l\u1ecbch, t\u00f4n l\u00ean v\u1ebb \u0111\u1eb9p c\u1ee7a b\u1ea5t k\u1ef3 trang ph\u1ee5c n\u00e0o.<\/span><\/div>\n<\/li>\n<\/ul>\n<p style=\"line-height:1.7;text-align:left;text-indent:0;margin-left:0;margin-top:0;margin-bottom:0\"><span style=\"font-weight:bold\">Kim c\u01b0\u01a1ng:<\/span><span> 51 * 0,003 = 0,153 carat<\/span><\/p>\n<p style=\"line-height:1.7;text-align:left;text-indent:0;margin-left:0;margin-top:0;margin-bottom:0\"><span style=\"font-weight:bold\">K\u00edch th\u01b0\u1edbc Cabochon:<\/span><span> 16.1 * <\/span><span style=\"font-style:italic\">14 *<\/span><span> 6.8<\/span><\/p>\n<p style=\"line-height:1.7;text-align:left;text-indent:0;margin-left:0;margin-top:0;margin-bottom:0\"><span style=\"font-weight:bold\">Tr\u1ecdng l\u01b0\u1ee3ng G18K c\u00f3 kim c\u01b0\u01a1ng:<\/span><span> 2,46 gam<\/span><\/p>\n<p style=\"line-height:1.7;text-align:left;text-indent:0;margin-left:0;margin-top:0;margin-bottom:0\"><span><\/span><\/p>\n<p style=\"line-height:1.7;text-align:left;text-indent:0;margin-left:0;margin-top:0;margin-bottom:0\"><span>S\u1ed1 ch\u1ee9ng ch\u1ec9: ZS221204052<br \/>\n\u00a0<\/span><\/p>\n<p style=\"line-height:1.7;text-align:left;text-indent:0;margin-left:0;margin-top:0;margin-bottom:0\"><span><\/span><img decoding=\"async\" src=\"https:\/\/shop.yipinqian.com\/wp-content\/uploads\/2024\/10\/4e6c63204a1daba5f4499f48d262cf16.jpg?from=476444299\" style=\"width:1080;height:1080;vertical-align:middle\"><span><\/span><\/p>\n<ul>\n<li>\n<div style=\"line-height:1.7;text-align:left;text-indent:0\"><span>Gi\u1ea5y ch\u1ee9ng nh\u1eadn \u0111i k\u00e8m: Chi\u1ebfc nh\u1eabn n\u00e0y \u0111i k\u00e8m v\u1edbi m\u1ed9t gi\u1ea5y ch\u1ee9ng nh\u1eadn \u0111\u1ea3m b\u1ea3o t\u00ednh x\u00e1c th\u1ef1c c\u1ee7a vi\u00ean ng\u1ecdc b\u00edch cabochon lo\u1ea1i A t\u1ef1 nhi\u00ean.<\/span><\/div>\n<\/li>\n<\/ul>\n<p style=\"line-height:1.7;text-align:left;text-indent:0;margin-left:0;margin-top:0;margin-bottom:0\"><span>V\u1edbi tr\u1ecdng l\u01b0\u1ee3ng 5,46 gram v\u00e0 v\u1eeba v\u1eb7n tho\u1ea3i m\u00e1i v\u1edbi ng\u00f3n tay c\u00f3 k\u00edch th\u01b0\u1edbc 17mm, chi\u1ebfc nh\u1eabn n\u00e0y ho\u00e0n h\u1ea3o cho b\u1ea5t k\u1ef3 ph\u1ee5 n\u1eef n\u00e0o y\u00eau th\u00edch \u0111\u1ed3 trang s\u1ee9c \u0111\u1ed9c \u0111\u00e1o. Ngu\u1ed3n g\u1ed1c t\u1eeb Myanmar c\u0169ng l\u00e0m t\u0103ng th\u00eam s\u1ee9c h\u1ea5p d\u1eabn c\u1ee7a n\u00f3 nh\u01b0 m\u1ed9t m\u00f3n \u0111\u1ed3 k\u1ef3 l\u1ea1 ch\u1eafc ch\u1eafn s\u1ebd n\u1ed5i b\u1eadt trong b\u1ea5t k\u1ef3 b\u1ed9 s\u01b0u t\u1eadp n\u00e0o.<\/span><\/p>\n<p style=\"line-height:1.7;text-align:left;text-indent:0;margin-left:0;margin-top:0;margin-bottom:0\"><span>Xin l\u01b0u \u00fd r\u1eb1ng s\u1ea3n ph\u1ea9m n\u00e0y kh\u00f4ng \u0111\u01b0\u1ee3c b\u1ea3o h\u00e0nh.<\/span><\/p>\n<p style=\"line-height:1.7;text-align:left;text-indent:0;margin-left:0;margin-top:0;margin-bottom:0\"><span>\u00a0<\/span><\/p>\n<p style=\"line-height:1.7;text-align:left;text-indent:0;margin-left:0;margin-top:0;margin-bottom:0\"><span>Yi Pin Qian \u2013 Nh\u00e0 bu\u00f4n \u0111\u00e1 qu\u00fd v\u00e0 kim lo\u1ea1i qu\u00fd t\u1ea1i Singapore \u2013 S\u1ed1 gi\u1ea5y ph\u00e9p PS20190000031<\/span><\/p>\n<p style=\"line-height:1.7;text-align:left;text-indent:0;margin-left:0;margin-top:0;margin-bottom:0\"><span>\u00a0<\/span><\/p>\n<p style=\"line-height:1.7;text-align:left;text-indent:0;margin-left:0;margin-top:0;margin-bottom:0\"><span>*T\u1ea5t c\u1ea3 c\u00e1c lo\u1ea1i Jadeite \u0111\u01b0\u1ee3c mua t\u1eeb Yi Pin Qian t\u1ea1i Singapore, kh\u00e1ch h\u00e0ng c\u00f3 th\u1ec3 \u0111\u1eb7t l\u1ecbch \u0111\u00e1nh b\u00f3ng ho\u1eb7c s\u1eeda ch\u1eefa nh\u1ecf do x\u1eed l\u00fd sai c\u00e1ch \u2013 c\u00f3 t\u00ednh ph\u00ed v\u00e0 ch\u1ec9 d\u00e0nh cho kh\u00e1ch h\u00e0ng c\u1ee7a Yi Pin Qian t\u1ea1i Singapore*<\/span><\/p>\n<p style=\"line-height:1.7;text-align:left;text-indent:0;margin-left:0;margin-top:0;margin-bottom:0\"><span>\u00a0<\/span><\/p>\n<p style=\"line-height:1.7;text-align:left;text-indent:0;margin-left:0;margin-top:0;margin-bottom:0\"><span style=\"font-weight:bold\">**C\u00e1c lo\u1ea1i ch\u1ee9ng ch\u1ec9**<\/span><\/p>\n<p style=\"line-height:1.7;text-align:left;text-indent:0;margin-left:0;margin-top:0;margin-bottom:0\"><span>\u00a0<\/span><\/p>\n<p style=\"line-height:1.7;text-align:left;text-indent:0;margin-left:0;margin-top:0;margin-bottom:0\"><span style=\"font-weight:bold\">NGI (C\u00f4ng ty \u0110\u00e1 qu\u00fd Nan Yang)<\/span><\/p>\n<p style=\"line-height:1.7;text-align:left;text-indent:0;margin-left:0;margin-top:0;margin-bottom:0\"><span>ho\u1eb7c <\/span><span style=\"font-weight:bold\">Ch\u1ee9ng ch\u1ec9 n\u01b0\u1edbc ngo\u00e0i <\/span><span>(Yi Pin Qian ch\u1ec9 s\u1eed d\u1ee5ng c\u00e1c ch\u1ee9ng ch\u1ec9 x\u00e1c th\u1ef1c t\u1eeb c\u00e1c ph\u00f2ng th\u00ed nghi\u1ec7m \u1edf n\u01b0\u1edbc ngo\u00e0i v\u00e0 ki\u1ec3m so\u00e1t ch\u1ea5t l\u01b0\u1ee3ng m\u1ecdi s\u1ea3n ph\u1ea9m c\u1ee7a ch\u00fang t\u00f4i tr\u01b0\u1edbc khi \u0111\u01b0a ch\u00fang ra b\u00e1n t\u1ea1i Singapore)<\/span><\/p>\n<p style=\"line-height:1.7;text-align:left;text-indent:0;margin-left:0;margin-top:0;margin-bottom:0\"><span>\u00a0<\/span><\/p>\n<p style=\"line-height:1.7;text-align:left;text-indent:0;margin-left:0;margin-top:0;margin-bottom:0\"><span>M\u1ed7i s\u1ea3n ph\u1ea9m tr\u00ean TikTok s\u1ebd c\u00f3 lo\u1ea1i ch\u1ee9ng ch\u1ec9 \u0111\u01b0\u1ee3c cung c\u1ea5p \u0111\u01b0\u1ee3c n\u00eau trong ph\u1ea7n m\u00f4 t\u1ea3. \u0110\u1ed1i v\u1edbi b\u1ea5t k\u1ef3 kh\u00e1ch h\u00e0ng n\u00e0o mu\u1ed1n g\u1eedi \u0111\u01a1n h\u00e0ng c\u1ee7a m\u00ecnh \u0111\u1ebfn NGI Singapore, s\u1ebd c\u00f3 th\u1eddi gian ch\u1edd giao h\u00e0ng \u01b0\u1edbc t\u00ednh kho\u1ea3ng 4 tu\u1ea7n \u0111\u1ec3 nh\u1eadn \u0111\u01b0\u1ee3c \u0111\u01a1n h\u00e0ng c\u1ee7a b\u1ea1n. <\/span><span style=\"font-weight:bold\">Y\u00eau c\u1ea7u b\u00e1o c\u00e1o v\u1ec1 NGI Gemstone c\u1ea7n \u0111\u01b0\u1ee3c th\u1ef1c hi\u1ec7n b\u1eb1ng c\u00e1ch nh\u1eafn tin \u0111\u1ebfn c\u1eeda h\u00e0ng TikTok Yi Pin Qian.<\/span><span> C\u1ea3m \u01a1n, <\/span><span style=\"font-weight:bold;text-decoration:underline\">\u00e1p d\u1ee5ng th\u00eam ph\u00ed<\/span><span>.<\/span><\/p>\n<p style=\"line-height:1.7;text-align:left;text-indent:0;margin-left:0;margin-top:0;margin-bottom:0\"><span>\u00a0<\/span><\/p>\n<p style=\"line-height:1.7;text-align:left;text-indent:0;margin-left:0;margin-top:0;margin-bottom:0\"><span style=\"font-weight:bold\">Jadeite t\u1ef1 nhi\u00ean kh\u00f4ng ho\u00e0n h\u1ea3o, ch\u1ec9 l\u00e0 m\u1ed9t l\u1eddi nh\u1eafc nh\u1edf nh\u1eb9 nh\u00e0ng, Jadeite t\u1ef1 nhi\u00ean c\u1ee7a ch\u00fang t\u00f4i, gi\u1ed1ng nh\u01b0 t\u1ea5t c\u1ea3 nh\u1eefng th\u1ee9 \u0111\u1eb9p \u0111\u1ebd trong t\u1ef1 nhi\u00ean, c\u00f3 nh\u1eefng \u0111\u1eb7c \u0111i\u1ec3m v\u00e0 bi\u1ebfn th\u1ec3 \u0111\u1ed9c \u0111\u00e1o. Ch\u00fang t\u00f4i m\u1eddi nh\u1eefng kh\u00e1ch h\u00e0ng c\u00f3 gi\u00e1 tr\u1ecb c\u1ee7a m\u00ecnh \u0111\u00f3n nh\u1eadn nh\u1eefng bi\u1ebfn th\u1ec3 t\u1ef1 nhi\u00ean n\u00e0y. Ch\u00fac b\u1ea1n mua s\u1eafm vui v\u1ebb!<\/span><\/p>\n<p style=\"line-height:1.7;text-align:left;text-indent:0;margin-left:0;margin-top:0;margin-bottom:0\"><span>\u00a0<\/span><\/p>\n<p style=\"line-height:1.7;text-align:left;text-indent:0;margin-left:0;margin-top:0;margin-bottom:0\"><span style=\"font-weight:bold;text-decoration:underline\">Kh\u00f4ng c\u00f3 h\u00ecnh \u1ea3nh v\u00e0 c\u1ea3nh quay video n\u00e0o \u0111\u01b0\u1ee3c l\u1ecdc. Ch\u00fang t\u00f4i khuy\u1ebfn kh\u00edch kh\u00e1ch h\u00e0ng c\u1ee7a m\u00ecnh c\u0169ng xem c\u00e1c video \u0111i k\u00e8m \u0111\u1ec3 c\u00f3 c\u00e1i nh\u00ecn to\u00e0n di\u1ec7n h\u01a1n v\u1ec1 s\u1ea3n ph\u1ea9m c\u1ee7a ch\u00fang t\u00f4i<\/span><\/p>\n<\/article>","protected":false},"excerpt":{"rendered":"<p>This premium G18K ring features a stunning natural Type A jadeite cabochon and sparkling diamonds, making it the perfect accessory for daily wear. Exquisite Design: The G18K setting and natural jadeite cabochon are expertly crafted for a beautiful, one-of-a-kind piece. Sparkling Diamonds: The diamonds provide an extra touch of elegance that will complement any outfit. [&hellip;]<\/p>","protected":false},"featured_media":6611,"comment_status":"open","ping_status":"closed","template":"","meta":[],"product_brand":[],"product_cat":[195],"product_tag":[],"class_list":{"0":"post-1635","1":"product","2":"type-product","3":"status-publish","4":"has-post-thumbnail","6":"product_cat-heirloom-grade","8":"first","9":"instock","10":"sale","11":"shipping-taxable","12":"purchasable","13":"product-type-simple"},"_links":{"self":[{"href":"https:\/\/shop.yipinqian.com\/vi\/wp-json\/wp\/v2\/product\/1635","targetHints":{"allow":["GET"]}}],"collection":[{"href":"https:\/\/shop.yipinqian.com\/vi\/wp-json\/wp\/v2\/product"}],"about":[{"href":"https:\/\/shop.yipinqian.com\/vi\/wp-json\/wp\/v2\/types\/product"}],"replies":[{"embeddable":true,"href":"https:\/\/shop.yipinqian.com\/vi\/wp-json\/wp\/v2\/comments?post=1635"}],"version-history":[{"count":0,"href":"https:\/\/shop.yipinqian.com\/vi\/wp-json\/wp\/v2\/product\/1635\/revisions"}],"wp:featuredmedia":[{"embeddable":true,"href":"https:\/\/shop.yipinqian.com\/vi\/wp-json\/wp\/v2\/media\/6611"}],"wp:attachment":[{"href":"https:\/\/shop.yipinqian.com\/vi\/wp-json\/wp\/v2\/media?parent=1635"}],"wp:term":[{"taxonomy":"product_brand","embeddable":true,"href":"https:\/\/shop.yipinqian.com\/vi\/wp-json\/wp\/v2\/product_brand?post=1635"},{"taxonomy":"product_cat","embeddable":true,"href":"https:\/\/shop.yipinqian.com\/vi\/wp-json\/wp\/v2\/product_cat?post=1635"},{"taxonomy":"product_tag","embeddable":true,"href":"https:\/\/shop.yipinqian.com\/vi\/wp-json\/wp\/v2\/product_tag?post=1635"}],"curies":[{"name":"wp","href":"https:\/\/api.w.org\/{rel}","templated":true}]}}