{"id":1628,"date":"2024-10-24T23:20:54","date_gmt":"2024-10-24T15:20:54","guid":{"rendered":"https:\/\/shop.yipinqian.com\/product\/old-school-light-green-natural-type-a-jadeite-jade-pendant-necklace-crafted-as-guanyin-with-certificate-weigh-33-21-grams-measurement-66-42-7-6-8-mm-pendant188\/"},"modified":"2025-02-17T00:04:08","modified_gmt":"2025-02-16T16:04:08","slug":"old-school-light-green-natural-type-a-jadeite-jade-pendant-necklace-crafted-as-guanyin-with-certificate-weigh-33-21-grams-measurement-66-42-7-6-8-mm-pendant188","status":"publish","type":"product","link":"https:\/\/shop.yipinqian.com\/vi\/san-pham\/old-school-light-green-natural-type-a-jadeite-jade-pendant-necklace-crafted-as-guanyin-with-certificate-weigh-33-21-grams-measurement-66-42-7-6-8-mm-pendant188\/","title":{"rendered":"D\u00e2y chuy\u1ec1n m\u1eb7t d\u00e2y chuy\u1ec1n b\u1eb1ng ng\u1ecdc b\u00edch t\u1ef1 nhi\u00ean m\u00e0u xanh l\u00e1 c\u00e2y nh\u1ea1t lo\u1ea1i A c\u1ed5 \u0111i\u1ec3n \u0111\u01b0\u1ee3c ch\u1ebf t\u00e1c th\u00e0nh h\u00ecnh t\u01b0\u1ee3ng Quan \u00c2m k\u00e8m gi\u1ea5y ch\u1ee9ng nh\u1eadn n\u1eb7ng 33,21 gram, k\u00edch th\u01b0\u1edbc 66 * 42,7 * 6,8 mm (m\u1eb7t d\u00e2y chuy\u1ec1n188)"},"content":{"rendered":"<p>M\u1eb7t d\u00e2y chuy\u1ec1n ng\u1ecdc b\u00edch t\u1ef1 nhi\u00ean m\u00e0u xanh l\u00e1 c\u00e2y nh\u1ea1t c\u1ed5 \u0111i\u1ec3n n\u00e0y l\u00e0 v\u1eadt ph\u1ea9m kh\u00f4ng th\u1ec3 thi\u1ebfu \u0111\u1ed1i v\u1edbi b\u1ea5t k\u1ef3 ai y\u00eau th\u00edch \u0111\u1ed3 trang s\u1ee9c tinh x\u1ea3o. M\u1eb7t d\u00e2y chuy\u1ec1n \u0111\u01b0\u1ee3c ch\u1ebf t\u00e1c c\u1ea9n th\u1eadn theo h\u00ecnh t\u01b0\u1ee3ng Quan \u00c2m, t\u1ea1o n\u00ean m\u1ed9t t\u00e1c ph\u1ea9m \u0111\u1eb9p v\u00e0 \u00fd ngh\u0129a.<\/p>\n<p><\/p>\n<p><strong>S\u1ed1 ch\u1ee9ng ch\u1ec9: 920460008861<\/strong><\/p>\n<ul>\n<li>\n<strong>Jadeite t\u1ef1 nhi\u00ean lo\u1ea1i A:<\/strong> M\u1eb7t d\u00e2y chuy\u1ec1n n\u00e0y \u0111\u01b0\u1ee3c l\u00e0m t\u1eeb \u0111\u00e1 ng\u1ecdc b\u00edch lo\u1ea1i A t\u1ef1 nhi\u00ean, mang l\u1ea1i \u0111\u1ed9 b\u1ec1n v\u00e0 v\u1ebb \u0111\u1eb9p \u0111\u00e1ng kinh ng\u1ea1c.<\/li>\n<li>\n<strong>C\u00f3 ch\u1ee9ng ch\u1ec9:<\/strong> B\u1ea1n c\u00f3 th\u1ec3 tin t\u01b0\u1edfng v\u00e0o ch\u1ea5t l\u01b0\u1ee3ng c\u1ee7a chi\u1ebfc v\u00f2ng c\u1ed5 n\u00e0y v\u00ec n\u00f3 c\u00f3 k\u00e8m theo gi\u1ea5y ch\u1ee9ng nh\u1eadn ch\u1ee9ng minh t\u00ednh x\u00e1c th\u1ef1c.<\/li>\n<li>\n<strong>Ki\u1ec3u v\u00f2ng c\u1ed5 th\u01b0\u1eddng ng\u00e0y:<\/strong> Chi\u1ebfc v\u00f2ng c\u1ed5 n\u00e0y c\u00f3 phong c\u00e1ch gi\u1ea3n d\u1ecb, ho\u00e0n h\u1ea3o \u0111\u1ec3 \u0111eo h\u00e0ng ng\u00e0y. N\u00f3 \u0111\u1ee7 linh ho\u1ea1t \u0111\u1ec3 k\u1ebft h\u1ee3p v\u1edbi m\u1ecdi trang ph\u1ee5c, l\u00e0 s\u1ef1 b\u1ed5 sung tuy\u1ec7t v\u1eddi cho b\u1ed9 s\u01b0u t\u1eadp trang s\u1ee9c c\u1ee7a b\u1ea1n.<\/li>\n<\/ul>\n<p>D\u00e2y chuy\u1ec1n m\u1eb7t d\u00e2y chuy\u1ec1n b\u1eb1ng ng\u1ecdc b\u00edch t\u1ef1 nhi\u00ean m\u00e0u xanh l\u00e1 c\u00e2y nh\u1ea1t lo\u1ea1i A c\u1ee7a Old School n\u1eb7ng 33,21 gram v\u00e0 c\u00f3 k\u00edch th\u01b0\u1edbc 66 * 42,7 * 6,8 mm (pendant188). K\u00edch th\u01b0\u1edbc c\u1ee7a m\u1eb7t d\u00e2y chuy\u1ec1n gi\u00fap d\u1ec5 nh\u00ecn nh\u01b0ng kh\u00f4ng qu\u00e1 l\u1edbn ho\u1eb7c qu\u00e1 c\u1ed3ng k\u1ec1nh khi \u0111eo h\u00e0ng ng\u00e0y.<\/p>\n<ul>\n<li>\n<strong>S\u1ea3n xu\u1ea5t t\u1ea1i Myanmar:<\/strong> Chi\u1ebfc v\u00f2ng c\u1ed5 n\u00e0y \u0111\u1ebfn t\u1eeb Myanmar, n\u01a1i nh\u1eefng ngh\u1ec7 nh\u00e2n l\u00e0nh ngh\u1ec1 \u0111\u00e3 ch\u1ebf t\u00e1c n\u00ean thi\u1ebft k\u1ebf Quan \u00c2m tuy\u1ec7t \u0111\u1eb9p b\u1eb1ng \u0111\u00e1 ng\u1ecdc b\u00edch t\u1ef1 nhi\u00ean<\/li>\n<li>\n<strong>D\u1ecbp h\u00e0ng ng\u00e0y: <\/strong>M\u00f3n \u0111\u1ed3 trang s\u1ee9c n\u00e0y ph\u00f9 h\u1ee3p v\u1edbi m\u1ecdi d\u1ecbp, t\u1eeb c\u00e1c cu\u1ed9c h\u1ecdp v\u0103n ph\u00f2ng \u0111\u1ebfn nh\u1eefng bu\u1ed5i \u0111i ch\u01a1i b\u00ecnh th\u01b0\u1eddng nh\u1edd thi\u1ebft k\u1ebf thanh l\u1ecbch nh\u01b0ng \u0111\u01a1n gi\u1ea3n, gi\u00fap t\u0103ng th\u00eam v\u1ebb \u0111\u1eb9p m\u00e0 kh\u00f4ng qu\u00e1 l\u00f2e lo\u1eb9t.<\/li>\n<\/ul>\n<p><\/p>\n<p>Chi\u1ebfc v\u00f2ng c\u1ed5 tuy\u1ec7t \u0111\u1eb9p n\u00e0y ho\u00e0n h\u1ea3o cho b\u1ea5t k\u1ef3 ai y\u00eau th\u00edch ng\u1ecdc b\u00edch ho\u1eb7c mu\u1ed1n c\u00f3 m\u1ed9t m\u00f3n \u0111\u1ed3 trang s\u1ee9c tinh x\u1ea3o m\u00e0 h\u1ecd c\u00f3 th\u1ec3 \u0111eo h\u00e0ng ng\u00e0y m\u00e0 kh\u00f4ng ph\u1ea3i lo l\u1eafng v\u1ec1 h\u01b0 h\u1ecfng ho\u1eb7c y\u00eau c\u1ea7u ch\u0103m s\u00f3c qu\u00e1 m\u1ee9c v\u00ec kh\u00f4ng c\u00f3 b\u1ea3o h\u00e0nh n\u00e0o li\u00ean quan. N\u00f3 c\u0169ng d\u00e0nh cho c\u1ea3 nam v\u00e0 n\u1eef n\u00ean b\u1ea1n c\u00f3 th\u1ec3 t\u1eb7ng ki\u1ec7t t\u00e1c \u0111\u1ed9c \u0111\u00e1o n\u00e0y ngay h\u00f4m nay!<\/p>\n<p>.<\/p>\n<p>Yi Pin Qian \u2013 Nh\u00e0 bu\u00f4n \u0111\u00e1 qu\u00fd v\u00e0 kim lo\u1ea1i qu\u00fd t\u1ea1i Singapore \u2013 S\u1ed1 gi\u1ea5y ph\u00e9p PS20190000031<\/p>\n<p><\/p>\n<p>*T\u1ea5t c\u1ea3 c\u00e1c lo\u1ea1i Jadeite \u0111\u01b0\u1ee3c mua t\u1eeb Yi Pin Qian t\u1ea1i Singapore, kh\u00e1ch h\u00e0ng c\u00f3 th\u1ec3 \u0111\u1eb7t l\u1ecbch \u0111\u00e1nh b\u00f3ng ho\u1eb7c s\u1eeda ch\u1eefa nh\u1ecf do x\u1eed l\u00fd sai c\u00e1ch \u2013 c\u00f3 t\u00ednh ph\u00ed v\u00e0 ch\u1ec9 d\u00e0nh cho kh\u00e1ch h\u00e0ng c\u1ee7a Yi Pin Qian t\u1ea1i Singapore*<\/p>\n<p><\/p>\n<p><strong>**C\u00e1c lo\u1ea1i ch\u1ee9ng ch\u1ec9**<\/strong><\/p>\n<p><\/p>\n<p><strong>NGI (C\u00f4ng ty \u0110\u00e1 qu\u00fd Nan Yang)<\/strong><\/p>\n<p>ho\u1eb7c <strong>Ch\u1ee9ng ch\u1ec9 n\u01b0\u1edbc ngo\u00e0i <\/strong>(Yi Pin Qian ch\u1ec9 s\u1eed d\u1ee5ng c\u00e1c ch\u1ee9ng ch\u1ec9 x\u00e1c th\u1ef1c t\u1eeb c\u00e1c ph\u00f2ng th\u00ed nghi\u1ec7m \u1edf n\u01b0\u1edbc ngo\u00e0i v\u00e0 ki\u1ec3m so\u00e1t ch\u1ea5t l\u01b0\u1ee3ng m\u1ecdi s\u1ea3n ph\u1ea9m c\u1ee7a ch\u00fang t\u00f4i tr\u01b0\u1edbc khi \u0111\u01b0a ch\u00fang ra b\u00e1n t\u1ea1i Singapore)<\/p>\n<p><\/p>\n<p>M\u1ed7i s\u1ea3n ph\u1ea9m tr\u00ean TikTok s\u1ebd c\u00f3 lo\u1ea1i ch\u1ee9ng ch\u1ec9 \u0111\u01b0\u1ee3c cung c\u1ea5p \u0111\u01b0\u1ee3c n\u00eau trong ph\u1ea7n m\u00f4 t\u1ea3. \u0110\u1ed1i v\u1edbi b\u1ea5t k\u1ef3 kh\u00e1ch h\u00e0ng n\u00e0o mu\u1ed1n g\u1eedi \u0111\u01a1n h\u00e0ng c\u1ee7a m\u00ecnh \u0111\u1ebfn NGI Singapore, s\u1ebd c\u00f3 th\u1eddi gian ch\u1edd giao h\u00e0ng \u01b0\u1edbc t\u00ednh kho\u1ea3ng 4 tu\u1ea7n \u0111\u1ec3 nh\u1eadn \u0111\u01b0\u1ee3c \u0111\u01a1n h\u00e0ng c\u1ee7a b\u1ea1n. <strong>Y\u00eau c\u1ea7u b\u00e1o c\u00e1o v\u1ec1 NGI Gemstone c\u1ea7n \u0111\u01b0\u1ee3c th\u1ef1c hi\u1ec7n b\u1eb1ng c\u00e1ch nh\u1eafn tin \u0111\u1ebfn c\u1eeda h\u00e0ng TikTok Yi Pin Qian.<\/strong> C\u1ea3m \u01a1n, <strong><u>\u00e1p d\u1ee5ng th\u00eam ph\u00ed<\/u><\/strong>.<\/p>\n<p><\/p>\n<p><strong>Jadeite t\u1ef1 nhi\u00ean kh\u00f4ng ho\u00e0n h\u1ea3o, ch\u1ec9 l\u00e0 m\u1ed9t l\u1eddi nh\u1eafc nh\u1edf nh\u1eb9 nh\u00e0ng, Jadeite t\u1ef1 nhi\u00ean c\u1ee7a ch\u00fang t\u00f4i, gi\u1ed1ng nh\u01b0 t\u1ea5t c\u1ea3 nh\u1eefng th\u1ee9 \u0111\u1eb9p \u0111\u1ebd trong t\u1ef1 nhi\u00ean, c\u00f3 nh\u1eefng \u0111\u1eb7c \u0111i\u1ec3m v\u00e0 bi\u1ebfn th\u1ec3 \u0111\u1ed9c \u0111\u00e1o. Ch\u00fang t\u00f4i m\u1eddi nh\u1eefng kh\u00e1ch h\u00e0ng c\u00f3 gi\u00e1 tr\u1ecb c\u1ee7a m\u00ecnh \u0111\u00f3n nh\u1eadn nh\u1eefng bi\u1ebfn th\u1ec3 t\u1ef1 nhi\u00ean n\u00e0y. Ch\u00fac b\u1ea1n mua s\u1eafm vui v\u1ebb!<\/strong><\/p>\n<p><\/p>\n<p><strong><u>Kh\u00f4ng c\u00f3 h\u00ecnh \u1ea3nh v\u00e0 c\u1ea3nh quay video n\u00e0o \u0111\u01b0\u1ee3c l\u1ecdc. Ch\u00fang t\u00f4i khuy\u1ebfn kh\u00edch kh\u00e1ch h\u00e0ng c\u1ee7a m\u00ecnh c\u0169ng xem c\u00e1c video \u0111i k\u00e8m \u0111\u1ec3 c\u00f3 c\u00e1i nh\u00ecn to\u00e0n di\u1ec7n h\u01a1n v\u1ec1 s\u1ea3n ph\u1ea9m c\u1ee7a ch\u00fang t\u00f4i<\/u><\/strong><\/p>","protected":false},"excerpt":{"rendered":"<p>This Old school Light Green Natural Type A Jadeite Jade Pendant Necklace is a must-have for anyone who loves exquisite jewelry. The pendant is carefully crafted as Guanyin, creating a meaningful and beautiful piece. Certificate numbers: 920460008861 Natural Type A Jadeite: This pendant is made of natural Type A jadeite, which gives it incredible durability [&hellip;]<\/p>","protected":false},"featured_media":6565,"comment_status":"open","ping_status":"closed","template":"","meta":[],"product_brand":[],"product_cat":[48],"product_tag":[],"class_list":{"0":"post-1628","1":"product","2":"type-product","3":"status-publish","4":"has-post-thumbnail","6":"product_cat-pendants","8":"first","9":"instock","10":"sale","11":"shipping-taxable","12":"purchasable","13":"product-type-simple"},"_links":{"self":[{"href":"https:\/\/shop.yipinqian.com\/vi\/wp-json\/wp\/v2\/product\/1628","targetHints":{"allow":["GET"]}}],"collection":[{"href":"https:\/\/shop.yipinqian.com\/vi\/wp-json\/wp\/v2\/product"}],"about":[{"href":"https:\/\/shop.yipinqian.com\/vi\/wp-json\/wp\/v2\/types\/product"}],"replies":[{"embeddable":true,"href":"https:\/\/shop.yipinqian.com\/vi\/wp-json\/wp\/v2\/comments?post=1628"}],"version-history":[{"count":0,"href":"https:\/\/shop.yipinqian.com\/vi\/wp-json\/wp\/v2\/product\/1628\/revisions"}],"wp:featuredmedia":[{"embeddable":true,"href":"https:\/\/shop.yipinqian.com\/vi\/wp-json\/wp\/v2\/media\/6565"}],"wp:attachment":[{"href":"https:\/\/shop.yipinqian.com\/vi\/wp-json\/wp\/v2\/media?parent=1628"}],"wp:term":[{"taxonomy":"product_brand","embeddable":true,"href":"https:\/\/shop.yipinqian.com\/vi\/wp-json\/wp\/v2\/product_brand?post=1628"},{"taxonomy":"product_cat","embeddable":true,"href":"https:\/\/shop.yipinqian.com\/vi\/wp-json\/wp\/v2\/product_cat?post=1628"},{"taxonomy":"product_tag","embeddable":true,"href":"https:\/\/shop.yipinqian.com\/vi\/wp-json\/wp\/v2\/product_tag?post=1628"}],"curies":[{"name":"wp","href":"https:\/\/api.w.org\/{rel}","templated":true}]}}