{"id":1619,"date":"2024-10-24T23:20:48","date_gmt":"2024-10-24T15:20:48","guid":{"rendered":"https:\/\/shop.yipinqian.com\/product\/oil-green-natural-type-a-jadeite-pendant-carved-as-water-buffalo-representing-hardworking-and-simple-unstoppable-strong-and-healthy-and-turn-the-tide-certificate-include-weighs-14-56-grams-34-6-23-6-1\/"},"modified":"2025-02-17T00:04:07","modified_gmt":"2025-02-16T16:04:07","slug":"oil-green-natural-type-a-jadeite-pendant-carved-as-water-buffalo-representing-hardworking-and-simple-unstoppable-strong-and-healthy-and-turn-the-tide-certificate-include-weighs-14-56-grams-34-6-23-6-1","status":"publish","type":"product","link":"https:\/\/shop.yipinqian.com\/vi\/san-pham\/oil-green-natural-type-a-jadeite-pendant-carved-as-water-buffalo-representing-hardworking-and-simple-unstoppable-strong-and-healthy-and-turn-the-tide-certificate-include-weighs-14-56-grams-34-6-23-6-1\/","title":{"rendered":"M\u1eb7t d\u00e2y chuy\u1ec1n ng\u1ecdc b\u00edch t\u1ef1 nhi\u00ean m\u00e0u xanh l\u00e1 c\u00e2y d\u1ea7u lo\u1ea1i A \u0111\u01b0\u1ee3c ch\u1ea1m kh\u1eafc h\u00ecnh con tr\u00e2u n\u01b0\u1edbc t\u01b0\u1ee3ng tr\u01b0ng cho s\u1ef1 ch\u0103m ch\u1ec9 v\u00e0 gi\u1ea3n d\u1ecb, kh\u00f4ng th\u1ec3 ng\u0103n c\u1ea3n, m\u1ea1nh m\u1ebd v\u00e0 kh\u1ecfe m\u1ea1nh v\u00e0 c\u00f3 th\u1ec3 xoay chuy\u1ec3n t\u00ecnh th\u1ebf, gi\u1ea5y ch\u1ee9ng nh\u1eadn bao g\u1ed3m n\u1eb7ng 14,56 gram, 34,6 * 23,6 * 11,5 mm, ph\u00f9 h\u1ee3p \u0111\u1ec3 \u0111eo h\u00e0ng ng\u00e0y (m\u1eb7t d\u00e2y chuy\u1ec1n80)"},"content":{"rendered":"<p>M\u1eb7t d\u00e2y chuy\u1ec1n ng\u1ecdc b\u00edch t\u1ef1 nhi\u00ean m\u00e0u xanh l\u00e1 c\u00e2y d\u1ea7u lo\u1ea1i A n\u00e0y l\u00e0 m\u1ed9t m\u00f3n \u0111\u1ed3 trang s\u1ee9c tuy\u1ec7t \u0111\u1eb9p, ho\u00e0n h\u1ea3o \u0111\u1ec3 \u0111eo h\u00e0ng ng\u00e0y. \u0110\u01b0\u1ee3c l\u00e0m t\u1eeb ng\u1ecdc b\u00edch ch\u1ea5t l\u01b0\u1ee3ng cao, m\u1eb7t d\u00e2y chuy\u1ec1n n\u00e0y n\u1eb7ng 14,56 gram v\u00e0 c\u00f3 k\u00edch th\u01b0\u1edbc 34,6 * 23,6 * 11,5 mm.<\/p>\n<ul>\n<li>\n<strong>\u0110\u1ea1i di\u1ec7n cho s\u1ef1 ch\u0103m ch\u1ec9 v\u00e0 gi\u1ea3n d\u1ecb:<\/strong> M\u1eb7t d\u00e2y chuy\u1ec1n n\u00e0y c\u00f3 h\u00ecnh m\u1ed9t con tr\u00e2u n\u01b0\u1edbc, t\u01b0\u1ee3ng tr\u01b0ng cho s\u1ef1 ch\u0103m ch\u1ec9 v\u00e0 gi\u1ea3n d\u1ecb.<\/li>\n<li>\n<strong>Kh\u00f4ng th\u1ec3 ng\u0103n c\u1ea3n:<\/strong> Tr\u00e2u n\u01b0\u1edbc c\u00f2n t\u01b0\u1ee3ng tr\u01b0ng cho s\u1ee9c m\u1ea1nh v\u00e0 tinh th\u1ea7n kh\u00f4ng g\u00ec ng\u0103n c\u1ea3n \u0111\u01b0\u1ee3c.<\/li>\n<li>\n<strong>M\u1ea1nh m\u1ebd v\u00e0 kh\u1ecfe m\u1ea1nh:<\/strong> \u0110\u01b0\u1ee3c l\u00e0m t\u1eeb \u0111\u00e1 ng\u1ecdc b\u00edch lo\u1ea1i A t\u1ef1 nhi\u00ean, m\u1eb7t d\u00e2y chuy\u1ec1n n\u00e0y kh\u00f4ng ch\u1ec9 \u0111\u1eb9p m\u00e0 c\u00f2n t\u0103ng c\u01b0\u1eddng s\u1ee9c m\u1ea1nh v\u00e0 s\u1ee9c kh\u1ecfe.<\/li>\n<li>\n<strong>\u0110\u1ea3o ng\u01b0\u1ee3c t\u00ecnh th\u1ebf:<\/strong>H\u00ecnh kh\u1eafc tr\u00e2u n\u01b0\u1edbc tr\u00ean m\u1eb7t d\u00e2y chuy\u1ec1n t\u01b0\u1ee3ng tr\u01b0ng cho s\u1ef1 thay \u0111\u1ed5i t\u00ecnh th\u1ebf ho\u1eb7c v\u01b0\u1ee3t qua nh\u1eefng th\u1eed th\u00e1ch kh\u00f3 kh\u0103n trong cu\u1ed9c s\u1ed1ng<\/li>\n<\/ul>\n<p><strong>S\u1ed1 ch\u1ee9ng ch\u1ec9: ZS24040200291<\/strong><\/p>\n<p><img fetchpriority=\"high\" decoding=\"async\" height=\"1080\" src=\"https:\/\/shop.yipinqian.com\/wp-content\/uploads\/2024\/10\/5b06eb6fac07e666daf2a3ac04eaabcb.jpg?from=476444299\" width=\"1080\"><img decoding=\"async\" height=\"1080\" src=\"https:\/\/shop.yipinqian.com\/wp-content\/uploads\/2024\/10\/9e40e14cd0e69c1c3cf29ad395620d35.jpg?from=476444299\" width=\"1080\"><\/p>\n<p>Ki\u1ec3u v\u00f2ng c\u1ed5 n\u00e0y \u0111\u1ee7 gi\u1ea3n d\u1ecb \u0111\u1ec3 \u0111eo h\u00e0ng ng\u00e0y nh\u01b0ng v\u1eabn t\u1ea1o n\u00ean s\u1ef1 n\u1ed5i b\u1eadt v\u1edbi thi\u1ebft k\u1ebf ch\u1ea1m kh\u1eafc tinh x\u1ea3o. S\u1ea3n ph\u1ea9m \u0111i k\u00e8m gi\u1ea5y ch\u1ee9ng nh\u1eadn x\u00e1c th\u1ef1c \u0111\u1ec3 \u0111\u1ea3m b\u1ea3o ch\u1ea5t l\u01b0\u1ee3ng, c\u00f3 ngu\u1ed3n g\u1ed1c t\u1eeb Myanmar - n\u1ed5i ti\u1ebfng v\u1edbi s\u1ea3n ph\u1ea9m ng\u1ecdc b\u00edch ch\u1ea5t l\u01b0\u1ee3ng cao. M\u00f3n \u0111\u1ed3 unisex n\u00e0y gi\u00fap b\u1ea1n d\u1ec5 d\u00e0ng t\u1eb7ng cho b\u1ea5t k\u1ef3 ai trong cu\u1ed9c s\u1ed1ng c\u1ee7a b\u1ea1n, nh\u1eefng ng\u01b0\u1eddi \u0111\u00e1nh gi\u00e1 cao ngh\u1ec1 th\u1ee7 c\u00f4ng trang s\u1ee9c tinh x\u1ea3o.<\/p>\n<p>H\u00e3y th\u00eam M\u1eb7t d\u00e2y chuy\u1ec1n ng\u1ecdc b\u00edch t\u1ef1 nhi\u00ean lo\u1ea1i A m\u00e0u xanh l\u00e1 c\u00e2y d\u1ea7u n\u00e0y \u0111\u01b0\u1ee3c ch\u1ea1m kh\u1eafc h\u00ecnh con tr\u00e2u n\u01b0\u1edbc t\u01b0\u1ee3ng tr\u01b0ng cho s\u1ef1 ch\u0103m ch\u1ec9 gi\u1ea3n \u0111\u01a1n kh\u00f4ng g\u00ec ng\u0103n c\u1ea3n \u0111\u01b0\u1ee3c m\u1ea1nh m\u1ebd kh\u1ecfe m\u1ea1nh bi\u1ebfn \u0111\u1ed5i cu\u1ed9c \u0111\u1eddi b\u1ea1n v\u00e0o b\u1ed9 s\u01b0u t\u1eadp c\u1ee7a m\u00ecnh ngay h\u00f4m nay!<\/p>\n<p>.<\/p>\n<p>Yi Pin Qian \u2013 Nh\u00e0 bu\u00f4n \u0111\u00e1 qu\u00fd v\u00e0 kim lo\u1ea1i qu\u00fd t\u1ea1i Singapore \u2013 S\u1ed1 gi\u1ea5y ph\u00e9p PS20190000031<\/p>\n<p>\u00a0<\/p>\n<p>*T\u1ea5t c\u1ea3 c\u00e1c lo\u1ea1i Jadeite \u0111\u01b0\u1ee3c mua t\u1eeb Yi Pin Qian t\u1ea1i Singapore, kh\u00e1ch h\u00e0ng c\u00f3 th\u1ec3 \u0111\u1eb7t l\u1ecbch \u0111\u00e1nh b\u00f3ng ho\u1eb7c s\u1eeda ch\u1eefa nh\u1ecf do x\u1eed l\u00fd sai c\u00e1ch \u2013 c\u00f3 t\u00ednh ph\u00ed v\u00e0 ch\u1ec9 d\u00e0nh cho kh\u00e1ch h\u00e0ng c\u1ee7a Yi Pin Qian t\u1ea1i Singapore*<\/p>\n<p>\u00a0<\/p>\n<p><strong>**C\u00e1c lo\u1ea1i ch\u1ee9ng ch\u1ec9**<\/strong><\/p>\n<p>\u00a0<\/p>\n<p><strong>NGI (C\u00f4ng ty \u0110\u00e1 qu\u00fd Nan Yang)<\/strong><\/p>\n<p>ho\u1eb7c <strong>Ch\u1ee9ng ch\u1ec9 n\u01b0\u1edbc ngo\u00e0i <\/strong>(Yi Pin Qian ch\u1ec9 s\u1eed d\u1ee5ng c\u00e1c ch\u1ee9ng ch\u1ec9 x\u00e1c th\u1ef1c t\u1eeb c\u00e1c ph\u00f2ng th\u00ed nghi\u1ec7m \u1edf n\u01b0\u1edbc ngo\u00e0i v\u00e0 ki\u1ec3m so\u00e1t ch\u1ea5t l\u01b0\u1ee3ng m\u1ecdi s\u1ea3n ph\u1ea9m c\u1ee7a ch\u00fang t\u00f4i tr\u01b0\u1edbc khi \u0111\u01b0a ch\u00fang ra b\u00e1n t\u1ea1i Singapore)<\/p>\n<p>\u00a0<\/p>\n<p>M\u1ed7i s\u1ea3n ph\u1ea9m tr\u00ean TikTok s\u1ebd c\u00f3 lo\u1ea1i ch\u1ee9ng ch\u1ec9 \u0111\u01b0\u1ee3c cung c\u1ea5p \u0111\u01b0\u1ee3c n\u00eau trong ph\u1ea7n m\u00f4 t\u1ea3. \u0110\u1ed1i v\u1edbi b\u1ea5t k\u1ef3 kh\u00e1ch h\u00e0ng n\u00e0o mu\u1ed1n g\u1eedi \u0111\u01a1n h\u00e0ng c\u1ee7a m\u00ecnh \u0111\u1ebfn NGI Singapore, s\u1ebd c\u00f3 th\u1eddi gian ch\u1edd giao h\u00e0ng \u01b0\u1edbc t\u00ednh kho\u1ea3ng 4 tu\u1ea7n \u0111\u1ec3 nh\u1eadn \u0111\u01b0\u1ee3c \u0111\u01a1n h\u00e0ng c\u1ee7a b\u1ea1n. <strong>Y\u00eau c\u1ea7u b\u00e1o c\u00e1o v\u1ec1 NGI Gemstone c\u1ea7n \u0111\u01b0\u1ee3c th\u1ef1c hi\u1ec7n b\u1eb1ng c\u00e1ch nh\u1eafn tin \u0111\u1ebfn c\u1eeda h\u00e0ng TikTok Yi Pin Qian.<\/strong> C\u1ea3m \u01a1n, <strong><u>\u00e1p d\u1ee5ng th\u00eam ph\u00ed<\/u><\/strong>.<\/p>\n<p>\u00a0<\/p>\n<p><strong>Jadeite t\u1ef1 nhi\u00ean kh\u00f4ng ho\u00e0n h\u1ea3o, ch\u1ec9 l\u00e0 m\u1ed9t l\u1eddi nh\u1eafc nh\u1edf nh\u1eb9 nh\u00e0ng, Jadeite t\u1ef1 nhi\u00ean c\u1ee7a ch\u00fang t\u00f4i, gi\u1ed1ng nh\u01b0 t\u1ea5t c\u1ea3 nh\u1eefng th\u1ee9 \u0111\u1eb9p \u0111\u1ebd trong t\u1ef1 nhi\u00ean, c\u00f3 nh\u1eefng \u0111\u1eb7c \u0111i\u1ec3m v\u00e0 bi\u1ebfn th\u1ec3 \u0111\u1ed9c \u0111\u00e1o. Ch\u00fang t\u00f4i m\u1eddi nh\u1eefng kh\u00e1ch h\u00e0ng c\u00f3 gi\u00e1 tr\u1ecb c\u1ee7a m\u00ecnh \u0111\u00f3n nh\u1eadn nh\u1eefng bi\u1ebfn th\u1ec3 t\u1ef1 nhi\u00ean n\u00e0y. Ch\u00fac b\u1ea1n mua s\u1eafm vui v\u1ebb!<\/strong><\/p>\n<p>\u00a0<\/p>\n<p><strong><u>Kh\u00f4ng c\u00f3 h\u00ecnh \u1ea3nh v\u00e0 c\u1ea3nh quay video n\u00e0o \u0111\u01b0\u1ee3c l\u1ecdc. Ch\u00fang t\u00f4i khuy\u1ebfn kh\u00edch kh\u00e1ch h\u00e0ng c\u1ee7a m\u00ecnh c\u0169ng xem c\u00e1c video \u0111i k\u00e8m \u0111\u1ec3 c\u00f3 c\u00e1i nh\u00ecn to\u00e0n di\u1ec7n h\u01a1n v\u1ec1 s\u1ea3n ph\u1ea9m c\u1ee7a ch\u00fang t\u00f4i<\/u><\/strong><\/p>\n<p>\u00a0<\/p>\n<p>.<\/p>","protected":false},"excerpt":{"rendered":"<p>M\u1eb7t d\u00e2y chuy\u1ec1n ng\u1ecdc b\u00edch t\u1ef1 nhi\u00ean m\u00e0u xanh l\u00e1 c\u00e2y d\u1ea7u lo\u1ea1i A n\u00e0y l\u00e0 m\u1ed9t m\u00f3n \u0111\u1ed3 trang s\u1ee9c tuy\u1ec7t \u0111\u1eb9p, ho\u00e0n h\u1ea3o \u0111\u1ec3 \u0111eo h\u00e0ng ng\u00e0y. \u0110\u01b0\u1ee3c l\u00e0m t\u1eeb ng\u1ecdc b\u00edch ch\u1ea5t l\u01b0\u1ee3ng cao, m\u1eb7t d\u00e2y chuy\u1ec1n n\u00e0y n\u1eb7ng 14,56 gram v\u00e0 c\u00f3 k\u00edch th\u01b0\u1edbc 34,6 * 23,6 * 11,5 mm. \u0110\u1ea1i di\u1ec7n cho s\u1ef1 ch\u0103m ch\u1ec9 v\u00e0 gi\u1ea3n d\u1ecb: M\u1eb7t d\u00e2y chuy\u1ec1n n\u00e0y c\u00f3 h\u00ecnh m\u1ed9t con tr\u00e2u n\u01b0\u1edbc, \u0111\u1ea1i di\u1ec7n cho s\u1ef1 ch\u0103m ch\u1ec9 v\u00e0 gi\u1ea3n d\u1ecb. Kh\u00f4ng th\u1ec3 ng\u0103n c\u1ea3n: [\u2026]<\/p>","protected":false},"featured_media":6513,"comment_status":"open","ping_status":"closed","template":"","meta":[],"product_brand":[],"product_cat":[48],"product_tag":[],"class_list":{"0":"post-1619","1":"product","2":"type-product","3":"status-publish","4":"has-post-thumbnail","6":"product_cat-pendants","8":"first","9":"instock","10":"sale","11":"shipping-taxable","12":"purchasable","13":"product-type-simple"},"_links":{"self":[{"href":"https:\/\/shop.yipinqian.com\/vi\/wp-json\/wp\/v2\/product\/1619","targetHints":{"allow":["GET"]}}],"collection":[{"href":"https:\/\/shop.yipinqian.com\/vi\/wp-json\/wp\/v2\/product"}],"about":[{"href":"https:\/\/shop.yipinqian.com\/vi\/wp-json\/wp\/v2\/types\/product"}],"replies":[{"embeddable":true,"href":"https:\/\/shop.yipinqian.com\/vi\/wp-json\/wp\/v2\/comments?post=1619"}],"version-history":[{"count":0,"href":"https:\/\/shop.yipinqian.com\/vi\/wp-json\/wp\/v2\/product\/1619\/revisions"}],"wp:featuredmedia":[{"embeddable":true,"href":"https:\/\/shop.yipinqian.com\/vi\/wp-json\/wp\/v2\/media\/6513"}],"wp:attachment":[{"href":"https:\/\/shop.yipinqian.com\/vi\/wp-json\/wp\/v2\/media?parent=1619"}],"wp:term":[{"taxonomy":"product_brand","embeddable":true,"href":"https:\/\/shop.yipinqian.com\/vi\/wp-json\/wp\/v2\/product_brand?post=1619"},{"taxonomy":"product_cat","embeddable":true,"href":"https:\/\/shop.yipinqian.com\/vi\/wp-json\/wp\/v2\/product_cat?post=1619"},{"taxonomy":"product_tag","embeddable":true,"href":"https:\/\/shop.yipinqian.com\/vi\/wp-json\/wp\/v2\/product_tag?post=1619"}],"curies":[{"name":"wp","href":"https:\/\/api.w.org\/{rel}","templated":true}]}}