{"id":1617,"date":"2024-10-24T23:20:48","date_gmt":"2024-10-24T15:20:48","guid":{"rendered":"https:\/\/shop.yipinqian.com\/product\/new-shop-offer-semi-icy-natural-type-a-jadeite-jade-crafted-with-buddha-as-pendant-with-certificate-weigh-10-97-grams-measurement-29-3-20-6-11mm-pendant212\/"},"modified":"2025-01-09T05:16:14","modified_gmt":"2025-01-08T21:16:14","slug":"new-shop-offer-semi-icy-natural-type-a-jadeite-jade-crafted-with-buddha-as-pendant-with-certificate-weigh-10-97-grams-measurement-29-3-20-6-11mm-pendant212","status":"publish","type":"product","link":"https:\/\/shop.yipinqian.com\/vi\/san-pham\/new-shop-offer-semi-icy-natural-type-a-jadeite-jade-crafted-with-buddha-as-pendant-with-certificate-weigh-10-97-grams-measurement-29-3-20-6-11mm-pendant212\/","title":{"rendered":"Khuy\u1ebfn m\u1ea1i c\u1eeda h\u00e0ng m\u1edbi \u2013 Ng\u1ecdc b\u00edch t\u1ef1 nhi\u00ean lo\u1ea1i A b\u00e1n b\u0103ng gi\u00e1 \u0111\u01b0\u1ee3c ch\u1ebf t\u00e1c v\u1edbi h\u00ecnh \u1ea3nh \u0110\u1ee9c Ph\u1eadt l\u00e0m m\u1eb7t d\u00e2y chuy\u1ec1n k\u00e8m gi\u1ea5y ch\u1ee9ng nh\u1eadn n\u1eb7ng 10,97 gram, k\u00edch th\u01b0\u1edbc 29,3 * 20,6 * 11mm (m\u1eb7t d\u00e2y chuy\u1ec1n212)"},"content":{"rendered":"<p>M\u1eb7t d\u00e2y chuy\u1ec1n ng\u1ecdc b\u00edch Semi Icy Natural Type A Jadeite n\u00e0y, \u0111\u01b0\u1ee3c ch\u1ebf t\u00e1c v\u1edbi h\u00ecnh \u1ea3nh \u0110\u1ee9c Ph\u1eadt, l\u00e0 m\u1ed9t m\u00f3n \u0111\u1ed3 trang s\u1ee9c tuy\u1ec7t \u0111\u1eb9p m\u00e0 b\u1ea1n kh\u00f4ng mu\u1ed1n b\u1ecf l\u1ee1. M\u1eb7t d\u00e2y chuy\u1ec1n n\u1eb7ng 10,97 gram v\u00e0 c\u00f3 k\u00edch th\u01b0\u1edbc 29,3 * 20,6 * 11mm, c\u00f3 k\u00edch th\u01b0\u1edbc ho\u00e0n h\u1ea3o \u0111\u1ec3 \u0111eo h\u00e0ng ng\u00e0y nh\u01b0 m\u1ed9t ph\u1ee5 ki\u1ec7n th\u01b0\u1eddng ng\u00e0y.<\/p>\n<p>S\u1ed1 ch\u1ee9ng ch\u1ec9: ZJSL24030600996<\/p>\n<p><img fetchpriority=\"high\" decoding=\"async\" height=\"1080\" src=\"https:\/\/shop.yipinqian.com\/wp-content\/uploads\/2024\/10\/f01c9715c43c7ac4732106223555a918.jpg?from=476444299\" width=\"1080\"><\/p>\n<ul>\n<li>\n<strong>\u0110\u1ea3m b\u1ea3o t\u00ednh x\u00e1c th\u1ef1c:<\/strong> M\u1eb7t d\u00e2y chuy\u1ec1n ng\u1ecdc b\u00edch n\u00e0y c\u00f3 k\u00e8m theo gi\u1ea5y ch\u1ee9ng nh\u1eadn x\u00e1c th\u1ef1c \u0111\u1ea3m b\u1ea3o r\u1eb1ng n\u00f3 \u0111\u01b0\u1ee3c l\u00e0m t\u1eeb ng\u1ecdc b\u00edch Jadeite lo\u1ea1i A ch\u00ednh h\u00e3ng t\u1eeb Myanmar.<\/li>\n<li>\n<strong>Thi\u1ebft k\u1ebf Unisex:<\/strong> M\u1eb7t d\u00e2y chuy\u1ec1n ng\u1ecdc b\u00edch tuy\u1ec7t \u0111\u1eb9p n\u00e0y ph\u00f9 h\u1ee3p cho c\u1ea3 nam v\u00e0 n\u1eef \u0111eo trong nhi\u1ec1u d\u1ecbp kh\u00e1c nhau.<\/li>\n<\/ul>\n<p>H\u00ecnh \u1ea3nh \u0110\u1ee9c Ph\u1eadt \u0111\u01b0\u1ee3c kh\u1eafc tr\u00ean ng\u1ecdc b\u00edch t\u1ea1o n\u00ean y\u1ebfu t\u1ed1 t\u00e2m linh v\u00e0 \u00fd ngh\u0129a cho t\u00e1c ph\u1ea9m n\u00e0y, khi\u1ebfn n\u00f3 kh\u00f4ng ch\u1ec9 l\u00e0 m\u1ed9t ph\u1ee5 ki\u1ec7n m\u00e0 c\u00f2n l\u00e0 l\u1eddi nh\u1eafc nh\u1edf tuy\u1ec7t v\u1eddi cho vi\u1ec7c th\u1ef1c h\u00e0nh t\u00e2m linh h\u00e0ng ng\u00e0y.<\/p>\n<p>S\u1ef1 tinh x\u1ea3o trong vi\u1ec7c ch\u1ebf t\u00e1c t\u00e1c ph\u1ea9m n\u00e0y c\u00f3 th\u1ec3 \u0111\u01b0\u1ee3c nh\u00ecn th\u1ea5y \u1edf c\u00e1c chi ti\u1ebft ph\u1ee9c t\u1ea1p v\u00e0 l\u1edbp ho\u00e0n thi\u1ec7n t\u1ef1 nhi\u00ean b\u00e1n b\u0103ng gi\u00e1 l\u00e0m t\u0103ng th\u00eam v\u1ebb \u0111\u1eb9p t\u1ed5ng th\u1ec3 c\u0169ng nh\u01b0 t\u0103ng th\u00eam gi\u00e1 tr\u1ecb cho m\u00f3n \u0111\u1ed3 trang s\u1ee9c \u0111\u1ed9c \u0111\u00e1o n\u00e0y.<\/p>\n<ul>\n<li>\n<strong>Kh\u00f4ng b\u1ea3o h\u00e0nh:<\/strong> Xin l\u01b0u \u00fd r\u1eb1ng kh\u00f4ng c\u00f3 b\u1ea3o h\u00e0nh n\u00e0o \u0111\u01b0\u1ee3c cung c\u1ea5p cho s\u1ea3n ph\u1ea9m n\u00e0y<\/li>\n<\/ul>\n<p>\u01afu \u0111\u00e3i m\u1edbi c\u1ee7a c\u1eeda h\u00e0ng n\u00e0y \u2013 Ng\u1ecdc b\u00edch t\u1ef1 nhi\u00ean lo\u1ea1i A b\u00e1n b\u0103ng \u0111\u01b0\u1ee3c ch\u1ebf t\u00e1c v\u1edbi m\u1eb7t d\u00e2y chuy\u1ec1n h\u00ecnh \u0110\u1ee9c Ph\u1eadt s\u1ebd l\u00e0 s\u1ef1 b\u1ed5 sung tuy\u1ec7t v\u1eddi cho b\u1ed9 s\u01b0u t\u1eadp c\u1ee7a b\u1ea1n ho\u1eb7c l\u00e0 m\u00f3n qu\u00e0 ho\u00e0n h\u1ea3o d\u00e0nh t\u1eb7ng cho m\u1ed9t ng\u01b0\u1eddi \u0111\u1eb7c bi\u1ec7t!<\/p>","protected":false},"excerpt":{"rendered":"<p>M\u1eb7t d\u00e2y chuy\u1ec1n ng\u1ecdc b\u00edch Semi Icy Natural Type A Jadeite n\u00e0y, \u0111\u01b0\u1ee3c ch\u1ebf t\u00e1c v\u1edbi h\u00ecnh \u1ea3nh \u0110\u1ee9c Ph\u1eadt, l\u00e0 m\u1ed9t m\u00f3n \u0111\u1ed3 trang s\u1ee9c tuy\u1ec7t \u0111\u1eb9p m\u00e0 b\u1ea1n kh\u00f4ng mu\u1ed1n b\u1ecf l\u1ee1. M\u1eb7t d\u00e2y chuy\u1ec1n n\u1eb7ng 10,97 gram v\u00e0 c\u00f3 k\u00edch th\u01b0\u1edbc 29,3 * 20,6 * 11mm, khi\u1ebfn n\u00f3 tr\u1edf th\u00e0nh m\u1ed9t k\u00edch th\u01b0\u1edbc ho\u00e0n h\u1ea3o \u0111\u1ec3 \u0111eo h\u00e0ng ng\u00e0y nh\u01b0 m\u1ed9t ph\u1ee5 ki\u1ec7n th\u01b0\u1eddng ng\u00e0y. S\u1ed1 ch\u1ee9ng nh\u1eadn: ZJSL24030600996 X\u00e1c th\u1ef1c [\u2026]<\/p>","protected":false},"featured_media":6491,"comment_status":"open","ping_status":"closed","template":"","meta":[],"product_brand":[],"product_cat":[48],"product_tag":[],"class_list":{"0":"post-1617","1":"product","2":"type-product","3":"status-publish","4":"has-post-thumbnail","6":"product_cat-pendants","8":"first","9":"instock","10":"sale","11":"shipping-taxable","12":"purchasable","13":"product-type-simple"},"_links":{"self":[{"href":"https:\/\/shop.yipinqian.com\/vi\/wp-json\/wp\/v2\/product\/1617","targetHints":{"allow":["GET"]}}],"collection":[{"href":"https:\/\/shop.yipinqian.com\/vi\/wp-json\/wp\/v2\/product"}],"about":[{"href":"https:\/\/shop.yipinqian.com\/vi\/wp-json\/wp\/v2\/types\/product"}],"replies":[{"embeddable":true,"href":"https:\/\/shop.yipinqian.com\/vi\/wp-json\/wp\/v2\/comments?post=1617"}],"version-history":[{"count":0,"href":"https:\/\/shop.yipinqian.com\/vi\/wp-json\/wp\/v2\/product\/1617\/revisions"}],"wp:featuredmedia":[{"embeddable":true,"href":"https:\/\/shop.yipinqian.com\/vi\/wp-json\/wp\/v2\/media\/6491"}],"wp:attachment":[{"href":"https:\/\/shop.yipinqian.com\/vi\/wp-json\/wp\/v2\/media?parent=1617"}],"wp:term":[{"taxonomy":"product_brand","embeddable":true,"href":"https:\/\/shop.yipinqian.com\/vi\/wp-json\/wp\/v2\/product_brand?post=1617"},{"taxonomy":"product_cat","embeddable":true,"href":"https:\/\/shop.yipinqian.com\/vi\/wp-json\/wp\/v2\/product_cat?post=1617"},{"taxonomy":"product_tag","embeddable":true,"href":"https:\/\/shop.yipinqian.com\/vi\/wp-json\/wp\/v2\/product_tag?post=1617"}],"curies":[{"name":"wp","href":"https:\/\/api.w.org\/{rel}","templated":true}]}}