{"id":1616,"date":"2024-10-24T23:20:47","date_gmt":"2024-10-24T15:20:47","guid":{"rendered":"https:\/\/shop.yipinqian.com\/product\/natural-type-a-jadeite-with-ngi-certification-buddha-and-the-monkey-god-pendant-54-78mm-45-83mm-8-20mm-premium-pendant157\/"},"modified":"2025-07-03T23:43:55","modified_gmt":"2025-07-03T15:43:55","slug":"natural-type-a-jadeite-with-ngi-certification-buddha-and-the-monkey-god-pendant-54-78mm-45-83mm-8-20mm-premium-pendant157","status":"publish","type":"product","link":"https:\/\/shop.yipinqian.com\/vi\/san-pham\/natural-type-a-jadeite-with-ngi-certification-buddha-and-the-monkey-god-pendant-54-78mm-45-83mm-8-20mm-premium-pendant157\/","title":{"rendered":"Jadeite lo\u1ea1i A t\u1ef1 nhi\u00ean c\u00f3 ch\u1ee9ng nh\u1eadn NGI \u2013 Ph\u1eadt v\u00e0 th\u1ea7n kh\u1ec9 \u2013 M\u1eb7t d\u00e2y chuy\u1ec1n \u2013 [54,78mm * 45,83mm * 8,20mm] Cao c\u1ea5p (m\u1eb7t d\u00e2y chuy\u1ec1n157)"},"content":{"rendered":"<h2>Buddha and The monkey god<\/h2>\n<p><iframe title=\"Buddha and The monkey god\" src=\"https:\/\/youtube.com\/embed\/AlcJ6fIIUGQ\/\" width=\"330\" height=\"300\"><\/iframe><\/p>\n<p>M\u1eb7t d\u00e2y chuy\u1ec1n ng\u1ecdc b\u00edch lo\u1ea1i A t\u1ef1 nhi\u00ean cao c\u1ea5p n\u00e0y c\u00f3 thi\u1ebft k\u1ebf h\u00ecnh Ph\u1eadt v\u00e0 th\u1ea7n kh\u1ec9 \u0111\u01b0\u1ee3c ch\u1ebf t\u00e1c tinh x\u1ea3o, ho\u00e0n h\u1ea3o \u0111\u1ec3 th\u00eam n\u00e9t thanh l\u1ecbch cho trang ph\u1ee5c h\u00e0ng ng\u00e0y c\u1ee7a b\u1ea1n.<\/p>\n<p>S\u1ed1 b\u00e1o c\u00e1o NGI: 63836503<\/p>\n<ul>\n<li><strong>Ch\u1ea5t l\u01b0\u1ee3ng cao c\u1ea5p:<\/strong> \u0110\u01b0\u1ee3c l\u00e0m b\u1eb1ng ng\u1ecdc Jadeite t\u1ef1 nhi\u00ean lo\u1ea1i A v\u00e0 \u0111\u01b0\u1ee3c ch\u1ee9ng nh\u1eadn b\u1edfi NGI.<\/li>\n<li><strong>Thi\u1ebft k\u1ebf Unisex:<\/strong> Ph\u00f9 h\u1ee3p cho c\u1ea3 nam v\u00e0 n\u1eef.<\/li>\n<li><strong>Phong c\u00e1ch gi\u1ea3n d\u1ecb:<\/strong> Ho\u00e0n h\u1ea3o \u0111\u1ec3 m\u1eb7c h\u00e0ng ng\u00e0y ho\u1eb7c trong nh\u1eefng d\u1ecbp \u0111\u1eb7c bi\u1ec7t.<\/li>\n<\/ul>\n<p>M\u1eb7t d\u00e2y chuy\u1ec1n c\u00f3 k\u00edch th\u01b0\u1edbc [54,78mm * 45,83mm * 8,20mm], l\u00e0 m\u1ed9t ph\u1ee5 ki\u1ec7n b\u1eaft m\u1eaft ch\u1eafc ch\u1eafn s\u1ebd thu h\u00fat m\u1ecdi \u00e1nh nh\u00ecn \u1edf b\u1ea5t c\u1ee9 n\u01a1i \u0111\u00e2u b\u1ea1n \u0111\u1ebfn.<\/p>\n<ul>\n<li><strong>Ch\u1ea5t li\u1ec7u ng\u1ecdc b\u00edch:<\/strong> V\u1eadt li\u1ec7u th\u1ee9 c\u1ea5p \u0111\u01b0\u1ee3c s\u1eed d\u1ee5ng trong m\u1eb7t d\u00e2y chuy\u1ec1n n\u00e0y l\u00e0 ng\u1ecdc b\u00edch, \u0111\u01b0\u1ee3c bi\u1ebft \u0111\u1ebfn v\u1edbi \u0111\u1ed9 b\u1ec1n v\u00e0 v\u1ebb \u0111\u1eb9p v\u01b0\u1ee3t th\u1eddi gian<\/li>\n<li><strong>Gi\u1ea5y ch\u1ee9ng nh\u1eadn bao g\u1ed3m:<\/strong>M\u1eb7t d\u00e2y chuy\u1ec1n \u0111i k\u00e8m v\u1edbi gi\u1ea5y ch\u1ee9ng nh\u1eadn x\u00e1c th\u1ef1c t\u1eeb NGI, \u0111\u1ea3m b\u1ea3o r\u1eb1ng b\u1ea1n \u0111ang nh\u1eadn \u0111\u01b0\u1ee3c h\u00e0ng th\u1eadt<\/li>\n<\/ul>\n<p>H\u00e3y th\u00eam m\u1eb7t d\u00e2y chuy\u1ec1n b\u1eb1ng ng\u1ecdc b\u00edch t\u1ef1 nhi\u00ean lo\u1ea1i A tuy\u1ec7t \u0111\u1eb9p n\u00e0y \u2013 Ph\u1eadt v\u00e0 th\u1ea7n kh\u1ec9 \u2013 v\u00e0o b\u1ed9 s\u01b0u t\u1eadp trang s\u1ee9c c\u1ee7a b\u1ea1n ngay h\u00f4m nay!<\/p>\n<p><img fetchpriority=\"high\" decoding=\"async\" class=\"alignnone\" src=\"https:\/\/shop.yipinqian.com\/wp-content\/uploads\/2024\/10\/4a041d9ab5644aaca12d9e01bb1a5ddd.jpg?from=476444299\" alt=\"Buddha and The monkey god\" width=\"1080\" height=\"1080\" \/><\/p>\n<p>Yi Pin Qian \u2013 Nh\u00e0 bu\u00f4n \u0111\u00e1 qu\u00fd v\u00e0 kim lo\u1ea1i qu\u00fd t\u1ea1i Singapore \u2013 S\u1ed1 gi\u1ea5y ph\u00e9p PS20190000031<\/p>\n<p>*T\u1ea5t c\u1ea3 c\u00e1c lo\u1ea1i Jadeite \u0111\u01b0\u1ee3c mua t\u1eeb Yi Pin Qian t\u1ea1i Singapore, kh\u00e1ch h\u00e0ng c\u00f3 th\u1ec3 \u0111\u1eb7t l\u1ecbch \u0111\u00e1nh b\u00f3ng ho\u1eb7c s\u1eeda ch\u1eefa nh\u1ecf do x\u1eed l\u00fd sai c\u00e1ch \u2013 c\u00f3 t\u00ednh ph\u00ed v\u00e0 ch\u1ec9 d\u00e0nh cho kh\u00e1ch h\u00e0ng c\u1ee7a Yi Pin Qian t\u1ea1i Singapore*<\/p>\n<ul>\n<li><\/li>\n<\/ul>\n<p>NGI (V\u1ecb tr\u00ed Vi\u1ec7n \u0110\u00e1 qu\u00fd Nan Yang: 14 Scotts Road, #03-80, Far East Plaza, 228213)<\/p>\n<p>ho\u1eb7c ch\u1ee9ng ch\u1ec9 n\u01b0\u1edbc ngo\u00e0i (Yi Pin Qian ch\u1ec9 s\u1eed d\u1ee5ng ch\u1ee9ng ch\u1ec9 x\u00e1c th\u1ef1c t\u1eeb c\u00e1c ph\u00f2ng th\u00ed nghi\u1ec7m \u1edf n\u01b0\u1edbc ngo\u00e0i v\u00e0 c\u0169ng ki\u1ec3m so\u00e1t ch\u1ea5t l\u01b0\u1ee3ng m\u1ecdi s\u1ea3n ph\u1ea9m c\u1ee7a ch\u00fang t\u00f4i tr\u01b0\u1edbc khi \u0111\u01b0a ch\u00fang ra b\u00e1n t\u1ea1i Singapore)<\/p>\n<p>[M\u1ed9t s\u1ed1 ch\u1ee9ng ch\u1ec9 \u0111\u01b0\u1ee3c \u0111\u00f3ng d\u1ea5u QIC, ngh\u0129a l\u00e0 ch\u00fang c\u0169ng \u0111\u01b0\u1ee3c ch\u1ee9ng nh\u1eadn b\u1edfi Douyin]<\/p>\n<p>M\u1ed7i s\u1ea3n ph\u1ea9m tr\u00ean TikTok s\u1ebd c\u00f3 lo\u1ea1i ch\u1ee9ng ch\u1ec9 \u0111\u01b0\u1ee3c cung c\u1ea5p \u0111\u01b0\u1ee3c ch\u1ec9 \u0111\u1ecbnh trong ph\u1ea7n m\u00f4 t\u1ea3. \u0110\u1ed1i v\u1edbi b\u1ea5t k\u1ef3 kh\u00e1ch h\u00e0ng n\u00e0o mu\u1ed1n g\u1eedi \u0111\u01a1n h\u00e0ng c\u1ee7a m\u00ecnh \u0111\u1ebfn NGI Singapore, s\u1ebd c\u00f3 th\u1eddi gian ch\u1edd giao h\u00e0ng \u01b0\u1edbc t\u00ednh kho\u1ea3ng 4 tu\u1ea7n \u0111\u1ec3 nh\u1eadn \u0111\u01b0\u1ee3c \u0111\u01a1n h\u00e0ng c\u1ee7a b\u1ea1n. Y\u00eau c\u1ea7u b\u00e1o c\u00e1o v\u1ec1 \u0111\u00e1 qu\u00fd NGI c\u1ea7n \u0111\u01b0\u1ee3c th\u1ef1c hi\u1ec7n b\u1eb1ng c\u00e1ch nh\u1eafn tin cho c\u1eeda h\u00e0ng Yi Pin Qian TikTok. C\u1ea3m \u01a1n b\u1ea1n, ch\u00fang t\u00f4i s\u1ebd \u00e1p d\u1ee5ng th\u00eam ph\u00ed.<\/p>","protected":false},"excerpt":{"rendered":"<h2>Buddha and The monkey god<\/h2>\n<p><img decoding=\"async\" class=\"aligncenter size-medium wp-image-22167\" src=\"https:\/\/shop.yipinqian.com\/wp-content\/uploads\/2024\/10\/WhatsApp-Image-2024-05-06-at-17.29.14_5572f085-300x300.jpg\" alt=\"Buddha and The monkey god\" width=\"300\" height=\"300\" srcset=\"https:\/\/shop.yipinqian.com\/wp-content\/uploads\/2024\/10\/WhatsApp-Image-2024-05-06-at-17.29.14_5572f085-300x300.jpg 300w, https:\/\/shop.yipinqian.com\/wp-content\/uploads\/2024\/10\/WhatsApp-Image-2024-05-06-at-17.29.14_5572f085-1024x1024.jpg 1024w, https:\/\/shop.yipinqian.com\/wp-content\/uploads\/2024\/10\/WhatsApp-Image-2024-05-06-at-17.29.14_5572f085-150x150.jpg 150w, https:\/\/shop.yipinqian.com\/wp-content\/uploads\/2024\/10\/WhatsApp-Image-2024-05-06-at-17.29.14_5572f085-768x768.jpg 768w, https:\/\/shop.yipinqian.com\/wp-content\/uploads\/2024\/10\/WhatsApp-Image-2024-05-06-at-17.29.14_5572f085-12x12.jpg 12w, https:\/\/shop.yipinqian.com\/wp-content\/uploads\/2024\/10\/WhatsApp-Image-2024-05-06-at-17.29.14_5572f085-500x500.jpg 500w, https:\/\/shop.yipinqian.com\/wp-content\/uploads\/2024\/10\/WhatsApp-Image-2024-05-06-at-17.29.14_5572f085-100x100.jpg 100w, https:\/\/shop.yipinqian.com\/wp-content\/uploads\/2024\/10\/WhatsApp-Image-2024-05-06-at-17.29.14_5572f085.jpg 1080w\" sizes=\"(max-width: 300px) 100vw, 300px\" \/><\/p>","protected":false},"featured_media":6481,"comment_status":"open","ping_status":"closed","template":"","meta":[],"product_brand":[],"product_cat":[195],"product_tag":[],"class_list":{"0":"post-1616","1":"product","2":"type-product","3":"status-publish","4":"has-post-thumbnail","6":"product_cat-heirloom-grade","8":"first","9":"instock","10":"sale","11":"shipping-taxable","12":"purchasable","13":"product-type-simple"},"_links":{"self":[{"href":"https:\/\/shop.yipinqian.com\/vi\/wp-json\/wp\/v2\/product\/1616","targetHints":{"allow":["GET"]}}],"collection":[{"href":"https:\/\/shop.yipinqian.com\/vi\/wp-json\/wp\/v2\/product"}],"about":[{"href":"https:\/\/shop.yipinqian.com\/vi\/wp-json\/wp\/v2\/types\/product"}],"replies":[{"embeddable":true,"href":"https:\/\/shop.yipinqian.com\/vi\/wp-json\/wp\/v2\/comments?post=1616"}],"version-history":[{"count":0,"href":"https:\/\/shop.yipinqian.com\/vi\/wp-json\/wp\/v2\/product\/1616\/revisions"}],"wp:featuredmedia":[{"embeddable":true,"href":"https:\/\/shop.yipinqian.com\/vi\/wp-json\/wp\/v2\/media\/6481"}],"wp:attachment":[{"href":"https:\/\/shop.yipinqian.com\/vi\/wp-json\/wp\/v2\/media?parent=1616"}],"wp:term":[{"taxonomy":"product_brand","embeddable":true,"href":"https:\/\/shop.yipinqian.com\/vi\/wp-json\/wp\/v2\/product_brand?post=1616"},{"taxonomy":"product_cat","embeddable":true,"href":"https:\/\/shop.yipinqian.com\/vi\/wp-json\/wp\/v2\/product_cat?post=1616"},{"taxonomy":"product_tag","embeddable":true,"href":"https:\/\/shop.yipinqian.com\/vi\/wp-json\/wp\/v2\/product_tag?post=1616"}],"curies":[{"name":"wp","href":"https:\/\/api.w.org\/{rel}","templated":true}]}}