{"id":1614,"date":"2024-10-24T23:20:47","date_gmt":"2024-10-24T15:20:47","guid":{"rendered":"https:\/\/shop.yipinqian.com\/product\/natural-type-a-jadeite-with-certificate-hugh-pendant-carved-as-dragon-with-yellow-weight-103-37-grams-76-60-49-80-16-80-mm-suitable-for-occasion-wear-or-for-collections-pendant124\/"},"modified":"2025-02-17T00:04:07","modified_gmt":"2025-02-16T16:04:07","slug":"natural-type-a-jadeite-with-certificate-hugh-pendant-carved-as-dragon-with-yellow-weight-103-37-grams-76-60-49-80-16-80-mm-suitable-for-occasion-wear-or-for-collections-pendant124","status":"publish","type":"product","link":"https:\/\/shop.yipinqian.com\/vi\/san-pham\/natural-type-a-jadeite-with-certificate-hugh-pendant-carved-as-dragon-with-yellow-weight-103-37-grams-76-60-49-80-16-80-mm-suitable-for-occasion-wear-or-for-collections-pendant124\/","title":{"rendered":"M\u1eb7t d\u00e2y chuy\u1ec1n ng\u1ecdc b\u00edch lo\u1ea1i A t\u1ef1 nhi\u00ean c\u00f3 ch\u1ee9ng nh\u1eadn Hugh ch\u1ea1m kh\u1eafc h\u00ecnh r\u1ed3ng m\u00e0u v\u00e0ng, tr\u1ecdng l\u01b0\u1ee3ng 103,37 gram, k\u00edch th\u01b0\u1edbc 76,60 * 49,80 * 16,80 mm, th\u00edch h\u1ee3p \u0111eo trong c\u00e1c d\u1ecbp \u0111\u1eb7c bi\u1ec7t ho\u1eb7c s\u01b0u t\u1eadp (pendant124)"},"content":{"rendered":"<p>M\u1eb7t d\u00e2y chuy\u1ec1n Jadeite lo\u1ea1i A t\u1ef1 nhi\u00ean n\u00e0y l\u00e0 m\u1ed9t s\u1ef1 b\u1ed5 sung tuy\u1ec7t \u0111\u1eb9p cho b\u1ea5t k\u1ef3 b\u1ed9 s\u01b0u t\u1eadp trang s\u1ee9c n\u00e0o. \u0110\u01b0\u1ee3c ch\u1ea1m kh\u1eafc nh\u01b0 m\u1ed9t con r\u1ed3ng v\u1edbi t\u00f4ng m\u00e0u v\u00e0ng, m\u1eb7t d\u00e2y chuy\u1ec1n n\u00e0y n\u1eb7ng 103,37 gram v\u00e0 c\u00f3 k\u00edch th\u01b0\u1edbc 76,60 * 49,80 * 16,80 mm, ph\u00f9 h\u1ee3p cho c\u1ea3 trang ph\u1ee5c d\u1ef1 ti\u1ec7c v\u00e0 s\u01b0u t\u1ea7m.<\/p>\n<p><img fetchpriority=\"high\" decoding=\"async\" height=\"1080\" src=\"https:\/\/shop.yipinqian.com\/wp-content\/uploads\/2024\/10\/66bc089b0455dc37d527a93136e1bfb6.jpg?from=476444299\" width=\"1080\"><img decoding=\"async\" height=\"1080\" src=\"https:\/\/shop.yipinqian.com\/wp-content\/uploads\/2024\/10\/3997b242d1af7ad2290e5cc2d5707b8c.jpg?from=476444299\" width=\"1080\"><\/p>\n<p>\u0110\u01b0\u1ee3c ch\u1ebf t\u00e1c t\u1eeb Jadeite, chi\u1ebfc v\u00f2ng c\u1ed5 n\u00e0y to\u00e1t l\u00ean v\u1ebb thanh l\u1ecbch v\u00e0 tinh t\u1ebf v\u1edbi thi\u1ebft k\u1ebf r\u1ed3ng ph\u1ee9c t\u1ea1p. C\u00e1c t\u00ednh n\u0103ng ch\u00ednh: \u2013 Jadeite lo\u1ea1i A t\u1ef1 nhi\u00ean \u2013 C\u00f3 k\u00e8m gi\u1ea5y ch\u1ee9ng nh\u1eadn \u2013 Thi\u1ebft k\u1ebf r\u1ed3ng v\u1edbi t\u00f4ng m\u00e0u v\u00e0ng \u2013 Th\u00edch h\u1ee3p \u0111\u1ec3 \u0111eo trong c\u00e1c d\u1ecbp \u0111\u1eb7c bi\u1ec7t ho\u1eb7c s\u01b0u t\u1eadp Cho d\u00f9 \u0111eo nh\u01b0 m\u1ed9t m\u00f3n \u0111\u1ed3 trang s\u1ee9c n\u1ed5i b\u1eadt hay th\u00eam v\u00e0o trang ph\u1ee5c h\u00e0ng ng\u00e0y c\u1ee7a b\u1ea1n, chi\u1ebfc v\u00f2ng c\u1ed5 n\u00e0y ho\u00e0n h\u1ea3o cho b\u1ea5t k\u1ef3 ng\u01b0\u1eddi y\u00eau th\u00edch trang s\u1ee9c nam n\u00e0o \u0111ang t\u00ecm ki\u1ebfm phong c\u00e1ch thanh l\u1ecbch v\u00e0 gi\u1ea3n d\u1ecb. Thu\u1ed9c t\u00ednh s\u1ea3n ph\u1ea9m:<\/p>\n<ul>\n<li>C\u00f3 ch\u1ee9ng ch\u1ec9: C\u00f3 \u2013 <strong>S\u1ed1 ch\u1ee9ng ch\u1ec9 911189007926<\/strong>\n<\/li>\n<li>N\u01b0\u1edbc xu\u1ea5t x\u1ee9: Myanmar<\/li>\n<li>Nh\u00e2n d\u1ecbp: H\u00e0ng ng\u00e0y<\/li>\n<li>Lo\u1ea1i b\u1ea3o h\u00e0nh: Kh\u00f4ng c\u00f3 b\u1ea3o h\u00e0nh<\/li>\n<li>Gi\u1edbi t\u00ednh: Nam<\/li>\n<li>Lo\u1ea1i ng\u1ecdc b\u00edch: Jadeite<\/li>\n<li>V\u00f2ng c\u1ed5 phong c\u00e1ch gi\u1ea3n d\u1ecb<\/li>\n<\/ul>\n<p>H\u00e3y \u0111\u1ea7u t\u01b0 v\u00e0o v\u1ebb \u0111\u1eb9p v\u01b0\u1ee3t th\u1eddi gian c\u1ee7a ng\u1ecdc b\u00edch t\u1ef1 nhi\u00ean ngay h\u00f4m nay!<\/p>\n<p>\u00a0<\/p>\n<p>Yi Pin Qian \u2013 Nh\u00e0 bu\u00f4n \u0111\u00e1 qu\u00fd v\u00e0 kim lo\u1ea1i qu\u00fd t\u1ea1i Singapore \u2013 S\u1ed1 gi\u1ea5y ph\u00e9p PS20190000031<\/p>\n<p>\u00a0<\/p>\n<p>*T\u1ea5t c\u1ea3 c\u00e1c lo\u1ea1i Jadeite \u0111\u01b0\u1ee3c mua t\u1eeb Yi Pin Qian t\u1ea1i Singapore, kh\u00e1ch h\u00e0ng c\u00f3 th\u1ec3 \u0111\u1eb7t l\u1ecbch \u0111\u00e1nh b\u00f3ng ho\u1eb7c s\u1eeda ch\u1eefa nh\u1ecf do x\u1eed l\u00fd sai c\u00e1ch \u2013 c\u00f3 t\u00ednh ph\u00ed v\u00e0 ch\u1ec9 d\u00e0nh cho kh\u00e1ch h\u00e0ng c\u1ee7a Yi Pin Qian t\u1ea1i Singapore*<\/p>\n<p>\u00a0<\/p>\n<p><strong>**C\u00e1c lo\u1ea1i ch\u1ee9ng ch\u1ec9**<\/strong><\/p>\n<p>\u00a0<\/p>\n<p><strong>NGI (C\u00f4ng ty \u0110\u00e1 qu\u00fd Nan Yang)<\/strong><\/p>\n<p>ho\u1eb7c <strong>Ch\u1ee9ng ch\u1ec9 n\u01b0\u1edbc ngo\u00e0i <\/strong>(Yi Pin Qian ch\u1ec9 s\u1eed d\u1ee5ng c\u00e1c ch\u1ee9ng ch\u1ec9 x\u00e1c th\u1ef1c t\u1eeb c\u00e1c ph\u00f2ng th\u00ed nghi\u1ec7m \u1edf n\u01b0\u1edbc ngo\u00e0i v\u00e0 ki\u1ec3m so\u00e1t ch\u1ea5t l\u01b0\u1ee3ng m\u1ecdi s\u1ea3n ph\u1ea9m c\u1ee7a ch\u00fang t\u00f4i tr\u01b0\u1edbc khi \u0111\u01b0a ch\u00fang ra b\u00e1n t\u1ea1i Singapore)<\/p>\n<p>\u00a0<\/p>\n<p>M\u1ed7i s\u1ea3n ph\u1ea9m tr\u00ean TikTok s\u1ebd c\u00f3 lo\u1ea1i ch\u1ee9ng ch\u1ec9 \u0111\u01b0\u1ee3c cung c\u1ea5p \u0111\u01b0\u1ee3c n\u00eau trong ph\u1ea7n m\u00f4 t\u1ea3. \u0110\u1ed1i v\u1edbi b\u1ea5t k\u1ef3 kh\u00e1ch h\u00e0ng n\u00e0o mu\u1ed1n g\u1eedi \u0111\u01a1n h\u00e0ng c\u1ee7a m\u00ecnh \u0111\u1ebfn NGI Singapore, s\u1ebd c\u00f3 th\u1eddi gian ch\u1edd giao h\u00e0ng \u01b0\u1edbc t\u00ednh kho\u1ea3ng 4 tu\u1ea7n \u0111\u1ec3 nh\u1eadn \u0111\u01b0\u1ee3c \u0111\u01a1n h\u00e0ng c\u1ee7a b\u1ea1n. <strong>Y\u00eau c\u1ea7u b\u00e1o c\u00e1o v\u1ec1 NGI Gemstone c\u1ea7n \u0111\u01b0\u1ee3c th\u1ef1c hi\u1ec7n b\u1eb1ng c\u00e1ch nh\u1eafn tin \u0111\u1ebfn c\u1eeda h\u00e0ng TikTok Yi Pin Qian.<\/strong> C\u1ea3m \u01a1n, <strong><u>\u00e1p d\u1ee5ng th\u00eam ph\u00ed<\/u><\/strong>.<\/p>","protected":false},"excerpt":{"rendered":"<p>M\u1eb7t d\u00e2y chuy\u1ec1n Jadeite lo\u1ea1i A t\u1ef1 nhi\u00ean n\u00e0y l\u00e0 m\u1ed9t s\u1ef1 b\u1ed5 sung tuy\u1ec7t \u0111\u1eb9p cho b\u1ea5t k\u1ef3 b\u1ed9 s\u01b0u t\u1eadp trang s\u1ee9c n\u00e0o. \u0110\u01b0\u1ee3c ch\u1ea1m kh\u1eafc nh\u01b0 m\u1ed9t con r\u1ed3ng v\u1edbi t\u00f4ng m\u00e0u v\u00e0ng, m\u1eb7t d\u00e2y chuy\u1ec1n n\u00e0y n\u1eb7ng 103,37 gram v\u00e0 c\u00f3 k\u00edch th\u01b0\u1edbc 76,60 * 49,80 * 16,80 mm, ph\u00f9 h\u1ee3p cho c\u1ea3 trang ph\u1ee5c d\u1ef1 ti\u1ec7c v\u00e0 nh\u00e0 s\u01b0u t\u1eadp. \u0110\u01b0\u1ee3c ch\u1ebf t\u00e1c t\u1eeb Jadeite, chi\u1ebfc v\u00f2ng c\u1ed5 n\u00e0y to\u00e1t l\u00ean v\u1ebb thanh l\u1ecbch v\u00e0 tinh t\u1ebf v\u1edbi s\u1ef1 ph\u1ee9c t\u1ea1p c\u1ee7a n\u00f3 [\u2026]<\/p>","protected":false},"featured_media":6471,"comment_status":"open","ping_status":"closed","template":"","meta":[],"product_brand":[],"product_cat":[48],"product_tag":[],"class_list":{"0":"post-1614","1":"product","2":"type-product","3":"status-publish","4":"has-post-thumbnail","6":"product_cat-pendants","8":"first","9":"instock","10":"sale","11":"shipping-taxable","12":"purchasable","13":"product-type-simple"},"_links":{"self":[{"href":"https:\/\/shop.yipinqian.com\/vi\/wp-json\/wp\/v2\/product\/1614","targetHints":{"allow":["GET"]}}],"collection":[{"href":"https:\/\/shop.yipinqian.com\/vi\/wp-json\/wp\/v2\/product"}],"about":[{"href":"https:\/\/shop.yipinqian.com\/vi\/wp-json\/wp\/v2\/types\/product"}],"replies":[{"embeddable":true,"href":"https:\/\/shop.yipinqian.com\/vi\/wp-json\/wp\/v2\/comments?post=1614"}],"version-history":[{"count":0,"href":"https:\/\/shop.yipinqian.com\/vi\/wp-json\/wp\/v2\/product\/1614\/revisions"}],"wp:featuredmedia":[{"embeddable":true,"href":"https:\/\/shop.yipinqian.com\/vi\/wp-json\/wp\/v2\/media\/6471"}],"wp:attachment":[{"href":"https:\/\/shop.yipinqian.com\/vi\/wp-json\/wp\/v2\/media?parent=1614"}],"wp:term":[{"taxonomy":"product_brand","embeddable":true,"href":"https:\/\/shop.yipinqian.com\/vi\/wp-json\/wp\/v2\/product_brand?post=1614"},{"taxonomy":"product_cat","embeddable":true,"href":"https:\/\/shop.yipinqian.com\/vi\/wp-json\/wp\/v2\/product_cat?post=1614"},{"taxonomy":"product_tag","embeddable":true,"href":"https:\/\/shop.yipinqian.com\/vi\/wp-json\/wp\/v2\/product_tag?post=1614"}],"curies":[{"name":"wp","href":"https:\/\/api.w.org\/{rel}","templated":true}]}}