{"id":1612,"date":"2024-10-24T23:20:44","date_gmt":"2024-10-24T15:20:44","guid":{"rendered":"https:\/\/shop.yipinqian.com\/product\/natural-type-a-jadeite-pendant-with-ngi-gemstone-report-crafted-with-buddha-near-colorless-with-light-yellowish-brown-patches-with-good-translucency-weighs-40-07-grams-69-18-30-95-7-27-mm-pendant146\/"},"modified":"2025-02-24T01:34:17","modified_gmt":"2025-02-23T17:34:17","slug":"natural-type-a-jadeite-pendant-with-ngi-gemstone-report-crafted-with-buddha-near-colorless-with-light-yellowish-brown-patches-with-good-translucency-weighs-40-07-grams-69-18-30-95-7-27-mm-pendant146","status":"publish","type":"product","link":"https:\/\/shop.yipinqian.com\/vi\/san-pham\/natural-type-a-jadeite-pendant-with-ngi-gemstone-report-crafted-with-buddha-near-colorless-with-light-yellowish-brown-patches-with-good-translucency-weighs-40-07-grams-69-18-30-95-7-27-mm-pendant146\/","title":{"rendered":"M\u1eb7t d\u00e2y chuy\u1ec1n Jadeite lo\u1ea1i A t\u1ef1 nhi\u00ean v\u1edbi B\u00e1o c\u00e1o \u0111\u00e1 qu\u00fd NGI \u0110\u01b0\u1ee3c ch\u1ebf t\u00e1c v\u1edbi h\u00ecnh \u1ea3nh \u0110\u1ee9c Ph\u1eadt g\u1ea7n nh\u01b0 kh\u00f4ng m\u00e0u v\u1edbi c\u00e1c m\u1ea3ng m\u00e0u n\u00e2u v\u00e0ng nh\u1ea1t c\u00f3 \u0111\u1ed9 trong m\u1edd t\u1ed1t, n\u1eb7ng 40,07 gram, 69,18 * 30,95 * 7,27 mm (m\u1eb7t d\u00e2y chuy\u1ec1n146)"},"content":{"rendered":"<p>M\u1eb7t d\u00e2y chuy\u1ec1n ng\u1ecdc b\u00edch lo\u1ea1i A t\u1ef1 nhi\u00ean n\u00e0y l\u00e0 m\u1ed9t m\u00f3n \u0111\u1ed3 trang s\u1ee9c tuy\u1ec7t \u0111\u1eb9p c\u00f3 ch\u1ea1m kh\u1eafc h\u00ecnh \u0110\u1ee9c Ph\u1eadt v\u00e0 c\u00f3 B\u00e1o c\u00e1o \u0111\u00e1 qu\u00fd NGI.<\/p>\n<p><strong>S\u1ed1 b\u00e1o c\u00e1o NGI: 16817289<\/strong><\/p>\n<p>M\u1eb7t d\u00e2y chuy\u1ec1n c\u00f3 v\u1ebb ngo\u00e0i g\u1ea7n nh\u01b0 kh\u00f4ng m\u00e0u v\u1edbi c\u00e1c m\u1ea3ng m\u00e0u n\u00e2u v\u00e0ng nh\u1ea1t v\u00e0 \u0111\u1ed9 trong m\u1edd t\u1ed1t, mang l\u1ea1i v\u1ebb ngo\u00e0i thanh l\u1ecbch.<\/p>\n<p>V\u1edbi tr\u1ecdng l\u01b0\u1ee3ng 40,07 gram v\u00e0 k\u00edch th\u01b0\u1edbc 69,18 * 30,95 * 7,27 mm, m\u1eb7t d\u00e2y chuy\u1ec1n n\u00e0y ho\u00e0n h\u1ea3o \u0111\u1ec3 t\u0103ng th\u00eam n\u00e9t quy\u1ebfn r\u0169 cho b\u1ea5t k\u1ef3 trang ph\u1ee5c n\u00e0o.<\/p>\n<p>C\u00e1c t\u00ednh n\u0103ng ch\u00ednh: \u2013 M\u1eb7t d\u00e2y chuy\u1ec1n Jadeite lo\u1ea1i A t\u1ef1 nhi\u00ean \u2013 B\u00e1o c\u00e1o \u0111\u00e1 qu\u00fd NGI \u2013 Ch\u1ea1m kh\u1eafc Ph\u1eadt \u2013 V\u1ebb ngo\u00e0i g\u1ea7n nh\u01b0 kh\u00f4ng m\u00e0u v\u1edbi c\u00e1c m\u1ea3ng m\u00e0u n\u00e2u v\u00e0ng nh\u1ea1t \u2013 \u0110\u1ed9 trong m\u1edd t\u1ed1t \u2013 N\u1eb7ng 40,07 gram \u2013 K\u00edch th\u01b0\u1edbc: 69,18 * 30,95 * 7,27 mm<\/p>\n<p><img fetchpriority=\"high\" decoding=\"async\" height=\"1080\" src=\"https:\/\/shop.yipinqian.com\/wp-content\/uploads\/2024\/10\/e69c8bf59d364b19746e0ac3ef9ebd7c.jpg?from=476444299\" width=\"1080\"><\/p>\n<p>Ki\u1ec3u v\u00f2ng c\u1ed5 unisex n\u00e0y c\u00f3 thi\u1ebft k\u1ebf gi\u1ea3n d\u1ecb, c\u00f3 th\u1ec3 \u0111eo trong m\u1ecdi d\u1ecbp, r\u1ea5t ph\u00f9 h\u1ee3p \u0111\u1ec3 \u0111eo h\u00e0ng ng\u00e0y ho\u1eb7c l\u00e0m qu\u00e0 t\u1eb7ng thanh l\u1ecbch cho ng\u01b0\u1eddi th\u00e2n y\u00eau c\u1ee7a b\u1ea1n. Thu\u1ed9c t\u00ednh s\u1ea3n ph\u1ea9m:<\/p>\n<ul>\n<li>C\u00f3 ch\u1ee9ng ch\u1ec9: C\u00f3<\/li>\n<li>Lo\u1ea1i b\u1ea3o h\u00e0nh: Kh\u00f4ng b\u1ea3o h\u00e0nh<\/li>\n<li>Gi\u1edbi t\u00ednh: Unisex<\/li>\n<li>Ki\u1ec3u v\u00f2ng c\u1ed5: Th\u01b0\u1eddng ng\u00e0y<\/li>\n<\/ul>\n<p>H\u00e3y \u0111\u1ea7u t\u01b0 v\u00e0o M\u1eb7t d\u00e2y chuy\u1ec1n Ng\u1ecdc b\u00edch lo\u1ea1i A t\u1ef1 nhi\u00ean tuy\u1ec7t \u0111\u1eb9p n\u00e0y t\u1eeb Yi Pin Qian \u2013 C\u00f4ng ty kinh doanh \u0111\u00e1 qu\u00fd \u0111\u01b0\u1ee3c c\u1ea5p ph\u00e9p ngay h\u00f4m nay!<\/p>\n<p>Yi Pin Qian \u2013 Nh\u00e0 bu\u00f4n \u0111\u00e1 qu\u00fd v\u00e0 kim lo\u1ea1i qu\u00fd t\u1ea1i Singapore \u2013 S\u1ed1 gi\u1ea5y ph\u00e9p PS20190000031<\/p>\n<p>*T\u1ea5t c\u1ea3 c\u00e1c lo\u1ea1i Jadeite \u0111\u01b0\u1ee3c mua t\u1eeb Yi Pin Qian t\u1ea1i Singapore, kh\u00e1ch h\u00e0ng c\u00f3 th\u1ec3 \u0111\u1eb7t l\u1ecbch \u0111\u00e1nh b\u00f3ng ho\u1eb7c s\u1eeda ch\u1eefa nh\u1ecf do x\u1eed l\u00fd sai c\u00e1ch \u2013 c\u00f3 t\u00ednh ph\u00ed v\u00e0 ch\u1ec9 d\u00e0nh cho kh\u00e1ch h\u00e0ng c\u1ee7a Yi Pin Qian t\u1ea1i Singapore*<\/p>\n<ul>\n<li> <\/li>\n<\/ul>\n<p>NGI (C\u00f4ng ty \u0110\u00e1 qu\u00fd Nan Yang)<\/p>\n<p>ho\u1eb7c ch\u1ee9ng ch\u1ec9 n\u01b0\u1edbc ngo\u00e0i (Yi Pin Qian ch\u1ec9 s\u1eed d\u1ee5ng ch\u1ee9ng ch\u1ec9 x\u00e1c th\u1ef1c t\u1eeb c\u00e1c ph\u00f2ng th\u00ed nghi\u1ec7m \u1edf n\u01b0\u1edbc ngo\u00e0i v\u00e0 c\u0169ng ki\u1ec3m so\u00e1t ch\u1ea5t l\u01b0\u1ee3ng m\u1ecdi s\u1ea3n ph\u1ea9m c\u1ee7a ch\u00fang t\u00f4i tr\u01b0\u1edbc khi \u0111\u01b0a ch\u00fang ra b\u00e1n t\u1ea1i Singapore)<\/p>\n<p> <\/p>\n<p>M\u1ed7i s\u1ea3n ph\u1ea9m tr\u00ean TikTok s\u1ebd c\u00f3 lo\u1ea1i ch\u1ee9ng ch\u1ec9 \u0111\u01b0\u1ee3c cung c\u1ea5p \u0111\u01b0\u1ee3c ch\u1ec9 \u0111\u1ecbnh trong ph\u1ea7n m\u00f4 t\u1ea3. \u0110\u1ed1i v\u1edbi b\u1ea5t k\u1ef3 kh\u00e1ch h\u00e0ng n\u00e0o mu\u1ed1n g\u1eedi \u0111\u01a1n h\u00e0ng c\u1ee7a m\u00ecnh \u0111\u1ebfn NGI Singapore, s\u1ebd c\u00f3 th\u1eddi gian ch\u1edd giao h\u00e0ng \u01b0\u1edbc t\u00ednh kho\u1ea3ng 4 tu\u1ea7n \u0111\u1ec3 nh\u1eadn \u0111\u01b0\u1ee3c \u0111\u01a1n h\u00e0ng c\u1ee7a b\u1ea1n. Y\u00eau c\u1ea7u b\u00e1o c\u00e1o v\u1ec1 \u0111\u00e1 qu\u00fd NGI c\u1ea7n \u0111\u01b0\u1ee3c th\u1ef1c hi\u1ec7n b\u1eb1ng c\u00e1ch nh\u1eafn tin cho c\u1eeda h\u00e0ng Yi Pin Qian TikTok. C\u1ea3m \u01a1n b\u1ea1n, ch\u00fang t\u00f4i s\u1ebd \u00e1p d\u1ee5ng th\u00eam ph\u00ed.<\/p>","protected":false},"excerpt":{"rendered":"<p>M\u1eb7t d\u00e2y chuy\u1ec1n Jadeite lo\u1ea1i A t\u1ef1 nhi\u00ean n\u00e0y l\u00e0 m\u1ed9t m\u00f3n \u0111\u1ed3 trang s\u1ee9c tuy\u1ec7t \u0111\u1eb9p c\u00f3 ch\u1ea1m kh\u1eafc h\u00ecnh \u0110\u1ee9c Ph\u1eadt v\u00e0 c\u00f3 B\u00e1o c\u00e1o \u0111\u00e1 qu\u00fd NGI. S\u1ed1 b\u00e1o c\u00e1o NGI: 16817289 M\u1eb7t d\u00e2y chuy\u1ec1n c\u00f3 v\u1ebb ngo\u00e0i g\u1ea7n nh\u01b0 kh\u00f4ng m\u00e0u tuy\u1ec7t \u0111\u1eb9p v\u1edbi c\u00e1c m\u1ea3ng m\u00e0u n\u00e2u v\u00e0ng nh\u1ea1t v\u00e0 \u0111\u1ed9 trong m\u1edd t\u1ed1t, mang l\u1ea1i v\u1ebb ngo\u00e0i thanh l\u1ecbch. V\u1edbi tr\u1ecdng l\u01b0\u1ee3ng 40,07 gam v\u00e0 k\u00edch th\u01b0\u1edbc 69,18 [\u2026]<\/p>","protected":false},"featured_media":6459,"comment_status":"open","ping_status":"closed","template":"","meta":[],"product_brand":[],"product_cat":[196],"product_tag":[],"class_list":{"0":"post-1612","1":"product","2":"type-product","3":"status-publish","4":"has-post-thumbnail","6":"product_cat-vault-collection","8":"first","9":"instock","10":"sale","11":"shipping-taxable","12":"purchasable","13":"product-type-simple"},"_links":{"self":[{"href":"https:\/\/shop.yipinqian.com\/vi\/wp-json\/wp\/v2\/product\/1612","targetHints":{"allow":["GET"]}}],"collection":[{"href":"https:\/\/shop.yipinqian.com\/vi\/wp-json\/wp\/v2\/product"}],"about":[{"href":"https:\/\/shop.yipinqian.com\/vi\/wp-json\/wp\/v2\/types\/product"}],"replies":[{"embeddable":true,"href":"https:\/\/shop.yipinqian.com\/vi\/wp-json\/wp\/v2\/comments?post=1612"}],"version-history":[{"count":0,"href":"https:\/\/shop.yipinqian.com\/vi\/wp-json\/wp\/v2\/product\/1612\/revisions"}],"wp:featuredmedia":[{"embeddable":true,"href":"https:\/\/shop.yipinqian.com\/vi\/wp-json\/wp\/v2\/media\/6459"}],"wp:attachment":[{"href":"https:\/\/shop.yipinqian.com\/vi\/wp-json\/wp\/v2\/media?parent=1612"}],"wp:term":[{"taxonomy":"product_brand","embeddable":true,"href":"https:\/\/shop.yipinqian.com\/vi\/wp-json\/wp\/v2\/product_brand?post=1612"},{"taxonomy":"product_cat","embeddable":true,"href":"https:\/\/shop.yipinqian.com\/vi\/wp-json\/wp\/v2\/product_cat?post=1612"},{"taxonomy":"product_tag","embeddable":true,"href":"https:\/\/shop.yipinqian.com\/vi\/wp-json\/wp\/v2\/product_tag?post=1612"}],"curies":[{"name":"wp","href":"https:\/\/api.w.org\/{rel}","templated":true}]}}