{"id":1610,"date":"2024-10-24T23:20:43","date_gmt":"2024-10-24T15:20:43","guid":{"rendered":"https:\/\/shop.yipinqian.com\/product\/natural-type-a-jadeite-jewellery-pendant-carved-with-dragon-weighs-at-30-06-grams-50-32-23-30-12-93-mm-with-gemstone-report-from-ngi-very-good-translucency-with-faint-greenish-blue-pendant140\/"},"modified":"2025-07-08T10:55:05","modified_gmt":"2025-07-08T02:55:05","slug":"natural-type-a-jadeite-jewellery-pendant-carved-with-dragon-weighs-at-30-06-grams-50-32-23-30-12-93-mm-with-gemstone-report-from-ngi-very-good-translucency-with-faint-greenish-blue-pendant140","status":"publish","type":"product","link":"https:\/\/shop.yipinqian.com\/vi\/san-pham\/natural-type-a-jadeite-jewellery-pendant-carved-with-dragon-weighs-at-30-06-grams-50-32-23-30-12-93-mm-with-gemstone-report-from-ngi-very-good-translucency-with-faint-greenish-blue-pendant140\/","title":{"rendered":"M\u1eb7t d\u00e2y chuy\u1ec1n trang s\u1ee9c b\u1eb1ng ng\u1ecdc b\u00edch lo\u1ea1i A t\u1ef1 nhi\u00ean \u0111\u01b0\u1ee3c ch\u1ea1m kh\u1eafc h\u00ecnh r\u1ed3ng n\u1eb7ng 30,06 gram, k\u00edch th\u01b0\u1edbc 50,32 * 23,30 * 12,93 mm \u2013 c\u00f3 b\u00e1o c\u00e1o v\u1ec1 \u0111\u00e1 qu\u00fd t\u1eeb NGI \u2013 \u0110\u1ed9 trong m\u1edd r\u1ea5t t\u1ed1t v\u1edbi m\u00e0u xanh l\u1ee5c nh\u1ea1t (m\u1eb7t d\u00e2y chuy\u1ec1n140)"},"content":{"rendered":"<h2>Jewellery Pendant carved with dragon<br \/>\n<iframe title=\"Jewellery Pendant carved with dragon\" src=\"https:\/\/youtube.com\/embed\/_pW8cyR_LGE\/\" width=\"330\" height=\"300\"><\/iframe><\/h2>\n<ul>\n<li>M\u1eb7t d\u00e2y chuy\u1ec1n trang s\u1ee9c Jadeite lo\u1ea1i A t\u1ef1 nhi\u00ean n\u00e0y l\u00e0 m\u1ed9t s\u1ef1 b\u1ed5 sung tuy\u1ec7t \u0111\u1eb9p cho b\u1ea5t k\u1ef3 b\u1ed9 s\u01b0u t\u1eadp trang s\u1ee9c n\u00e0o. H\u00ecnh r\u1ed3ng ch\u1ea1m kh\u1eafc tr\u00ean m\u1eb7t d\u00e2y chuy\u1ec1n t\u1ea1o th\u00eam n\u00e9t thanh l\u1ecbch v\u00e0 tinh t\u1ebf kh\u00f4ng c\u00f3 \u1edf h\u1ea7u h\u1ebft c\u00e1c lo\u1ea1i v\u00f2ng c\u1ed5.<\/li>\n<\/ul>\n<p><strong>S\u1ed1 b\u00e1o c\u00e1o NGI: 16817288<\/strong><\/p>\n<p><img fetchpriority=\"high\" decoding=\"async\" class=\"alignnone\" src=\"https:\/\/shop.yipinqian.com\/wp-content\/uploads\/2024\/10\/75d9e83d7808806b3351ab974715e849.jpg?from=476444299\" alt=\"Jewellery Pendant carved with dragon\" width=\"1080\" height=\"1080\" \/><\/p>\n<ul>\n<li>M\u1eb7t d\u00e2y chuy\u1ec1n n\u1eb7ng 30,06 gam v\u00e0 c\u00f3 k\u00edch th\u01b0\u1edbc 50,32 * 23,30 * 12,93 mm, c\u00f3 k\u00edch th\u01b0\u1edbc ho\u00e0n h\u1ea3o cho c\u1ea3 nh\u1eefng bu\u1ed5i \u0111i ch\u01a1i b\u00ecnh th\u01b0\u1eddng v\u00e0 nh\u1eefng s\u1ef1 ki\u1ec7n trang tr\u1ecdng.<\/li>\n<\/ul>\n<ul>\n<li>M\u1ed9t trong nh\u1eefng \u0111\u1eb7c \u0111i\u1ec3m n\u1ed5i b\u1eadt c\u1ee7a m\u1eb7t d\u00e2y chuy\u1ec1n n\u00e0y l\u00e0 b\u00e1o c\u00e1o \u0111\u00e1 qu\u00fd t\u1eeb NGI, ch\u1ee9ng nh\u1eadn \u0111\u00e2y l\u00e0 M\u1eb7t d\u00e2y chuy\u1ec1n trang s\u1ee9c b\u1eb1ng ng\u1ecdc b\u00edch t\u1ef1 nhi\u00ean lo\u1ea1i A c\u00f3 \u0111\u1ed9 trong su\u1ed1t r\u1ea5t t\u1ed1t v\u1edbi m\u00e0u xanh l\u1ee5c nh\u1ea1t, khi\u1ebfn n\u00f3 th\u1ef1c s\u1ef1 \u0111\u1ed9c \u0111\u00e1o.<\/li>\n<\/ul>\n<ul>\n<li>\u0110\u1ed1i v\u1edbi nh\u1eefng ai coi tr\u1ecdng t\u00ednh x\u00e1c th\u1ef1c trong b\u1ed9 s\u01b0u t\u1eadp trang s\u1ee9c c\u1ee7a m\u00ecnh, s\u1ea3n ph\u1ea9m n\u00e0y \u0111i k\u00e8m v\u1edbi ch\u1ee9ng ch\u1ec9 \u0111\u1ea3m b\u1ea3o r\u1eb1ng b\u1ea1n ch\u1ec9 nh\u1eadn \u0111\u01b0\u1ee3c nh\u1eefng v\u1eadt li\u1ec7u ch\u1ea5t l\u01b0\u1ee3ng t\u1ed1t nh\u1ea5t hi\u1ec7n c\u00f3.<\/li>\n<\/ul>\n<ul>\n<li>Ki\u1ec3u v\u00f2ng c\u1ed5 n\u00e0y ho\u00e0n h\u1ea3o cho trang ph\u1ee5c th\u01b0\u1eddng ng\u00e0y, c\u00f3 th\u1ec3 ph\u1ed1i h\u1ee3p trang tr\u1ecdng ho\u1eb7c gi\u1ea3n d\u1ecb t\u00f9y theo nhu c\u1ea7u ho\u1eb7c s\u1edf th\u00edch c\u1ee7a b\u1ea1n.<\/li>\n<\/ul>\n<ul>\n<li>Cho d\u00f9 b\u1ea1n \u0111ang mu\u1ed1n t\u1ef1 th\u01b0\u1edfng cho m\u00ecnh ho\u1eb7c m\u1ed9t ng\u01b0\u1eddi \u0111\u1eb7c bi\u1ec7t n\u00e0o \u0111\u00f3 trong cu\u1ed9c s\u1ed1ng m\u1ed9t m\u00f3n \u0111\u1ed3 th\u1ef1c s\u1ef1 \u0111\u1ed9c \u0111\u00e1o v\u00e0 \u0111\u1eb9p \u0111\u1ebd th\u00ec M\u1eb7t d\u00e2y chuy\u1ec1n trang s\u1ee9c b\u1eb1ng ng\u1ecdc b\u00edch lo\u1ea1i A t\u1ef1 nhi\u00ean \u0111\u01b0\u1ee3c ch\u1ea1m kh\u1eafc h\u00ecnh r\u1ed3ng n\u00e0y ch\u1eafc ch\u1eafn s\u1ebd g\u00e2y \u1ea5n t\u01b0\u1ee3ng!<\/li>\n<\/ul>\n<p>Yi Pin Qian \u2013 Nh\u00e0 bu\u00f4n \u0111\u00e1 qu\u00fd v\u00e0 kim lo\u1ea1i qu\u00fd t\u1ea1i Singapore \u2013 S\u1ed1 gi\u1ea5y ph\u00e9p PS20190000031<\/p>\n<p>*T\u1ea5t c\u1ea3 c\u00e1c lo\u1ea1i Jadeite \u0111\u01b0\u1ee3c mua t\u1eeb Yi Pin Qian t\u1ea1i Singapore, kh\u00e1ch h\u00e0ng c\u00f3 th\u1ec3 \u0111\u1eb7t l\u1ecbch \u0111\u00e1nh b\u00f3ng ho\u1eb7c s\u1eeda ch\u1eefa nh\u1ecf do x\u1eed l\u00fd sai c\u00e1ch \u2013 c\u00f3 t\u00ednh ph\u00ed v\u00e0 ch\u1ec9 d\u00e0nh cho kh\u00e1ch h\u00e0ng c\u1ee7a Yi Pin Qian t\u1ea1i Singapore*<\/p>\n<p>Yi Pin Qian \u2013 Tinh t\u00fay qu\u00fd gi\u00e1 c\u1ee7a b\u1ea1n<\/p>\n<ul>\n<li><\/li>\n<\/ul>\n<p>NGI (C\u00f4ng ty \u0110\u00e1 qu\u00fd Nan Yang)<\/p>\n<p>ho\u1eb7c ch\u1ee9ng ch\u1ec9 n\u01b0\u1edbc ngo\u00e0i (Yi Pin Qian ch\u1ec9 s\u1eed d\u1ee5ng ch\u1ee9ng ch\u1ec9 x\u00e1c th\u1ef1c t\u1eeb c\u00e1c ph\u00f2ng th\u00ed nghi\u1ec7m \u1edf n\u01b0\u1edbc ngo\u00e0i v\u00e0 c\u0169ng ki\u1ec3m so\u00e1t ch\u1ea5t l\u01b0\u1ee3ng m\u1ecdi s\u1ea3n ph\u1ea9m c\u1ee7a ch\u00fang t\u00f4i tr\u01b0\u1edbc khi \u0111\u01b0a ch\u00fang ra b\u00e1n t\u1ea1i Singapore)<\/p>\n<p>M\u1ed7i s\u1ea3n ph\u1ea9m tr\u00ean TikTok s\u1ebd c\u00f3 lo\u1ea1i ch\u1ee9ng ch\u1ec9 \u0111\u01b0\u1ee3c cung c\u1ea5p \u0111\u01b0\u1ee3c ch\u1ec9 \u0111\u1ecbnh trong ph\u1ea7n m\u00f4 t\u1ea3. \u0110\u1ed1i v\u1edbi b\u1ea5t k\u1ef3 kh\u00e1ch h\u00e0ng n\u00e0o mu\u1ed1n g\u1eedi \u0111\u01a1n h\u00e0ng c\u1ee7a m\u00ecnh \u0111\u1ebfn NGI Singapore, s\u1ebd c\u00f3 th\u1eddi gian ch\u1edd giao h\u00e0ng \u01b0\u1edbc t\u00ednh kho\u1ea3ng 4 tu\u1ea7n \u0111\u1ec3 nh\u1eadn \u0111\u01b0\u1ee3c \u0111\u01a1n h\u00e0ng c\u1ee7a b\u1ea1n. Y\u00eau c\u1ea7u b\u00e1o c\u00e1o v\u1ec1 \u0111\u00e1 qu\u00fd NGI c\u1ea7n \u0111\u01b0\u1ee3c th\u1ef1c hi\u1ec7n b\u1eb1ng c\u00e1ch nh\u1eafn tin cho c\u1eeda h\u00e0ng Yi Pin Qian TikTok. C\u1ea3m \u01a1n b\u1ea1n, ch\u00fang t\u00f4i s\u1ebd \u00e1p d\u1ee5ng th\u00eam ph\u00ed.<\/p>","protected":false},"excerpt":{"rendered":"<h2>Jewellery Pendant carved with dragon<\/h2>\n<p><img decoding=\"async\" class=\"aligncenter size-medium wp-image-22210\" src=\"https:\/\/shop.yipinqian.com\/wp-content\/uploads\/2024\/10\/WhatsApp-Image-2024-05-09-at-16.47.15_307a46fd-300x300.jpg\" alt=\"Jewellery Pendant carved with dragon\" width=\"300\" height=\"300\" srcset=\"https:\/\/shop.yipinqian.com\/wp-content\/uploads\/2024\/10\/WhatsApp-Image-2024-05-09-at-16.47.15_307a46fd-300x300.jpg 300w, https:\/\/shop.yipinqian.com\/wp-content\/uploads\/2024\/10\/WhatsApp-Image-2024-05-09-at-16.47.15_307a46fd-1024x1024.jpg 1024w, https:\/\/shop.yipinqian.com\/wp-content\/uploads\/2024\/10\/WhatsApp-Image-2024-05-09-at-16.47.15_307a46fd-150x150.jpg 150w, https:\/\/shop.yipinqian.com\/wp-content\/uploads\/2024\/10\/WhatsApp-Image-2024-05-09-at-16.47.15_307a46fd-768x768.jpg 768w, https:\/\/shop.yipinqian.com\/wp-content\/uploads\/2024\/10\/WhatsApp-Image-2024-05-09-at-16.47.15_307a46fd-12x12.jpg 12w, https:\/\/shop.yipinqian.com\/wp-content\/uploads\/2024\/10\/WhatsApp-Image-2024-05-09-at-16.47.15_307a46fd-500x500.jpg 500w, https:\/\/shop.yipinqian.com\/wp-content\/uploads\/2024\/10\/WhatsApp-Image-2024-05-09-at-16.47.15_307a46fd-100x100.jpg 100w, https:\/\/shop.yipinqian.com\/wp-content\/uploads\/2024\/10\/WhatsApp-Image-2024-05-09-at-16.47.15_307a46fd.jpg 1080w\" sizes=\"(max-width: 300px) 100vw, 300px\" \/><\/p>","protected":false},"featured_media":6439,"comment_status":"open","ping_status":"closed","template":"","meta":[],"product_brand":[],"product_cat":[196],"product_tag":[],"class_list":{"0":"post-1610","1":"product","2":"type-product","3":"status-publish","4":"has-post-thumbnail","6":"product_cat-vault-collection","8":"first","9":"instock","10":"sale","11":"shipping-taxable","12":"purchasable","13":"product-type-simple"},"_links":{"self":[{"href":"https:\/\/shop.yipinqian.com\/vi\/wp-json\/wp\/v2\/product\/1610","targetHints":{"allow":["GET"]}}],"collection":[{"href":"https:\/\/shop.yipinqian.com\/vi\/wp-json\/wp\/v2\/product"}],"about":[{"href":"https:\/\/shop.yipinqian.com\/vi\/wp-json\/wp\/v2\/types\/product"}],"replies":[{"embeddable":true,"href":"https:\/\/shop.yipinqian.com\/vi\/wp-json\/wp\/v2\/comments?post=1610"}],"version-history":[{"count":0,"href":"https:\/\/shop.yipinqian.com\/vi\/wp-json\/wp\/v2\/product\/1610\/revisions"}],"wp:featuredmedia":[{"embeddable":true,"href":"https:\/\/shop.yipinqian.com\/vi\/wp-json\/wp\/v2\/media\/6439"}],"wp:attachment":[{"href":"https:\/\/shop.yipinqian.com\/vi\/wp-json\/wp\/v2\/media?parent=1610"}],"wp:term":[{"taxonomy":"product_brand","embeddable":true,"href":"https:\/\/shop.yipinqian.com\/vi\/wp-json\/wp\/v2\/product_brand?post=1610"},{"taxonomy":"product_cat","embeddable":true,"href":"https:\/\/shop.yipinqian.com\/vi\/wp-json\/wp\/v2\/product_cat?post=1610"},{"taxonomy":"product_tag","embeddable":true,"href":"https:\/\/shop.yipinqian.com\/vi\/wp-json\/wp\/v2\/product_tag?post=1610"}],"curies":[{"name":"wp","href":"https:\/\/api.w.org\/{rel}","templated":true}]}}