{"id":1609,"date":"2024-10-24T23:20:43","date_gmt":"2024-10-24T15:20:43","guid":{"rendered":"https:\/\/shop.yipinqian.com\/product\/natural-type-a-jadeite-jewellery-pendant-carved-as-milo-buddha-with-ruyi-with-gemstone-report-from-ngi-weighs-at-218-34-grams-53-35-42-19-12-02-mm-translucent-with-faint-to-light-green-with-good-trans\/"},"modified":"2025-07-17T11:47:52","modified_gmt":"2025-07-17T03:47:52","slug":"natural-type-a-jadeite-jewellery-pendant-carved-as-milo-buddha-with-ruyi-with-gemstone-report-from-ngi-weighs-at-218-34-grams-53-35-42-19-12-02-mm-translucent-with-faint-to-light-green-with-good-trans","status":"publish","type":"product","link":"https:\/\/shop.yipinqian.com\/vi\/san-pham\/natural-type-a-jadeite-jewellery-pendant-carved-as-milo-buddha-with-ruyi-with-gemstone-report-from-ngi-weighs-at-218-34-grams-53-35-42-19-12-02-mm-translucent-with-faint-to-light-green-with-good-trans\/","title":{"rendered":"M\u1eb7t d\u00e2y chuy\u1ec1n trang s\u1ee9c b\u1eb1ng ng\u1ecdc b\u00edch lo\u1ea1i A t\u1ef1 nhi\u00ean \u0111\u01b0\u1ee3c ch\u1ea1m kh\u1eafc th\u00e0nh h\u00ecnh \u0110\u1ee9c Ph\u1eadt Milo v\u1edbi Ruyi c\u00f3 b\u00e1o c\u00e1o v\u1ec1 \u0111\u00e1 qu\u00fd t\u1eeb NGI n\u1eb7ng 218,34 gram, k\u00edch th\u01b0\u1edbc 53,35 * 42,19 * 12,02 mm, trong m\u1edd v\u1edbi m\u00e0u xanh l\u1ee5c nh\u1ea1t \u0111\u1ebfn xanh l\u1ee5c nh\u1ea1t c\u00f3 \u0111\u1ed9 trong m\u1edd t\u1ed1t, m\u1eb7t d\u00e2y chuy\u1ec1n ch\u1ea5t l\u01b0\u1ee3ng cao c\u1ea5p (m\u1eb7t d\u00e2y chuy\u1ec1n156)"},"content":{"rendered":"<h2>Natural Type A Jadeite Jewellery Pendant carved as Milo Buddha<\/h2>\n<p><iframe title=\"Natural Type A Jadeite Jewellery Pendant carved as Milo Buddha\" src=\"https:\/\/youtube.com\/embed\/QDxdYiqx3lY\/\" width=\"330\" height=\"300\"><span data-mce-type=\"bookmark\" style=\"display: inline-block; width: 0px; overflow: hidden; line-height: 0;\" class=\"mce_SELRES_start\"><\/span><\/iframe><br \/>\nM\u1eb7t d\u00e2y chuy\u1ec1n trang s\u1ee9c Jadeite lo\u1ea1i A t\u1ef1 nhi\u00ean n\u00e0y l\u00e0 m\u1ed9t v\u1ebb \u0111\u1eb9p \u0111\u1ed9c nh\u1ea5t v\u00f4 nh\u1ecb s\u1ebd t\u0103ng th\u00eam s\u1ef1 thanh l\u1ecbch cho b\u1ea5t k\u1ef3 trang ph\u1ee5c n\u00e0o. M\u1eb7t d\u00e2y chuy\u1ec1n \u0111\u01b0\u1ee3c ch\u1ea1m kh\u1eafc nh\u01b0 Ph\u1eadt Di L\u1eb7c v\u1edbi Ruyi v\u00e0 c\u00f3 m\u00e0u xanh l\u1ee5c nh\u1ea1t trong m\u1edd v\u1edbi \u0111\u1ed9 trong su\u1ed1t t\u1ed1t.<\/p>\n<p><strong>S\u1ed1 b\u00e1o c\u00e1o NGI: 63837040<\/strong><\/p>\n<ul>\n<li><strong>B\u00e1o c\u00e1o v\u1ec1 \u0111\u00e1 qu\u00fd:<\/strong> M\u1eb7t d\u00e2y chuy\u1ec1n n\u00e0y \u0111i k\u00e8m v\u1edbi b\u00e1o c\u00e1o \u0111\u00e1 qu\u00fd t\u1eeb NGI, kh\u1eb3ng \u0111\u1ecbnh ch\u1ea5t l\u01b0\u1ee3ng cao c\u1ea5p v\u00e0 t\u0103ng th\u00eam gi\u00e1 tr\u1ecb c\u1ee7a n\u00f3.<\/li>\n<li><strong>Tr\u1ecdng l\u01b0\u1ee3ng v\u00e0 k\u00edch th\u01b0\u1edbc:<\/strong> V\u1edbi tr\u1ecdng l\u01b0\u1ee3ng 218,34 gram, m\u1eb7t d\u00e2y chuy\u1ec1n n\u00e0y c\u00f3 k\u00edch th\u01b0\u1edbc 53,35 * 42,19 * 12,02 mm, khi\u1ebfn n\u00f3 tr\u1edf th\u00e0nh m\u1ed9t m\u00f3n \u0111\u1ed3 trang s\u1ee9c b\u1eaft m\u1eaft ch\u1eafc ch\u1eafn s\u1ebd thu h\u00fat m\u1ecdi \u00e1nh nh\u00ecn.<\/li>\n<\/ul>\n<p>M\u1eb7t d\u00e2y chuy\u1ec1n trang s\u1ee9c b\u1eb1ng ng\u1ecdc b\u00edch lo\u1ea1i A t\u1ef1 nhi\u00ean c\u00f3 thi\u1ebft k\u1ebf ph\u00f9 h\u1ee3p cho c\u1ea3 nam v\u00e0 n\u1eef, ho\u00e0n h\u1ea3o \u0111\u1ec3 \u0111eo h\u00e0ng ng\u00e0y v\u00ec n\u00f3 mang \u0111\u1ebfn n\u00e9t thanh l\u1ecbch cho b\u1ea5t k\u1ef3 trang ph\u1ee5c n\u00e0o b\u1ea1n ph\u1ed1i c\u00f9ng.<\/p>\n<ul>\n<li><strong>Gi\u1ea5y ch\u1ee9ng nh\u1eadn:<\/strong> M\u1eb7t d\u00e2y chuy\u1ec1n n\u00e0y c\u00f3 k\u00e8m theo gi\u1ea5y ch\u1ee9ng nh\u1eadn h\u00e0ng th\u1eadt n\u00ean b\u1ea1n c\u00f3 th\u1ec3 y\u00ean t\u00e2m r\u1eb1ng m\u00ecnh \u0111ang mua h\u00e0ng th\u1eadt.<\/li>\n<\/ul>\n<p><img fetchpriority=\"high\" decoding=\"async\" class=\"alignnone\" src=\"https:\/\/shop.yipinqian.com\/wp-content\/uploads\/2024\/10\/ea7a44dc229e61195869a227b0bb048a.jpg?from=476444299\" alt=\"Natural Type A Jadeite Jewellery Pendant carved as Milo Buddha\" width=\"1080\" height=\"1080\" \/><\/p>\n<ul>\n<li><strong>Kh\u00f4ng b\u1ea3o h\u00e0nh:<\/strong> S\u1ea3n ph\u1ea9m n\u00e0y kh\u00f4ng \u0111\u01b0\u1ee3c b\u1ea3o h\u00e0nh<\/li>\n<\/ul>\n<p>Ki\u1ec3u d\u00e1ng v\u00f2ng c\u1ed5 thanh l\u1ecbch c\u1ee7a t\u00e1c ph\u1ea9m n\u00e0y b\u1ed5 sung cho t\u00e1c ph\u1ea9m \u0111i\u00eau kh\u1eafc Ph\u1eadt Milo m\u1ed9t c\u00e1ch tuy\u1ec7t \u0111\u1eb9p \u2013 khi\u1ebfn n\u00f3 v\u1eeba \u0111\u1ed9c \u0111\u00e1o v\u1eeba c\u1ed5 \u0111i\u1ec3n. N\u1ebfu b\u1ea1n \u0111ang t\u00ecm ki\u1ebfm th\u1ee9 g\u00ec \u0111\u00f3 \u0111\u1eb7c bi\u1ec7t ho\u1eb7c mu\u1ed1n t\u1eb7ng cho m\u1ed9t ng\u01b0\u1eddi \u0111\u1eb7c bi\u1ec7t trong cu\u1ed9c s\u1ed1ng c\u1ee7a m\u00ecnh th\u1ee9 g\u00ec \u0111\u00f3 c\u00f3 \u00fd ngh\u0129a \u2013 th\u00ec m\u00f3n \u0111\u1ed3 trang s\u1ee9c b\u1eb1ng ng\u1ecdc b\u00edch t\u1ef1 nhi\u00ean n\u00e0y s\u1ebd l\u00e0 m\u1ed9t l\u1ef1a ch\u1ecdn tuy\u1ec7t v\u1eddi!<\/p>\n<p>.<\/p>\n<p>Yi Pin Qian \u2013 Nh\u00e0 bu\u00f4n \u0111\u00e1 qu\u00fd v\u00e0 kim lo\u1ea1i qu\u00fd t\u1ea1i Singapore \u2013 S\u1ed1 gi\u1ea5y ph\u00e9p PS20190000031<\/p>\n<p>*T\u1ea5t c\u1ea3 c\u00e1c lo\u1ea1i Jadeite \u0111\u01b0\u1ee3c mua t\u1eeb Yi Pin Qian t\u1ea1i Singapore, kh\u00e1ch h\u00e0ng c\u00f3 th\u1ec3 \u0111\u1eb7t l\u1ecbch \u0111\u00e1nh b\u00f3ng ho\u1eb7c s\u1eeda ch\u1eefa nh\u1ecf do x\u1eed l\u00fd sai c\u00e1ch \u2013 c\u00f3 t\u00ednh ph\u00ed v\u00e0 ch\u1ec9 d\u00e0nh cho kh\u00e1ch h\u00e0ng c\u1ee7a Yi Pin Qian t\u1ea1i Singapore*<\/p>\n<ul>\n<li><\/li>\n<\/ul>\n<p>NGI (V\u1ecb tr\u00ed Vi\u1ec7n \u0110\u00e1 qu\u00fd Nan Yang: 14 Scotts Road, #03-80, Far East Plaza, 228213)<\/p>\n<p>ho\u1eb7c ch\u1ee9ng ch\u1ec9 n\u01b0\u1edbc ngo\u00e0i (Yi Pin Qian ch\u1ec9 s\u1eed d\u1ee5ng ch\u1ee9ng ch\u1ec9 x\u00e1c th\u1ef1c t\u1eeb c\u00e1c ph\u00f2ng th\u00ed nghi\u1ec7m \u1edf n\u01b0\u1edbc ngo\u00e0i v\u00e0 c\u0169ng ki\u1ec3m so\u00e1t ch\u1ea5t l\u01b0\u1ee3ng m\u1ecdi s\u1ea3n ph\u1ea9m c\u1ee7a ch\u00fang t\u00f4i tr\u01b0\u1edbc khi \u0111\u01b0a ch\u00fang ra b\u00e1n t\u1ea1i Singapore)<\/p>\n<p>[M\u1ed9t s\u1ed1 ch\u1ee9ng ch\u1ec9 \u0111\u01b0\u1ee3c \u0111\u00f3ng d\u1ea5u QIC, ngh\u0129a l\u00e0 ch\u00fang c\u0169ng \u0111\u01b0\u1ee3c ch\u1ee9ng nh\u1eadn b\u1edfi Douyin]<\/p>\n<p>M\u1ed7i s\u1ea3n ph\u1ea9m tr\u00ean TikTok s\u1ebd c\u00f3 lo\u1ea1i ch\u1ee9ng ch\u1ec9 \u0111\u01b0\u1ee3c cung c\u1ea5p \u0111\u01b0\u1ee3c ch\u1ec9 \u0111\u1ecbnh trong ph\u1ea7n m\u00f4 t\u1ea3. \u0110\u1ed1i v\u1edbi b\u1ea5t k\u1ef3 kh\u00e1ch h\u00e0ng n\u00e0o mu\u1ed1n g\u1eedi \u0111\u01a1n h\u00e0ng c\u1ee7a m\u00ecnh \u0111\u1ebfn NGI Singapore, s\u1ebd c\u00f3 th\u1eddi gian ch\u1edd giao h\u00e0ng \u01b0\u1edbc t\u00ednh kho\u1ea3ng 4 tu\u1ea7n \u0111\u1ec3 nh\u1eadn \u0111\u01b0\u1ee3c \u0111\u01a1n h\u00e0ng c\u1ee7a b\u1ea1n. Y\u00eau c\u1ea7u b\u00e1o c\u00e1o v\u1ec1 \u0111\u00e1 qu\u00fd NGI c\u1ea7n \u0111\u01b0\u1ee3c th\u1ef1c hi\u1ec7n b\u1eb1ng c\u00e1ch nh\u1eafn tin cho c\u1eeda h\u00e0ng Yi Pin Qian TikTok. C\u1ea3m \u01a1n b\u1ea1n, ch\u00fang t\u00f4i s\u1ebd \u00e1p d\u1ee5ng th\u00eam ph\u00ed.<\/p>","protected":false},"excerpt":{"rendered":"<h2>Natural Type A Jadeite Jewellery Pendant carved as Milo Buddha<\/h2>\n<p><img decoding=\"async\" class=\"aligncenter size-medium wp-image-22237\" src=\"https:\/\/shop.yipinqian.com\/wp-content\/uploads\/2024\/10\/WhatsApp-Image-2024-05-08-at-17.26.14_c24cd62e-300x300.jpg\" alt=\"Natural Type A Jadeite Jewellery Pendant carved as Milo Buddha\" width=\"300\" height=\"300\" srcset=\"https:\/\/shop.yipinqian.com\/wp-content\/uploads\/2024\/10\/WhatsApp-Image-2024-05-08-at-17.26.14_c24cd62e-300x300.jpg 300w, https:\/\/shop.yipinqian.com\/wp-content\/uploads\/2024\/10\/WhatsApp-Image-2024-05-08-at-17.26.14_c24cd62e-1024x1024.jpg 1024w, https:\/\/shop.yipinqian.com\/wp-content\/uploads\/2024\/10\/WhatsApp-Image-2024-05-08-at-17.26.14_c24cd62e-150x150.jpg 150w, https:\/\/shop.yipinqian.com\/wp-content\/uploads\/2024\/10\/WhatsApp-Image-2024-05-08-at-17.26.14_c24cd62e-768x768.jpg 768w, https:\/\/shop.yipinqian.com\/wp-content\/uploads\/2024\/10\/WhatsApp-Image-2024-05-08-at-17.26.14_c24cd62e-12x12.jpg 12w, https:\/\/shop.yipinqian.com\/wp-content\/uploads\/2024\/10\/WhatsApp-Image-2024-05-08-at-17.26.14_c24cd62e-500x500.jpg 500w, https:\/\/shop.yipinqian.com\/wp-content\/uploads\/2024\/10\/WhatsApp-Image-2024-05-08-at-17.26.14_c24cd62e-100x100.jpg 100w, https:\/\/shop.yipinqian.com\/wp-content\/uploads\/2024\/10\/WhatsApp-Image-2024-05-08-at-17.26.14_c24cd62e.jpg 1080w\" sizes=\"(max-width: 300px) 100vw, 300px\" \/><\/p>","protected":false},"featured_media":6429,"comment_status":"open","ping_status":"closed","template":"","meta":[],"product_brand":[],"product_cat":[196],"product_tag":[],"class_list":{"0":"post-1609","1":"product","2":"type-product","3":"status-publish","4":"has-post-thumbnail","6":"product_cat-vault-collection","8":"first","9":"instock","10":"sale","11":"shipping-taxable","12":"purchasable","13":"product-type-simple"},"_links":{"self":[{"href":"https:\/\/shop.yipinqian.com\/vi\/wp-json\/wp\/v2\/product\/1609","targetHints":{"allow":["GET"]}}],"collection":[{"href":"https:\/\/shop.yipinqian.com\/vi\/wp-json\/wp\/v2\/product"}],"about":[{"href":"https:\/\/shop.yipinqian.com\/vi\/wp-json\/wp\/v2\/types\/product"}],"replies":[{"embeddable":true,"href":"https:\/\/shop.yipinqian.com\/vi\/wp-json\/wp\/v2\/comments?post=1609"}],"version-history":[{"count":0,"href":"https:\/\/shop.yipinqian.com\/vi\/wp-json\/wp\/v2\/product\/1609\/revisions"}],"wp:featuredmedia":[{"embeddable":true,"href":"https:\/\/shop.yipinqian.com\/vi\/wp-json\/wp\/v2\/media\/6429"}],"wp:attachment":[{"href":"https:\/\/shop.yipinqian.com\/vi\/wp-json\/wp\/v2\/media?parent=1609"}],"wp:term":[{"taxonomy":"product_brand","embeddable":true,"href":"https:\/\/shop.yipinqian.com\/vi\/wp-json\/wp\/v2\/product_brand?post=1609"},{"taxonomy":"product_cat","embeddable":true,"href":"https:\/\/shop.yipinqian.com\/vi\/wp-json\/wp\/v2\/product_cat?post=1609"},{"taxonomy":"product_tag","embeddable":true,"href":"https:\/\/shop.yipinqian.com\/vi\/wp-json\/wp\/v2\/product_tag?post=1609"}],"curies":[{"name":"wp","href":"https:\/\/api.w.org\/{rel}","templated":true}]}}