{"id":1604,"date":"2024-10-24T23:20:39","date_gmt":"2024-10-24T15:20:39","guid":{"rendered":"https:\/\/shop.yipinqian.com\/product\/natural-type-a-jadeite-carved-as-cabbage-with-ruyi-ngi-certification-weight-83-45-g-translucent-with-faint-green-and-green-patches-45-47-25-39-9-31-mm-premium-myanmar-jadeite-pendant-pendant150\/"},"modified":"2025-06-24T22:50:07","modified_gmt":"2025-06-24T14:50:07","slug":"natural-type-a-jadeite-carved-as-cabbage-with-ruyi-ngi-certification-weight-83-45-g-translucent-with-faint-green-and-green-patches-45-47-25-39-9-31-mm-premium-myanmar-jadeite-pendant-pendant150","status":"publish","type":"product","link":"https:\/\/shop.yipinqian.com\/vi\/san-pham\/natural-type-a-jadeite-carved-as-cabbage-with-ruyi-ngi-certification-weight-83-45-g-translucent-with-faint-green-and-green-patches-45-47-25-39-9-31-mm-premium-myanmar-jadeite-pendant-pendant150\/","title":{"rendered":"Jadeite lo\u1ea1i A t\u1ef1 nhi\u00ean \u0111\u01b0\u1ee3c ch\u1ea1m kh\u1eafc h\u00ecnh b\u1eafp c\u1ea3i v\u1edbi ruyi \u2013 Ch\u1ee9ng nh\u1eadn NGI, Tr\u1ecdng l\u01b0\u1ee3ng 83,45 g, Trong m\u1edd v\u1edbi c\u00e1c m\u1ea3ng xanh l\u00e1 c\u00e2y nh\u1ea1t v\u00e0 xanh l\u00e1 c\u00e2y, [45,47 * 25,39 * 9,31 mm], M\u1eb7t d\u00e2y chuy\u1ec1n Jadeite Myanmar cao c\u1ea5p (m\u1eb7t d\u00e2y chuy\u1ec1n 150)"},"content":{"rendered":"<p><iframe title=\"Type A Jadeite carved as cabbage\" src=\"https:\/\/youtube.com\/embed\/7EZx20A8ppI\/\" width=\"330\" height=\"300\"><\/iframe><br \/>\n<strong>Type A Jadeite carved as cabbage<\/strong><\/p>\n<p>M\u1eb7t d\u00e2y chuy\u1ec1n Myanmar Jadeite cao c\u1ea5p n\u00e0y c\u00f3 Jadeite lo\u1ea1i A t\u1ef1 nhi\u00ean \u0111\u01b0\u1ee3c ch\u1ea1m kh\u1eafc theo h\u00ecnh b\u1eafp c\u1ea3i v\u1edbi Ruyi, \u0111\u01b0\u1ee3c NGI ch\u1ee9ng nh\u1eadn v\u00e0 n\u1eb7ng 83,45 g. Jadeite trong m\u1edd c\u00f3 c\u00e1c m\u1ea3ng m\u00e0u xanh l\u00e1 c\u00e2y v\u00e0 xanh l\u1ee5c nh\u1ea1t, c\u00f3 k\u00edch th\u01b0\u1edbc [45,47 * 25,39 * 9,31 mm], khi\u1ebfn n\u00f3 tr\u1edf th\u00e0nh m\u1ed9t s\u1ef1 b\u1ed5 sung tinh t\u1ebf cho b\u1ea5t k\u1ef3 b\u1ed9 s\u01b0u t\u1eadp trang s\u1ee9c n\u00e0o.<\/p>\n<p><strong>S\u1ed1 b\u00e1o c\u00e1o NGI: 63836508<\/strong><\/p>\n<ul>\n<li><strong>X\u00e1c th\u1ef1c v\u00e0 \u0111\u01b0\u1ee3c ch\u1ee9ng nh\u1eadn:<\/strong> M\u1eb7t d\u00e2y chuy\u1ec1n n\u00e0y c\u00f3 ch\u1ee9ng nh\u1eadn NGI, \u0111\u1ea3m b\u1ea3o t\u00ednh x\u00e1c th\u1ef1c c\u1ee7a ng\u1ecdc b\u00edch lo\u1ea1i A t\u1ef1 nhi\u00ean.<\/li>\n<li><strong>Ch\u1ea5t l\u01b0\u1ee3ng cao c\u1ea5p:<\/strong> \u0110\u00e1 ng\u1ecdc b\u00edch trong m\u1edd c\u00f3 nh\u1eefng m\u1ea3ng xanh l\u00e1 c\u00e2y v\u00e0 xanh l\u1ee5c nh\u1ea1t, t\u1ea1o n\u00ean v\u1ebb \u0111\u1eb9p tinh t\u1ebf.<\/li>\n<\/ul>\n<p>Chi\u1ebfc v\u00f2ng c\u1ed5 gi\u1ea3n d\u1ecb d\u00e0nh cho c\u1ea3 nam v\u00e0 n\u1eef n\u00e0y ho\u00e0n h\u1ea3o \u0111\u1ec3 \u0111eo h\u00e0ng ng\u00e0y ho\u1eb7c nh\u01b0 m\u1ed9t m\u00f3n \u0111\u1ed3 cho nh\u1eefng d\u1ecbp \u0111\u1eb7c bi\u1ec7t ch\u1eafc ch\u1eafn s\u1ebd thu h\u00fat m\u1ecdi \u00e1nh nh\u00ecn \u1edf b\u1ea5t c\u1ee9 n\u01a1i \u0111\u00e2u b\u1ea1n \u0111\u1ebfn! \u0110\u01b0\u1ee3c l\u00e0m t\u1eeb ng\u1ecdc b\u00edch Myanmar ch\u00ednh h\u00e3ng v\u00e0 ch\u1ebf t\u00e1c th\u00e0nh h\u00ecnh b\u1eafp c\u1ea3i thanh l\u1ecbch v\u1edbi thi\u1ebft k\u1ebf nh\u01b0 \u00fd t\u01b0\u1ee3ng tr\u01b0ng cho s\u1ef1 th\u1ecbnh v\u01b0\u1ee3ng \u2013 chi\u1ebfc v\u00f2ng c\u1ed5 thanh l\u1ecbch n\u00e0y s\u1ebd gi\u00fap b\u1ea1n n\u1ed5i b\u1eadt gi\u1eefa \u0111\u00e1m \u0111\u00f4ng.<\/p>\n<ul>\n<li><strong>\u0110\u01b0\u1ee3c thi\u1ebft k\u1ebf \u0111\u1ec3 m\u1eb7c h\u00e0ng ng\u00e0y:<\/strong> Chi\u1ebfc v\u00f2ng c\u1ed5 th\u01b0\u1eddng ng\u00e0y n\u00e0y ho\u00e0n h\u1ea3o \u0111\u1ec3 \u0111eo h\u00e0ng ng\u00e0y ho\u1eb7c l\u00e0 m\u1ed9t ph\u1ea7n trong b\u1ed9 s\u01b0u t\u1eadp trang s\u1ee9c cho nh\u1eefng d\u1ecbp \u0111\u1eb7c bi\u1ec7t c\u1ee7a b\u1ea1n!<\/li>\n<\/ul>\n<p>S\u1ea3n ph\u1ea9m c\u00f3 ch\u1ee9ng nh\u1eadn x\u00e1c nh\u1eadn \u0111\u00e2y l\u00e0 lo\u1ea1i ng\u1ecdc b\u00edch t\u1ef1 nhi\u00ean lo\u1ea1i A t\u1eeb Myanmar \u2013 v\u00ec v\u1eady b\u1ea1n c\u00f3 th\u1ec3 y\u00ean t\u00e2m r\u1eb1ng m\u1eb7t d\u00e2y chuy\u1ec1n ch\u1ea5t l\u01b0\u1ee3ng cao n\u00e0y s\u1ebd b\u1ec1n l\u00e2u m\u00e0 kh\u00f4ng c\u1ea7n b\u1ea5t k\u1ef3 b\u1ea3o h\u00e0nh n\u00e0o!<\/p>\n<p>Yi Pin Qian \u2013 Nh\u00e0 bu\u00f4n \u0111\u00e1 qu\u00fd v\u00e0 kim lo\u1ea1i qu\u00fd t\u1ea1i Singapore \u2013 S\u1ed1 gi\u1ea5y ph\u00e9p PS20190000031<\/p>\n<p>*T\u1ea5t c\u1ea3 c\u00e1c lo\u1ea1i Jadeite \u0111\u01b0\u1ee3c mua t\u1eeb Yi Pin Qian t\u1ea1i Singapore, kh\u00e1ch h\u00e0ng c\u00f3 th\u1ec3 \u0111\u1eb7t l\u1ecbch \u0111\u00e1nh b\u00f3ng ho\u1eb7c s\u1eeda ch\u1eefa nh\u1ecf do x\u1eed l\u00fd sai c\u00e1ch \u2013 c\u00f3 t\u00ednh ph\u00ed v\u00e0 ch\u1ec9 d\u00e0nh cho kh\u00e1ch h\u00e0ng c\u1ee7a Yi Pin Qian t\u1ea1i Singapore*<\/p>\n<p>NGI (C\u00f4ng ty \u0110\u00e1 qu\u00fd Nan Yang)<\/p>\n<p>ho\u1eb7c ch\u1ee9ng ch\u1ec9 n\u01b0\u1edbc ngo\u00e0i (Yi Pin Qian ch\u1ec9 s\u1eed d\u1ee5ng ch\u1ee9ng ch\u1ec9 x\u00e1c th\u1ef1c t\u1eeb c\u00e1c ph\u00f2ng th\u00ed nghi\u1ec7m \u1edf n\u01b0\u1edbc ngo\u00e0i v\u00e0 c\u0169ng ki\u1ec3m so\u00e1t ch\u1ea5t l\u01b0\u1ee3ng m\u1ecdi s\u1ea3n ph\u1ea9m c\u1ee7a ch\u00fang t\u00f4i tr\u01b0\u1edbc khi \u0111\u01b0a ch\u00fang ra b\u00e1n t\u1ea1i Singapore)<\/p>\n<p>M\u1ed7i s\u1ea3n ph\u1ea9m tr\u00ean TikTok s\u1ebd c\u00f3 lo\u1ea1i ch\u1ee9ng ch\u1ec9 \u0111\u01b0\u1ee3c cung c\u1ea5p \u0111\u01b0\u1ee3c ch\u1ec9 \u0111\u1ecbnh trong ph\u1ea7n m\u00f4 t\u1ea3. \u0110\u1ed1i v\u1edbi b\u1ea5t k\u1ef3 kh\u00e1ch h\u00e0ng n\u00e0o mu\u1ed1n g\u1eedi \u0111\u01a1n h\u00e0ng c\u1ee7a m\u00ecnh \u0111\u1ebfn NGI Singapore, s\u1ebd c\u00f3 th\u1eddi gian ch\u1edd giao h\u00e0ng \u01b0\u1edbc t\u00ednh kho\u1ea3ng 4 tu\u1ea7n \u0111\u1ec3 nh\u1eadn \u0111\u01b0\u1ee3c \u0111\u01a1n h\u00e0ng c\u1ee7a b\u1ea1n. Y\u00eau c\u1ea7u b\u00e1o c\u00e1o v\u1ec1 \u0111\u00e1 qu\u00fd NGI c\u1ea7n \u0111\u01b0\u1ee3c th\u1ef1c hi\u1ec7n b\u1eb1ng c\u00e1ch nh\u1eafn tin cho c\u1eeda h\u00e0ng Yi Pin Qian TikTok. C\u1ea3m \u01a1n b\u1ea1n, ch\u00fang t\u00f4i s\u1ebd \u00e1p d\u1ee5ng th\u00eam ph\u00ed.<\/p>","protected":false},"excerpt":{"rendered":"<h2 style=\"text-align: center;\">Type A Jadeite carved as cabbage<\/h2>\n<p><img fetchpriority=\"high\" decoding=\"async\" class=\"aligncenter wp-image-22130 size-medium\" src=\"https:\/\/shop.yipinqian.com\/wp-content\/uploads\/2024\/10\/WhatsApp-Image-2024-05-06-at-18.07.58_1dc858ae-300x300.jpg\" alt=\"Type A Jadeite carved as cabbage - Jalan Meragi Road Singapore - Y.P.Q Quality Certified - Approved 1\" width=\"300\" height=\"300\" srcset=\"https:\/\/shop.yipinqian.com\/wp-content\/uploads\/2024\/10\/WhatsApp-Image-2024-05-06-at-18.07.58_1dc858ae-300x300.jpg 300w, https:\/\/shop.yipinqian.com\/wp-content\/uploads\/2024\/10\/WhatsApp-Image-2024-05-06-at-18.07.58_1dc858ae-1024x1024.jpg 1024w, https:\/\/shop.yipinqian.com\/wp-content\/uploads\/2024\/10\/WhatsApp-Image-2024-05-06-at-18.07.58_1dc858ae-150x150.jpg 150w, https:\/\/shop.yipinqian.com\/wp-content\/uploads\/2024\/10\/WhatsApp-Image-2024-05-06-at-18.07.58_1dc858ae-768x768.jpg 768w, https:\/\/shop.yipinqian.com\/wp-content\/uploads\/2024\/10\/WhatsApp-Image-2024-05-06-at-18.07.58_1dc858ae-12x12.jpg 12w, https:\/\/shop.yipinqian.com\/wp-content\/uploads\/2024\/10\/WhatsApp-Image-2024-05-06-at-18.07.58_1dc858ae-500x500.jpg 500w, https:\/\/shop.yipinqian.com\/wp-content\/uploads\/2024\/10\/WhatsApp-Image-2024-05-06-at-18.07.58_1dc858ae-100x100.jpg 100w, https:\/\/shop.yipinqian.com\/wp-content\/uploads\/2024\/10\/WhatsApp-Image-2024-05-06-at-18.07.58_1dc858ae.jpg 1080w\" sizes=\"(max-width: 300px) 100vw, 300px\" \/><\/p>","protected":false},"featured_media":6399,"comment_status":"open","ping_status":"closed","template":"","meta":[],"product_brand":[],"product_cat":[196],"product_tag":[],"class_list":{"0":"post-1604","1":"product","2":"type-product","3":"status-publish","4":"has-post-thumbnail","6":"product_cat-vault-collection","8":"first","9":"instock","10":"sale","11":"shipping-taxable","12":"purchasable","13":"product-type-simple"},"_links":{"self":[{"href":"https:\/\/shop.yipinqian.com\/vi\/wp-json\/wp\/v2\/product\/1604","targetHints":{"allow":["GET"]}}],"collection":[{"href":"https:\/\/shop.yipinqian.com\/vi\/wp-json\/wp\/v2\/product"}],"about":[{"href":"https:\/\/shop.yipinqian.com\/vi\/wp-json\/wp\/v2\/types\/product"}],"replies":[{"embeddable":true,"href":"https:\/\/shop.yipinqian.com\/vi\/wp-json\/wp\/v2\/comments?post=1604"}],"version-history":[{"count":0,"href":"https:\/\/shop.yipinqian.com\/vi\/wp-json\/wp\/v2\/product\/1604\/revisions"}],"wp:featuredmedia":[{"embeddable":true,"href":"https:\/\/shop.yipinqian.com\/vi\/wp-json\/wp\/v2\/media\/6399"}],"wp:attachment":[{"href":"https:\/\/shop.yipinqian.com\/vi\/wp-json\/wp\/v2\/media?parent=1604"}],"wp:term":[{"taxonomy":"product_brand","embeddable":true,"href":"https:\/\/shop.yipinqian.com\/vi\/wp-json\/wp\/v2\/product_brand?post=1604"},{"taxonomy":"product_cat","embeddable":true,"href":"https:\/\/shop.yipinqian.com\/vi\/wp-json\/wp\/v2\/product_cat?post=1604"},{"taxonomy":"product_tag","embeddable":true,"href":"https:\/\/shop.yipinqian.com\/vi\/wp-json\/wp\/v2\/product_tag?post=1604"}],"curies":[{"name":"wp","href":"https:\/\/api.w.org\/{rel}","templated":true}]}}