{"id":1597,"date":"2024-10-24T23:20:35","date_gmt":"2024-10-24T15:20:35","guid":{"rendered":"https:\/\/shop.yipinqian.com\/product\/multi-colors-natural-type-a-jadeite-jade-35-beads-crafted-with-shape-of-pumpkin-around-8-2-mm-9-3mmbig-certificate-included-weigh-20-37-grams-bracelet15\/"},"modified":"2025-02-24T00:49:52","modified_gmt":"2025-02-23T16:49:52","slug":"multi-colors-natural-type-a-jadeite-jade-35-beads-crafted-with-shape-of-pumpkin-around-8-2-mm-9-3mmbig-certificate-included-weigh-20-37-grams-bracelet15","status":"publish","type":"product","link":"https:\/\/shop.yipinqian.com\/vi\/san-pham\/multi-colors-natural-type-a-jadeite-jade-35-beads-crafted-with-shape-of-pumpkin-around-8-2-mm-9-3mmbig-certificate-included-weigh-20-37-grams-bracelet15\/","title":{"rendered":"Ng\u1ecdc b\u00edch t\u1ef1 nhi\u00ean lo\u1ea1i A nhi\u1ec1u m\u00e0u, 35 h\u1ea1t \u0111\u01b0\u1ee3c ch\u1ebf t\u00e1c theo h\u00ecnh qu\u1ea3 b\u00ed ng\u00f4, k\u00edch th\u01b0\u1edbc kho\u1ea3ng 8,2 mm, 9,3 mm (L\u1edbn), c\u00f3 k\u00e8m gi\u1ea5y ch\u1ee9ng nh\u1eadn, n\u1eb7ng 20,37 gram (v\u00f2ng tay15)"},"content":{"rendered":"<p>Chi\u1ebfc v\u00f2ng tay ng\u1ecdc b\u00edch t\u1ef1 nhi\u00ean lo\u1ea1i A nhi\u1ec1u m\u00e0u n\u00e0y c\u00f3 35 h\u1ea1t h\u00ecnh qu\u1ea3 b\u00ed ng\u00f4, k\u00edch th\u01b0\u1edbc kho\u1ea3ng 8,2 mm v\u00e0 9,3 mm (l\u1edbn), t\u1ed5ng tr\u1ecdng l\u01b0\u1ee3ng l\u00e0 20,37 gram.<\/p>\n<p>Ng\u1ecdc b\u00edch t\u1ef1 nhi\u00ean lo\u1ea1i A tinh x\u1ea3o<\/p>\n<p><strong>S\u1ed1 ch\u1ee9ng ch\u1ec9: ZS22111701290<\/strong><\/p>\n<ul>\n<li>\u0110\u01b0\u1ee3c l\u00e0m t\u1eeb ng\u1ecdc b\u00edch nguy\u00ean ch\u1ea5t, ch\u1ea5t l\u01b0\u1ee3ng cao t\u1eeb Myanmar<\/li>\n<li>C\u00f3 nhi\u1ec1u m\u00e0u s\u1eafc tuy\u1ec7t \u0111\u1eb9p b\u1eaft s\u00e1ng r\u1ea5t \u0111\u1eb9p<\/li>\n<li>H\u00ecnh d\u1ea1ng qu\u1ea3 b\u00ed ng\u00f4 t\u1ea1o n\u00ean n\u00e9t \u0111\u1ed9c \u0111\u00e1o cho t\u00e1c ph\u1ea9m kinh \u0111i\u1ec3n n\u00e0y.<\/li>\n<\/ul>\n<p>C\u00f3 k\u00e8m gi\u1ea5y ch\u1ee9ng nh\u1eadn v\u1ec1 t\u00ednh x\u00e1c th\u1ef1c v\u00e0 s\u1ef1 an t\u00e2m<\/p>\n<ul>\n<li>V\u00f2ng tay ng\u1ecdc b\u00edch n\u00e0y c\u00f3 k\u00e8m gi\u1ea5y ch\u1ee9ng nh\u1eadn \u0111\u1ea3m b\u1ea3o t\u00ednh x\u00e1c th\u1ef1c v\u00e0 ch\u1ea5t l\u01b0\u1ee3ng.<\/li>\n<\/ul>\n<p>\u0110\u01b0\u1ee3c thi\u1ebft k\u1ebf \u0111\u1ec3 m\u1eb7c h\u00e0ng ng\u00e0y v\u1edbi s\u1ee9c h\u1ea5p d\u1eabn d\u00e0nh cho c\u1ea3 nam v\u00e0 n\u1eef<\/p>\n<ul>\n<li>Ph\u1ee5 ki\u1ec7n ho\u00e0n h\u1ea3o cho trang ph\u1ee5c h\u00e0ng ng\u00e0y ho\u1eb7c nh\u1eefng d\u1ecbp \u0111\u1eb7c bi\u1ec7t<\/li>\n<\/ul>\n<p>.<\/p>\n<ul>\n<li>Thi\u1ebft k\u1ebf d\u00e0nh cho c\u1ea3 nam v\u00e0 n\u1eef khi\u1ebfn chi\u1ebfc v\u00f2ng tay n\u00e0y tr\u1edf th\u00e0nh l\u1ef1a ch\u1ecdn qu\u00e0 t\u1eb7ng l\u00fd t\u01b0\u1edfng cho b\u1ea5t k\u1ef3 ai y\u00eau th\u00edch ph\u1ee5 ki\u1ec7n trang s\u1ee9c tinh t\u1ebf. <\/li>\n<\/ul>","protected":false},"excerpt":{"rendered":"<p>V\u00f2ng tay ng\u1ecdc b\u00edch t\u1ef1 nhi\u00ean lo\u1ea1i A nhi\u1ec1u m\u00e0u n\u00e0y c\u00f3 35 h\u1ea1t h\u00ecnh qu\u1ea3 b\u00ed ng\u00f4, kho\u1ea3ng 8,2 mm v\u00e0 9,3 mm (l\u1edbn), t\u1ed5ng tr\u1ecdng l\u01b0\u1ee3ng 20,37 gram. Ng\u1ecdc b\u00edch t\u1ef1 nhi\u00ean lo\u1ea1i A tinh x\u1ea3o S\u1ed1 ch\u1ee9ng nh\u1eadn: ZS22111701290 \u0110\u01b0\u1ee3c l\u00e0m t\u1eeb ng\u1ecdc b\u00edch nguy\u00ean ch\u1ea5t, ch\u1ea5t l\u01b0\u1ee3ng cao t\u1eeb Myanmar C\u00f3 nhi\u1ec1u m\u00e0u s\u1eafc tuy\u1ec7t \u0111\u1eb9p b\u1eaft s\u00e1ng \u0111\u1eb9p m\u1eaft [\u2026]<\/p>","protected":false},"featured_media":6352,"comment_status":"open","ping_status":"closed","template":"","meta":[],"product_brand":[],"product_cat":[194],"product_tag":[],"class_list":{"0":"post-1597","1":"product","2":"type-product","3":"status-publish","4":"has-post-thumbnail","6":"product_cat-value-picks","8":"first","9":"instock","10":"sale","11":"shipping-taxable","12":"purchasable","13":"product-type-simple"},"_links":{"self":[{"href":"https:\/\/shop.yipinqian.com\/vi\/wp-json\/wp\/v2\/product\/1597","targetHints":{"allow":["GET"]}}],"collection":[{"href":"https:\/\/shop.yipinqian.com\/vi\/wp-json\/wp\/v2\/product"}],"about":[{"href":"https:\/\/shop.yipinqian.com\/vi\/wp-json\/wp\/v2\/types\/product"}],"replies":[{"embeddable":true,"href":"https:\/\/shop.yipinqian.com\/vi\/wp-json\/wp\/v2\/comments?post=1597"}],"version-history":[{"count":0,"href":"https:\/\/shop.yipinqian.com\/vi\/wp-json\/wp\/v2\/product\/1597\/revisions"}],"wp:featuredmedia":[{"embeddable":true,"href":"https:\/\/shop.yipinqian.com\/vi\/wp-json\/wp\/v2\/media\/6352"}],"wp:attachment":[{"href":"https:\/\/shop.yipinqian.com\/vi\/wp-json\/wp\/v2\/media?parent=1597"}],"wp:term":[{"taxonomy":"product_brand","embeddable":true,"href":"https:\/\/shop.yipinqian.com\/vi\/wp-json\/wp\/v2\/product_brand?post=1597"},{"taxonomy":"product_cat","embeddable":true,"href":"https:\/\/shop.yipinqian.com\/vi\/wp-json\/wp\/v2\/product_cat?post=1597"},{"taxonomy":"product_tag","embeddable":true,"href":"https:\/\/shop.yipinqian.com\/vi\/wp-json\/wp\/v2\/product_tag?post=1597"}],"curies":[{"name":"wp","href":"https:\/\/api.w.org\/{rel}","templated":true}]}}