{"id":1596,"date":"2024-10-24T23:20:35","date_gmt":"2024-10-24T15:20:35","guid":{"rendered":"https:\/\/shop.yipinqian.com\/product\/mix-with-lavender-light-green-and-wuji-natural-type-a-jadeite-donut-pendant-meaning-wealthy-safe-and-healthy-with-certificate-weighs-7-28-grams-26-1-5-2-mm-good-for-daily-wear-pendant92\/"},"modified":"2025-02-17T00:04:06","modified_gmt":"2025-02-16T16:04:06","slug":"mix-with-lavender-light-green-and-wuji-natural-type-a-jadeite-donut-pendant-meaning-wealthy-safe-and-healthy-with-certificate-weighs-7-28-grams-26-1-5-2-mm-good-for-daily-wear-pendant92","status":"publish","type":"product","link":"https:\/\/shop.yipinqian.com\/vi\/san-pham\/mix-with-lavender-light-green-and-wuji-natural-type-a-jadeite-donut-pendant-meaning-wealthy-safe-and-healthy-with-certificate-weighs-7-28-grams-26-1-5-2-mm-good-for-daily-wear-pendant92\/","title":{"rendered":"K\u1ebft h\u1ee3p v\u1edbi hoa o\u1ea3i h\u01b0\u01a1ng, xanh l\u00e1 c\u00e2y nh\u1ea1t v\u00e0 wuji M\u1eb7t d\u00e2y chuy\u1ec1n h\u00ecnh b\u00e1nh r\u00e1n b\u1eb1ng ng\u1ecdc b\u00edch t\u1ef1 nhi\u00ean lo\u1ea1i A c\u00f3 ngh\u0129a l\u00e0 Gi\u00e0u c\u00f3, An to\u00e0n v\u00e0 Kh\u1ecfe m\u1ea1nh k\u00e8m theo gi\u1ea5y ch\u1ee9ng nh\u1eadn n\u1eb7ng 7,28 gram, 26,1 * 5,2 mm, th\u00edch h\u1ee3p \u0111\u1ec3 \u0111eo h\u00e0ng ng\u00e0y (m\u1eb7t d\u00e2y chuy\u1ec1n92)"},"content":{"rendered":"<p>H\u00e3y t\u00f4 \u0111i\u1ec3m cho b\u1ea3n th\u00e2n b\u1eb1ng M\u1eb7t d\u00e2y chuy\u1ec1n h\u00ecnh b\u00e1nh r\u00e1n b\u1eb1ng ng\u1ecdc b\u00edch t\u1ef1 nhi\u00ean lo\u1ea1i A k\u1ebft h\u1ee3p v\u1edbi hoa o\u1ea3i h\u01b0\u01a1ng, xanh l\u00e1 c\u00e2y nh\u1ea1t v\u00e0 wuji v\u00e0 t\u1eadn h\u01b0\u1edfng cu\u1ed9c s\u1ed1ng Gi\u00e0u c\u00f3, An to\u00e0n v\u00e0 Kh\u1ecfe m\u1ea1nh.<\/p>\n<ul>\n<li>\n<strong>Ng\u1ecdc b\u00edch \u0111\u00edch th\u1ef1c:<\/strong> \u0110\u01b0\u1ee3c ch\u1ebf t\u00e1c t\u1eeb ng\u1ecdc Jadeite lo\u1ea1i A ch\u00ednh h\u00e3ng t\u1eeb Myanmar, m\u1eb7t d\u00e2y chuy\u1ec1n n\u00e0y l\u00e0 bi\u1ec3u t\u01b0\u1ee3ng c\u1ee7a s\u1ef1 tinh khi\u1ebft v\u00e0 tr\u01b0\u1eddng th\u1ecd.<\/li>\n<li>\n<strong>Ki\u1ec3u v\u00f2ng c\u1ed5 th\u01b0\u1eddng ng\u00e0y:<\/strong> M\u1eb7t d\u00e2y chuy\u1ec1n n\u00e0y ho\u00e0n h\u1ea3o \u0111\u1ec3 \u0111eo h\u00e0ng ng\u00e0y.<\/li>\n<li>\n<strong>Gi\u1ea5y ch\u1ee9ng nh\u1eadn bao g\u1ed3m:<\/strong> M\u1eb7t d\u00e2y chuy\u1ec1n ng\u1ecdc b\u00edch n\u00e0y c\u00f3 k\u00e8m theo gi\u1ea5y ch\u1ee9ng nh\u1eadn \u0111\u1ec3 \u0111\u1ea3m b\u1ea3o t\u00ednh x\u00e1c th\u1ef1c.<\/li>\n<\/ul>\n<p><strong>S\u1ed1 ch\u1ee9ng ch\u1ec9: ZS24040800178<\/strong><\/p>\n<p><img fetchpriority=\"high\" decoding=\"async\" height=\"1080\" src=\"https:\/\/shop.yipinqian.com\/wp-content\/uploads\/2024\/10\/66ed8402b4ed843c5c2ee4a7a106cba2.jpg?from=476444299\" width=\"1080\"><\/p>\n<p>V\u1edbi tr\u1ecdng l\u01b0\u1ee3ng 7,28 gam, k\u00edch th\u01b0\u1edbc 26,1 * 5,2 mm, s\u1ea3n ph\u1ea9m d\u00e0nh cho c\u1ea3 nam v\u00e0 n\u1eef n\u00e0y c\u00f3 t\u00f4ng m\u00e0u hoa o\u1ea3i h\u01b0\u01a1ng v\u00e0 xanh l\u00e1 c\u00e2y nh\u1ea1t tuy\u1ec7t \u0111\u1eb9p, ph\u00f9 h\u1ee3p v\u1edbi m\u1ecdi trang ph\u1ee5c ho\u1eb7c t\u00f4ng m\u00e0u da.<\/p>\n<p>H\u00e3y \u0111\u01b0a nh\u1eefng l\u1ee3i \u00edch c\u1ee7a ng\u1ecdc b\u00edch v\u00e0o cu\u1ed9c s\u1ed1ng c\u1ee7a b\u1ea1n b\u1eb1ng c\u00e1ch \u0111eo n\u00f3 h\u00e0ng ng\u00e0y trong c\u00e1c ho\u1ea1t \u0111\u1ed9ng th\u01b0\u1eddng ng\u00e0y m\u00e0 kh\u00f4ng ph\u1ea3i lo l\u1eafng v\u1ec1 \u0111\u1ed9 b\u1ec1n c\u1ee7a n\u00f3 v\u00ec n\u00f3 kh\u00f4ng k\u00e8m theo b\u1ea5t k\u1ef3 lo\u1ea1i b\u1ea3o h\u00e0nh n\u00e0o.<\/p>\n<p>\u00a0<\/p>\n<p>Yi Pin Qian \u2013 Nh\u00e0 bu\u00f4n \u0111\u00e1 qu\u00fd v\u00e0 kim lo\u1ea1i qu\u00fd t\u1ea1i Singapore \u2013 S\u1ed1 gi\u1ea5y ph\u00e9p PS20190000031<\/p>\n<p>\u00a0<\/p>\n<p>*T\u1ea5t c\u1ea3 c\u00e1c lo\u1ea1i Jadeite \u0111\u01b0\u1ee3c mua t\u1eeb Yi Pin Qian t\u1ea1i Singapore, kh\u00e1ch h\u00e0ng c\u00f3 th\u1ec3 \u0111\u1eb7t l\u1ecbch \u0111\u00e1nh b\u00f3ng ho\u1eb7c s\u1eeda ch\u1eefa nh\u1ecf do x\u1eed l\u00fd sai c\u00e1ch \u2013 c\u00f3 t\u00ednh ph\u00ed v\u00e0 ch\u1ec9 d\u00e0nh cho kh\u00e1ch h\u00e0ng c\u1ee7a Yi Pin Qian t\u1ea1i Singapore*<\/p>\n<p>\u00a0<\/p>\n<p><strong>**C\u00e1c lo\u1ea1i ch\u1ee9ng ch\u1ec9**<\/strong><\/p>\n<p>\u00a0<\/p>\n<p><strong>NGI (C\u00f4ng ty \u0110\u00e1 qu\u00fd Nan Yang)<\/strong><\/p>\n<p>ho\u1eb7c <strong>Ch\u1ee9ng ch\u1ec9 n\u01b0\u1edbc ngo\u00e0i <\/strong>(Yi Pin Qian ch\u1ec9 s\u1eed d\u1ee5ng c\u00e1c ch\u1ee9ng ch\u1ec9 x\u00e1c th\u1ef1c t\u1eeb c\u00e1c ph\u00f2ng th\u00ed nghi\u1ec7m \u1edf n\u01b0\u1edbc ngo\u00e0i v\u00e0 ki\u1ec3m so\u00e1t ch\u1ea5t l\u01b0\u1ee3ng m\u1ecdi s\u1ea3n ph\u1ea9m c\u1ee7a ch\u00fang t\u00f4i tr\u01b0\u1edbc khi \u0111\u01b0a ch\u00fang ra b\u00e1n t\u1ea1i Singapore)<\/p>\n<p>\u00a0<\/p>\n<p>M\u1ed7i s\u1ea3n ph\u1ea9m tr\u00ean TikTok s\u1ebd c\u00f3 lo\u1ea1i ch\u1ee9ng ch\u1ec9 \u0111\u01b0\u1ee3c cung c\u1ea5p \u0111\u01b0\u1ee3c n\u00eau trong ph\u1ea7n m\u00f4 t\u1ea3. \u0110\u1ed1i v\u1edbi b\u1ea5t k\u1ef3 kh\u00e1ch h\u00e0ng n\u00e0o mu\u1ed1n g\u1eedi \u0111\u01a1n h\u00e0ng c\u1ee7a m\u00ecnh \u0111\u1ebfn NGI Singapore, s\u1ebd c\u00f3 th\u1eddi gian ch\u1edd giao h\u00e0ng \u01b0\u1edbc t\u00ednh kho\u1ea3ng 4 tu\u1ea7n \u0111\u1ec3 nh\u1eadn \u0111\u01b0\u1ee3c \u0111\u01a1n h\u00e0ng c\u1ee7a b\u1ea1n. <strong>Y\u00eau c\u1ea7u b\u00e1o c\u00e1o v\u1ec1 NGI Gemstone c\u1ea7n \u0111\u01b0\u1ee3c th\u1ef1c hi\u1ec7n b\u1eb1ng c\u00e1ch nh\u1eafn tin \u0111\u1ebfn c\u1eeda h\u00e0ng TikTok Yi Pin Qian.<\/strong> C\u1ea3m \u01a1n, <strong><u>\u00e1p d\u1ee5ng th\u00eam ph\u00ed<\/u><\/strong>.<\/p>\n<p>\u00a0<\/p>\n<p>.<\/p>","protected":false},"excerpt":{"rendered":"<p>H\u00e3y t\u00f4 \u0111i\u1ec3m cho b\u1ea3n th\u00e2n b\u1eb1ng M\u1eb7t d\u00e2y chuy\u1ec1n Donut Jadeite t\u1ef1 nhi\u00ean lo\u1ea1i A pha tr\u1ed9n v\u1edbi hoa o\u1ea3i h\u01b0\u01a1ng, xanh l\u00e1 c\u00e2y nh\u1ea1t v\u00e0 wuji v\u00e0 t\u1eadn h\u01b0\u1edfng cu\u1ed9c s\u1ed1ng Gi\u00e0u c\u00f3, An to\u00e0n v\u00e0 S\u1ee9c kh\u1ecfe. Ng\u1ecdc b\u00edch \u0111\u00edch th\u1ef1c: \u0110\u01b0\u1ee3c ch\u1ebf t\u00e1c t\u1eeb Jadeite lo\u1ea1i A ch\u00ednh h\u00e3ng t\u1eeb Myanmar, m\u1eb7t d\u00e2y chuy\u1ec1n n\u00e0y l\u00e0 bi\u1ec3u t\u01b0\u1ee3ng c\u1ee7a s\u1ef1 tinh khi\u1ebft v\u00e0 tr\u01b0\u1eddng th\u1ecd. Ki\u1ec3u v\u00f2ng c\u1ed5 th\u01b0\u1eddng ng\u00e0y: M\u1eb7t d\u00e2y chuy\u1ec1n n\u00e0y ho\u00e0n h\u1ea3o \u0111\u1ec3 \u0111eo h\u00e0ng ng\u00e0y. [\u2026]<\/p>","protected":false},"featured_media":6344,"comment_status":"open","ping_status":"closed","template":"","meta":[],"product_brand":[],"product_cat":[48],"product_tag":[],"class_list":{"0":"post-1596","1":"product","2":"type-product","3":"status-publish","4":"has-post-thumbnail","6":"product_cat-pendants","8":"first","9":"instock","10":"sale","11":"shipping-taxable","12":"purchasable","13":"product-type-simple"},"_links":{"self":[{"href":"https:\/\/shop.yipinqian.com\/vi\/wp-json\/wp\/v2\/product\/1596","targetHints":{"allow":["GET"]}}],"collection":[{"href":"https:\/\/shop.yipinqian.com\/vi\/wp-json\/wp\/v2\/product"}],"about":[{"href":"https:\/\/shop.yipinqian.com\/vi\/wp-json\/wp\/v2\/types\/product"}],"replies":[{"embeddable":true,"href":"https:\/\/shop.yipinqian.com\/vi\/wp-json\/wp\/v2\/comments?post=1596"}],"version-history":[{"count":0,"href":"https:\/\/shop.yipinqian.com\/vi\/wp-json\/wp\/v2\/product\/1596\/revisions"}],"wp:featuredmedia":[{"embeddable":true,"href":"https:\/\/shop.yipinqian.com\/vi\/wp-json\/wp\/v2\/media\/6344"}],"wp:attachment":[{"href":"https:\/\/shop.yipinqian.com\/vi\/wp-json\/wp\/v2\/media?parent=1596"}],"wp:term":[{"taxonomy":"product_brand","embeddable":true,"href":"https:\/\/shop.yipinqian.com\/vi\/wp-json\/wp\/v2\/product_brand?post=1596"},{"taxonomy":"product_cat","embeddable":true,"href":"https:\/\/shop.yipinqian.com\/vi\/wp-json\/wp\/v2\/product_cat?post=1596"},{"taxonomy":"product_tag","embeddable":true,"href":"https:\/\/shop.yipinqian.com\/vi\/wp-json\/wp\/v2\/product_tag?post=1596"}],"curies":[{"name":"wp","href":"https:\/\/api.w.org\/{rel}","templated":true}]}}