{"id":1591,"date":"2024-10-24T23:20:31","date_gmt":"2024-10-24T15:20:31","guid":{"rendered":"https:\/\/shop.yipinqian.com\/product\/mid-year-special-semi-icy-translucent-natural-type-a-jadeite-jade-crafted-with-round-shape-as-pendant-with-18k-gold-clasp-certificate-weigh-18-24-grams-measurement-35-2-5-5-mm-18kp32\/"},"modified":"2025-02-24T00:49:52","modified_gmt":"2025-02-23T16:49:52","slug":"mid-year-special-semi-icy-translucent-natural-type-a-jadeite-jade-crafted-with-round-shape-as-pendant-with-18k-gold-clasp-certificate-weigh-18-24-grams-measurement-35-2-5-5-mm-18kp32","status":"publish","type":"product","link":"https:\/\/shop.yipinqian.com\/vi\/san-pham\/mid-year-special-semi-icy-translucent-natural-type-a-jadeite-jade-crafted-with-round-shape-as-pendant-with-18k-gold-clasp-certificate-weigh-18-24-grams-measurement-35-2-5-5-mm-18kp32\/","title":{"rendered":"Khuy\u1ebfn m\u1ea1i gi\u1eefa n\u0103m \u2013 Ng\u1ecdc b\u00edch lo\u1ea1i A b\u00e1n trong m\u1edd t\u1ef1 nhi\u00ean \u0111\u01b0\u1ee3c ch\u1ebf t\u00e1c theo h\u00ecnh tr\u00f2n nh\u01b0 m\u1eb7t d\u00e2y chuy\u1ec1n v\u1edbi m\u00f3c kh\u00f3a b\u1eb1ng v\u00e0ng 18k, gi\u1ea5y ch\u1ee9ng nh\u1eadn n\u1eb7ng 18,24 gram, k\u00edch th\u01b0\u1edbc 35,2 * 5,5 mm (18kp32)"},"content":{"rendered":"<p>H\u00e3y s\u1edf h\u1eefu m\u1eb7t d\u00e2y chuy\u1ec1n ng\u1ecdc b\u00edch b\u00e1n trong su\u1ed1t t\u1ef1 nhi\u00ean lo\u1ea1i A tuy\u1ec7t \u0111\u1eb9p n\u00e0y, \u0111\u01b0\u1ee3c ch\u1ebf t\u00e1c theo h\u00ecnh tr\u00f2n v\u00e0 m\u00f3c kh\u00f3a v\u00e0ng 18k c\u1ed5 \u0111i\u1ec3n. M\u1eb7t d\u00e2y chuy\u1ec1n n\u00e0y l\u00e0 s\u1ef1 b\u1ed5 sung ho\u00e0n h\u1ea3o cho b\u1ed9 s\u01b0u t\u1eadp trang s\u1ee9c c\u1ee7a b\u1ea1n v\u00e0 ch\u1eafc ch\u1eafn s\u1ebd thu h\u00fat m\u1ecdi \u00e1nh nh\u00ecn.<\/p>\n<p><\/p>\n<p>S\u1ed1 ch\u1ee9ng ch\u1ec9: GD2107H009527<\/p>\n<ul>\n<li>\n<strong>\u0110\u00e1 Jadeite b\u00e1n trong m\u1edd t\u1ef1 nhi\u00ean lo\u1ea1i A:<\/strong> M\u1eb7t d\u00e2y chuy\u1ec1n tuy\u1ec7t \u0111\u1eb9p n\u00e0y \u0111\u01b0\u1ee3c l\u00e0m t\u1eeb ng\u1ecdc b\u00edch ch\u1ea5t l\u01b0\u1ee3ng cao c\u00f3 l\u1edbp ho\u00e0n thi\u1ec7n trong m\u1edd nh\u01b0 b\u0103ng. Ng\u1ecdc b\u00edch lo\u1ea1i A t\u1ef1 nhi\u00ean l\u00e0m t\u0103ng th\u00eam s\u1ee9c h\u1ea5p d\u1eabn c\u1ee7a t\u00e1c ph\u1ea9m n\u00e0y.<\/li>\n<li>\n<strong>Ch\u1ed1t v\u00e0ng 18k:<\/strong> Chi\u1ebfc m\u00f3c kh\u00f3a v\u00e0ng 18k c\u1ed5 \u0111i\u1ec3n b\u1ed5 sung ho\u00e0n h\u1ea3o cho m\u1eb7t d\u00e2y chuy\u1ec1n ng\u1ecdc b\u00edch tuy\u1ec7t \u0111\u1eb9p. N\u00f3 mang \u0111\u1ebfn n\u00e9t thanh l\u1ecbch v\u00e0 tinh t\u1ebf, ph\u00f9 h\u1ee3p v\u1edbi m\u1ecdi d\u1ecbp.<\/li>\n<li>\n<strong>N\u1eb7ng 18,24 gram:<\/strong> V\u1edbi k\u00edch th\u01b0\u1edbc 35,2 * 5,5 mm (18kp32), s\u1ea3n ph\u1ea9m tinh t\u1ebf n\u00e0y c\u00f3 tr\u1ecdng l\u01b0\u1ee3ng \u1ea5n t\u01b0\u1ee3ng l\u00e0 18,24 gram, khi\u1ebfn n\u00f3 v\u1eeba ch\u1eafc ch\u1eafn v\u1eeba \u0111\u1ee7 tho\u1ea3i m\u00e1i \u0111\u1ec3 \u0111eo c\u1ea3 ng\u00e0y d\u00e0i.<\/li>\n<\/ul>\n<p>S\u1ea3n ph\u1ea9m tuy\u1ec7t \u0111\u1eb9p n\u00e0y c\u00f3 k\u00e8m theo ch\u1ee9ng ch\u1ec9 x\u00e1c th\u1ef1c ch\u00ednh th\u1ee9c t\u1eeb Myanmar, \u0111\u1ea3m b\u1ea3o ch\u1ea5t l\u01b0\u1ee3ng v\u00e0 t\u00ednh x\u00e1c th\u1ef1c \u2013 ho\u00e0n h\u1ea3o cho nh\u1eefng ai coi tr\u1ecdng ngh\u1ec1 th\u1ee7 c\u00f4ng trang s\u1ee9c tinh x\u1ea3o!<\/p>\n<ul>\n<li>\n<strong>Ki\u1ec3u v\u00f2ng c\u1ed5 th\u01b0\u1eddng ng\u00e0y:<\/strong> Chi\u1ebfc v\u00f2ng c\u1ed5 tuy\u1ec7t \u0111\u1eb9p n\u00e0y \u0111\u01b0\u1ee3c thi\u1ebft k\u1ebf theo phong c\u00e1ch gi\u1ea3n d\u1ecb, \u0111\u1ee7 linh ho\u1ea1t cho nhi\u1ec1u d\u1ecbp<\/li>\n<\/ul>\n<p>Chi\u1ebfc v\u00f2ng c\u1ed5 ng\u1ecdc b\u00edch lo\u1ea1i A t\u1ef1 nhi\u00ean n\u00e0y ph\u00f9 h\u1ee3p v\u1edbi c\u1ea3 nam v\u00e0 n\u1eef n\u00ean b\u1ea5t k\u1ef3 ai c\u0169ng c\u00f3 th\u1ec3 t\u1ef1 tin \u0111eo m\u00e0 kh\u00f4ng c\u1ea7n do d\u1ef1<\/p>\n<p>S\u1ea3n ph\u1ea9m \u0111\u1eb7c bi\u1ec7t gi\u1eefa n\u0103m \u2013 M\u1eb7t d\u00e2y chuy\u1ec1n ng\u1ecdc b\u00edch lo\u1ea1i A b\u00e1n trong m\u1edd t\u1ef1 nhi\u00ean kh\u00f4ng ch\u1ec9 mang l\u1ea1i may m\u1eafn m\u00e0 c\u00f2n l\u00e0 l\u1ef1a ch\u1ecdn qu\u00e0 t\u1eb7ng tuy\u1ec7t v\u1eddi!<\/p>\n<p>.<\/p>\n<p><strong>Jadeite t\u1ef1 nhi\u00ean kh\u00f4ng ho\u00e0n h\u1ea3o, ch\u1ec9 l\u00e0 m\u1ed9t l\u1eddi nh\u1eafc nh\u1edf nh\u1eb9 nh\u00e0ng, Jadeite t\u1ef1 nhi\u00ean c\u1ee7a ch\u00fang t\u00f4i, gi\u1ed1ng nh\u01b0 t\u1ea5t c\u1ea3 nh\u1eefng th\u1ee9 \u0111\u1eb9p \u0111\u1ebd trong t\u1ef1 nhi\u00ean, c\u00f3 nh\u1eefng \u0111\u1eb7c \u0111i\u1ec3m v\u00e0 bi\u1ebfn th\u1ec3 \u0111\u1ed9c \u0111\u00e1o. Ch\u00fang t\u00f4i m\u1eddi nh\u1eefng kh\u00e1ch h\u00e0ng c\u00f3 gi\u00e1 tr\u1ecb c\u1ee7a m\u00ecnh \u0111\u00f3n nh\u1eadn nh\u1eefng bi\u1ebfn th\u1ec3 t\u1ef1 nhi\u00ean n\u00e0y. Ch\u00fac b\u1ea1n mua s\u1eafm vui v\u1ebb!<\/strong><\/p>\n<p><\/p>\n<p><strong><u>Kh\u00f4ng c\u00f3 h\u00ecnh \u1ea3nh v\u00e0 c\u1ea3nh quay video n\u00e0o \u0111\u01b0\u1ee3c l\u1ecdc. Ch\u00fang t\u00f4i khuy\u1ebfn kh\u00edch kh\u00e1ch h\u00e0ng c\u1ee7a m\u00ecnh c\u0169ng xem c\u00e1c video \u0111i k\u00e8m \u0111\u1ec3 c\u00f3 c\u00e1i nh\u00ecn to\u00e0n di\u1ec7n h\u01a1n v\u1ec1 s\u1ea3n ph\u1ea9m c\u1ee7a ch\u00fang t\u00f4i<\/u><\/strong><\/p>","protected":false},"excerpt":{"rendered":"<p>H\u00e3y s\u1edf h\u1eefu m\u1eb7t d\u00e2y chuy\u1ec1n ng\u1ecdc b\u00edch Semi Icy Translucent Natural Type A Jadeite tuy\u1ec7t \u0111\u1eb9p n\u00e0y, \u0111\u01b0\u1ee3c ch\u1ebf t\u00e1c theo h\u00ecnh tr\u00f2n v\u00e0 m\u00f3c kh\u00f3a v\u00e0ng 18k c\u1ed5 \u0111i\u1ec3n. M\u1eb7t d\u00e2y chuy\u1ec1n n\u00e0y l\u00e0 s\u1ef1 b\u1ed5 sung ho\u00e0n h\u1ea3o cho b\u1ed9 s\u01b0u t\u1eadp trang s\u1ee9c c\u1ee7a b\u1ea1n v\u00e0 ch\u1eafc ch\u1eafn s\u1ebd thu h\u00fat m\u1ecdi \u00e1nh nh\u00ecn. S\u1ed1 ch\u1ee9ng ch\u1ec9: GD2107H009527 Ng\u1ecdc b\u00edch Semi Icy Translucent Natural Type A: M\u1eb7t d\u00e2y chuy\u1ec1n tuy\u1ec7t \u0111\u1eb9p n\u00e0y [\u2026]<\/p>","protected":false},"featured_media":6311,"comment_status":"open","ping_status":"closed","template":"","meta":[],"product_brand":[],"product_cat":[194],"product_tag":[],"class_list":{"0":"post-1591","1":"product","2":"type-product","3":"status-publish","4":"has-post-thumbnail","6":"product_cat-value-picks","8":"first","9":"instock","10":"sale","11":"shipping-taxable","12":"purchasable","13":"product-type-simple"},"_links":{"self":[{"href":"https:\/\/shop.yipinqian.com\/vi\/wp-json\/wp\/v2\/product\/1591","targetHints":{"allow":["GET"]}}],"collection":[{"href":"https:\/\/shop.yipinqian.com\/vi\/wp-json\/wp\/v2\/product"}],"about":[{"href":"https:\/\/shop.yipinqian.com\/vi\/wp-json\/wp\/v2\/types\/product"}],"replies":[{"embeddable":true,"href":"https:\/\/shop.yipinqian.com\/vi\/wp-json\/wp\/v2\/comments?post=1591"}],"version-history":[{"count":0,"href":"https:\/\/shop.yipinqian.com\/vi\/wp-json\/wp\/v2\/product\/1591\/revisions"}],"wp:featuredmedia":[{"embeddable":true,"href":"https:\/\/shop.yipinqian.com\/vi\/wp-json\/wp\/v2\/media\/6311"}],"wp:attachment":[{"href":"https:\/\/shop.yipinqian.com\/vi\/wp-json\/wp\/v2\/media?parent=1591"}],"wp:term":[{"taxonomy":"product_brand","embeddable":true,"href":"https:\/\/shop.yipinqian.com\/vi\/wp-json\/wp\/v2\/product_brand?post=1591"},{"taxonomy":"product_cat","embeddable":true,"href":"https:\/\/shop.yipinqian.com\/vi\/wp-json\/wp\/v2\/product_cat?post=1591"},{"taxonomy":"product_tag","embeddable":true,"href":"https:\/\/shop.yipinqian.com\/vi\/wp-json\/wp\/v2\/product_tag?post=1591"}],"curies":[{"name":"wp","href":"https:\/\/api.w.org\/{rel}","templated":true}]}}